{"id":26979,"date":"2026-01-16T15:59:32","date_gmt":"2026-01-16T15:59:32","guid":{"rendered":"https:\/\/maxxinstitutes.com\/product\/island-hopper-program\/"},"modified":"2026-02-06T22:11:42","modified_gmt":"2026-02-06T22:11:42","slug":"island-hopper-program","status":"publish","type":"product","link":"https:\/\/maxxinstitutes.com\/sv\/produkt\/island-hopper-program\/","title":{"rendered":"Island Hopper-program"},"content":{"rendered":"<h3><strong data-start=\"288\" data-end=\"325\">L\u00e4r dig spanska p\u00e5 Mallorca &amp; Ibiza<\/strong><\/h3>\n<p data-start=\"327\" data-end=\"383\">Varf\u00f6r v\u00e4lja bara en \u00f6 n\u00e4r du kan uppleva b\u00e5da?<\/p>\n<p data-start=\"385\" data-end=\"675\">Med MAXX Institutes <strong data-start=\"389\" data-end=\"414\">Island Hopper-program<\/strong> kan du kombinera spanska kurser i <strong data-start=\"475\" data-end=\"506\">Palma de Mallorca och Ibiza i<\/strong> en enda s\u00f6ml\u00f6s inl\u00e4rningsupplevelse. Du b\u00f6rjar din kurs p\u00e5 den ena \u00f6n och forts\u00e4tter p\u00e5 den andra utan avbrott, upprepning eller f\u00f6r\u00e4ndring av din inl\u00e4rningsrytm.<\/p>\n<p data-start=\"677\" data-end=\"855\">Tack vare identiska kursstrukturer, undervisningsmetoder och material p\u00e5 b\u00e5da skolorna kan du enkelt byta plats och forts\u00e4tta din spanskkurs precis d\u00e4r du slutade.<\/p>\n<h3 data-start=\"862\" data-end=\"898\">Tv\u00e5 \u00f6ar &#8211; tv\u00e5 upplevelser<\/h3>\n<p data-start=\"900\" data-end=\"1041\"><strong data-start=\"900\" data-end=\"921\">Palma de Mallorca<\/strong> erbjuder ett pulserande stadsliv, kultur, historisk arkitektur och utm\u00e4rkt infrastruktur i en s\u00e4ker och v\u00e4lkomnande milj\u00f6.<\/p>\n<p data-start=\"1043\" data-end=\"1163\"><strong data-start=\"1043\" data-end=\"1052\">Ibiza<\/strong> erbjuder en avslappnad \u00f6-atmosf\u00e4r, fantastisk natur, vackra str\u00e4nder och ett inspirerande internationellt samh\u00e4lle.<\/p>\n<p data-start=\"1165\" data-end=\"1264\">Tillsammans erbjuder de det b\u00e4sta av tv\u00e5 v\u00e4rldar: det urbana Medelhavslivet och det avslappnade \u00f6livet.<\/p>\n<h3 data-start=\"1271\" data-end=\"1305\">Resevoucher p\u00e5 47 euro ing\u00e5r<\/h3>\n<p data-start=\"1307\" data-end=\"1469\">F\u00f6r att g\u00f6ra \u00f6hoppningen enkel st\u00f6der vi din resa med en <strong data-start=\"1367\" data-end=\"1389\">resekupong p\u00e5 47 \u20ac<\/strong>, som du kan anv\u00e4nda f\u00f6r ditt <strong data-start=\"1422\" data-end=\"1441\">flyg eller f\u00e4rja<\/strong> mellan Mallorca och Ibiza.<\/p>\n<p data-start=\"1471\" data-end=\"1604\">Du best\u00e4mmer hur och n\u00e4r du vill resa &#8211; vi ger dig tips och v\u00e4gledning, oavsett om du f\u00f6redrar en natursk\u00f6n f\u00e4rjetur eller en snabb 40-minuters flygresa.<\/p>\n<h3 data-start=\"1611\" data-end=\"1639\">Hur programmet fungerar<\/h3>\n<p data-start=\"1641\" data-end=\"1652\">Du v\u00e4ljer:<\/p>\n<ul data-start=\"1653\" data-end=\"1932\">\n<li data-start=\"1653\" data-end=\"1707\">\n<p data-start=\"1655\" data-end=\"1707\">Din kurs i spanska (t.ex. <strong data-start=\"1681\" data-end=\"1704\">20 lektioner per vecka<\/strong>)<\/p>\n<\/li>\n<li data-start=\"1708\" data-end=\"1749\">\n<p data-start=\"1710\" data-end=\"1749\">Var ska man b\u00f6rja? <strong data-start=\"1726\" data-end=\"1747\">Mallorca eller Ibiza<\/strong><\/p>\n<\/li>\n<li data-start=\"1750\" data-end=\"1793\">\n<p data-start=\"1752\" data-end=\"1793\">Hur m\u00e5nga veckor du tillbringar p\u00e5 varje \u00f6<\/p>\n<\/li>\n<li data-start=\"1794\" data-end=\"1877\">\n<p data-start=\"1796\" data-end=\"1877\">Ditt boende (homestay, delad l\u00e4genhet via skolan eller eget boende)<\/p>\n<\/li>\n<li data-start=\"1878\" data-end=\"1932\">\n<p data-start=\"1880\" data-end=\"1932\">Din f\u00f6redragna f\u00e4rja eller flyg mellan \u00f6arna<\/p>\n<\/li>\n<\/ul>\n<p data-start=\"1934\" data-end=\"2039\"><strong data-start=\"1934\" data-end=\"1974\">Endast en bokning &#8211; tv\u00e5 destinationer.<\/strong><br data-start=\"1974\" data-end=\"1977\">Spara tid, f\u00f6renkla logistiken och njut av dubbla upplevelser.<\/p>\n   <div class=\"pricing-section\" id=\"pricing-section-main\">\n        <div class=\"pricing-content\">\n                            <h2>Priser<\/h2>\n<ul>\n<h3>Island Hopper-programmet<\/h3>\n<div class=\"indented\">\n<li><strong>2 veckor:<\/strong> 458\u20ac<\/li>\n<\/div>\n<div class=\"indented\">\n<li><strong>4 veckor:<\/strong> 916\u20ac<\/li>\n<\/div>\n<div class=\"indented\">\n<li><strong>6 veckor:<\/strong> 1314\u20ac<\/li>\n<\/div>\n<div class=\"indented\">\n<li><strong>8 veckor:<\/strong> 1752\u20ac<\/li>\n<\/div>\n<div class=\"indented\">\n<li><strong>10 veckor:<\/strong> 1800\u20ac<\/li>\n<\/div>\n<div class=\"indented\">\n<li><strong>12 veckor:<\/strong> 1980\u20ac<\/li>\n<\/div>\n<\/ul>\n<p>Om dessa paket inte helt uppfyller dina behov eller om du vill ha mer information innan du fattar ett beslut \u00e4r du v\u00e4lkommen att:<\/p>\n<div class=\"btn-grpp\">\n  <a class=\"btn-11\" href=\"\/sv\/kontakt\/\"><br \/>\n    <button>Kontakta oss<\/button><br \/>\n  <\/a><br \/>\n  <a class=\"btn-22\" href=\"\/sv\/kostnadskalkylator\/\"><br \/>\n    <button>Beg\u00e4r offert<\/button><br \/>\n  <\/a>\n<\/div>\n                   <\/div>\n       <div class=\"pricing-image\">\n                            <img fetchpriority=\"high\" decoding=\"async\" src=\"https:\/\/maxxinstitutes.com\/wp-content\/uploads\/2026\/01\/product-images-website-8.png\" alt=\"Custom Product Image\" width=\"400\" height=\"400\" title=\"\">\n                 <\/div>\n\t   \n  <\/div>\n<style>\nbody {\nfont-family: Arial, sans-serif;\nmargin: 0;\npadding: 0;\nbackground-color: #f4f4f4;\n}\n\n.pricing-section {\n    display: flex;\n    align-items: center;\n    justify-content: center;\n    padding: 30px;\n    background: linear-gradient(135deg, #1c1e64, #5b6db8);\n    color: white;\n}\n\n.pricing-content {\nflex: 1;\npadding: 20px;\nmax-width: 50%;\n}\n\n.pricing-content h2 {\nfont-size: 36px;\nmargin-bottom: 20px;\n}\n\n.pricing-content ul {\nlist-style: none;\npadding: 0;\n}\n\n.pricing-content li {\nfont-size: 14px;\nmargin-bottom: 10px;\n}\n\n.pricing-content a {\ncolor: #96c8ff;\ntext-decoration: none;\n}\n\n.pricing-content a:hover {\ntext-decoration: underline;\n}\n\n.pricing-image {\nflex: 1;\nmax-width: 50%;\ndisplay: flex;\njustify-content: center;\nalign-items: center;\npadding: 20px;\n}\n\n.pricing-image img {\nmax-width: 100%;\nborder-radius: 10px;\n}\n\n\/* Responsive Design *\/\n@media (max-width: 768px) {\n.pricing-section {\nflex-direction: column;\ntext-align: center;\t\n}\n.pricing-content {\n    justify-items: center;\n}\n.pricing-content, .pricing-image {\nmax-width: 100%;\n}\n}\n#pricing-section-main .pricing-content h2 {\n    color: #ffffff;\n    font-size: 27px;\n}\n\n#pricing-section-main .pricing-content h3 {\n    color: #ffffff;\n    font-size: 17px;\n}\n\n.indented {\n    margin-left: 26px;\n}\n\n.pricing-content ul {\n    list-style: disc;\n}\n.pricing-content li {\n    text-align: left;\n    margin-bottom: 13px;\n}\n#pricing-section-main .pricing-content p {\n    font-size: 12px;\n}\n@media and (max-width: 768px){\ndiv#pricing-section-main {\n    padding: 20px;\n}\n}\ndiv#pricing-section-main {\n   margin-bottom: 20px;\n}\n\t.pricing-content h3 {\n    text-align: left!important;\n}\n\/* \t17-02-25 *\/\n\t.btn-grpp {\n    display: flex;\n}\na.btn-22 {\n    margin-left: 12px;\n}\n.pricing-image {\n    max-width: fit-content;\n}\n\t.btn-grpp button {\n    color: #020c1a;\n    border-radius: 3px;\n}\n<\/style>\n    \n","protected":false},"excerpt":{"rendered":"<p>Studera spanska p\u00e5 Mallorca och Ibiza med ett s\u00f6ml\u00f6st program.<br \/>\nMed Island Hopper-programmet kan du kombinera b\u00e5da \u00f6arna utan att avbryta din kurs &#8211; och dessutom ing\u00e5r en resekupong p\u00e5 47 \u20ac f\u00f6r din \u00f6transfer.<\/p>\n","protected":false},"featured_media":26992,"comment_status":"closed","ping_status":"closed","template":"","meta":[],"product_brand":[],"product_cat":[453,419],"product_tag":[],"class_list":{"0":"post-26979","1":"product","2":"type-product","3":"status-publish","4":"has-post-thumbnail","6":"product_cat-skraddarsydda-program-ibiza","7":"product_cat-skraddarsydda-program-mallorca","9":"first","10":"instock","11":"shipping-taxable","12":"purchasable","13":"product-type-simple"},"_links":{"self":[{"href":"https:\/\/maxxinstitutes.com\/sv\/wp-json\/wp\/v2\/product\/26979","targetHints":{"allow":["GET"]}}],"collection":[{"href":"https:\/\/maxxinstitutes.com\/sv\/wp-json\/wp\/v2\/product"}],"about":[{"href":"https:\/\/maxxinstitutes.com\/sv\/wp-json\/wp\/v2\/types\/product"}],"replies":[{"embeddable":true,"href":"https:\/\/maxxinstitutes.com\/sv\/wp-json\/wp\/v2\/comments?post=26979"}],"wp:featuredmedia":[{"embeddable":true,"href":"https:\/\/maxxinstitutes.com\/sv\/wp-json\/wp\/v2\/media\/26992"}],"wp:attachment":[{"href":"https:\/\/maxxinstitutes.com\/sv\/wp-json\/wp\/v2\/media?parent=26979"}],"wp:term":[{"taxonomy":"product_brand","embeddable":true,"href":"https:\/\/maxxinstitutes.com\/sv\/wp-json\/wp\/v2\/product_brand?post=26979"},{"taxonomy":"product_cat","embeddable":true,"href":"https:\/\/maxxinstitutes.com\/sv\/wp-json\/wp\/v2\/product_cat?post=26979"},{"taxonomy":"product_tag","embeddable":true,"href":"https:\/\/maxxinstitutes.com\/sv\/wp-json\/wp\/v2\/product_tag?post=26979"}],"curies":[{"name":"wp","href":"https:\/\/api.w.org\/{rel}","templated":true}]}}