{"id":26868,"date":"2026-01-13T20:55:36","date_gmt":"2026-01-13T20:55:36","guid":{"rendered":"https:\/\/maxxinstitutes.com\/product\/gazpacho-alioli-market-cooking-experience\/"},"modified":"2026-01-13T21:02:22","modified_gmt":"2026-01-13T21:02:22","slug":"gazpacho-alioli-market-cooking-experience","status":"publish","type":"product","link":"https:\/\/maxxinstitutes.com\/sv\/produkt\/gazpacho-alioli-market-cooking-experience\/","title":{"rendered":"Gazpacho &amp; Alioli Market &amp; Cooking Experience"},"content":{"rendered":"<p data-start=\"246\" data-end=\"606\">F\u00f6lj med p\u00e5 en uts\u00f6kt och autentisk gastronomisk upplevelse som b\u00f6rjar med ett bes\u00f6k p\u00e5 en lokal marknad, d\u00e4r du l\u00e4r dig att v\u00e4lja de f\u00e4rska ingredienser som beh\u00f6vs f\u00f6r att laga gazpacho och alioli.<br data-start=\"452\" data-end=\"455\">Denna f\u00f6rsta del av aktiviteten fokuserar p\u00e5 att uppt\u00e4cka lokala produkter, f\u00f6rst\u00e5 kvaliteten p\u00e5 ingredienserna och \u00f6va spanska i verkliga situationer.<\/p>\n<p data-start=\"608\" data-end=\"921\">Efter marknadsbes\u00f6ket deltar du i en praktisk matlagningskurs med gazpacho och alioli, d\u00e4r du steg f\u00f6r steg f\u00e5r l\u00e4ra dig att tillaga dessa traditionella spanska r\u00e4tter. Undervisningen omfattar ingredienser, tillagningstekniker och tips, och d\u00e4refter avnjuter ni r\u00e4tterna tillsammans i en avslappnad och social atmosf\u00e4r. <\/p>\n<p data-start=\"923\" data-end=\"1064\">Denna upplevelse kombinerar spansk spr\u00e5ktr\u00e4ning, lokal kultur och gastronomi, vilket g\u00f6r den till ett perfekt komplement till din spr\u00e5kkurs.<\/p>\n<ul>\n<li data-start=\"1066\" data-end=\"1209\"><strong>Pris:<\/strong>\u20ac15 per person<\/li>\n<li data-start=\"1066\" data-end=\"1209\"><strong>Betalning:<\/strong> Betalas i receptionen<\/li>\n<li data-start=\"1066\" data-end=\"1209\"><strong>Obs: <\/strong>Denna gastronomiska aktivitet ing\u00e5r inte i kurspriset.<\/li>\n<\/ul>\n<p><img fetchpriority=\"high\" decoding=\"async\" class=\"alignnone size-medium wp-image-26838\" src=\"https:\/\/maxxinstitutes.com\/wp-content\/uploads\/2026\/01\/6-300x300.png\" alt=\"\" width=\"300\" height=\"300\" title=\"\" srcset=\"https:\/\/maxxinstitutes.com\/wp-content\/uploads\/2026\/01\/6-300x300.png 300w, https:\/\/maxxinstitutes.com\/wp-content\/uploads\/2026\/01\/6-150x150.png 150w, https:\/\/maxxinstitutes.com\/wp-content\/uploads\/2026\/01\/6-768x768.png 768w, https:\/\/maxxinstitutes.com\/wp-content\/uploads\/2026\/01\/6-600x600.png 600w, https:\/\/maxxinstitutes.com\/wp-content\/uploads\/2026\/01\/6.png 813w\" sizes=\"(max-width: 300px) 100vw, 300px\" \/> <img decoding=\"async\" class=\"alignnone size-medium wp-image-26831\" src=\"https:\/\/maxxinstitutes.com\/wp-content\/uploads\/2026\/01\/7-300x300.png\" alt=\"\" width=\"300\" height=\"300\" title=\"\" srcset=\"https:\/\/maxxinstitutes.com\/wp-content\/uploads\/2026\/01\/7-300x300.png 300w, https:\/\/maxxinstitutes.com\/wp-content\/uploads\/2026\/01\/7-150x150.png 150w, https:\/\/maxxinstitutes.com\/wp-content\/uploads\/2026\/01\/7-768x768.png 768w, https:\/\/maxxinstitutes.com\/wp-content\/uploads\/2026\/01\/7-600x600.png 600w, https:\/\/maxxinstitutes.com\/wp-content\/uploads\/2026\/01\/7.png 813w\" sizes=\"(max-width: 300px) 100vw, 300px\" \/> <img decoding=\"async\" class=\"alignnone size-medium wp-image-26845\" src=\"https:\/\/maxxinstitutes.com\/wp-content\/uploads\/2026\/01\/5-300x300.png\" alt=\"\" width=\"300\" height=\"300\" title=\"\" srcset=\"https:\/\/maxxinstitutes.com\/wp-content\/uploads\/2026\/01\/5-300x300.png 300w, https:\/\/maxxinstitutes.com\/wp-content\/uploads\/2026\/01\/5-150x150.png 150w, https:\/\/maxxinstitutes.com\/wp-content\/uploads\/2026\/01\/5-768x768.png 768w, https:\/\/maxxinstitutes.com\/wp-content\/uploads\/2026\/01\/5-600x600.png 600w, https:\/\/maxxinstitutes.com\/wp-content\/uploads\/2026\/01\/5.png 813w\" sizes=\"(max-width: 300px) 100vw, 300px\" \/> <img loading=\"lazy\" decoding=\"async\" class=\"alignnone size-medium wp-image-26852\" src=\"https:\/\/maxxinstitutes.com\/wp-content\/uploads\/2026\/01\/4-300x300.png\" alt=\"\" width=\"300\" height=\"300\" title=\"\" srcset=\"https:\/\/maxxinstitutes.com\/wp-content\/uploads\/2026\/01\/4-300x300.png 300w, https:\/\/maxxinstitutes.com\/wp-content\/uploads\/2026\/01\/4-150x150.png 150w, https:\/\/maxxinstitutes.com\/wp-content\/uploads\/2026\/01\/4-768x768.png 768w, https:\/\/maxxinstitutes.com\/wp-content\/uploads\/2026\/01\/4-600x600.png 600w, https:\/\/maxxinstitutes.com\/wp-content\/uploads\/2026\/01\/4.png 813w\" sizes=\"(max-width: 300px) 100vw, 300px\" \/> <img loading=\"lazy\" decoding=\"async\" class=\"alignnone size-medium wp-image-26859\" src=\"https:\/\/maxxinstitutes.com\/wp-content\/uploads\/2026\/01\/3-300x300.png\" alt=\"\" width=\"300\" height=\"300\" title=\"\" srcset=\"https:\/\/maxxinstitutes.com\/wp-content\/uploads\/2026\/01\/3-300x300.png 300w, https:\/\/maxxinstitutes.com\/wp-content\/uploads\/2026\/01\/3-150x150.png 150w, https:\/\/maxxinstitutes.com\/wp-content\/uploads\/2026\/01\/3-768x768.png 768w, https:\/\/maxxinstitutes.com\/wp-content\/uploads\/2026\/01\/3-600x600.png 600w, https:\/\/maxxinstitutes.com\/wp-content\/uploads\/2026\/01\/3.png 813w\" sizes=\"(max-width: 300px) 100vw, 300px\" \/><\/p>\n","protected":false},"excerpt":{"rendered":"<p data-start=\"167\" data-end=\"413\">Bes\u00f6k en lokal marknad f\u00f6r att v\u00e4lja f\u00e4rska ingredienser och delta i en praktisk matlagningskurs d\u00e4r du l\u00e4r dig att laga traditionell gazpacho och alioli.<br data-start=\"332\" data-end=\"335\">\u00d6va spanska i en verklig milj\u00f6 medan du njuter av lokal mat och kultur.<\/p>\n<ul>\n<li data-start=\"415\" data-end=\"481\">Pris: 15 euro<\/li>\n<li data-start=\"415\" data-end=\"481\">Betalning i receptionen<\/li>\n<li data-start=\"415\" data-end=\"481\">Ing\u00e5r inte i kursen<\/li>\n<\/ul>\n<p>&nbsp;<\/p>\n","protected":false},"featured_media":26879,"comment_status":"closed","ping_status":"closed","template":"","meta":[],"product_brand":[],"product_cat":[429,422],"product_tag":[],"class_list":{"0":"post-26868","1":"product","2":"type-product","3":"status-publish","4":"has-post-thumbnail","6":"product_cat-foodie","7":"product_cat-okategoriserade","9":"first","10":"instock","11":"shipping-taxable","12":"purchasable","13":"product-type-simple"},"_links":{"self":[{"href":"https:\/\/maxxinstitutes.com\/sv\/wp-json\/wp\/v2\/product\/26868","targetHints":{"allow":["GET"]}}],"collection":[{"href":"https:\/\/maxxinstitutes.com\/sv\/wp-json\/wp\/v2\/product"}],"about":[{"href":"https:\/\/maxxinstitutes.com\/sv\/wp-json\/wp\/v2\/types\/product"}],"replies":[{"embeddable":true,"href":"https:\/\/maxxinstitutes.com\/sv\/wp-json\/wp\/v2\/comments?post=26868"}],"wp:featuredmedia":[{"embeddable":true,"href":"https:\/\/maxxinstitutes.com\/sv\/wp-json\/wp\/v2\/media\/26879"}],"wp:attachment":[{"href":"https:\/\/maxxinstitutes.com\/sv\/wp-json\/wp\/v2\/media?parent=26868"}],"wp:term":[{"taxonomy":"product_brand","embeddable":true,"href":"https:\/\/maxxinstitutes.com\/sv\/wp-json\/wp\/v2\/product_brand?post=26868"},{"taxonomy":"product_cat","embeddable":true,"href":"https:\/\/maxxinstitutes.com\/sv\/wp-json\/wp\/v2\/product_cat?post=26868"},{"taxonomy":"product_tag","embeddable":true,"href":"https:\/\/maxxinstitutes.com\/sv\/wp-json\/wp\/v2\/product_tag?post=26868"}],"curies":[{"name":"wp","href":"https:\/\/api.w.org\/{rel}","templated":true}]}}