{"id":20684,"date":"2025-02-27T21:20:55","date_gmt":"2025-02-27T21:20:55","guid":{"rendered":"https:\/\/maxxinstitutes.com\/product\/privatlektioner-online\/"},"modified":"2025-07-28T06:10:17","modified_gmt":"2025-07-28T06:10:17","slug":"privatlektioner-online","status":"publish","type":"product","link":"https:\/\/maxxinstitutes.com\/sv\/produkt\/privatlektioner-online\/","title":{"rendered":"Privatlektioner online"},"content":{"rendered":"<h2 data-start=\"131\" data-end=\"184\">Privata spansklektioner online &#8211; helt flexibla<\/h2>\n<h3 data-start=\"185\" data-end=\"224\">Varf\u00f6r v\u00e4lja privata lektioner online?<\/h3>\n<p data-start=\"226\" data-end=\"517\">Skr\u00e4ddarsy din spanskinl\u00e4rning efter dina personliga m\u00e5l och ditt schema med v\u00e5ra privata online-lektioner. Oavsett om du vill fokusera p\u00e5 specifika f\u00e4rdigheter, p\u00e5skynda dina framsteg eller l\u00e4gga till extra \u00f6vning vid sidan av en gruppkurs, ger privatlektioner dig den flexibilitet och individuella uppm\u00e4rksamhet du beh\u00f6ver.<\/p>\n<div class=\"bt_bb_wrapper\" data-templates-time=\"\">\n<section id=\"bt_bb_section67c0d53094954\" class=\"bt_bb_section bt_bb_layout_boxed_1200 bt_bb_top_spacing_none bt_bb_bottom_spacing_none\" data-bt-override-class=\"null\">\n<div class=\"bt_bb_port\">\n<div class=\"bt_bb_cell\">\n<div class=\"bt_bb_cell_inner\">\n<div class=\"bt_bb_row \" data-bt-override-class=\"{}\" data-structure=\"12\">\n<div class=\"bt_bb_row_holder\">\n<div class=\"bt_bb_column col-xxl-12 col-xl-12 bt_bb_vertical_align_top bt_bb_align_left bt_bb_padding_normal bt_bb_shape_inherit\" data-width=\"12\" data-bt-override-class=\"{}\">\n<div class=\"bt_bb_column_content\">\n<div class=\"bt_bb_column_content_inner\">\n<h3 data-start=\"619\" data-end=\"637\">Detaljer om klassen:<\/h3>\n<ul>\n<li data-start=\"639\" data-end=\"742\"><strong data-start=\"639\" data-end=\"655\">Typ av kurs:<\/strong> Online privata spanska lektioner<\/li>\n<li data-start=\"639\" data-end=\"742\"><strong data-start=\"689\" data-end=\"710\">Lektioner per vecka:<\/strong> V\u00e4lj mellan 3 flexibla alternativ:<\/li>\n<li data-start=\"744\" data-end=\"815\">\n<p data-start=\"746\" data-end=\"815\"><strong data-start=\"746\" data-end=\"759\">Alternativ 1:<\/strong> 10 timmar per vecka &#8211; 2 timmar per dag, m\u00e5ndag till fredag<\/p>\n<\/li>\n<li data-start=\"816\" data-end=\"905\">\n<p data-start=\"818\" data-end=\"905\"><strong data-start=\"818\" data-end=\"831\">Alternativ 2:<\/strong> 5 timmar per vecka &#8211; 2 timmar p\u00e5 m\u00e5n &amp; ons eller tis &amp; tors + 1 timme p\u00e5 fredag<\/p>\n<\/li>\n<li data-start=\"906\" data-end=\"1020\">\n<p data-start=\"908\" data-end=\"1020\"><strong data-start=\"908\" data-end=\"921\">Alternativ 3:<\/strong> 2 timmar per vecka &#8211; 1 timme p\u00e5 tv\u00e5 fritt valda dagar (t.ex. tis &amp; tors, 18:00-19:00 eller 08:00-09:00)<\/p>\n<\/li>\n<li data-start=\"908\" data-end=\"1020\"><strong data-start=\"1022\" data-end=\"1040\">Lektionens l\u00e4ngd:<\/strong> 60 minuter<\/li>\n<li data-start=\"908\" data-end=\"1020\"><strong data-start=\"1054\" data-end=\"1068\">Tidtabell:<br \/>\n<\/strong>&#8211; M\u00e5ndag till fredag, 08:00-20:00 (spansk tid, CET +1)<br \/>\n&#8211; Helglektioner tillg\u00e4ngliga mot en extra avgift<\/li>\n<li data-start=\"908\" data-end=\"1020\"><strong data-start=\"1174\" data-end=\"1185\">Niv\u00e5er:<\/strong> Alla niv\u00e5er fr\u00e5n nyb\u00f6rjare (A1) till avancerad niv\u00e5 (C2)<\/li>\n<li data-start=\"908\" data-end=\"1020\"><strong data-start=\"1245\" data-end=\"1260\">Gruppstorlek:<\/strong> 1 elev<br \/>\n&#8211; Samma pris f\u00f6r 2 elever &#8211; ta med en v\u00e4n och dela p\u00e5 kostnaden!<\/li>\n<li data-start=\"908\" data-end=\"1020\"><strong data-start=\"1339\" data-end=\"1360\">Startdatum 2025: <\/strong>Vilken veckodag som helst &#8211; b\u00f6rja n\u00e4r du vill<\/li>\n<li data-start=\"908\" data-end=\"1020\"><strong data-start=\"1412\" data-end=\"1425\">L\u00e4rare:<\/strong> Erfarna modersm\u00e5lsl\u00e4rare som anpassar lektionerna till dina individuella behov<\/li>\n<\/ul>\n<h3 data-start=\"1521\" data-end=\"1541\">Vad ing\u00e5r?<\/h3>\n<ul>\n<li data-start=\"1545\" data-end=\"1596\">Helt personliga lektioner som \u00e4r skr\u00e4ddarsydda efter dina m\u00e5l<\/li>\n<li data-start=\"1599\" data-end=\"1642\">Flexibel schemal\u00e4ggning som passar din livsstil<\/li>\n<li data-start=\"1645\" data-end=\"1707\">M\u00f6jlighet att dela dina lektioner med en partner utan extra kostnad<\/li>\n<li data-start=\"1710\" data-end=\"1736\">Certifikat p\u00e5 beg\u00e4ran<\/li>\n<\/ul>\n<h3 data-start=\"1743\" data-end=\"1755\">Priss\u00e4ttning:<\/h3>\n<ul>\n<li data-start=\"1759\" data-end=\"1792\"><strong data-start=\"1759\" data-end=\"1777\">30 \u20ac per lektion<\/strong> (60 minuter)<\/li>\n<li data-start=\"1795\" data-end=\"1827\">Samma pris f\u00f6r 1 eller 2 studenter<\/li>\n<li data-start=\"1830\" data-end=\"1874\">Helglektioner tillg\u00e4ngliga mot en till\u00e4ggsavgift<\/li>\n<\/ul>\n<h3 data-start=\"1881\" data-end=\"1908\">Varf\u00f6r v\u00e4lja den h\u00e4r kursen?<\/h3>\n<ul>\n<li data-start=\"1912\" data-end=\"1956\">100% flexibilitet i schemal\u00e4ggning och inneh\u00e5ll<\/li>\n<li data-start=\"1959\" data-end=\"2003\">Individuell undervisning med l\u00e4rare som undervisar i sitt hemland<\/li>\n<li data-start=\"2006\" data-end=\"2050\">Utm\u00e4rkt v\u00e4rde f\u00f6r sololektioner eller gemensamma lektioner<\/li>\n<li data-start=\"2053\" data-end=\"2115\">Perfekt som komplement till gruppkurser eller sj\u00e4lvstudier<\/li>\n<\/ul>\n<\/div>\n<\/div>\n<\/div>\n<\/div>\n<\/div>\n<\/div>\n<\/div>\n<\/div>\n<\/section>\n<\/div>\n<p data-start=\"3036\" data-end=\"3310\">   <div class=\"pricing-section\" id=\"pricing-section-main\">\n        <div class=\"pricing-content\">\n                            <h2>Priser<\/h2>\n<ul>\n<h3>Priset \u00e4r detsamma f\u00f6r 1 elev eller 2 elever tillsammans med 1 l\u00e4rare<\/h3>\n<div class=\"indented\">\n<li><strong>Paket med 20 lektioner:<\/strong> 29\u20ac per lektion<\/li>\n<\/div>\n<div class=\"indented\">\n<li><strong>Paket med 15 lektioner:<\/strong> 33\u20ac per lektion<\/li>\n<\/div>\n<div class=\"indented\">\n<li><strong>Paket med 10 lektioner:<\/strong> 31\u20ac per lektion<\/li>\n<\/div>\n<div class=\"indented\">\n<li><strong>Paket med 5 lektioner:<\/strong> 33\u20ac per lektion<\/li>\n<\/div>\n<div class=\"indented\">\n<li><strong>1 lektion:<\/strong> 34\u20ac<\/li>\n<\/div>\n<\/ul>\n<p>Om dessa paket inte riktigt passar dina behov eller om du vill ha mer information innan du best\u00e4mmer dig, tveka inte att:<\/p>\n<div class=\"btn-grpp\">\n  <a class=\"btn-11\" href=\"\/sv\/kontakt\/\"><br \/>\n    <button>Kontakta oss<\/button><br \/>\n  <\/a><br \/>\n  <a class=\"btn-22\" href=\"\/sv\/kostnadskalkylator\/\"><br \/>\n    <button>Beg\u00e4r offert<\/button><br \/>\n  <\/a>\n<\/div>\n                   <\/div>\n       <div class=\"pricing-image\">\n                            <img fetchpriority=\"high\" decoding=\"async\" src=\"https:\/\/maxxinstitutes.com\/wp-content\/uploads\/2024\/09\/Spanish-intensive-20-5-lessons-week_.jpg\" alt=\"Custom Product Image\" width=\"400\" height=\"400\" title=\"\">\n                 <\/div>\n\t   \n  <\/div>\n<style>\nbody {\nfont-family: Arial, sans-serif;\nmargin: 0;\npadding: 0;\nbackground-color: #f4f4f4;\n}\n\n.pricing-section {\n    display: flex;\n    align-items: center;\n    justify-content: center;\n    padding: 30px;\n    background: linear-gradient(135deg, #1c1e64, #5b6db8);\n    color: white;\n}\n\n.pricing-content {\nflex: 1;\npadding: 20px;\nmax-width: 50%;\n}\n\n.pricing-content h2 {\nfont-size: 36px;\nmargin-bottom: 20px;\n}\n\n.pricing-content ul {\nlist-style: none;\npadding: 0;\n}\n\n.pricing-content li {\nfont-size: 14px;\nmargin-bottom: 10px;\n}\n\n.pricing-content a {\ncolor: #96c8ff;\ntext-decoration: none;\n}\n\n.pricing-content a:hover {\ntext-decoration: underline;\n}\n\n.pricing-image {\nflex: 1;\nmax-width: 50%;\ndisplay: flex;\njustify-content: center;\nalign-items: center;\npadding: 20px;\n}\n\n.pricing-image img {\nmax-width: 100%;\nborder-radius: 10px;\n}\n\n\/* Responsive Design *\/\n@media (max-width: 768px) {\n.pricing-section {\nflex-direction: column;\ntext-align: center;\t\n}\n.pricing-content {\n    justify-items: center;\n}\n.pricing-content, .pricing-image {\nmax-width: 100%;\n}\n}\n#pricing-section-main .pricing-content h2 {\n    color: #ffffff;\n    font-size: 27px;\n}\n\n#pricing-section-main .pricing-content h3 {\n    color: #ffffff;\n    font-size: 17px;\n}\n\n.indented {\n    margin-left: 26px;\n}\n\n.pricing-content ul {\n    list-style: disc;\n}\n.pricing-content li {\n    text-align: left;\n    margin-bottom: 13px;\n}\n#pricing-section-main .pricing-content p {\n    font-size: 12px;\n}\n@media and (max-width: 768px){\ndiv#pricing-section-main {\n    padding: 20px;\n}\n}\ndiv#pricing-section-main {\n   margin-bottom: 20px;\n}\n\t.pricing-content h3 {\n    text-align: left!important;\n}\n\/* \t17-02-25 *\/\n\t.btn-grpp {\n    display: flex;\n}\na.btn-22 {\n    margin-left: 12px;\n}\n.pricing-image {\n    max-width: fit-content;\n}\n\t.btn-grpp button {\n    color: #020c1a;\n    border-radius: 3px;\n}\n<\/style>\n    <\/p>\n","protected":false},"excerpt":{"rendered":"<ul>\n<li>Tillg\u00e4nglig \u00e5ret runt<\/li>\n<li>fr\u00e5n <strong>29 \u20ac per timme<\/strong><\/li>\n<li>Samma pris f\u00f6r 1 elev eller 2 elever (en l\u00e4rare)<\/li>\n<li>Paket tillg\u00e4ngliga f\u00f6r 5, 10, 15 och 20 lektioner<\/li>\n<\/ul>\n","protected":false},"featured_media":18899,"comment_status":"open","ping_status":"closed","template":"","meta":[],"product_brand":[],"product_cat":[311],"product_tag":[],"class_list":{"0":"post-20684","1":"product","2":"type-product","3":"status-publish","4":"has-post-thumbnail","6":"product_cat-pa-natet","8":"first","9":"instock","10":"shipping-taxable","11":"purchasable","12":"product-type-variable"},"_links":{"self":[{"href":"https:\/\/maxxinstitutes.com\/sv\/wp-json\/wp\/v2\/product\/20684","targetHints":{"allow":["GET"]}}],"collection":[{"href":"https:\/\/maxxinstitutes.com\/sv\/wp-json\/wp\/v2\/product"}],"about":[{"href":"https:\/\/maxxinstitutes.com\/sv\/wp-json\/wp\/v2\/types\/product"}],"replies":[{"embeddable":true,"href":"https:\/\/maxxinstitutes.com\/sv\/wp-json\/wp\/v2\/comments?post=20684"}],"wp:featuredmedia":[{"embeddable":true,"href":"https:\/\/maxxinstitutes.com\/sv\/wp-json\/wp\/v2\/media\/18899"}],"wp:attachment":[{"href":"https:\/\/maxxinstitutes.com\/sv\/wp-json\/wp\/v2\/media?parent=20684"}],"wp:term":[{"taxonomy":"product_brand","embeddable":true,"href":"https:\/\/maxxinstitutes.com\/sv\/wp-json\/wp\/v2\/product_brand?post=20684"},{"taxonomy":"product_cat","embeddable":true,"href":"https:\/\/maxxinstitutes.com\/sv\/wp-json\/wp\/v2\/product_cat?post=20684"},{"taxonomy":"product_tag","embeddable":true,"href":"https:\/\/maxxinstitutes.com\/sv\/wp-json\/wp\/v2\/product_tag?post=20684"}],"curies":[{"name":"wp","href":"https:\/\/api.w.org\/{rel}","templated":true}]}}