{"id":20681,"date":"2025-02-27T21:26:36","date_gmt":"2025-02-27T21:26:36","guid":{"rendered":"https:\/\/maxxinstitutes.com\/product\/onlinekurs-i-spanska-pa-kvallstid\/"},"modified":"2025-07-25T18:43:21","modified_gmt":"2025-07-25T18:43:21","slug":"onlinekurs-i-spanska-pa-kvallstid","status":"publish","type":"product","link":"https:\/\/maxxinstitutes.com\/sv\/produkt\/onlinekurs-i-spanska-pa-kvallstid\/","title":{"rendered":"Onlinekurs i spanska p\u00e5 kv\u00e4llstid"},"content":{"rendered":"<h2 data-start=\"147\" data-end=\"203\">Onlinekurs i spanska p\u00e5 kv\u00e4llstid<\/h2>\n<h3 data-start=\"204\" data-end=\"234\">Varf\u00f6r l\u00e4ra sig spanska online?<\/h3>\n<p data-start=\"236\" data-end=\"557\">Flexibel, effektiv och helt interaktiv &#8211; v\u00e5r onlinekurs i spanska p\u00e5 kv\u00e4llstid \u00e4r utformad f\u00f6r elever som vill passa in spr\u00e5kinl\u00e4rning i sina hektiska scheman. Studera fr\u00e5n var som helst i v\u00e4rlden med modersm\u00e5lsl\u00e4rare och riktiga klasskamrater, samtidigt som du f\u00e5r samma undervisningskvalitet som i v\u00e5ra skolor p\u00e5 plats. <\/p>\n<p data-start=\"559\" data-end=\"769\">Den h\u00e4r kursen erbjuder en perfekt balans mellan struktur och flexibilitet, vilket g\u00f6r den idealisk f\u00f6r yrkesverksamma, studenter eller andra med \u00e5taganden p\u00e5 dagtid. Alla niv\u00e5er \u00e4r v\u00e4lkomna, och du kan b\u00f6rja n\u00e4stan vilken vecka som helst! <\/p>\n<h3 data-start=\"559\" data-end=\"769\">Detaljer om klassen:<\/h3>\n<ul>\n<li data-start=\"796\" data-end=\"1015\"><strong data-start=\"796\" data-end=\"812\">Typ av kurs:<\/strong> Onlinekurs i spanska p\u00e5 kv\u00e4llstid<\/li>\n<li data-start=\"796\" data-end=\"1015\"><strong data-start=\"845\" data-end=\"866\">Lektioner per vecka:<\/strong> 4<br data-start=\"868\" data-end=\"871\">&#8211; 2 lektioner per dag, tv\u00e5 g\u00e5nger per vecka<\/li>\n<li data-start=\"796\" data-end=\"1015\"><strong data-start=\"909\" data-end=\"929\">Kursens l\u00e4ngd:<\/strong> 4-52 veckor (l\u00e4ngd och pauser kan v\u00e4ljas fritt)<\/li>\n<li data-start=\"796\" data-end=\"1015\"><strong data-start=\"984\" data-end=\"1002\">Lektionens l\u00e4ngd:<\/strong> 50 minuter<\/li>\n<li data-start=\"796\" data-end=\"1015\"><strong data-start=\"1017\" data-end=\"1040\">Tidtabell (CET +1): <\/strong>M\u00e5ndag &amp; onsdag eller tisdag &amp; torsdag<br \/>\n&#8211; 18:20-20:00 ELLER<br \/>\n&#8211; 20:10-21:50<br \/>\n<em data-start=\"1121\" data-end=\"1167\">Gruppen beror p\u00e5 din niv\u00e5 och tillg\u00e4nglighet<\/em><\/li>\n<li data-start=\"796\" data-end=\"1015\"><strong data-start=\"1171\" data-end=\"1182\">Niv\u00e5er:<\/strong> Fr\u00e5n A1 till C2<br \/>\n&#8211; Grupper bildas baserat p\u00e5 niv\u00e5placeringstest<\/li>\n<li data-start=\"796\" data-end=\"1015\"><strong data-start=\"1247\" data-end=\"1262\">Gruppstorlek:<\/strong> Genomsnitt 6 studenter, min. 3, max. 10<\/li>\n<li data-start=\"796\" data-end=\"1015\"><strong data-start=\"1302\" data-end=\"1323\">Startdatum 2025: <\/strong>Start varje m\u00e5ndag<br \/>\n&#8211; torsdag beroende p\u00e5 din niv\u00e5 och tillg\u00e4nglig grupp<br \/>\n&#8211; Kv\u00e4llskurser f\u00f6r nyb\u00f6rjare startar under f\u00f6rsta halvan av varje m\u00e5nad (kontakta oss f\u00f6r exakta datum)<\/li>\n<li data-start=\"796\" data-end=\"1015\"><strong data-start=\"1516\" data-end=\"1529\">L\u00e4rare:<\/strong> Kvalificerade, erfarna modersm\u00e5lsl\u00e4rare som guidar dig genom strukturerade, engagerande lektioner i en liten grupp<\/li>\n<\/ul>\n<h3>Vad ing\u00e5r?<\/h3>\n<ul>\n<li data-start=\"1686\" data-end=\"1731\">Klassens e-bok ing\u00e5r i anm\u00e4lningsavgiften<\/li>\n<li data-start=\"1734\" data-end=\"1782\">Live-lektioner online med interaktivt material<\/li>\n<li data-start=\"1785\" data-end=\"1825\">Flexibel kursl\u00e4ngd och startdatum<\/li>\n<li data-start=\"1828\" data-end=\"1867\">Placeringstest och kursintyg<\/li>\n<\/ul>\n<h3 data-start=\"1874\" data-end=\"1893\">Specialerbjudanden:<\/h3>\n<ul>\n<li data-start=\"1897\" data-end=\"1951\">Boka 2 m\u00e5nader (8 veckor) \u2192 F\u00e5 1 extra vecka GRATIS<\/li>\n<li data-start=\"1954\" data-end=\"2010\">Boka 3 m\u00e5nader (12 veckor) \u2192 F\u00e5 2 extra veckor GRATIS<\/li>\n<li data-start=\"2013\" data-end=\"2069\">Boka 4 m\u00e5nader (16 veckor) \u2192 F\u00e5 3 extra veckor GRATIS<\/li>\n<\/ul>\n<h3 data-start=\"2076\" data-end=\"2110\">Varf\u00f6r v\u00e4lja den h\u00e4r onlinekursen?<\/h3>\n<ul>\n<li data-start=\"2114\" data-end=\"2177\">L\u00e4r dig spanska var du \u00e4n befinner dig med en stabil internetuppkoppling<\/li>\n<li data-start=\"2180\" data-end=\"2260\">Idealisk f\u00f6r yrkesverksamma och studenter med begr\u00e4nsad tillg\u00e5ng till dagtid<\/li>\n<li data-start=\"2263\" data-end=\"2316\">Sm\u00e5 gruppstorlekar och modersm\u00e5lsl\u00e4rare i direkts\u00e4ndning<\/li>\n<li data-start=\"2319\" data-end=\"2384\">Flexibel schemal\u00e4ggning, konkurrenskraftiga priser och specialrabatter<\/li>\n<\/ul>\n<p data-start=\"3036\" data-end=\"3310\">   <div class=\"pricing-section\" id=\"pricing-section-main\">\n        <div class=\"pricing-content\">\n                            <h2>Priser<\/h2>\n<ul>\n<h3><\/h3>\n<div class=\"indented\">\n<li><strong>4 veckor:<\/strong> 140\u20ac + 40\u20ac registreringsavgift<\/li>\n<\/div>\n<div class=\"indented\">\n<li><strong>8 veckor + 1 gratis (totalt 9):<\/strong> 280\u20ac + 40\u20ac registreringsavgift<\/li>\n<\/div>\n<div class=\"indented\">\n<li><strong>12 veckor + 2 gratis (totalt 14):<\/strong> 425\u20ac + 40\u20ac registreringsavgift<\/li>\n<\/div>\n<div class=\"indented\">\n<li><strong>16 veckor + 3 gratis (totalt 19):<\/strong> 560\u20ac + 40\u20ac registreringsavgift<\/li>\n<\/div>\n<\/ul>\n<p>Om dessa paket inte riktigt passar dina behov, eller om du vill ha mer information innan du best\u00e4mmer dig, tveka inte att:<\/p>\n<div class=\"btn-grpp\">\n  <a class=\"btn-11\" href=\"\/sv\/kontakt\/\"><br \/>\n    <button>kontakta oss<\/button><br \/>\n  <\/a><br \/>\n  <a class=\"btn-22\" href=\"\/sv\/kostnadskalkylator\/\"><br \/>\n    <button>F\u00e5 en offert<\/button><br \/>\n  <\/a>\n<\/div>\n                   <\/div>\n       <div class=\"pricing-image\">\n                 <\/div>\n\t   \n  <\/div>\n<style>\nbody {\nfont-family: Arial, sans-serif;\nmargin: 0;\npadding: 0;\nbackground-color: #f4f4f4;\n}\n\n.pricing-section {\n    display: flex;\n    align-items: center;\n    justify-content: center;\n    padding: 30px;\n    background: linear-gradient(135deg, #1c1e64, #5b6db8);\n    color: white;\n}\n\n.pricing-content {\nflex: 1;\npadding: 20px;\nmax-width: 50%;\n}\n\n.pricing-content h2 {\nfont-size: 36px;\nmargin-bottom: 20px;\n}\n\n.pricing-content ul {\nlist-style: none;\npadding: 0;\n}\n\n.pricing-content li {\nfont-size: 14px;\nmargin-bottom: 10px;\n}\n\n.pricing-content a {\ncolor: #96c8ff;\ntext-decoration: none;\n}\n\n.pricing-content a:hover {\ntext-decoration: underline;\n}\n\n.pricing-image {\nflex: 1;\nmax-width: 50%;\ndisplay: flex;\njustify-content: center;\nalign-items: center;\npadding: 20px;\n}\n\n.pricing-image img {\nmax-width: 100%;\nborder-radius: 10px;\n}\n\n\/* Responsive Design *\/\n@media (max-width: 768px) {\n.pricing-section {\nflex-direction: column;\ntext-align: center;\t\n}\n.pricing-content {\n    justify-items: center;\n}\n.pricing-content, .pricing-image {\nmax-width: 100%;\n}\n}\n#pricing-section-main .pricing-content h2 {\n    color: #ffffff;\n    font-size: 27px;\n}\n\n#pricing-section-main .pricing-content h3 {\n    color: #ffffff;\n    font-size: 17px;\n}\n\n.indented {\n    margin-left: 26px;\n}\n\n.pricing-content ul {\n    list-style: disc;\n}\n.pricing-content li {\n    text-align: left;\n    margin-bottom: 13px;\n}\n#pricing-section-main .pricing-content p {\n    font-size: 12px;\n}\n@media and (max-width: 768px){\ndiv#pricing-section-main {\n    padding: 20px;\n}\n}\ndiv#pricing-section-main {\n   margin-bottom: 20px;\n}\n\t.pricing-content h3 {\n    text-align: left!important;\n}\n\/* \t17-02-25 *\/\n\t.btn-grpp {\n    display: flex;\n}\na.btn-22 {\n    margin-left: 12px;\n}\n.pricing-image {\n    max-width: fit-content;\n}\n\t.btn-grpp button {\n    color: #020c1a;\n    border-radius: 3px;\n}\n<\/style>\n    <\/p>\n","protected":false},"excerpt":{"rendered":"<ul>\n<li><strong data-start=\"538\" data-end=\"564\">Undervisningen sker direkt fr\u00e5n Spanien<\/strong> &#8211; en autentisk och uppslukande upplevelse<\/li>\n<li><strong data-start=\"604\" data-end=\"624\">Kv\u00e4llsschema<\/strong> &#8211; perfekt f\u00f6r upptagna vuxna och yrkesverksamma<\/li>\n<li><strong>Nyb\u00f6rjare till avancerad niv\u00e5  <\/strong><\/li>\n<li><strong>Flexibel veckovis inskrivning<\/strong><\/li>\n<\/ul>\n","protected":false},"featured_media":18907,"comment_status":"open","ping_status":"closed","template":"","meta":[],"product_brand":[],"product_cat":[311],"product_tag":[],"class_list":{"0":"post-20681","1":"product","2":"type-product","3":"status-publish","4":"has-post-thumbnail","6":"product_cat-pa-natet","8":"first","9":"instock","10":"shipping-taxable","11":"purchasable","12":"product-type-simple"},"_links":{"self":[{"href":"https:\/\/maxxinstitutes.com\/sv\/wp-json\/wp\/v2\/product\/20681","targetHints":{"allow":["GET"]}}],"collection":[{"href":"https:\/\/maxxinstitutes.com\/sv\/wp-json\/wp\/v2\/product"}],"about":[{"href":"https:\/\/maxxinstitutes.com\/sv\/wp-json\/wp\/v2\/types\/product"}],"replies":[{"embeddable":true,"href":"https:\/\/maxxinstitutes.com\/sv\/wp-json\/wp\/v2\/comments?post=20681"}],"wp:featuredmedia":[{"embeddable":true,"href":"https:\/\/maxxinstitutes.com\/sv\/wp-json\/wp\/v2\/media\/18907"}],"wp:attachment":[{"href":"https:\/\/maxxinstitutes.com\/sv\/wp-json\/wp\/v2\/media?parent=20681"}],"wp:term":[{"taxonomy":"product_brand","embeddable":true,"href":"https:\/\/maxxinstitutes.com\/sv\/wp-json\/wp\/v2\/product_brand?post=20681"},{"taxonomy":"product_cat","embeddable":true,"href":"https:\/\/maxxinstitutes.com\/sv\/wp-json\/wp\/v2\/product_cat?post=20681"},{"taxonomy":"product_tag","embeddable":true,"href":"https:\/\/maxxinstitutes.com\/sv\/wp-json\/wp\/v2\/product_tag?post=20681"}],"curies":[{"name":"wp","href":"https:\/\/api.w.org\/{rel}","templated":true}]}}