{"id":20164,"date":"2025-02-27T21:47:18","date_gmt":"2025-02-27T21:47:18","guid":{"rendered":"https:\/\/maxxinstitutes.com\/product\/onlinekurs-for-forberedelse-av-ccse-examen\/"},"modified":"2025-07-28T05:52:37","modified_gmt":"2025-07-28T05:52:37","slug":"onlinekurs-for-forberedelse-av-ccse-examen","status":"publish","type":"product","link":"https:\/\/maxxinstitutes.com\/sv\/produkt\/onlinekurs-for-forberedelse-av-ccse-examen\/","title":{"rendered":"Onlinekurs f\u00f6r f\u00f6rberedelse av CCSE-examen"},"content":{"rendered":"<h2 data-start=\"127\" data-end=\"186\">Onlinekurs f\u00f6r f\u00f6rberedelse av CCSE-examen &#8211; Privatlektioner<\/h2>\n<h3 data-start=\"187\" data-end=\"230\">Varf\u00f6r f\u00f6rbereda sig f\u00f6r CCSE-examen med oss?<\/h3>\n<p data-start=\"232\" data-end=\"513\">Planerar du att ans\u00f6ka om spanskt medborgarskap? CCSE-provet \u00e4r ett viktigt steg &#8211; och vi \u00e4r h\u00e4r f\u00f6r att hj\u00e4lpa dig att klara det med gott sj\u00e4lvf\u00f6rtroende. V\u00e5ra privatlektioner online \u00e4r skr\u00e4ddarsydda efter det officiella provets inneh\u00e5ll och fokuserar p\u00e5 den spanska konstitutionen, r\u00e4ttssystemet, historia och sociokulturella \u00e4mnen.<\/p>\n<p data-start=\"515\" data-end=\"670\">Med expertinstrukt\u00f6rer, personliga strategier och flexibel schemal\u00e4ggning ger den h\u00e4r kursen dig de verktyg du beh\u00f6ver f\u00f6r att lyckas &#8211; och k\u00e4nna dig som hemma i Spanien.<\/p>\n<h3 data-start=\"677\" data-end=\"695\">Detaljer om klassen:<\/h3>\n<ul>\n<li data-start=\"697\" data-end=\"1386\"><strong data-start=\"697\" data-end=\"713\">Typ av kurs:<\/strong> Online privat CCSE-examensf\u00f6rberedelse<\/li>\n<li data-start=\"697\" data-end=\"1386\"><strong data-start=\"753\" data-end=\"769\">Fokusomr\u00e5den:<\/strong><br data-start=\"769\" data-end=\"772\" \/>&#8211; Spanska konstitutionen<br data-start=\"794\" data-end=\"797\" \/>&#8211; Regering, lagar och medborgerliga r\u00e4ttigheter<br data-start=\"834\" data-end=\"837\" \/>&#8211; Spansk historia, kultur och samh\u00e4lle<\/li>\n<li data-start=\"697\" data-end=\"1386\"><strong data-start=\"879\" data-end=\"897\">Format f\u00f6r lektion:<\/strong> Privatlektioner 1:1 (samma pris f\u00f6r 1 eller 2 elever)<\/li>\n<li data-start=\"697\" data-end=\"1386\"><strong data-start=\"953\" data-end=\"971\">Lektionens l\u00e4ngd:<\/strong> 60 minuter<\/li>\n<li data-start=\"697\" data-end=\"1386\"><strong data-start=\"985\" data-end=\"998\">Schema:<\/strong> Flexibelt<br data-start=\"1007\" data-end=\"1010\" \/>&#8211; M\u00e5ndag till fredag mellan 08:00 och 20:00 CET<br data-start=\"1056\" data-end=\"1059\" \/>&#8211; Helger tillg\u00e4ngliga mot en extra avgift<\/li>\n<li data-start=\"697\" data-end=\"1386\"><strong data-start=\"1099\" data-end=\"1119\">Kursens l\u00e4ngd:<\/strong> Flexibel &#8211; beror p\u00e5 dina behov och m\u00e5l<\/li>\n<li data-start=\"697\" data-end=\"1386\"><strong data-start=\"1165\" data-end=\"1176\">Niv\u00e5er:<\/strong> Ingen l\u00e4gsta spr\u00e5kniv\u00e5 kr\u00e4vs, men grundl\u00e4ggande kunskaper i spanska rekommenderas<\/li>\n<li data-start=\"697\" data-end=\"1386\"><strong data-start=\"1252\" data-end=\"1267\">Gruppstorlek:<\/strong> 1 elev (eller 2 om du tar med en partner &#8211; samma pris!)<\/li>\n<li data-start=\"697\" data-end=\"1386\"><strong data-start=\"1324\" data-end=\"1345\">Startdatum 2025:<\/strong> Alla veckodagar &#8211; b\u00f6rja n\u00e4r du \u00e4r redo<\/li>\n<li data-start=\"697\" data-end=\"1386\"><strong data-start=\"1388\" data-end=\"1401\">L\u00e4rare:<\/strong> Erfarna modersm\u00e5lsinstrukt\u00f6rer som \u00e4r specialiserade p\u00e5 CCSE-inneh\u00e5ll och examenstekniker<\/li>\n<\/ul>\n<h3 data-start=\"1498\" data-end=\"1518\">Vad ing\u00e5r?<\/h3>\n<ul>\n<li data-start=\"1522\" data-end=\"1589\">Skr\u00e4ddarsydda f\u00f6rberedelser baserade p\u00e5 den officiella CCSE-examensstrukturen<\/li>\n<li data-start=\"1592\" data-end=\"1656\">Praktiska tips och strategier som hj\u00e4lper dig att bli godk\u00e4nd med sj\u00e4lvf\u00f6rtroende<\/li>\n<li data-start=\"1659\" data-end=\"1718\">Provfr\u00e5gor och v\u00e4gledning om vad du kan f\u00f6rv\u00e4nta dig p\u00e5 provdagen<\/li>\n<li data-start=\"1721\" data-end=\"1765\">Flexibel schemal\u00e4ggning som passar din livsstil<\/li>\n<li data-start=\"1768\" data-end=\"1808\">Intyg om n\u00e4rvaro p\u00e5 beg\u00e4ran<\/li>\n<\/ul>\n<h3 data-start=\"2200\" data-end=\"2233\">Hur man anm\u00e4ler sig till provet:<\/h3>\n<p data-start=\"2235\" data-end=\"2356\">Officiell registrering av CCSE-examen m\u00e5ste g\u00f6ras p\u00e5 <a href=\"https:\/\/examenes.cervantes.es\/es\/ccse\/que-es\" target=\"_blank\" rel=\"noopener\"><strong data-start=\"2292\" data-end=\"2353\">Instituto Cervantes webbplats<\/strong><\/a>.<\/p>\n<p data-start=\"3036\" data-end=\"3310\">   <div class=\"pricing-section\" id=\"pricing-section-main\">\n        <div class=\"pricing-content\">\n                            <h2>Priser<\/h2>\n<ul>\n<h3>10 lektioner\/vecka<\/h3>\n<div class=\"indented\">\n<li><strong>1 vecka:<\/strong> 338\u20ac<\/li>\n<\/div>\n<div class=\"indented\">\n<li><strong>2 veckor:<\/strong> 573\u20ac<\/li>\n<\/div>\n<h3>20 lektioner\/vecka<\/h3>\n<div class=\"indented\">\n<li><strong>1 vecka:<\/strong> 428\u20ac<\/li>\n<\/div>\n<div class=\"indented\">\n<li><strong>2 veckor:<\/strong> 663\u20ac<\/li>\n<\/div>\n<\/ul>\n<p>Om dessa paket inte riktigt passar dina behov eller om du vill ha mer information innan du best\u00e4mmer dig, tveka inte att:<\/p>\n<div class=\"btn-grpp\">\n  <a class=\"btn-11\" href=\"\/sv\/kontakt\/\"><br \/>\n    <button>Kontakta oss<\/button><br \/>\n  <\/a><br \/>\n  <a class=\"btn-22\" href=\"\/sv\/kostnadskalkylator\/\"><br \/>\n    <button>Beg\u00e4r offert<\/button><br \/>\n  <\/a>\n<\/div>\n                   <\/div>\n       <div class=\"pricing-image\">\n                            <img fetchpriority=\"high\" decoding=\"async\" src=\"https:\/\/maxxinstitutes.com\/wp-content\/uploads\/2024\/12\/Black-White-Modern-Handwritten-Square-Studio-Logo-1.png\" alt=\"Custom Product Image\" width=\"400\" height=\"400\" title=\"\">\n                 <\/div>\n\t   \n  <\/div>\n<style>\nbody {\nfont-family: Arial, sans-serif;\nmargin: 0;\npadding: 0;\nbackground-color: #f4f4f4;\n}\n\n.pricing-section {\n    display: flex;\n    align-items: center;\n    justify-content: center;\n    padding: 30px;\n    background: linear-gradient(135deg, #1c1e64, #5b6db8);\n    color: white;\n}\n\n.pricing-content {\nflex: 1;\npadding: 20px;\nmax-width: 50%;\n}\n\n.pricing-content h2 {\nfont-size: 36px;\nmargin-bottom: 20px;\n}\n\n.pricing-content ul {\nlist-style: none;\npadding: 0;\n}\n\n.pricing-content li {\nfont-size: 14px;\nmargin-bottom: 10px;\n}\n\n.pricing-content a {\ncolor: #96c8ff;\ntext-decoration: none;\n}\n\n.pricing-content a:hover {\ntext-decoration: underline;\n}\n\n.pricing-image {\nflex: 1;\nmax-width: 50%;\ndisplay: flex;\njustify-content: center;\nalign-items: center;\npadding: 20px;\n}\n\n.pricing-image img {\nmax-width: 100%;\nborder-radius: 10px;\n}\n\n\/* Responsive Design *\/\n@media (max-width: 768px) {\n.pricing-section {\nflex-direction: column;\ntext-align: center;\t\n}\n.pricing-content {\n    justify-items: center;\n}\n.pricing-content, .pricing-image {\nmax-width: 100%;\n}\n}\n#pricing-section-main .pricing-content h2 {\n    color: #ffffff;\n    font-size: 27px;\n}\n\n#pricing-section-main .pricing-content h3 {\n    color: #ffffff;\n    font-size: 17px;\n}\n\n.indented {\n    margin-left: 26px;\n}\n\n.pricing-content ul {\n    list-style: disc;\n}\n.pricing-content li {\n    text-align: left;\n    margin-bottom: 13px;\n}\n#pricing-section-main .pricing-content p {\n    font-size: 12px;\n}\n@media and (max-width: 768px){\ndiv#pricing-section-main {\n    padding: 20px;\n}\n}\ndiv#pricing-section-main {\n   margin-bottom: 20px;\n}\n\t.pricing-content h3 {\n    text-align: left!important;\n}\n\/* \t17-02-25 *\/\n\t.btn-grpp {\n    display: flex;\n}\na.btn-22 {\n    margin-left: 12px;\n}\n.pricing-image {\n    max-width: fit-content;\n}\n\t.btn-grpp button {\n    color: #020c1a;\n    border-radius: 3px;\n}\n<\/style>\n    <\/p>\n","protected":false},"excerpt":{"rendered":"<ul>\n<li>Spanskkurs f\u00f6r alla niv\u00e5er (nyb\u00f6rjare till avancerad)<\/li>\n<li>Tillg\u00e4nglig fr\u00e5n april till november<\/li>\n<li>F\u00f6r startdatum under andra m\u00e5nader, v\u00e4nligen kontrollera <a href=\"http:\/\/maxxinstitutes.com\/product\/private-spanish-lessons-2\/\"><strong>Privatlektioner<\/strong><\/a><\/li>\n<li>V\u00e4nligen v\u00e4lj veckor f\u00f6r att f\u00e5 en pris\u00f6versikt<\/li>\n<\/ul>\n","protected":false},"featured_media":18915,"comment_status":"open","ping_status":"closed","template":"","meta":[],"product_brand":[],"product_cat":[311],"product_tag":[],"class_list":{"0":"post-20164","1":"product","2":"type-product","3":"status-publish","4":"has-post-thumbnail","6":"product_cat-pa-natet","8":"first","9":"instock","10":"shipping-taxable","11":"purchasable","12":"product-type-simple"},"_links":{"self":[{"href":"https:\/\/maxxinstitutes.com\/sv\/wp-json\/wp\/v2\/product\/20164","targetHints":{"allow":["GET"]}}],"collection":[{"href":"https:\/\/maxxinstitutes.com\/sv\/wp-json\/wp\/v2\/product"}],"about":[{"href":"https:\/\/maxxinstitutes.com\/sv\/wp-json\/wp\/v2\/types\/product"}],"replies":[{"embeddable":true,"href":"https:\/\/maxxinstitutes.com\/sv\/wp-json\/wp\/v2\/comments?post=20164"}],"wp:featuredmedia":[{"embeddable":true,"href":"https:\/\/maxxinstitutes.com\/sv\/wp-json\/wp\/v2\/media\/18915"}],"wp:attachment":[{"href":"https:\/\/maxxinstitutes.com\/sv\/wp-json\/wp\/v2\/media?parent=20164"}],"wp:term":[{"taxonomy":"product_brand","embeddable":true,"href":"https:\/\/maxxinstitutes.com\/sv\/wp-json\/wp\/v2\/product_brand?post=20164"},{"taxonomy":"product_cat","embeddable":true,"href":"https:\/\/maxxinstitutes.com\/sv\/wp-json\/wp\/v2\/product_cat?post=20164"},{"taxonomy":"product_tag","embeddable":true,"href":"https:\/\/maxxinstitutes.com\/sv\/wp-json\/wp\/v2\/product_tag?post=20164"}],"curies":[{"name":"wp","href":"https:\/\/api.w.org\/{rel}","templated":true}]}}