{"id":17118,"date":"2024-12-10T22:34:25","date_gmt":"2024-12-10T22:34:25","guid":{"rendered":"http:\/\/maxxinstitutes.com\/?post_type=product&#038;p=17118"},"modified":"2025-07-28T06:49:18","modified_gmt":"2025-07-28T06:49:18","slug":"privatlektioner-i-spanska-i-madrid","status":"publish","type":"product","link":"https:\/\/maxxinstitutes.com\/sv\/produkt\/privatlektioner-i-spanska-i-madrid\/","title":{"rendered":"Privatlektioner i spanska i Madrid"},"content":{"rendered":"<h2>Privatlektioner i spanska &#8211; Madrid<\/h2>\n<p><strong data-start=\"324\" data-end=\"339\">Varf\u00f6r Madrid?<\/strong><br data-start=\"339\" data-end=\"342\" \/>Spaniens huvudstad \u00e4r den perfekta platsen f\u00f6r att f\u00f6rb\u00e4ttra dina kunskaper i spanska. En livlig stad full av kultur, konst och historia, Madrid erbjuder o\u00e4ndliga m\u00f6jligheter att f\u00f6rdjupa dig i det spanska livet medan du njuter av museer i v\u00e4rldsklass, l\u00e4ckra tapas och livligt gatuliv. Oavsett om du \u00e4r h\u00e4r p\u00e5 kort eller l\u00e5ng sikt, ger privata lektioner dig flexibiliteten att l\u00e4ra dig spanska runt ditt schema och i din takt.<\/p>\n<h3><strong data-start=\"1068\" data-end=\"1086\">Detaljer om kursen<\/strong><\/h3>\n<ul>\n<li><strong data-start=\"570\" data-end=\"591\">Lektioner per vecka:<\/strong> Flexibelt &#8211; du v\u00e4ljer sj\u00e4lv hur m\u00e5nga<\/li>\n<li><strong data-start=\"625\" data-end=\"644\">Kursens inneh\u00e5ll:<\/strong> Skr\u00e4ddarsydda spansklektioner anpassade till din niv\u00e5 och dina m\u00e5l<\/li>\n<li><strong data-start=\"707\" data-end=\"726\">Niv\u00e5er som erbjuds:<\/strong> A1 till C2<\/li>\n<li><strong data-start=\"738\" data-end=\"751\">L\u00e4rare:<\/strong> H\u00f6gkvalificerade modersm\u00e5lsl\u00e4rare med universitetsexamen<\/li>\n<li><strong data-start=\"811\" data-end=\"828\">Klassens format:<\/strong> En-till-en-undervisning (eller tv\u00e5 elever om de bokas tillsammans)<\/li>\n<li><strong data-start=\"891\" data-end=\"904\">Schema:<\/strong> Flexibelt &#8211; tillg\u00e4ngligt 7 dagar i veckan fr\u00e5n 08:30 till 22:00<\/li>\n<li><strong data-start=\"962\" data-end=\"978\">Studentens \u00e5lder:<\/strong> Minst 16 \u00e5r<\/li>\n<li><strong data-start=\"998\" data-end=\"1022\">Kursens tillg\u00e4nglighet:<\/strong> \u00c5ret runt<\/li>\n<li><strong data-start=\"1036\" data-end=\"1049\">Varaktighet:<\/strong> Fr\u00e5n 1 lektion upp till heltidsveckor<\/li>\n<li><strong data-start=\"1088\" data-end=\"1106\">Lektionens l\u00e4ngd:<\/strong> 50 minuter per lektion<\/li>\n<li><strong data-start=\"1131\" data-end=\"1147\">Startdatum:<\/strong> Varje dag, \u00e5ret runt<\/li>\n<li><strong data-start=\"1174\" data-end=\"1193\">Plats f\u00f6r undervisningen:<\/strong> P\u00e5 Instituto de Idiomas Madrid eller online<\/li>\n<\/ul>\n<h3><strong data-start=\"756\" data-end=\"775\">Vad ing\u00e5r<\/strong><\/h3>\n<ul>\n<li>Helt personligt anpassat inneh\u00e5ll<\/li>\n<li>Privatl\u00e4rare (m\u00f6jlighet att dela med en andra person)<\/li>\n<li>Flexibelt schema &#8211; v\u00e4lj dina egna dagar och tider<\/li>\n<li>Tillg\u00e4nglig fr\u00e5n nyb\u00f6rjare till avancerad niv\u00e5 (A1-C2)<\/li>\n<li>Kursintyg (p\u00e5 beg\u00e4ran)<\/li>\n<li>M\u00f6jlighet att kombinera med valfri gruppkurs<\/li>\n<\/ul>\n<h3><strong data-start=\"1553\" data-end=\"1594\">Varf\u00f6r v\u00e4lja privata lektioner i Madrid?<\/strong><\/h3>\n<ul>\n<li>Total flexibilitet: L\u00e4r dig n\u00e4r och hur du vill<\/li>\n<li>Individualiserad uppm\u00e4rksamhet: R\u00f6r dig i din takt och fokusera p\u00e5 dina behov<\/li>\n<li>Idealisk f\u00f6r upptagna yrkesverksamma, tentaf\u00f6rberedelser eller snabb f\u00f6rb\u00e4ttring<\/li>\n<li>F\u00f6rdjupa dig i det autentiska spanska livet i Spaniens energiska huvudstad<\/li>\n<\/ul>\n<p data-start=\"3036\" data-end=\"3310\">   <div class=\"pricing-section\" id=\"pricing-section-main\">\n        <div class=\"pricing-content\">\n                            <h2>Priser<\/h2>\n<ul>\n<h3>Privata spansklektioner i Madrid<\/h3>\n<h3>1 Elev<\/h3>\n<div class=\"indented\">\n<li><strong>1 \u2013 14 lektioner:<\/strong> 40\u20ac<\/li>\n<\/div>\n<div class=\"indented\">\n<li><strong>15+ lektioner:<\/strong> 35\u20ac<\/li>\n<\/div>\n<h3>2 Elever<\/h3>\n<div class=\"indented\">\n<li><strong>1 \u2013 14 lektioner:<\/strong> 45\u20ac<\/li>\n<\/div>\n<div class=\"indented\">\n<li><strong>15+ lektioner:<\/strong> 40\u20ac<\/li>\n<\/div>\n<h3>3 Elever<\/h3>\n<div class=\"indented\">\n<li><strong>1 \u2013 14 lektioner:<\/strong> 50\u20ac<\/li>\n<\/div>\n<div class=\"indented\">\n<li><strong>15+ lektioner:<\/strong> 45\u20ac<\/li>\n<\/div>\n<\/ul>\n<p>Om dessa paket inte riktigt passar dina behov eller om du vill ha mer information innan du best\u00e4mmer dig, tveka inte att:<\/p>\n<div class=\"btn-grpp\">\n  <a class=\"btn-11\" href=\"\/sv\/kontakt\/\"><br \/>\n    <button>Kontakta oss<\/button><br \/>\n  <\/a><br \/>\n  <a class=\"btn-22\" href=\"\/sv\/kostnadskalkylator\/\"><br \/>\n    <button>Beg\u00e4r offert<\/button><br \/>\n  <\/a>\n<\/div>\n                   <\/div>\n       <div class=\"pricing-image\">\n                            <img fetchpriority=\"high\" decoding=\"async\" src=\"https:\/\/maxxinstitutes.com\/wp-content\/uploads\/2024\/12\/13-1.png\" alt=\"Custom Product Image\" width=\"400\" height=\"400\" title=\"\">\n                 <\/div>\n\t   \n  <\/div>\n<style>\nbody {\nfont-family: Arial, sans-serif;\nmargin: 0;\npadding: 0;\nbackground-color: #f4f4f4;\n}\n\n.pricing-section {\n    display: flex;\n    align-items: center;\n    justify-content: center;\n    padding: 30px;\n    background: linear-gradient(135deg, #1c1e64, #5b6db8);\n    color: white;\n}\n\n.pricing-content {\nflex: 1;\npadding: 20px;\nmax-width: 50%;\n}\n\n.pricing-content h2 {\nfont-size: 36px;\nmargin-bottom: 20px;\n}\n\n.pricing-content ul {\nlist-style: none;\npadding: 0;\n}\n\n.pricing-content li {\nfont-size: 14px;\nmargin-bottom: 10px;\n}\n\n.pricing-content a {\ncolor: #96c8ff;\ntext-decoration: none;\n}\n\n.pricing-content a:hover {\ntext-decoration: underline;\n}\n\n.pricing-image {\nflex: 1;\nmax-width: 50%;\ndisplay: flex;\njustify-content: center;\nalign-items: center;\npadding: 20px;\n}\n\n.pricing-image img {\nmax-width: 100%;\nborder-radius: 10px;\n}\n\n\/* Responsive Design *\/\n@media (max-width: 768px) {\n.pricing-section {\nflex-direction: column;\ntext-align: center;\t\n}\n.pricing-content {\n    justify-items: center;\n}\n.pricing-content, .pricing-image {\nmax-width: 100%;\n}\n}\n#pricing-section-main .pricing-content h2 {\n    color: #ffffff;\n    font-size: 27px;\n}\n\n#pricing-section-main .pricing-content h3 {\n    color: #ffffff;\n    font-size: 17px;\n}\n\n.indented {\n    margin-left: 26px;\n}\n\n.pricing-content ul {\n    list-style: disc;\n}\n.pricing-content li {\n    text-align: left;\n    margin-bottom: 13px;\n}\n#pricing-section-main .pricing-content p {\n    font-size: 12px;\n}\n@media and (max-width: 768px){\ndiv#pricing-section-main {\n    padding: 20px;\n}\n}\ndiv#pricing-section-main {\n   margin-bottom: 20px;\n}\n\t.pricing-content h3 {\n    text-align: left!important;\n}\n\/* \t17-02-25 *\/\n\t.btn-grpp {\n    display: flex;\n}\na.btn-22 {\n    margin-left: 12px;\n}\n.pricing-image {\n    max-width: fit-content;\n}\n\t.btn-grpp button {\n    color: #020c1a;\n    border-radius: 3px;\n}\n<\/style>\n    <\/p>\n","protected":false},"excerpt":{"rendered":"<ul>\n<li>Tillg\u00e4nglig \u00e5ret runt<\/li>\n<li>fr\u00e5n <strong>28 \u20ac per timme<\/strong><\/li>\n<li>Samma pris f\u00f6r 1 student eller 2 studenter (delning)<\/li>\n<li>Paket tillg\u00e4ngliga f\u00f6r 5, 10, 15 och 20 lektioner<\/li>\n<\/ul>\n<p>&nbsp;<\/p>\n","protected":false},"featured_media":23368,"comment_status":"closed","ping_status":"closed","template":"","meta":[],"product_brand":[],"product_cat":[283],"product_tag":[],"class_list":{"0":"post-17118","1":"product","2":"type-product","3":"status-publish","4":"has-post-thumbnail","6":"product_cat-madrid-sv","8":"first","9":"instock","10":"sale","11":"shipping-taxable","12":"purchasable","13":"product-type-variable"},"_links":{"self":[{"href":"https:\/\/maxxinstitutes.com\/sv\/wp-json\/wp\/v2\/product\/17118","targetHints":{"allow":["GET"]}}],"collection":[{"href":"https:\/\/maxxinstitutes.com\/sv\/wp-json\/wp\/v2\/product"}],"about":[{"href":"https:\/\/maxxinstitutes.com\/sv\/wp-json\/wp\/v2\/types\/product"}],"replies":[{"embeddable":true,"href":"https:\/\/maxxinstitutes.com\/sv\/wp-json\/wp\/v2\/comments?post=17118"}],"wp:featuredmedia":[{"embeddable":true,"href":"https:\/\/maxxinstitutes.com\/sv\/wp-json\/wp\/v2\/media\/23368"}],"wp:attachment":[{"href":"https:\/\/maxxinstitutes.com\/sv\/wp-json\/wp\/v2\/media?parent=17118"}],"wp:term":[{"taxonomy":"product_brand","embeddable":true,"href":"https:\/\/maxxinstitutes.com\/sv\/wp-json\/wp\/v2\/product_brand?post=17118"},{"taxonomy":"product_cat","embeddable":true,"href":"https:\/\/maxxinstitutes.com\/sv\/wp-json\/wp\/v2\/product_cat?post=17118"},{"taxonomy":"product_tag","embeddable":true,"href":"https:\/\/maxxinstitutes.com\/sv\/wp-json\/wp\/v2\/product_tag?post=17118"}],"curies":[{"name":"wp","href":"https:\/\/api.w.org\/{rel}","templated":true}]}}