{"id":17046,"date":"2024-12-10T22:28:17","date_gmt":"2024-12-10T22:28:17","guid":{"rendered":"http:\/\/maxxinstitutes.com\/?post_type=product&#038;p=17046"},"modified":"2025-07-28T07:07:54","modified_gmt":"2025-07-28T07:07:54","slug":"bildungsurlaub-i-madrid","status":"publish","type":"product","link":"https:\/\/maxxinstitutes.com\/sv\/produkt\/bildungsurlaub-i-madrid\/","title":{"rendered":"Bildungsurlaub i Madrid"},"content":{"rendered":"<h2>Bildungsurlaub i Madrid<\/h2>\n<p>Bildungsurlaub ger anst\u00e4llda 5 dagars extra betald ledighet per \u00e5r f\u00f6r utbildnings\u00e4ndam\u00e5l. Vissa anst\u00e4llda f\u00e5r kombinera tv\u00e5 \u00e5rs utbildningsledighet s\u00e5 att du kan ta upp till 10 dagars utbildningsledighet f\u00f6r din spanska kurs i Madrid.<\/p>\n<p>Stater d\u00e4r v\u00e5ra kurser \u00e4r erk\u00e4nda<br \/>\nV\u00e5ra spanska kurser \u00f6ver 30 timmar per vecka i Madrid \u00e4r erk\u00e4nda f\u00f6r Bildungsurlaub i <strong>n\u00e4stan alla federala stater.<\/strong><\/p>\n<ul>\n<li>Berlin<\/li>\n<li>Hamburg, Tyskland<\/li>\n<li>Hesse<\/li>\n<li>Nedre Sachsen<\/li>\n<li>Brandenburg<\/li>\n<li>Bremen<\/li>\n<li>Mecklenburg-Vorpommern<\/li>\n<li>Rheinland-Pfalz<\/li>\n<li>Saarland<\/li>\n<li>Sachsen-Anhalt<\/li>\n<li>Schleswig-Holstein<\/li>\n<li>Th\u00fcringen<\/li>\n<li>30 grupplektioner per vecka<\/li>\n<li><strong>Lektioner per vecka:<\/strong> 30 grupplektioner om 50 minuter vardera<\/li>\n<li><strong>Inneh\u00e5ll:<\/strong> Allm\u00e4n spanska p\u00e5 din niv\u00e5<\/li>\n<li><strong>Fritidsaktiviteter:<\/strong> 5 per vecka<\/li>\n<li><strong>Kursens l\u00e4ngd:<\/strong> 1-2 veckor (fritt valbar)<\/li>\n<li><strong>Lektionsdagar:<\/strong> M\u00e5ndag till fredag<strong>Schema<\/strong>:<\/li>\n<li>kl. 9.00-14.40 eller kl. 11.10-16.50<\/li>\n<li>Tillg\u00e4nglig: \u00c5ret runt<\/li>\n<li>Gruppstorlek: Genomsnittligt 6, maximalt 8<\/li>\n<li>Startdatum: Varje m\u00e5ndag, med f\u00f6rkunskaper. F\u00f6r helt nyb\u00f6rjare rekommenderar vi kursen 20 grupplektioner\/vecka.<br \/>\nNiv\u00e5er: Fr\u00e5n A1 till C2.<\/li>\n<\/ul>\n<p data-start=\"3036\" data-end=\"3310\">   <div class=\"pricing-section\" id=\"pricing-section-main\">\n        <div class=\"pricing-content\">\n                            <h2>Priser<\/h2>\n<ul>\n<h3>Bildungsurlaub i Madrid<\/h3>\n<div class=\"indented\">\n<li><strong>1 vecka:<\/strong> 350\u20ac<\/li>\n<\/div>\n<div class=\"indented\">\n<li><strong>2 veckor:<\/strong> 640\u20ac<\/li>\n<\/div>\n<\/ul>\n<p>Om dessa paket inte riktigt passar dina behov eller om du vill ha mer information innan du best\u00e4mmer dig, tveka inte att:<\/p>\n<div class=\"btn-grpp\">\n  <a class=\"btn-11\" href=\"\/sv\/kontakt\/\"><br \/>\n    <button>Kontakta oss<\/button><br \/>\n  <\/a><br \/>\n  <a class=\"btn-22\" href=\"\/sv\/kostnadskalkylator\/\"><br \/>\n    <button>Beg\u00e4r offert<\/button><br \/>\n  <\/a>\n<\/div>\n                   <\/div>\n       <div class=\"pricing-image\">\n                            <img fetchpriority=\"high\" decoding=\"async\" src=\"https:\/\/maxxinstitutes.com\/wp-content\/uploads\/2024\/12\/12-2.png\" alt=\"Custom Product Image\" width=\"400\" height=\"400\" title=\"\">\n                 <\/div>\n\t   \n  <\/div>\n<style>\nbody {\nfont-family: Arial, sans-serif;\nmargin: 0;\npadding: 0;\nbackground-color: #f4f4f4;\n}\n\n.pricing-section {\n    display: flex;\n    align-items: center;\n    justify-content: center;\n    padding: 30px;\n    background: linear-gradient(135deg, #1c1e64, #5b6db8);\n    color: white;\n}\n\n.pricing-content {\nflex: 1;\npadding: 20px;\nmax-width: 50%;\n}\n\n.pricing-content h2 {\nfont-size: 36px;\nmargin-bottom: 20px;\n}\n\n.pricing-content ul {\nlist-style: none;\npadding: 0;\n}\n\n.pricing-content li {\nfont-size: 14px;\nmargin-bottom: 10px;\n}\n\n.pricing-content a {\ncolor: #96c8ff;\ntext-decoration: none;\n}\n\n.pricing-content a:hover {\ntext-decoration: underline;\n}\n\n.pricing-image {\nflex: 1;\nmax-width: 50%;\ndisplay: flex;\njustify-content: center;\nalign-items: center;\npadding: 20px;\n}\n\n.pricing-image img {\nmax-width: 100%;\nborder-radius: 10px;\n}\n\n\/* Responsive Design *\/\n@media (max-width: 768px) {\n.pricing-section {\nflex-direction: column;\ntext-align: center;\t\n}\n.pricing-content {\n    justify-items: center;\n}\n.pricing-content, .pricing-image {\nmax-width: 100%;\n}\n}\n#pricing-section-main .pricing-content h2 {\n    color: #ffffff;\n    font-size: 27px;\n}\n\n#pricing-section-main .pricing-content h3 {\n    color: #ffffff;\n    font-size: 17px;\n}\n\n.indented {\n    margin-left: 26px;\n}\n\n.pricing-content ul {\n    list-style: disc;\n}\n.pricing-content li {\n    text-align: left;\n    margin-bottom: 13px;\n}\n#pricing-section-main .pricing-content p {\n    font-size: 12px;\n}\n@media and (max-width: 768px){\ndiv#pricing-section-main {\n    padding: 20px;\n}\n}\ndiv#pricing-section-main {\n   margin-bottom: 20px;\n}\n\t.pricing-content h3 {\n    text-align: left!important;\n}\n\/* \t17-02-25 *\/\n\t.btn-grpp {\n    display: flex;\n}\na.btn-22 {\n    margin-left: 12px;\n}\n.pricing-image {\n    max-width: fit-content;\n}\n\t.btn-grpp button {\n    color: #020c1a;\n    border-radius: 3px;\n}\n<\/style>\n    <\/p>\n","protected":false},"excerpt":{"rendered":"<ul>\n<li>5 privatlektioner i f\u00f6rberedelser inf\u00f6r D.E.L.E.-examen<\/li>\n<li>3 upplevelser &#8221;Vive Ibiza en Espa\u00f1ol&#8221;<\/li>\n<\/ul>\n","protected":false},"featured_media":23375,"comment_status":"closed","ping_status":"closed","template":"","meta":[],"product_brand":[],"product_cat":[283],"product_tag":[],"class_list":{"0":"post-17046","1":"product","2":"type-product","3":"status-publish","4":"has-post-thumbnail","6":"product_cat-madrid-sv","8":"first","9":"instock","10":"shipping-taxable","11":"purchasable","12":"product-type-variable"},"_links":{"self":[{"href":"https:\/\/maxxinstitutes.com\/sv\/wp-json\/wp\/v2\/product\/17046","targetHints":{"allow":["GET"]}}],"collection":[{"href":"https:\/\/maxxinstitutes.com\/sv\/wp-json\/wp\/v2\/product"}],"about":[{"href":"https:\/\/maxxinstitutes.com\/sv\/wp-json\/wp\/v2\/types\/product"}],"replies":[{"embeddable":true,"href":"https:\/\/maxxinstitutes.com\/sv\/wp-json\/wp\/v2\/comments?post=17046"}],"wp:featuredmedia":[{"embeddable":true,"href":"https:\/\/maxxinstitutes.com\/sv\/wp-json\/wp\/v2\/media\/23375"}],"wp:attachment":[{"href":"https:\/\/maxxinstitutes.com\/sv\/wp-json\/wp\/v2\/media?parent=17046"}],"wp:term":[{"taxonomy":"product_brand","embeddable":true,"href":"https:\/\/maxxinstitutes.com\/sv\/wp-json\/wp\/v2\/product_brand?post=17046"},{"taxonomy":"product_cat","embeddable":true,"href":"https:\/\/maxxinstitutes.com\/sv\/wp-json\/wp\/v2\/product_cat?post=17046"},{"taxonomy":"product_tag","embeddable":true,"href":"https:\/\/maxxinstitutes.com\/sv\/wp-json\/wp\/v2\/product_tag?post=17046"}],"curies":[{"name":"wp","href":"https:\/\/api.w.org\/{rel}","templated":true}]}}