{"id":17013,"date":"2024-12-10T22:24:51","date_gmt":"2024-12-10T22:24:51","guid":{"rendered":"http:\/\/maxxinstitutes.com\/?post_type=product&#038;p=17013"},"modified":"2025-07-28T07:19:27","modified_gmt":"2025-07-28T07:19:27","slug":"30-grupplektioner-per-vecka-i-madrid","status":"publish","type":"product","link":"https:\/\/maxxinstitutes.com\/sv\/produkt\/30-grupplektioner-per-vecka-i-madrid\/","title":{"rendered":"30 grupplektioner per vecka i Madrid"},"content":{"rendered":"<h2>Superintensivkurs i spanska &#8211; 30 lektioner per vecka<\/h2>\n<h3 data-start=\"226\" data-end=\"242\">Varf\u00f6r Madrid?<\/h3>\n<p data-start=\"244\" data-end=\"565\">L\u00e4r dig spanska i hj\u00e4rtat av Spaniens pulserande huvudstad! V\u00e5r skola i centrala Madrid erbjuder en livlig och urban inl\u00e4rningsatmosf\u00e4r, med undervisning av h\u00f6gsta kvalitet i en kosmopolitisk milj\u00f6 full av konst, kultur och liv. Den perfekta destinationen f\u00f6r dig som vill f\u00f6rdjupa dig helt i det spanska spr\u00e5ket och stadslivet.<\/p>\n<p data-start=\"567\" data-end=\"860\">V\u00e5r <strong>mest kompletta spanska immersionsupplevelse<\/strong>, utformad f\u00f6r elever som vill g\u00f6ra snabba framsteg p\u00e5 kort tid. Denna kurs <strong>\u00e4r erk\u00e4nd f\u00f6r Bildungsurlaub<\/strong> i m\u00e5nga tyska stater och erbjuder intensiv gruppundervisning till ett \u00f6verkomligt pris &#8211; perfekt f\u00f6r motiverade studenter med begr\u00e4nsad tid.<\/p>\n<h3>Detaljer om klassen:<\/h3>\n<ul>\n<li><strong data-start=\"962\" data-end=\"983\">Lektioner per vecka:<\/strong> 30<br data-start=\"986\" data-end=\"989\" \/>&#8211; 6 grupplektioner per dag, m\u00e5ndag till fredag<\/li>\n<li><strong data-start=\"1035\" data-end=\"1055\">Kursens l\u00e4ngd:<\/strong> 1-48 veckor (fritt valbar)<\/li>\n<li><strong data-start=\"1089\" data-end=\"1107\">Lektionens l\u00e4ngd:<\/strong> 50 minuter<\/li>\n<li data-start=\"1122\" data-end=\"1266\"><strong data-start=\"1122\" data-end=\"1136\">Tidtabell<\/strong>:<br data-start=\"1136\" data-end=\"1139\" \/>M\u00e5ndag-fredag:<br data-start=\"1153\" data-end=\"1156\" \/>&#8211; Morgontidtabell: 09:00-14:40<br data-start=\"1187\" data-end=\"1190\" \/>&#8211; ELLER eftermiddagsschema: 11:10-16:50 (beroende p\u00e5 niv\u00e5 och tillg\u00e4nglighet)<\/li>\n<li data-start=\"1268\" data-end=\"1410\"><strong data-start=\"1268\" data-end=\"1279\">Niv\u00e5er:<\/strong> Fr\u00e5n A1.2 till C2<br data-start=\"1295\" data-end=\"1298\" \/>&#8211; F\u00f6r nyb\u00f6rjare rekommenderar vi v\u00e5r kurs med 20 lektioner\/vecka.<\/li>\n<li data-start=\"1268\" data-end=\"1410\"><strong data-start=\"1366\" data-end=\"1381\">Gruppstorlek:<\/strong> Genomsnitt 6 studenter, max. 8<\/li>\n<li data-start=\"1412\" data-end=\"1562\"><strong data-start=\"1412\" data-end=\"1433\">Startdatum 2025:<\/strong><br data-start=\"1433\" data-end=\"1436\" \/>Varje m\u00e5ndag \u00e5ret runt (f\u00f6r studenter med f\u00f6rkunskaper)<br data-start=\"1495\" data-end=\"1498\" \/>&#8211; F\u00f6r nyb\u00f6rjare: specifika startdatum p\u00e5 beg\u00e4ran<\/li>\n<li data-start=\"1564\" data-end=\"1724\"><strong data-start=\"1564\" data-end=\"1577\">L\u00e4rare:<\/strong> Minst 2 roterande modersm\u00e5lsl\u00e4rare per vecka f\u00f6r att s\u00e4kerst\u00e4lla variation, exponering f\u00f6r olika accenter och en mer engagerande klassrumsupplevelse.<\/li>\n<\/ul>\n<h3>Vad ing\u00e5r?<\/h3>\n<ul>\n<li data-start=\"1755\" data-end=\"1824\">Aktiviteter p\u00e5 fritiden: Veckovisa kulturella och sociala aktiviteter i Madrid<\/li>\n<li data-start=\"1827\" data-end=\"1894\">Registreringsavgift: 0 \u20ac &#8211; boka direkt med oss utan dolda kostnader<\/li>\n<li data-start=\"1897\" data-end=\"1987\">Ytterligare tj\u00e4nster: Placeringstest, kursintyg, boendealternativ tillg\u00e4ngliga<\/li>\n<\/ul>\n<h3 data-start=\"1994\" data-end=\"2031\">Varf\u00f6r v\u00e4lja den h\u00e4r kursen i Madrid?<\/h3>\n<ul>\n<li data-start=\"2035\" data-end=\"2094\">Centralt l\u00e4ge i en av Europas mest dynamiska huvudst\u00e4der<\/li>\n<li data-start=\"2097\" data-end=\"2157\">Sm\u00e5 grupper och h\u00f6gt kvalificerade modersm\u00e5lsl\u00e4rare<\/li>\n<li data-start=\"2160\" data-end=\"2234\">F\u00f6rdjupad inl\u00e4rning i en kulturell metropol full av energi och m\u00e5ngfald<\/li>\n<li data-start=\"2237\" data-end=\"2317\">Den perfekta blandningen av kvalitetsutbildning, urban livsstil och spansk spr\u00e5kbad<\/li>\n<\/ul>\n   <div class=\"pricing-section\" id=\"pricing-section-main\">\n        <div class=\"pricing-content\">\n                            <h2>Priser<\/h2>\n<ul>\n<h3>30 grupplektioner\/vecka<\/h3>\n<div class=\"indented\">\n<li><strong>1 vecka:<\/strong> 290\u20ac<\/li>\n<\/div>\n<\/ul>\n<p>Om detta paket inte riktigt passar dina behov eller om du vill ha mer information innan du best\u00e4mmer dig, tveka inte att:<\/p>\n<div class=\"btn-grpp\">\n  <a class=\"btn-11\" href=\"\/sv\/kontakt\/\"><br \/>\n    <button>Kontakta oss<\/button><br \/>\n  <\/a><br \/>\n  <a class=\"btn-22\" href=\"\/sv\/kostnadskalkylator\/\"><br \/>\n    <button>Beg\u00e4r offert<\/button><br \/>\n  <\/a>\n<\/div>\n                   <\/div>\n       <div class=\"pricing-image\">\n                            <img fetchpriority=\"high\" decoding=\"async\" src=\"https:\/\/maxxinstitutes.com\/wp-content\/uploads\/2024\/12\/12-1.png\" alt=\"Custom Product Image\" width=\"400\" height=\"400\" title=\"\">\n                 <\/div>\n\t   \n  <\/div>\n<style>\nbody {\nfont-family: Arial, sans-serif;\nmargin: 0;\npadding: 0;\nbackground-color: #f4f4f4;\n}\n\n.pricing-section {\n    display: flex;\n    align-items: center;\n    justify-content: center;\n    padding: 30px;\n    background: linear-gradient(135deg, #1c1e64, #5b6db8);\n    color: white;\n}\n\n.pricing-content {\nflex: 1;\npadding: 20px;\nmax-width: 50%;\n}\n\n.pricing-content h2 {\nfont-size: 36px;\nmargin-bottom: 20px;\n}\n\n.pricing-content ul {\nlist-style: none;\npadding: 0;\n}\n\n.pricing-content li {\nfont-size: 14px;\nmargin-bottom: 10px;\n}\n\n.pricing-content a {\ncolor: #96c8ff;\ntext-decoration: none;\n}\n\n.pricing-content a:hover {\ntext-decoration: underline;\n}\n\n.pricing-image {\nflex: 1;\nmax-width: 50%;\ndisplay: flex;\njustify-content: center;\nalign-items: center;\npadding: 20px;\n}\n\n.pricing-image img {\nmax-width: 100%;\nborder-radius: 10px;\n}\n\n\/* Responsive Design *\/\n@media (max-width: 768px) {\n.pricing-section {\nflex-direction: column;\ntext-align: center;\t\n}\n.pricing-content {\n    justify-items: center;\n}\n.pricing-content, .pricing-image {\nmax-width: 100%;\n}\n}\n#pricing-section-main .pricing-content h2 {\n    color: #ffffff;\n    font-size: 27px;\n}\n\n#pricing-section-main .pricing-content h3 {\n    color: #ffffff;\n    font-size: 17px;\n}\n\n.indented {\n    margin-left: 26px;\n}\n\n.pricing-content ul {\n    list-style: disc;\n}\n.pricing-content li {\n    text-align: left;\n    margin-bottom: 13px;\n}\n#pricing-section-main .pricing-content p {\n    font-size: 12px;\n}\n@media and (max-width: 768px){\ndiv#pricing-section-main {\n    padding: 20px;\n}\n}\ndiv#pricing-section-main {\n   margin-bottom: 20px;\n}\n\t.pricing-content h3 {\n    text-align: left!important;\n}\n\/* \t17-02-25 *\/\n\t.btn-grpp {\n    display: flex;\n}\na.btn-22 {\n    margin-left: 12px;\n}\n.pricing-image {\n    max-width: fit-content;\n}\n\t.btn-grpp button {\n    color: #020c1a;\n    border-radius: 3px;\n}\n<\/style>\n    \n","protected":false},"excerpt":{"rendered":"<ul>\n<li>Spanskkurs f\u00f6r alla niv\u00e5er (nyb\u00f6rjare till avancerad)<\/li>\n<li>Tillg\u00e4nglig fr\u00e5n april till november<\/li>\n<li>F\u00f6r startdatum under andra m\u00e5nader, v\u00e4nligen kontrollera <a href=\"http:\/\/maxxinstitutes.com\/product\/private-spanish-lessons-in-madrid\/\"><strong>Privatlektioner<\/strong><\/a><\/li>\n<li>V\u00e4lj mellan 1 eller 2 veckor (f\u00f6r fler veckor, v\u00e4nligen kontakta oss)<\/li>\n<\/ul>\n","protected":false},"featured_media":23361,"comment_status":"closed","ping_status":"closed","template":"","meta":[],"product_brand":[],"product_cat":[283],"product_tag":[],"class_list":{"0":"post-17013","1":"product","2":"type-product","3":"status-publish","4":"has-post-thumbnail","6":"product_cat-madrid-sv","8":"first","9":"instock","10":"shipping-taxable","11":"purchasable","12":"product-type-variable"},"_links":{"self":[{"href":"https:\/\/maxxinstitutes.com\/sv\/wp-json\/wp\/v2\/product\/17013","targetHints":{"allow":["GET"]}}],"collection":[{"href":"https:\/\/maxxinstitutes.com\/sv\/wp-json\/wp\/v2\/product"}],"about":[{"href":"https:\/\/maxxinstitutes.com\/sv\/wp-json\/wp\/v2\/types\/product"}],"replies":[{"embeddable":true,"href":"https:\/\/maxxinstitutes.com\/sv\/wp-json\/wp\/v2\/comments?post=17013"}],"wp:featuredmedia":[{"embeddable":true,"href":"https:\/\/maxxinstitutes.com\/sv\/wp-json\/wp\/v2\/media\/23361"}],"wp:attachment":[{"href":"https:\/\/maxxinstitutes.com\/sv\/wp-json\/wp\/v2\/media?parent=17013"}],"wp:term":[{"taxonomy":"product_brand","embeddable":true,"href":"https:\/\/maxxinstitutes.com\/sv\/wp-json\/wp\/v2\/product_brand?post=17013"},{"taxonomy":"product_cat","embeddable":true,"href":"https:\/\/maxxinstitutes.com\/sv\/wp-json\/wp\/v2\/product_cat?post=17013"},{"taxonomy":"product_tag","embeddable":true,"href":"https:\/\/maxxinstitutes.com\/sv\/wp-json\/wp\/v2\/product_tag?post=17013"}],"curies":[{"name":"wp","href":"https:\/\/api.w.org\/{rel}","templated":true}]}}