{"id":16704,"date":"2024-12-10T21:37:56","date_gmt":"2024-12-10T21:37:56","guid":{"rendered":"http:\/\/maxxinstitutes.com\/?post_type=product&#038;p=16704"},"modified":"2026-02-27T19:00:20","modified_gmt":"2026-02-27T19:00:20","slug":"privatlektioner-i-spanska-pa-ibiza","status":"publish","type":"product","link":"https:\/\/maxxinstitutes.com\/sv\/produkt\/privatlektioner-i-spanska-pa-ibiza\/","title":{"rendered":"Privatlektioner i spanska p\u00e5 Ibiza"},"content":{"rendered":"<h2>Privatlektioner i spanska &#8211; Ibiza<\/h2>\n<h3><strong>Varf\u00f6r Ibiza?<\/strong><\/h3>\n<p>Ibiza erbjuder mer \u00e4n bara str\u00e4nder och nattliv &#8211; det \u00e4r en lugn och inspirerande medelhavsmilj\u00f6 f\u00f6r att fokusera p\u00e5 din spanska inl\u00e4rning. Med sin avslappnade livsstil, internationella k\u00e4nsla och vackra omgivningar \u00e4r \u00f6n en perfekt plats f\u00f6r att njuta av personlig inl\u00e4rning i din egen takt. Kombinera spr\u00e5kinl\u00e4rning med solsken, natur och kultur. M\u00e5ndag till fredag.   <\/p>\n<h3><strong data-start=\"543\" data-end=\"562\">Detaljer om kursen:<\/strong><\/h3>\n<ul>\n<li><strong data-start=\"565\" data-end=\"586\">Lektioner per vecka:<\/strong> Flexibelt &#8211; du v\u00e4ljer sj\u00e4lv hur m\u00e5nga<\/li>\n<li><strong data-start=\"620\" data-end=\"639\">Kursens inneh\u00e5ll:<\/strong> Helt personliga spansklektioner anpassade till din niv\u00e5 och dina m\u00e5l<\/li>\n<li><strong data-start=\"709\" data-end=\"728\">Niv\u00e5er som erbjuds:<\/strong> A1 till C2<\/li>\n<li><strong data-start=\"740\" data-end=\"753\">L\u00e4rare:<\/strong> H\u00f6gkvalificerade modersm\u00e5lsl\u00e4rare med universitetsexamen<\/li>\n<li><strong data-start=\"813\" data-end=\"830\">Klassformat:<\/strong><br data-start=\"830\" data-end=\"833\">&#8211; En-till-en-lektioner (eller tv\u00e5 studenter f\u00f6r samma pris)<br data-start=\"890\" data-end=\"893\">&#8211; Liten privat grupp m\u00f6jlig (3-4 studenter)<\/li>\n<li><strong data-start=\"941\" data-end=\"954\">Schema:<\/strong> Flexibelt &#8211; m\u00e5ndag till fredag, mellan 08:00 och 20:00<\/li>\n<li><strong data-start=\"1010\" data-end=\"1026\">Studentens \u00e5lder:<\/strong> Minst 16 \u00e5r<\/li>\n<li><strong data-start=\"1046\" data-end=\"1070\">Kursens tillg\u00e4nglighet:<\/strong> \u00c5ret runt<\/li>\n<li><strong data-start=\"1084\" data-end=\"1097\">Varaktighet:<\/strong> Fr\u00e5n en enstaka lektion upp till flera veckor<\/li>\n<li><strong data-start=\"1143\" data-end=\"1161\">Lektionens l\u00e4ngd:<\/strong> 50 minuter per lektion<\/li>\n<li><strong data-start=\"1186\" data-end=\"1202\">Startdatum:<\/strong> Varje dag, \u00e5ret runt<\/li>\n<li><strong data-start=\"1229\" data-end=\"1248\">Plats f\u00f6r lektionerna:<\/strong> P\u00e5 skolan, online, hemma eller utomhus (priserna kan variera utanf\u00f6r skolan)<\/li>\n<\/ul>\n<h3 data-start=\"1564\" data-end=\"1604\">P\u00e5 skolan eller p\u00e5 hotellet &#8211; Klassens plats<\/h3>\n<p data-start=\"1606\" data-end=\"1629\">Lektioner kan \u00e4ga rum:<\/p>\n<p data-start=\"1631\" data-end=\"1785\">&#8211; P\u00e5 v\u00e5r skola i Ibiza stad<br data-start=\"1660\" data-end=\"1663\">&#8211; Online<br data-start=\"1671\" data-end=\"1674\">&#8211; Hemma hos dig eller i din l\u00e4genhet<br data-start=\"1701\" data-end=\"1704\">&#8211; P\u00e5 ditt hotell eller i din privata villa<br data-start=\"1736\" data-end=\"1739\">&#8211; Utomhus (terrass, tr\u00e4dg\u00e5rd, lugnt strandomr\u00e5de)<\/p>\n<p data-start=\"1787\" data-end=\"2026\">V\u00e5ra l\u00e4rare kan komma direkt till ditt boende, s\u00e5 att du kan kombinera komfort, avskildhet och f\u00f6rstklassig spr\u00e5kinl\u00e4rning. Det h\u00e4r alternativet \u00e4r perfekt f\u00f6r familjer, chefer, digitala nomader eller studenter som f\u00f6redrar en mer exklusiv upplevelse. <\/p>\n<p data-start=\"2028\" data-end=\"2098\"><em data-start=\"2028\" data-end=\"2098\">Observera: ytterligare resekostnader kan tillkomma beroende p\u00e5 plats.<\/em><\/p>\n<h3><strong data-start=\"1337\" data-end=\"1357\">Vad ing\u00e5r?<\/strong><\/h3>\n<ul>\n<li>Personlig inl\u00e4rningsplan<\/li>\n<li>Privatl\u00e4rare med fullt fokus p\u00e5 dina framsteg<\/li>\n<li>Samma pris f\u00f6r 1 eller 2 studenter (du tar med den andra personen)<\/li>\n<li>M\u00f6jlighet att bilda en liten privat grupp (3-4 personer)<\/li>\n<li>Kursintyg (p\u00e5 beg\u00e4ran)<\/li>\n<li>Placeringstest (p\u00e5 beg\u00e4ran)<\/li>\n<li>Valfritt till\u00e4gg: Kombinera med grupplektioner eller f\u00f6rberedelse inf\u00f6r examen<\/li>\n<\/ul>\n<h3><strong data-start=\"1703\" data-end=\"1743\">Varf\u00f6r v\u00e4lja privata lektioner i Ibiza?<\/strong><\/h3>\n<ul>\n<li>H\u00f6gsta m\u00f6jliga flexibilitet: Du best\u00e4mmer tempo, schema och inneh\u00e5ll<\/li>\n<li>Mer v\u00e4rde: Dela klass (och kostnad) med en v\u00e4n eller klasskamrat<\/li>\n<li>Idealisk f\u00f6r specifika m\u00e5l, snabba f\u00f6rb\u00e4ttringar eller fullst\u00e4ndig anpassning<\/li>\n<li>L\u00e4r dig spanska i en unik \u00f6-milj\u00f6 som inspirerar till fokus och avkoppling<\/li>\n<\/ul>\n<p data-start=\"3036\" data-end=\"3310\">   <div class=\"pricing-section\" id=\"pricing-section-main\">\n        <div class=\"pricing-content\">\n                            <h2>Priser<\/h2>\n<ul>\n<h3>Priset \u00e4r detsamma f\u00f6r 1 elev eller 2 elever tillsammans med 1 l\u00e4rare<\/h3>\n<div class=\"indented\">\n<li><strong>Paket med 20 lektioner:<\/strong> 29\u20ac per lektion<\/li>\n<\/div>\n<div class=\"indented\">\n<li><strong>Paket med 15 lektioner:<\/strong> 33\u20ac per lektion<\/li>\n<\/div>\n<div class=\"indented\">\n<li><strong>Paket med 10 lektioner:<\/strong> 31\u20ac per lektion<\/li>\n<\/div>\n<div class=\"indented\">\n<li><strong>Paket med 5 lektioner:<\/strong> 33\u20ac per lektion<\/li>\n<\/div>\n<div class=\"indented\">\n<li><strong>1 lektion:<\/strong> 34\u20ac<\/li>\n<\/div>\n<\/ul>\n<p>Om dessa paket inte riktigt passar dina behov eller om du vill ha mer information innan du best\u00e4mmer dig, tveka inte att:<\/p>\n<div class=\"btn-grpp\">\n  <a class=\"btn-11\" href=\"\/sv\/kontakt\/\"><br \/>\n    <button>Kontakta oss<\/button><br \/>\n  <\/a><br \/>\n  <a class=\"btn-22\" href=\"\/sv\/kostnadskalkylator\/\"><br \/>\n    <button>Beg\u00e4r offert<\/button><br \/>\n  <\/a>\n<\/div>\n                   <\/div>\n       <div class=\"pricing-image\">\n                            <img fetchpriority=\"high\" decoding=\"async\" src=\"https:\/\/maxxinstitutes.com\/wp-content\/uploads\/2024\/12\/Black-White-Modern-Handwritten-Square-Studio-Logo.jpg\" alt=\"Custom Product Image\" width=\"400\" height=\"400\" title=\"\">\n                 <\/div>\n\t   \n  <\/div>\n<style>\nbody {\nfont-family: Arial, sans-serif;\nmargin: 0;\npadding: 0;\nbackground-color: #f4f4f4;\n}\n\n.pricing-section {\n    display: flex;\n    align-items: center;\n    justify-content: center;\n    padding: 30px;\n    background: linear-gradient(135deg, #1c1e64, #5b6db8);\n    color: white;\n}\n\n.pricing-content {\nflex: 1;\npadding: 20px;\nmax-width: 50%;\n}\n\n.pricing-content h2 {\nfont-size: 36px;\nmargin-bottom: 20px;\n}\n\n.pricing-content ul {\nlist-style: none;\npadding: 0;\n}\n\n.pricing-content li {\nfont-size: 14px;\nmargin-bottom: 10px;\n}\n\n.pricing-content a {\ncolor: #96c8ff;\ntext-decoration: none;\n}\n\n.pricing-content a:hover {\ntext-decoration: underline;\n}\n\n.pricing-image {\nflex: 1;\nmax-width: 50%;\ndisplay: flex;\njustify-content: center;\nalign-items: center;\npadding: 20px;\n}\n\n.pricing-image img {\nmax-width: 100%;\nborder-radius: 10px;\n}\n\n\/* Responsive Design *\/\n@media (max-width: 768px) {\n.pricing-section {\nflex-direction: column;\ntext-align: center;\t\n}\n.pricing-content {\n    justify-items: center;\n}\n.pricing-content, .pricing-image {\nmax-width: 100%;\n}\n}\n#pricing-section-main .pricing-content h2 {\n    color: #ffffff;\n    font-size: 27px;\n}\n\n#pricing-section-main .pricing-content h3 {\n    color: #ffffff;\n    font-size: 17px;\n}\n\n.indented {\n    margin-left: 26px;\n}\n\n.pricing-content ul {\n    list-style: disc;\n}\n.pricing-content li {\n    text-align: left;\n    margin-bottom: 13px;\n}\n#pricing-section-main .pricing-content p {\n    font-size: 12px;\n}\n@media and (max-width: 768px){\ndiv#pricing-section-main {\n    padding: 20px;\n}\n}\ndiv#pricing-section-main {\n   margin-bottom: 20px;\n}\n\t.pricing-content h3 {\n    text-align: left!important;\n}\n\/* \t17-02-25 *\/\n\t.btn-grpp {\n    display: flex;\n}\na.btn-22 {\n    margin-left: 12px;\n}\n.pricing-image {\n    max-width: fit-content;\n}\n\t.btn-grpp button {\n    color: #020c1a;\n    border-radius: 3px;\n}\n<\/style>\n    <\/p>\n","protected":false},"excerpt":{"rendered":"<ul>\n<li>Tillg\u00e4nglig \u00e5ret runt<\/li>\n<li>Samma pris f\u00f6r 1 elev eller 2 elever (en l\u00e4rare)<\/li>\n<li>Paket tillg\u00e4ngliga f\u00f6r 5, 10, 15 och 20 lektioner<\/li>\n<\/ul>\n<p>&nbsp;<\/p>\n","protected":false},"featured_media":23291,"comment_status":"closed","ping_status":"closed","template":"","meta":[],"product_brand":[],"product_cat":[435,230],"product_tag":[],"class_list":{"0":"post-16704","1":"product","2":"type-product","3":"status-publish","4":"has-post-thumbnail","6":"product_cat-kraftkurser-ibiza","7":"product_cat-spanska-kurser-i-ibiza","9":"first","10":"instock","11":"shipping-taxable","12":"purchasable","13":"product-type-variable"},"_links":{"self":[{"href":"https:\/\/maxxinstitutes.com\/sv\/wp-json\/wp\/v2\/product\/16704","targetHints":{"allow":["GET"]}}],"collection":[{"href":"https:\/\/maxxinstitutes.com\/sv\/wp-json\/wp\/v2\/product"}],"about":[{"href":"https:\/\/maxxinstitutes.com\/sv\/wp-json\/wp\/v2\/types\/product"}],"replies":[{"embeddable":true,"href":"https:\/\/maxxinstitutes.com\/sv\/wp-json\/wp\/v2\/comments?post=16704"}],"wp:featuredmedia":[{"embeddable":true,"href":"https:\/\/maxxinstitutes.com\/sv\/wp-json\/wp\/v2\/media\/23291"}],"wp:attachment":[{"href":"https:\/\/maxxinstitutes.com\/sv\/wp-json\/wp\/v2\/media?parent=16704"}],"wp:term":[{"taxonomy":"product_brand","embeddable":true,"href":"https:\/\/maxxinstitutes.com\/sv\/wp-json\/wp\/v2\/product_brand?post=16704"},{"taxonomy":"product_cat","embeddable":true,"href":"https:\/\/maxxinstitutes.com\/sv\/wp-json\/wp\/v2\/product_cat?post=16704"},{"taxonomy":"product_tag","embeddable":true,"href":"https:\/\/maxxinstitutes.com\/sv\/wp-json\/wp\/v2\/product_tag?post=16704"}],"curies":[{"name":"wp","href":"https:\/\/api.w.org\/{rel}","templated":true}]}}