{"id":16625,"date":"2024-12-10T21:24:14","date_gmt":"2024-12-10T21:24:14","guid":{"rendered":"http:\/\/maxxinstitutes.com\/?post_type=product&#038;p=16625"},"modified":"2026-04-16T02:01:01","modified_gmt":"2026-04-16T02:01:01","slug":"20-grupplektioner-per-vecka-paella-matlagningskurs-i-ibiza","status":"publish","type":"product","link":"https:\/\/maxxinstitutes.com\/sv\/produkt\/20-grupplektioner-per-vecka-paella-matlagningskurs-i-ibiza\/","title":{"rendered":"20 grupplektioner per vecka + Paella matlagningskurs i Ibiza"},"content":{"rendered":"<h3>Intensivkurs i spanska + matlagningskurs i paella<\/h3>\n<p>F\u00f6rdjupa dig i en of\u00f6rgl\u00f6mlig upplevelse p\u00e5 vad som utan tvekan \u00e4r Spaniens mest fascinerande \u00f6 &#8211; Ibiza. Oavsett om du \u00e4r nyb\u00f6rjare eller avancerad spanjor kan du delta i v\u00e5ra popul\u00e4ra spanskakurser. Som en speciell h\u00f6jdpunkt erbjuder vi dig ocks\u00e5 m\u00f6jligheten att f\u00f6rb\u00e4ttra dina spanska f\u00e4rdigheter i kombination med v\u00e5r unika halvdagskurs i paellamatlagning i tr\u00e4dg\u00e5rden p\u00e5 stranden i Ibiza stad. Njut av denna unika upplevelse mitt i det hisnande landskapet p\u00e5 denna magiska \u00f6.   <\/p>\n<h4>Hur fungerar programmet?<\/h4>\n<p>Detta program kombinerar en eller tv\u00e5 veckors intensiva spansklektioner med en halvdags paella-matlagningsupplevelse.<\/p>\n<p><strong data-start=\"1406\" data-end=\"1420\">Viktigt:<\/strong><\/p>\n<ul>\n<li>Kursen i spanska b\u00f6rjar alltid p\u00e5 en m\u00e5ndag<\/li>\n<li>Paella-matlagningskursen \u00e4ger rum under samma vecka, vanligtvis p\u00e5 onsdag eftermiddag<\/li>\n<\/ul>\n<h4>Spanskakurs &#8211; Startdatum 2026 (m\u00e5ndag)<\/h4>\n<ul>\n<li><strong>4 maj<\/strong><\/li>\n<li><strong>3 juni<\/strong><\/li>\n<li><strong>6 juli<\/strong><\/li>\n<li><strong>3 augusti<\/strong><\/li>\n<li><strong>7 september<\/strong><\/li>\n<li><strong>5 oktober<\/strong><\/li>\n<\/ul>\n<h4><strong>Var d\u00e5?<\/strong><\/h4>\n<p>Vid Instituto de Idiomas Ibiza (Ibizas spr\u00e5kinstitut), Ibiza stad, \u00f6n Ibiza, Balearerna, Spanien.<\/p>\n<h4><strong>Vem?<\/strong><\/h4>\n<p>V\u00e5rt program v\u00e4nder sig till vuxna deltagare i alla \u00e5ldrar. Majoriteten av v\u00e5ra deltagare \u00e4r mellan 25 och 50 \u00e5r gamla, men ibland har vi yngre deltagare och n\u00e4stan alltid n\u00e5gra deltagare som \u00e4r \u00f6ver 50 \u00e5r gamla. Medel\u00e5ldern p\u00e5 v\u00e5r skola \u00e4r oftast \u00f6ver 30 \u00e5r, men under sommarm\u00e5naderna v\u00e4lkomnar vi \u00e4ven elever mellan 18 och 30 \u00e5r.  <\/p>\n<h4><strong>Vad ing\u00e5r?<\/strong><\/h4>\n<p>Programmet best\u00e5r av tre delar, men boendet \u00e4r valfritt och alla kan boka sitt eget boende oberoende av skolan.<\/p>\n<ol>\n<li>V\u00e5r intensiva spanska kurs \u00f6ver 20 lektioner \/ vecka<\/li>\n<li>Halvdagskurs i paellamatlagning i en privat tr\u00e4dg\u00e5rd<\/li>\n<li>Val av boende i en delad l\u00e4genhet p\u00e5 skolan, hos en v\u00e4rdfamilj, p\u00e5 ett hotell eller oberoende av skolan<\/li>\n<\/ol>\n<h2>Intensivkurs i spanska<\/h2>\n<ul>\n<li><strong>Lektioner per vecka:<\/strong> 20 eller 30 grupplektioner om 50 minuter vardera (4 grupplektioner per dag)<\/li>\n<li><strong>Tidtabell:<\/strong> M\u00e5ndag till fredag, p\u00e5 f\u00f6rmiddagarna<\/li>\n<li><strong>Kursens l\u00e4ngd:<\/strong> Du kan v\u00e4lja mellan 1 eller 2 veckor. Om du vill studera spanska under en l\u00e4ngre tid kan du v\u00e4lja en gruppkurs med 20 lektioner per vecka. Du kan boka kursen s\u00e5 l\u00e4nge den passar dina behov.  <\/li>\n<li><strong>Inneh\u00e5ll:<\/strong> Allm\u00e4n spanska p\u00e5 din niv\u00e5<\/li>\n<li><strong>L\u00e4rare:<\/strong> Minst 2 l\u00e4rare per vecka f\u00f6r mer skoj, olika accenter och en b\u00e4ttre inl\u00e4rningsupplevelse<\/li>\n<li><strong>Fritidsaktiviteter:<\/strong> 3 aktiviteter per vecka fr\u00e5n v\u00e5rt fritidsprogram Vive en Espa\u00f1ol<\/li>\n<li><strong>Gruppstorlek:<\/strong> Genomsnittligt 6, maximalt 12 studenter<\/li>\n<li><strong>Niv\u00e5er:<\/strong> Alla niv\u00e5er. Nyb\u00f6rjare och avancerade. Efter v\u00e5rt placeringstest delas alla elever in i grupper beroende p\u00e5 niv\u00e5.  <\/li>\n<\/ul>\n<h2>Matlagningskurs f\u00f6r paella<\/h2>\n<p>Skulle du vilja inspireras hemma med paella som &#8221;Montse&#8221;? Eller \u00e4r du bara nyfiken p\u00e5 att ta reda p\u00e5 vad som ligger bakom spanjorernas favoritr\u00e4tt? Eller vill du bara ha trevligt med klasskamrater i din egen \u00e5lder?  <\/p>\n<p>V\u00e5r paella matlagningskurs erbjuder dig den unika m\u00f6jligheten att l\u00e4ra dig det traditionella s\u00e4ttet att g\u00f6ra paella medan du tillbringar en fantastisk dag under Ibizas sol.<\/p>\n<p>Kursen inleds med att vi diskuterar, f\u00f6rklarar, luktar, k\u00e4nner och smakar p\u00e5 ingredienserna. Sedan \u00e4r det dags att s\u00e4tta ig\u00e5ng med paellapannan och tillaga en riktig paella. Om det finns tillr\u00e4ckligt m\u00e5nga deltagare kommer vi att f\u00f6rbereda tv\u00e5 pannor.  <\/p>\n<ul>\n<li><strong>Kursens l\u00e4ngd:<\/strong> 1\/2 dag, p\u00e5 eftermiddagen, ca kl. 16.00-19.30 (med reservation f\u00f6r \u00e4ndringar) <\/li>\n<li><strong>Undervisningsspr\u00e5k:<\/strong> spanska<\/li>\n<li><strong>Inneh\u00e5ll:<\/strong> F\u00f6rberedelse och \u00e4tande av paella<\/li>\n<li><strong>Ingredienserna:<\/strong> Kvantiteter, ursprung, mognad, kryddor.<\/li>\n<li><strong>F\u00f6rberedelser:<\/strong> sekvenser, temperatur, tider, tips och tricks<\/li>\n<li><strong>M\u00e5ltiden<\/strong>: servera, dela och v\u00e4lja dryck<\/li>\n<li><strong>Typ av paella:<\/strong> Med fisk och skaldjur samt vegetarisk<\/li>\n<li><strong>Tidigare erfarenhet av matlagning:<\/strong> F\u00f6r nyb\u00f6rjare och avancerade kockar. L\u00e4rarna kommer att involvera dig beroende p\u00e5 din niv\u00e5. <\/li>\n<li><strong>L\u00e4rare:<\/strong> Lokala paellav\u00e4nner och kockar<\/li>\n<li><strong>Plats f\u00f6r kursen:<\/strong> Privat tr\u00e4dg\u00e5rd, i Ibiza stad, Figueretas strandomr\u00e5de<\/li>\n<li><strong>Gruppstorlek<\/strong>: 8 &#8211; 20 deltagare<\/li>\n<li><strong>Transport till kurslokal:<\/strong> till fots<\/li>\n<\/ul>\n<h4><strong>Paella matlagningskurs &#8211; Datum 2026<\/strong><\/h4>\n<ul>\n<li><strong>6 maj<\/strong> (onsdag)<\/li>\n<li><strong>6 juni<\/strong> (onsdag)<\/li>\n<li><strong>8 juli<\/strong> (onsdag)<\/li>\n<li><strong>4 augusti<\/strong> (tisdag)<\/li>\n<li><strong>9 september<\/strong> (onsdag)<\/li>\n<li><strong>7 oktober<\/strong> (onsdag)<\/li>\n<\/ul>\n<p>Matlagningskursen \u00e4ger vanligtvis rum den f\u00f6rsta onsdagen i m\u00e5naden. Din spanskakurs b\u00f6rjar dock f\u00f6reg\u00e5ende m\u00e5ndag enligt beskrivningen ovan. <\/p>\n<p data-start=\"3036\" data-end=\"3310\">   <div class=\"pricing-section\" id=\"pricing-section-main\">\n        <div class=\"pricing-content\">\n                            <h2>Priser<\/h2>\n<ul>\n<h3>20 grupplektioner\/vecka<\/h3>\n<div class=\"indented\">\n<li><strong>1 vecka:<\/strong> 279\u20ac<\/li>\n<\/div>\n<\/ul>\n<p>Om dessa paket inte riktigt passar dina behov eller om du vill ha mer information innan du best\u00e4mmer dig, tveka inte att:<\/p>\n<div class=\"btn-grpp\">\n  <a class=\"btn-11\" href=\"\/sv\/kontakt\/\"><br \/>\n    <button>Kontakta oss<\/button><br \/>\n  <\/a><br \/>\n  <a class=\"btn-22\" href=\"\/sv\/kostnadskalkylator\/\"><br \/>\n    <button>Beg\u00e4r offert<\/button><br \/>\n  <\/a>\n<\/div>\n                   <\/div>\n       <div class=\"pricing-image\">\n                            <img fetchpriority=\"high\" decoding=\"async\" src=\"https:\/\/maxxinstitutes.com\/wp-content\/uploads\/2024\/12\/8.jpg\" alt=\"Custom Product Image\" width=\"400\" height=\"400\" title=\"\">\n                 <\/div>\n\t   \n  <\/div>\n<style>\nbody {\nfont-family: Arial, sans-serif;\nmargin: 0;\npadding: 0;\nbackground-color: #f4f4f4;\n}\n\n.pricing-section {\n    display: flex;\n    align-items: center;\n    justify-content: center;\n    padding: 30px;\n    background: linear-gradient(135deg, #1c1e64, #5b6db8);\n    color: white;\n}\n\n.pricing-content {\nflex: 1;\npadding: 20px;\nmax-width: 50%;\n}\n\n.pricing-content h2 {\nfont-size: 36px;\nmargin-bottom: 20px;\n}\n\n.pricing-content ul {\nlist-style: none;\npadding: 0;\n}\n\n.pricing-content li {\nfont-size: 14px;\nmargin-bottom: 10px;\n}\n\n.pricing-content a {\ncolor: #96c8ff;\ntext-decoration: none;\n}\n\n.pricing-content a:hover {\ntext-decoration: underline;\n}\n\n.pricing-image {\nflex: 1;\nmax-width: 50%;\ndisplay: flex;\njustify-content: center;\nalign-items: center;\npadding: 20px;\n}\n\n.pricing-image img {\nmax-width: 100%;\nborder-radius: 10px;\n}\n\n\/* Responsive Design *\/\n@media (max-width: 768px) {\n.pricing-section {\nflex-direction: column;\ntext-align: center;\t\n}\n.pricing-content {\n    justify-items: center;\n}\n.pricing-content, .pricing-image {\nmax-width: 100%;\n}\n}\n#pricing-section-main .pricing-content h2 {\n    color: #ffffff;\n    font-size: 27px;\n}\n\n#pricing-section-main .pricing-content h3 {\n    color: #ffffff;\n    font-size: 17px;\n}\n\n.indented {\n    margin-left: 26px;\n}\n\n.pricing-content ul {\n    list-style: disc;\n}\n.pricing-content li {\n    text-align: left;\n    margin-bottom: 13px;\n}\n#pricing-section-main .pricing-content p {\n    font-size: 12px;\n}\n@media and (max-width: 768px){\ndiv#pricing-section-main {\n    padding: 20px;\n}\n}\ndiv#pricing-section-main {\n   margin-bottom: 20px;\n}\n\t.pricing-content h3 {\n    text-align: left!important;\n}\n\/* \t17-02-25 *\/\n\t.btn-grpp {\n    display: flex;\n}\na.btn-22 {\n    margin-left: 12px;\n}\n.pricing-image {\n    max-width: fit-content;\n}\n\t.btn-grpp button {\n    color: #020c1a;\n    border-radius: 3px;\n}\n<\/style>\n    <\/p>\n<p><iframe src=\"https:\/\/www.youtube.com\/embed\/NPfjLaH4C2c?start=16\" width=\"560\" height=\"560\" frameborder=\"0\" allowfullscreen=\"allowfullscreen\"><\/iframe><\/p>\n<p>&nbsp;<\/p>\n\n\t\t<style type=\"text\/css\">\n\t\t\t#gallery-1 {\n\t\t\t\tmargin: auto;\n\t\t\t}\n\t\t\t#gallery-1 .gallery-item {\n\t\t\t\tfloat: left;\n\t\t\t\tmargin-top: 10px;\n\t\t\t\ttext-align: center;\n\t\t\t\twidth: 25%;\n\t\t\t}\n\t\t\t#gallery-1 img {\n\t\t\t\tborder: 2px solid #cfcfcf;\n\t\t\t}\n\t\t\t#gallery-1 .gallery-caption {\n\t\t\t\tmargin-left: 0;\n\t\t\t}\n\t\t\t\/* see gallery_shortcode() in wp-includes\/media.php *\/\n\t\t<\/style>\n\t\t<div id='gallery-1' class='gallery galleryid-16625 gallery-columns-4 gallery-size-full'><dl class='gallery-item'>\n\t\t\t<dt class='gallery-icon landscape'>\n\t\t\t\t<img decoding=\"async\" width=\"500\" height=\"500\" src=\"https:\/\/maxxinstitutes.com\/wp-content\/uploads\/2024\/12\/8-2.png\" class=\"attachment-full size-full\" alt=\"\" srcset=\"https:\/\/maxxinstitutes.com\/wp-content\/uploads\/2024\/12\/8-2.png 500w, https:\/\/maxxinstitutes.com\/wp-content\/uploads\/2024\/12\/8-2-300x300.png 300w, https:\/\/maxxinstitutes.com\/wp-content\/uploads\/2024\/12\/8-2-150x150.png 150w\" sizes=\"(max-width: 500px) 100vw, 500px\" title=\"\">\n\t\t\t<\/dt><\/dl><dl class='gallery-item'>\n\t\t\t<dt class='gallery-icon landscape'>\n\t\t\t\t<img decoding=\"async\" width=\"500\" height=\"500\" src=\"https:\/\/maxxinstitutes.com\/wp-content\/uploads\/2024\/12\/7-4.png\" class=\"attachment-full size-full\" alt=\"\" srcset=\"https:\/\/maxxinstitutes.com\/wp-content\/uploads\/2024\/12\/7-4.png 500w, https:\/\/maxxinstitutes.com\/wp-content\/uploads\/2024\/12\/7-4-300x300.png 300w, https:\/\/maxxinstitutes.com\/wp-content\/uploads\/2024\/12\/7-4-150x150.png 150w\" sizes=\"(max-width: 500px) 100vw, 500px\" title=\"\">\n\t\t\t<\/dt><\/dl><dl class='gallery-item'>\n\t\t\t<dt class='gallery-icon landscape'>\n\t\t\t\t<img loading=\"lazy\" decoding=\"async\" width=\"500\" height=\"500\" src=\"https:\/\/maxxinstitutes.com\/wp-content\/uploads\/2024\/12\/6-4.png\" class=\"attachment-full size-full\" alt=\"\" srcset=\"https:\/\/maxxinstitutes.com\/wp-content\/uploads\/2024\/12\/6-4.png 500w, https:\/\/maxxinstitutes.com\/wp-content\/uploads\/2024\/12\/6-4-300x300.png 300w, https:\/\/maxxinstitutes.com\/wp-content\/uploads\/2024\/12\/6-4-150x150.png 150w\" sizes=\"(max-width: 500px) 100vw, 500px\" title=\"\">\n\t\t\t<\/dt><\/dl><dl class='gallery-item'>\n\t\t\t<dt class='gallery-icon landscape'>\n\t\t\t\t<img loading=\"lazy\" decoding=\"async\" width=\"500\" height=\"500\" src=\"https:\/\/maxxinstitutes.com\/wp-content\/uploads\/2024\/12\/5-2.png\" class=\"attachment-full size-full\" alt=\"\" srcset=\"https:\/\/maxxinstitutes.com\/wp-content\/uploads\/2024\/12\/5-2.png 500w, https:\/\/maxxinstitutes.com\/wp-content\/uploads\/2024\/12\/5-2-300x300.png 300w, https:\/\/maxxinstitutes.com\/wp-content\/uploads\/2024\/12\/5-2-150x150.png 150w\" sizes=\"(max-width: 500px) 100vw, 500px\" title=\"\">\n\t\t\t<\/dt><\/dl><br style=\"clear: both\" \/><dl class='gallery-item'>\n\t\t\t<dt class='gallery-icon landscape'>\n\t\t\t\t<img loading=\"lazy\" decoding=\"async\" width=\"500\" height=\"500\" src=\"https:\/\/maxxinstitutes.com\/wp-content\/uploads\/2024\/12\/4-3.png\" class=\"attachment-full size-full\" alt=\"\" srcset=\"https:\/\/maxxinstitutes.com\/wp-content\/uploads\/2024\/12\/4-3.png 500w, https:\/\/maxxinstitutes.com\/wp-content\/uploads\/2024\/12\/4-3-300x300.png 300w, https:\/\/maxxinstitutes.com\/wp-content\/uploads\/2024\/12\/4-3-150x150.png 150w\" sizes=\"(max-width: 500px) 100vw, 500px\" title=\"\">\n\t\t\t<\/dt><\/dl><dl class='gallery-item'>\n\t\t\t<dt class='gallery-icon landscape'>\n\t\t\t\t<img loading=\"lazy\" decoding=\"async\" width=\"500\" height=\"500\" src=\"https:\/\/maxxinstitutes.com\/wp-content\/uploads\/2024\/12\/3-3.png\" class=\"attachment-full size-full\" alt=\"\" srcset=\"https:\/\/maxxinstitutes.com\/wp-content\/uploads\/2024\/12\/3-3.png 500w, https:\/\/maxxinstitutes.com\/wp-content\/uploads\/2024\/12\/3-3-300x300.png 300w, https:\/\/maxxinstitutes.com\/wp-content\/uploads\/2024\/12\/3-3-150x150.png 150w\" sizes=\"(max-width: 500px) 100vw, 500px\" title=\"\">\n\t\t\t<\/dt><\/dl><dl class='gallery-item'>\n\t\t\t<dt class='gallery-icon landscape'>\n\t\t\t\t<img loading=\"lazy\" decoding=\"async\" width=\"500\" height=\"500\" src=\"https:\/\/maxxinstitutes.com\/wp-content\/uploads\/2024\/12\/2-3.png\" class=\"attachment-full size-full\" alt=\"\" srcset=\"https:\/\/maxxinstitutes.com\/wp-content\/uploads\/2024\/12\/2-3.png 500w, https:\/\/maxxinstitutes.com\/wp-content\/uploads\/2024\/12\/2-3-300x300.png 300w, https:\/\/maxxinstitutes.com\/wp-content\/uploads\/2024\/12\/2-3-150x150.png 150w\" sizes=\"(max-width: 500px) 100vw, 500px\" title=\"\">\n\t\t\t<\/dt><\/dl><dl class='gallery-item'>\n\t\t\t<dt class='gallery-icon landscape'>\n\t\t\t\t<img loading=\"lazy\" decoding=\"async\" width=\"500\" height=\"500\" src=\"https:\/\/maxxinstitutes.com\/wp-content\/uploads\/2024\/12\/1-3.png\" class=\"attachment-full size-full\" alt=\"\" srcset=\"https:\/\/maxxinstitutes.com\/wp-content\/uploads\/2024\/12\/1-3.png 500w, https:\/\/maxxinstitutes.com\/wp-content\/uploads\/2024\/12\/1-3-300x300.png 300w, https:\/\/maxxinstitutes.com\/wp-content\/uploads\/2024\/12\/1-3-150x150.png 150w\" sizes=\"(max-width: 500px) 100vw, 500px\" title=\"\">\n\t\t\t<\/dt><\/dl><br style=\"clear: both\" \/>\n\t\t<\/div>\n\n","protected":false},"excerpt":{"rendered":"<ul>\n<li>5 privatlektioner i f\u00f6rberedelser inf\u00f6r D.E.L.E.-examen<\/li>\n<li>3 upplevelser &#8221;Vive Ibiza en Espa\u00f1ol&#8221;<\/li>\n<\/ul>\n","protected":false},"featured_media":22963,"comment_status":"closed","ping_status":"closed","template":"","meta":[],"product_brand":[],"product_cat":[429,230],"product_tag":[],"class_list":{"0":"post-16625","1":"product","2":"type-product","3":"status-publish","4":"has-post-thumbnail","6":"product_cat-foodie","7":"product_cat-spanska-kurser-i-ibiza","9":"first","10":"instock","11":"shipping-taxable","12":"purchasable","13":"product-type-variable","14":"has-default-attributes"},"_links":{"self":[{"href":"https:\/\/maxxinstitutes.com\/sv\/wp-json\/wp\/v2\/product\/16625","targetHints":{"allow":["GET"]}}],"collection":[{"href":"https:\/\/maxxinstitutes.com\/sv\/wp-json\/wp\/v2\/product"}],"about":[{"href":"https:\/\/maxxinstitutes.com\/sv\/wp-json\/wp\/v2\/types\/product"}],"replies":[{"embeddable":true,"href":"https:\/\/maxxinstitutes.com\/sv\/wp-json\/wp\/v2\/comments?post=16625"}],"wp:featuredmedia":[{"embeddable":true,"href":"https:\/\/maxxinstitutes.com\/sv\/wp-json\/wp\/v2\/media\/22963"}],"wp:attachment":[{"href":"https:\/\/maxxinstitutes.com\/sv\/wp-json\/wp\/v2\/media?parent=16625"}],"wp:term":[{"taxonomy":"product_brand","embeddable":true,"href":"https:\/\/maxxinstitutes.com\/sv\/wp-json\/wp\/v2\/product_brand?post=16625"},{"taxonomy":"product_cat","embeddable":true,"href":"https:\/\/maxxinstitutes.com\/sv\/wp-json\/wp\/v2\/product_cat?post=16625"},{"taxonomy":"product_tag","embeddable":true,"href":"https:\/\/maxxinstitutes.com\/sv\/wp-json\/wp\/v2\/product_tag?post=16625"}],"curies":[{"name":"wp","href":"https:\/\/api.w.org\/{rel}","templated":true}]}}