{"id":16578,"date":"2024-12-10T21:18:21","date_gmt":"2024-12-10T21:18:21","guid":{"rendered":"http:\/\/maxxinstitutes.com\/?post_type=product&#038;p=16578"},"modified":"2026-01-16T20:01:22","modified_gmt":"2026-01-16T20:01:22","slug":"utbildningsresa-i-ibiza","status":"publish","type":"product","link":"https:\/\/maxxinstitutes.com\/sv\/produkt\/utbildningsresa-i-ibiza\/","title":{"rendered":"Utbildningsresa i Ibiza"},"content":{"rendered":"<h2>Utbildningsresa i Ibiza<\/h2>\n<p>Bildungsurlaub ger anst\u00e4llda 5 dagars extra betald ledighet per \u00e5r f\u00f6r utbildnings\u00e4ndam\u00e5l. Vissa anst\u00e4llda f\u00e5r kombinera tv\u00e5 \u00e5rs utbildningsledighet s\u00e5 att du kan ta upp till 10 dagars utbildningsledighet f\u00f6r din spanska kurs p\u00e5 Ibiza. <\/p>\n<p>V\u00e5ra spanska kurser \u00f6ver 30 lektioner per vecka i Ibiza \u00e4r erk\u00e4nda f\u00f6r utbildningsresa i n\u00e4stan alla federala stater.<\/p>\n<h2 data-start=\"1836\" data-end=\"1911\"><strong data-start=\"1836\" data-end=\"1911\">30 timmar per vecka &#8211; officiellt erk\u00e4nt i m\u00e5nga tyska delstater<\/strong><\/h2>\n<p class=\"\" data-start=\"1913\" data-end=\"2122\"><strong data-start=\"1913\" data-end=\"1955\">Varf\u00f6r ta din Bildungsurlaub p\u00e5 Ibiza?<\/strong><br data-start=\"1955\" data-end=\"1958\">Njut av den perfekta blandningen av spr\u00e5kbad och medelhavscharm. V\u00e5r centralt bel\u00e4gna skola i Ibiza stad erbjuder den perfekta milj\u00f6n f\u00f6r att l\u00e4ra sig och koppla av. <\/p>\n<p class=\"\" data-start=\"2124\" data-end=\"2145\"><strong data-start=\"2124\" data-end=\"2143\">Detaljer om kursen:<\/strong><\/p>\n<ul data-start=\"2146\" data-end=\"2537\">\n<li class=\"\" data-start=\"2146\" data-end=\"2216\">\n<p class=\"\" data-start=\"2148\" data-end=\"2216\"><strong data-start=\"2148\" data-end=\"2167\">Antal timmar per vecka:<\/strong> 30 lektioner (23 grupplektioner + 7 extra studietimmar)<\/p>\n<\/li>\n<li class=\"\" data-start=\"2217\" data-end=\"2262\">\n<p class=\"\" data-start=\"2219\" data-end=\"2262\"><strong data-start=\"2219\" data-end=\"2239\">Kursens l\u00e4ngd:<\/strong> 1-2 veckor (flexibel)<\/p>\n<\/li>\n<li class=\"\" data-start=\"2263\" data-end=\"2319\">\n<p class=\"\" data-start=\"2265\" data-end=\"2319\"><strong data-start=\"2265\" data-end=\"2284\">Tillg\u00e4nglig fr\u00e5n:<\/strong> 31 mars till 27 oktober 2025<\/p>\n<\/li>\n<li class=\"\" data-start=\"2320\" data-end=\"2357\">\n<p class=\"\" data-start=\"2322\" data-end=\"2357\"><strong data-start=\"2322\" data-end=\"2338\">Lektionsdagar:<\/strong> M\u00e5ndag till fredag<\/p>\n<\/li>\n<li class=\"\" data-start=\"2358\" data-end=\"2412\">\n<p class=\"\" data-start=\"2360\" data-end=\"2412\"><strong data-start=\"2360\" data-end=\"2371\">Niv\u00e5er:<\/strong> A1 till B2 (C1 &amp; C2 via privatlektioner)<\/p>\n<\/li>\n<li class=\"\" data-start=\"2413\" data-end=\"2451\">\n<p class=\"\" data-start=\"2415\" data-end=\"2451\"><strong data-start=\"2415\" data-end=\"2430\">Gruppens storlek:<\/strong> Genomsnitt 6, max. 12<\/p>\n<\/li>\n<li class=\"\" data-start=\"2452\" data-end=\"2537\">\n<p class=\"\" data-start=\"2454\" data-end=\"2537\"><strong data-start=\"2454\" data-end=\"2470\">Startdatum:<\/strong> Varje m\u00e5ndag med f\u00f6rkunskaper. Utvalda datum f\u00f6r nyb\u00f6rjare. <\/p>\n<\/li>\n<\/ul>\n<p class=\"\" data-start=\"2539\" data-end=\"2554\"><strong data-start=\"2539\" data-end=\"2552\">Schema:<\/strong><\/p>\n<ul data-start=\"2555\" data-end=\"2775\">\n<li class=\"\" data-start=\"2555\" data-end=\"2597\">\n<p class=\"\" data-start=\"2557\" data-end=\"2597\">9:30-11:10 &#8211; F\u00f6rsta blocket (gruppundervisning)<\/p>\n<\/li>\n<li class=\"\" data-start=\"2598\" data-end=\"2648\">\n<p class=\"\" data-start=\"2600\" data-end=\"2648\">11:25-13:05 &#8211; Andra blocket (annan l\u00e4rare)<\/p>\n<\/li>\n<li class=\"\" data-start=\"2649\" data-end=\"2705\">\n<p class=\"\" data-start=\"2651\" data-end=\"2705\">13:20-14:10 &#8211; Utomhuslektioner (m\u00e5n, ons, tors)<\/p>\n<\/li>\n<li class=\"\" data-start=\"2706\" data-end=\"2775\">\n<p class=\"\" data-start=\"2708\" data-end=\"2775\">14:15-15:05 (eller 8:00-9:30) &#8211; Extra sj\u00e4lvstudietillf\u00e4llen under handledning<\/p>\n<\/li>\n<\/ul>\n<p class=\"\" data-start=\"2777\" data-end=\"2796\"><strong data-start=\"2777\" data-end=\"2794\">Kursens fokus:<\/strong><\/p>\n<ul data-start=\"2797\" data-end=\"2908\">\n<li class=\"\" data-start=\"2797\" data-end=\"2867\">\n<p class=\"\" data-start=\"2799\" data-end=\"2867\">Grammatik, ordf\u00f6rr\u00e5d, konversation och uttal p\u00e5 din niv\u00e5<\/p>\n<\/li>\n<li class=\"\" data-start=\"2868\" data-end=\"2908\">\n<p class=\"\" data-start=\"2870\" data-end=\"2908\">Interaktiv och kommunikativ metod<\/p>\n<\/li>\n<\/ul>\n<p class=\"\" data-start=\"2910\" data-end=\"3132\">Under de extra studietillf\u00e4llena arbetar du sj\u00e4lvst\u00e4ndigt med p\u00e5 f\u00f6rhand tilldelat material under \u00f6verinseende av en l\u00e4rare. \u00c4ven om det inte genomf\u00f6rs som en privatlektion \u00e4r l\u00e4raren tillg\u00e4nglig f\u00f6r eventuella fr\u00e5gor. <\/p>\n<p data-start=\"3036\" data-end=\"3310\">   <div class=\"pricing-section\" id=\"pricing-section-main\">\n        <div class=\"pricing-content\">\n                            <h2>Priser<\/h2>\n<ul>\n<h3>Bildungsurlaub p\u00e5 Ibiza<\/h3>\n<div class=\"indented\">\n<li><strong>1 vecka:<\/strong> 345\u20ac<\/li>\n<\/div>\n<div class=\"indented\">\n<li><strong>2 veckor:<\/strong> 670\u20ac<\/li>\n<\/div>\n<\/ul>\n<p>Om dessa paket inte riktigt motsvarar dina behov eller om du vill ha mer information innan du best\u00e4mmer dig, tveka inte att:<\/p>\n<div class=\"btn-grpp\">\n  <a class=\"btn-11\" href=\"\/sv\/kontakt\/\"><br \/>\n    <button>Kontakta oss<\/button><br \/>\n  <\/a><br \/>\n  <a class=\"btn-22\" href=\"\/sv\/kostnadskalkylator\/\"><br \/>\n    <button>Beg\u00e4r en offert<\/button><br \/>\n  <\/a>\n<\/div>\n                   <\/div>\n       <div class=\"pricing-image\">\n                            <img fetchpriority=\"high\" decoding=\"async\" src=\"https:\/\/maxxinstitutes.com\/wp-content\/uploads\/2024\/12\/6-2.png\" alt=\"Custom Product Image\" width=\"400\" height=\"400\" title=\"\">\n                 <\/div>\n\t   \n  <\/div>\n<style>\nbody {\nfont-family: Arial, sans-serif;\nmargin: 0;\npadding: 0;\nbackground-color: #f4f4f4;\n}\n\n.pricing-section {\n    display: flex;\n    align-items: center;\n    justify-content: center;\n    padding: 30px;\n    background: linear-gradient(135deg, #1c1e64, #5b6db8);\n    color: white;\n}\n\n.pricing-content {\nflex: 1;\npadding: 20px;\nmax-width: 50%;\n}\n\n.pricing-content h2 {\nfont-size: 36px;\nmargin-bottom: 20px;\n}\n\n.pricing-content ul {\nlist-style: none;\npadding: 0;\n}\n\n.pricing-content li {\nfont-size: 14px;\nmargin-bottom: 10px;\n}\n\n.pricing-content a {\ncolor: #96c8ff;\ntext-decoration: none;\n}\n\n.pricing-content a:hover {\ntext-decoration: underline;\n}\n\n.pricing-image {\nflex: 1;\nmax-width: 50%;\ndisplay: flex;\njustify-content: center;\nalign-items: center;\npadding: 20px;\n}\n\n.pricing-image img {\nmax-width: 100%;\nborder-radius: 10px;\n}\n\n\/* Responsive Design *\/\n@media (max-width: 768px) {\n.pricing-section {\nflex-direction: column;\ntext-align: center;\t\n}\n.pricing-content {\n    justify-items: center;\n}\n.pricing-content, .pricing-image {\nmax-width: 100%;\n}\n}\n#pricing-section-main .pricing-content h2 {\n    color: #ffffff;\n    font-size: 27px;\n}\n\n#pricing-section-main .pricing-content h3 {\n    color: #ffffff;\n    font-size: 17px;\n}\n\n.indented {\n    margin-left: 26px;\n}\n\n.pricing-content ul {\n    list-style: disc;\n}\n.pricing-content li {\n    text-align: left;\n    margin-bottom: 13px;\n}\n#pricing-section-main .pricing-content p {\n    font-size: 12px;\n}\n@media and (max-width: 768px){\ndiv#pricing-section-main {\n    padding: 20px;\n}\n}\ndiv#pricing-section-main {\n   margin-bottom: 20px;\n}\n\t.pricing-content h3 {\n    text-align: left!important;\n}\n\/* \t17-02-25 *\/\n\t.btn-grpp {\n    display: flex;\n}\na.btn-22 {\n    margin-left: 12px;\n}\n.pricing-image {\n    max-width: fit-content;\n}\n\t.btn-grpp button {\n    color: #020c1a;\n    border-radius: 3px;\n}\n<\/style>\n    <\/p>\n","protected":false},"excerpt":{"rendered":"<ul data-start=\"143\" data-end=\"348\">\n<li class=\"\" data-start=\"143\" data-end=\"213\">\n<p class=\"\" data-start=\"145\" data-end=\"213\"><strong data-start=\"145\" data-end=\"168\">30 lektioner per vecka<\/strong> &#8211; officiellt erk\u00e4nd f\u00f6r Bildungsurlaub<\/p>\n<\/li>\n<li class=\"\" data-start=\"214\" data-end=\"277\">\n<p class=\"\" data-start=\"216\" data-end=\"277\"><strong data-start=\"216\" data-end=\"255\">Sm\u00e5 grupper och erfarna l\u00e4rare<\/strong> &#8211; f\u00f6r snabba framsteg<\/p>\n<\/li>\n<li class=\"\" data-start=\"278\" data-end=\"348\">\n<p class=\"\" data-start=\"280\" data-end=\"348\"><strong data-start=\"280\" data-end=\"309\">Centralt l\u00e4ge i Ibiza stad <\/strong>&#8211; spr\u00e5kkurs med semesterk\u00e4nsla<\/p>\n<\/li>\n<\/ul>\n","protected":false},"featured_media":23284,"comment_status":"closed","ping_status":"closed","template":"","meta":[],"product_brand":[],"product_cat":[294,230],"product_tag":[],"class_list":{"0":"post-16578","1":"product","2":"type-product","3":"status-publish","4":"has-post-thumbnail","6":"product_cat-mestadels","7":"product_cat-spanska-kurser-i-ibiza","9":"first","10":"instock","11":"shipping-taxable","12":"purchasable","13":"product-type-variable","14":"has-default-attributes"},"_links":{"self":[{"href":"https:\/\/maxxinstitutes.com\/sv\/wp-json\/wp\/v2\/product\/16578","targetHints":{"allow":["GET"]}}],"collection":[{"href":"https:\/\/maxxinstitutes.com\/sv\/wp-json\/wp\/v2\/product"}],"about":[{"href":"https:\/\/maxxinstitutes.com\/sv\/wp-json\/wp\/v2\/types\/product"}],"replies":[{"embeddable":true,"href":"https:\/\/maxxinstitutes.com\/sv\/wp-json\/wp\/v2\/comments?post=16578"}],"wp:featuredmedia":[{"embeddable":true,"href":"https:\/\/maxxinstitutes.com\/sv\/wp-json\/wp\/v2\/media\/23284"}],"wp:attachment":[{"href":"https:\/\/maxxinstitutes.com\/sv\/wp-json\/wp\/v2\/media?parent=16578"}],"wp:term":[{"taxonomy":"product_brand","embeddable":true,"href":"https:\/\/maxxinstitutes.com\/sv\/wp-json\/wp\/v2\/product_brand?post=16578"},{"taxonomy":"product_cat","embeddable":true,"href":"https:\/\/maxxinstitutes.com\/sv\/wp-json\/wp\/v2\/product_cat?post=16578"},{"taxonomy":"product_tag","embeddable":true,"href":"https:\/\/maxxinstitutes.com\/sv\/wp-json\/wp\/v2\/product_tag?post=16578"}],"curies":[{"name":"wp","href":"https:\/\/api.w.org\/{rel}","templated":true}]}}