{"id":16517,"date":"2024-12-10T21:13:25","date_gmt":"2024-12-10T21:13:25","guid":{"rendered":"http:\/\/maxxinstitutes.com\/?post_type=product&#038;p=16517"},"modified":"2026-01-16T19:55:15","modified_gmt":"2026-01-16T19:55:15","slug":"kombinerad-kurs-204-lektioner-spanska-pa-ibiza","status":"publish","type":"product","link":"https:\/\/maxxinstitutes.com\/sv\/produkt\/kombinerad-kurs-204-lektioner-spanska-pa-ibiza\/","title":{"rendered":"Kombinerad kurs 20+4 lektioner spanska p\u00e5 Ibiza"},"content":{"rendered":"<ul>\n<li>20 grupplektioner + 4 individuella lektioner per vecka<\/li>\n<li>Lektioner per vecka: 20 timmars gruppundervisning + 4 privatlektioner<br \/>\n<strong>2025 Tillg\u00e4nglig fr\u00e5n: 31.03.2025 till 27.10.2025 (annars privatlektioner)<\/strong><strong>Inneh\u00e5ll och m\u00e5l:<\/strong><\/li>\n<li>Konversation och grammatik p\u00e5 din niv\u00e5<\/li>\n<li>Niv\u00e5er: Fr\u00e5n A1 till B2. F\u00f6r studenter med niv\u00e5 C1 och C2 erbjuder vi privatlektioner. <\/li>\n<li>Fritidsaktiviteter: 3 per vecka ing\u00e5r<\/li>\n<li>Kursens l\u00e4ngd: 1-52 veckor (fritt valbar)<\/li>\n<li>Lektionernas varaktighet: 4 lektioner per dag om 50 minuter varderaTidtabell<strong>:<\/strong><\/li>\n<li>mellan 8:00-9:00 eller efter 14:15 (avtalas efter bokning), privatlektioner<br \/>\n9.30-11.10, f\u00f6rsta blocket, tv\u00e5 grupplektioner<br \/>\n11.10-11.25 rast<br \/>\n11.25-13.05, andra blocket, tv\u00e5 grupplektioner<br \/>\n13:20-14:05, fritidsaktivitet (om s\u00e5 \u00f6nskas), m\u00e5ndagar, tisdagar och torsdagar<\/li>\n<li>Gruppstorlek: Genomsnittligt 6, maximalt 12 deltagare<\/li>\n<li>Startdatum: Varje m\u00e5ndag, med f\u00f6rkunskaper.<\/li>\n<\/ul>\n<p data-start=\"3036\" data-end=\"3310\">   <div class=\"pricing-section\" id=\"pricing-section-main\">\n        <div class=\"pricing-content\">\n                            <h2>Priser<\/h2>\n<ul>\n<h3>Kombinerad kurs 20+4 lektioner\/vecka<\/h3>\n<div class=\"indented\">\n<li><strong>1 vecka:<\/strong> 385\u20ac<\/li>\n<\/div>\n<div class=\"indented\">\n<li><strong>2\u20138 veckor:<\/strong> 337\u20ac<\/li>\n<\/div>\n<div class=\"indented\">\n<li><strong>9\u201324 veckor:<\/strong> 282\u20ac<\/li>\n<\/div>\n<div class=\"indented\">\n<li><strong>24+ veckor:<\/strong> 272\u20ac<\/li>\n<\/div>\n<\/ul>\n<p>Om dessa paket inte riktigt passar dina behov eller om du vill ha mer information innan du best\u00e4mmer dig, tveka inte att:<\/p>\n<div class=\"btn-grpp\">\n  <a class=\"btn-11\" href=\"\/sv\/kontakt\/\"><br \/>\n    <button>Kontakta oss<\/button><br \/>\n  <\/a><br \/>\n  <a class=\"btn-22\" href=\"\/sv\/kostnadskalkylator\/\"><br \/>\n    <button>Beg\u00e4r en offert<\/button><br \/>\n  <\/a>\n<\/div>\n                   <\/div>\n       <div class=\"pricing-image\">\n                            <img fetchpriority=\"high\" decoding=\"async\" src=\"https:\/\/maxxinstitutes.com\/wp-content\/uploads\/2024\/12\/7-1.png\" alt=\"Custom Product Image\" width=\"400\" height=\"400\" title=\"\">\n                 <\/div>\n\t   \n  <\/div>\n<style>\nbody {\nfont-family: Arial, sans-serif;\nmargin: 0;\npadding: 0;\nbackground-color: #f4f4f4;\n}\n\n.pricing-section {\n    display: flex;\n    align-items: center;\n    justify-content: center;\n    padding: 30px;\n    background: linear-gradient(135deg, #1c1e64, #5b6db8);\n    color: white;\n}\n\n.pricing-content {\nflex: 1;\npadding: 20px;\nmax-width: 50%;\n}\n\n.pricing-content h2 {\nfont-size: 36px;\nmargin-bottom: 20px;\n}\n\n.pricing-content ul {\nlist-style: none;\npadding: 0;\n}\n\n.pricing-content li {\nfont-size: 14px;\nmargin-bottom: 10px;\n}\n\n.pricing-content a {\ncolor: #96c8ff;\ntext-decoration: none;\n}\n\n.pricing-content a:hover {\ntext-decoration: underline;\n}\n\n.pricing-image {\nflex: 1;\nmax-width: 50%;\ndisplay: flex;\njustify-content: center;\nalign-items: center;\npadding: 20px;\n}\n\n.pricing-image img {\nmax-width: 100%;\nborder-radius: 10px;\n}\n\n\/* Responsive Design *\/\n@media (max-width: 768px) {\n.pricing-section {\nflex-direction: column;\ntext-align: center;\t\n}\n.pricing-content {\n    justify-items: center;\n}\n.pricing-content, .pricing-image {\nmax-width: 100%;\n}\n}\n#pricing-section-main .pricing-content h2 {\n    color: #ffffff;\n    font-size: 27px;\n}\n\n#pricing-section-main .pricing-content h3 {\n    color: #ffffff;\n    font-size: 17px;\n}\n\n.indented {\n    margin-left: 26px;\n}\n\n.pricing-content ul {\n    list-style: disc;\n}\n.pricing-content li {\n    text-align: left;\n    margin-bottom: 13px;\n}\n#pricing-section-main .pricing-content p {\n    font-size: 12px;\n}\n@media and (max-width: 768px){\ndiv#pricing-section-main {\n    padding: 20px;\n}\n}\ndiv#pricing-section-main {\n   margin-bottom: 20px;\n}\n\t.pricing-content h3 {\n    text-align: left!important;\n}\n\/* \t17-02-25 *\/\n\t.btn-grpp {\n    display: flex;\n}\na.btn-22 {\n    margin-left: 12px;\n}\n.pricing-image {\n    max-width: fit-content;\n}\n\t.btn-grpp button {\n    color: #020c1a;\n    border-radius: 3px;\n}\n<\/style>\n    <\/p>\n","protected":false},"excerpt":{"rendered":"<ul>\n<li>Spanskkurs f\u00f6r alla niv\u00e5er (nyb\u00f6rjare till avancerad)<\/li>\n<li>Tillg\u00e4nglig fr\u00e5n april till november<\/li>\n<li>F\u00f6r startdatum under andra m\u00e5nader, v\u00e4nligen kontrollera <strong>Privatlektioner<\/strong><\/li>\n<li>V\u00e4lj mellan 1 eller 2 veckor (f\u00f6r fler veckor, v\u00e4nligen kontakta oss)<\/li>\n<\/ul>\n","protected":false},"featured_media":23249,"comment_status":"closed","ping_status":"closed","template":"","meta":[],"product_brand":[],"product_cat":[435,230],"product_tag":[],"class_list":{"0":"post-16517","1":"product","2":"type-product","3":"status-publish","4":"has-post-thumbnail","6":"product_cat-kraftkurser-ibiza","7":"product_cat-spanska-kurser-i-ibiza","9":"first","10":"instock","11":"shipping-taxable","12":"purchasable","13":"product-type-variable"},"_links":{"self":[{"href":"https:\/\/maxxinstitutes.com\/sv\/wp-json\/wp\/v2\/product\/16517","targetHints":{"allow":["GET"]}}],"collection":[{"href":"https:\/\/maxxinstitutes.com\/sv\/wp-json\/wp\/v2\/product"}],"about":[{"href":"https:\/\/maxxinstitutes.com\/sv\/wp-json\/wp\/v2\/types\/product"}],"replies":[{"embeddable":true,"href":"https:\/\/maxxinstitutes.com\/sv\/wp-json\/wp\/v2\/comments?post=16517"}],"wp:featuredmedia":[{"embeddable":true,"href":"https:\/\/maxxinstitutes.com\/sv\/wp-json\/wp\/v2\/media\/23249"}],"wp:attachment":[{"href":"https:\/\/maxxinstitutes.com\/sv\/wp-json\/wp\/v2\/media?parent=16517"}],"wp:term":[{"taxonomy":"product_brand","embeddable":true,"href":"https:\/\/maxxinstitutes.com\/sv\/wp-json\/wp\/v2\/product_brand?post=16517"},{"taxonomy":"product_cat","embeddable":true,"href":"https:\/\/maxxinstitutes.com\/sv\/wp-json\/wp\/v2\/product_cat?post=16517"},{"taxonomy":"product_tag","embeddable":true,"href":"https:\/\/maxxinstitutes.com\/sv\/wp-json\/wp\/v2\/product_tag?post=16517"}],"curies":[{"name":"wp","href":"https:\/\/api.w.org\/{rel}","templated":true}]}}