{"id":16456,"date":"2024-12-10T21:04:49","date_gmt":"2024-12-10T21:04:49","guid":{"rendered":"http:\/\/maxxinstitutes.com\/?post_type=product&#038;p=16456"},"modified":"2025-07-28T10:01:30","modified_gmt":"2025-07-28T10:01:30","slug":"30-grupplektioner-per-vecka-i-ibiza","status":"publish","type":"product","link":"https:\/\/maxxinstitutes.com\/sv\/produkt\/30-grupplektioner-per-vecka-i-ibiza\/","title":{"rendered":"30 grupplektioner per vecka i Ibiza"},"content":{"rendered":"<h2 data-start=\"143\" data-end=\"201\">Superintensivkurs i spanska &#8211; 30 lektioner per vecka<\/h2>\n<h3 data-start=\"202\" data-end=\"217\">Varf\u00f6r Ibiza?<\/h3>\n<p data-start=\"219\" data-end=\"506\">L\u00e4r dig spanska i paradiset. Omgiven av turkost vatten, vitkalkade byar och livlig \u00f6energi erbjuder v\u00e5r skola p\u00e5 Ibiza en lugn men \u00e4nd\u00e5 inspirerande milj\u00f6 f\u00f6r total f\u00f6rdjupning. Bel\u00e4get n\u00e4ra stranden och Gamla stan, \u00e4r det den perfekta blandningen av studier och \u00f6livsstil.<\/p>\n<p data-start=\"508\" data-end=\"805\">V\u00e5r <strong>mest kompletta spanska immersionsupplevelse<\/strong>, perfekt f\u00f6r elever som vill kombinera fokuserade framsteg med Balearernas sk\u00f6nhet. Denna kurs <strong>\u00e4r erk\u00e4nd f\u00f6r Bildungsurlaub <\/strong>i m\u00e5nga tyska stater och erbjuder en blandning av klassrumsinstruktion, utomhusinl\u00e4rning och personlig minigruppspraxis.<\/p>\n<h3 data-start=\"812\" data-end=\"830\">Detaljer om klassen:<\/h3>\n<ul>\n<li data-start=\"832\" data-end=\"1085\"><strong data-start=\"832\" data-end=\"848\">Typ av kurs:<\/strong> Spanska superintensiv (erk\u00e4nd f\u00f6r Bildungsurlaub)<\/li>\n<li data-start=\"832\" data-end=\"1085\"><strong data-start=\"907\" data-end=\"928\">Lektioner per vecka:<\/strong> 30<br data-start=\"931\" data-end=\"934\" \/>&#8211; 20 grupplektioner i klassrummet<br data-start=\"969\" data-end=\"972\" \/>&#8211; 3 grupplektioner utanf\u00f6r klassrummet (kulturell f\u00f6rdjupning)<br data-start=\"1032\" data-end=\"1035\" \/>&#8211; 7 extra lektioner i sm\u00e5 grupper (1-4 elever)<\/li>\n<li data-start=\"1087\" data-end=\"1172\"><strong data-start=\"1087\" data-end=\"1107\">Kursens l\u00e4ngd:<\/strong> 1-52 veckor (fritt valbar)<\/li>\n<li data-start=\"1087\" data-end=\"1172\"><strong data-start=\"1141\" data-end=\"1159\">Lektionens l\u00e4ngd:<\/strong> 50 minuter<\/li>\n<li data-start=\"1087\" data-end=\"1172\"><strong data-start=\"1174\" data-end=\"1188\">Schema<\/strong>: <strong data-start=\"1174\" data-end=\"1188\"><br \/>\nM\u00e5ndag-fredag:<\/strong><br \/>\n&#8211; 08:00-09:30 &#8211; Extra grammatik och konversation i minigrupper (\u00e4ven m\u00f6jligt fr\u00e5n 14:15)<br \/>\n&#8211; 09:30-11:10 &#8211; F\u00f6rsta blocket: 2 grupplektioner med en l\u00e4rare<br \/>\n&#8211; 11:10-11:25 &#8211; Rast<br \/>\n&#8211; 11:25-13:05 &#8211; Andra blocket: 2 grupplektioner med en andra l\u00e4rare<br \/>\n&#8211; 13:20-14:10 &#8211; Tredje blocket: Kulturlektioner utanf\u00f6r klassrummet p\u00e5 m\u00e5ndag, onsdag och torsdag<\/li>\n<li data-start=\"1087\" data-end=\"1172\"><strong data-start=\"1558\" data-end=\"1569\">Niv\u00e5er:<\/strong> Fr\u00e5n A1 till B2 &#8211; F\u00f6r C1-C2-niv\u00e5er rekommenderar vi privatlektioner.<\/li>\n<li data-start=\"1087\" data-end=\"1172\"><strong data-start=\"1638\" data-end=\"1653\">Gruppstorlek:<\/strong> Genomsnitt 6 studenter, max. 12<\/li>\n<li data-start=\"1087\" data-end=\"1172\"><strong data-start=\"1685\" data-end=\"1706\">Startdatum 2025: <\/strong>Varje m\u00e5ndag fr\u00e5n 31 mars till 31 oktober 2025<br \/>\n&#8211; L\u00e4mplig f\u00f6r alla studenter med f\u00f6rkunskaper.<br \/>\n&#8211; Helt nyb\u00f6rjare: specifika startdatum tillg\u00e4ngliga p\u00e5 beg\u00e4ran<\/li>\n<li data-start=\"1087\" data-end=\"1172\"><strong data-start=\"1883\" data-end=\"1896\">L\u00e4rare:<\/strong> Minst 2 roterande modersm\u00e5lsl\u00e4rare per vecka f\u00f6r variation, exponering av accent och en mer dynamisk inl\u00e4rningsupplevelse.<\/li>\n<\/ul>\n<h3 data-start=\"2025\" data-end=\"2045\">Vad ing\u00e5r?<\/h3>\n<ul>\n<li data-start=\"2049\" data-end=\"2122\">Fritidsaktiviteter: Veckovisa kulturella och sociala aktiviteter p\u00e5 \u00f6n<\/li>\n<li data-start=\"2125\" data-end=\"2192\">Registreringsavgift: 0 \u20ac &#8211; boka direkt med oss utan dolda kostnader<\/li>\n<li data-start=\"2195\" data-end=\"2285\">Ytterligare tj\u00e4nster: Placeringstest, kursintyg, boendealternativ tillg\u00e4ngliga<\/li>\n<\/ul>\n<h3 data-start=\"2292\" data-end=\"2328\">Varf\u00f6r v\u00e4lja den h\u00e4r kursen p\u00e5 Ibiza?<\/h3>\n<ul>\n<li data-start=\"2332\" data-end=\"2374\">Studera spanska samtidigt som du njuter av livet p\u00e5 \u00f6n<\/li>\n<li data-start=\"2377\" data-end=\"2444\">Sm\u00e5 gruppstorlekar och roterande l\u00e4rare f\u00f6r individanpassad inl\u00e4rning<\/li>\n<li data-start=\"2447\" data-end=\"2519\">\u00d6va din spanska under kulturella aktiviteter utanf\u00f6r klassrummet<\/li>\n<li data-start=\"2522\" data-end=\"2615\">Perfekt mix av utbildning, avkoppling och \u00e4ventyr p\u00e5 en av Europas vackraste \u00f6ar<\/li>\n<\/ul>\n<p data-start=\"3036\" data-end=\"3310\">   <div class=\"pricing-section\" id=\"pricing-section-main\">\n        <div class=\"pricing-content\">\n                            <h2>Priser<\/h2>\n<ul>\n<h3>30 grupplektioner\/vecka<\/h3>\n<div class=\"indented\">\n<li><strong>1\u20134 veckor:<\/strong> 345\u20ac<\/li>\n<\/div>\n<div class=\"indented\">\n<li><strong>5\u20138 veckor:<\/strong> 335\u20ac per vecka<\/li>\n<\/div>\n<div class=\"indented\">\n<li><strong>9\u201324 veckor:<\/strong> 295\u20ac per vecka<\/li>\n<\/div>\n<div class=\"indented\">\n<li><strong>24+ veckor:<\/strong> 285\u20ac per vecka<\/li>\n<\/div>\n<\/ul>\n<p>Om dessa paket inte riktigt passar dina behov eller om du vill ha mer information innan du best\u00e4mmer dig, tveka inte att:<\/p>\n<div class=\"btn-grpp\">\n  <a class=\"btn-11\" href=\"\/sv\/kontakt\/\"><br \/>\n    <button>Kontakta oss<\/button><br \/>\n  <\/a><br \/>\n  <a class=\"btn-22\" href=\"\/sv\/kostnadskalkylator\/\"><br \/>\n    <button>F\u00e5 en offert<\/button><br \/>\n  <\/a>\n<\/div>\n                   <\/div>\n       <div class=\"pricing-image\">\n                            <img fetchpriority=\"high\" decoding=\"async\" src=\"https:\/\/maxxinstitutes.com\/wp-content\/uploads\/2024\/12\/Black-White-Modern-Handwritten-Square-Studio-Logo.png\" alt=\"Custom Product Image\" width=\"400\" height=\"400\" title=\"\">\n                 <\/div>\n\t   \n  <\/div>\n<style>\nbody {\nfont-family: Arial, sans-serif;\nmargin: 0;\npadding: 0;\nbackground-color: #f4f4f4;\n}\n\n.pricing-section {\n    display: flex;\n    align-items: center;\n    justify-content: center;\n    padding: 30px;\n    background: linear-gradient(135deg, #1c1e64, #5b6db8);\n    color: white;\n}\n\n.pricing-content {\nflex: 1;\npadding: 20px;\nmax-width: 50%;\n}\n\n.pricing-content h2 {\nfont-size: 36px;\nmargin-bottom: 20px;\n}\n\n.pricing-content ul {\nlist-style: none;\npadding: 0;\n}\n\n.pricing-content li {\nfont-size: 14px;\nmargin-bottom: 10px;\n}\n\n.pricing-content a {\ncolor: #96c8ff;\ntext-decoration: none;\n}\n\n.pricing-content a:hover {\ntext-decoration: underline;\n}\n\n.pricing-image {\nflex: 1;\nmax-width: 50%;\ndisplay: flex;\njustify-content: center;\nalign-items: center;\npadding: 20px;\n}\n\n.pricing-image img {\nmax-width: 100%;\nborder-radius: 10px;\n}\n\n\/* Responsive Design *\/\n@media (max-width: 768px) {\n.pricing-section {\nflex-direction: column;\ntext-align: center;\t\n}\n.pricing-content {\n    justify-items: center;\n}\n.pricing-content, .pricing-image {\nmax-width: 100%;\n}\n}\n#pricing-section-main .pricing-content h2 {\n    color: #ffffff;\n    font-size: 27px;\n}\n\n#pricing-section-main .pricing-content h3 {\n    color: #ffffff;\n    font-size: 17px;\n}\n\n.indented {\n    margin-left: 26px;\n}\n\n.pricing-content ul {\n    list-style: disc;\n}\n.pricing-content li {\n    text-align: left;\n    margin-bottom: 13px;\n}\n#pricing-section-main .pricing-content p {\n    font-size: 12px;\n}\n@media and (max-width: 768px){\ndiv#pricing-section-main {\n    padding: 20px;\n}\n}\ndiv#pricing-section-main {\n   margin-bottom: 20px;\n}\n\t.pricing-content h3 {\n    text-align: left!important;\n}\n\/* \t17-02-25 *\/\n\t.btn-grpp {\n    display: flex;\n}\na.btn-22 {\n    margin-left: 12px;\n}\n.pricing-image {\n    max-width: fit-content;\n}\n\t.btn-grpp button {\n    color: #020c1a;\n    border-radius: 3px;\n}\n<\/style>\n    <\/p>\n","protected":false},"excerpt":{"rendered":"<ul>\n<li class=\"\" data-start=\"131\" data-end=\"199\">\n<p class=\"\" data-start=\"133\" data-end=\"199\">Superintensiv spanskkurs p\u00e5 Ibiza med 30 grupplektioner per vecka<\/p>\n<\/li>\n<li class=\"\" data-start=\"200\" data-end=\"272\">\n<p class=\"\" data-start=\"202\" data-end=\"272\">Snabbsp\u00e5rning av din flytande spr\u00e5kf\u00e4rdighet med mer lektionstid och engagerande aktiviteter<\/p>\n<\/li>\n<li class=\"\" data-start=\"273\" data-end=\"341\">\n<p class=\"\" data-start=\"275\" data-end=\"341\">Grupper tillg\u00e4ngliga april till november<\/p>\n<\/li>\n<li class=\"\" data-start=\"273\" data-end=\"341\">\n<p class=\"\" data-start=\"275\" data-end=\"341\">Vill du studera utanf\u00f6r dessa m\u00e5nader? Utforska v\u00e5ra flexibla privatlektioner!<\/p>\n<div class=\"elementor-element elementor-element-a5ff117 elementor-widget elementor-widget-woocommerce-product-short-description\" data-id=\"a5ff117\" data-element_type=\"widget\" data-widget_type=\"woocommerce-product-short-description.default\">\n<div class=\"elementor-widget-container\">\n<div class=\"woocommerce-product-details__short-description\"><\/div>\n<\/div>\n<\/div>\n<div class=\"elementor-element elementor-element-238fc0e elementor-align-left elementor-mobile-align-left elementor-widget elementor-widget-button\" data-id=\"238fc0e\" data-element_type=\"widget\" data-widget_type=\"button.default\">\n<div class=\"elementor-widget-container\">\n<div class=\"elementor-button-wrapper\"><\/div>\n<\/div>\n<\/div>\n<\/li>\n<\/ul>\n","protected":false},"featured_media":23235,"comment_status":"closed","ping_status":"closed","template":"","meta":[],"product_brand":[],"product_cat":[294,230],"product_tag":[],"class_list":{"0":"post-16456","1":"product","2":"type-product","3":"status-publish","4":"has-post-thumbnail","6":"product_cat-mestadels","7":"product_cat-spanska-kurser-i-ibiza","9":"first","10":"instock","11":"shipping-taxable","12":"purchasable","13":"product-type-variable"},"_links":{"self":[{"href":"https:\/\/maxxinstitutes.com\/sv\/wp-json\/wp\/v2\/product\/16456","targetHints":{"allow":["GET"]}}],"collection":[{"href":"https:\/\/maxxinstitutes.com\/sv\/wp-json\/wp\/v2\/product"}],"about":[{"href":"https:\/\/maxxinstitutes.com\/sv\/wp-json\/wp\/v2\/types\/product"}],"replies":[{"embeddable":true,"href":"https:\/\/maxxinstitutes.com\/sv\/wp-json\/wp\/v2\/comments?post=16456"}],"wp:featuredmedia":[{"embeddable":true,"href":"https:\/\/maxxinstitutes.com\/sv\/wp-json\/wp\/v2\/media\/23235"}],"wp:attachment":[{"href":"https:\/\/maxxinstitutes.com\/sv\/wp-json\/wp\/v2\/media?parent=16456"}],"wp:term":[{"taxonomy":"product_brand","embeddable":true,"href":"https:\/\/maxxinstitutes.com\/sv\/wp-json\/wp\/v2\/product_brand?post=16456"},{"taxonomy":"product_cat","embeddable":true,"href":"https:\/\/maxxinstitutes.com\/sv\/wp-json\/wp\/v2\/product_cat?post=16456"},{"taxonomy":"product_tag","embeddable":true,"href":"https:\/\/maxxinstitutes.com\/sv\/wp-json\/wp\/v2\/product_tag?post=16456"}],"curies":[{"name":"wp","href":"https:\/\/api.w.org\/{rel}","templated":true}]}}