{"id":15771,"date":"2024-09-18T10:38:02","date_gmt":"2024-09-18T10:38:02","guid":{"rendered":"http:\/\/maxxinstitutes.com\/product\/intensivkurs-for-forberedelser-infor-d-e-l-e-2023\/"},"modified":"2026-01-16T20:09:34","modified_gmt":"2026-01-16T20:09:34","slug":"utbildningsresa-i-palma-de-mallorca","status":"publish","type":"product","link":"https:\/\/maxxinstitutes.com\/sv\/produkt\/utbildningsresa-i-palma-de-mallorca\/","title":{"rendered":"Utbildningsresa i Palma de Mallorca"},"content":{"rendered":"<h2><strong>Bildungsurlaub p\u00e5 Mallorca<\/strong><\/h2>\n<p>Bildungsurlaub ger anst\u00e4llda 5 dagars extra betald ledighet per \u00e5r f\u00f6r utbildnings\u00e4ndam\u00e5l. Vissa anst\u00e4llda f\u00e5r kombinera tv\u00e5 \u00e5rs utbildningsledighet s\u00e5 att du kan ta upp till 10 dagars utbildningsledighet f\u00f6r din spanska kurs p\u00e5 Mallorca. <\/p>\n<p>V\u00e5ra spanska kurser \u00f6ver 30 lektioner per vecka p\u00e5 Mallorca \u00e4r erk\u00e4nda f\u00f6r utbildningsresa i n\u00e4stan alla federala stater.<\/p>\n<h2><strong>30 timmar per vecka &#8211; officiellt erk\u00e4nd f\u00f6r Bildungsurlaub<\/strong><\/h2>\n<p data-start=\"4761\" data-end=\"4993\"><strong data-start=\"4761\" data-end=\"4778\">Varf\u00f6r Mallorca?<\/strong><br data-start=\"4778\" data-end=\"4781\">L\u00e4r dig spanska medan du njuter av Medelhavets livsstil. V\u00e5r centralt bel\u00e4gna skola i Palma de Mallorca \u00e4r inrymd i en rymlig historisk byggnad &#8211; en inspirerande och avkopplande milj\u00f6 f\u00f6r din inl\u00e4rningsresa. <\/p>\n<p data-start=\"4995\" data-end=\"5016\"><strong data-start=\"4995\" data-end=\"5014\">Detaljer om kursen:<\/strong><\/p>\n<ul data-start=\"5017\" data-end=\"5382\">\n<li data-start=\"5017\" data-end=\"5080\"><strong data-start=\"5019\" data-end=\"5038\">Timmar per vecka:<\/strong> 30 (inklusive grupp- och extrasessioner)<\/li>\n<li data-start=\"5081\" data-end=\"5135\"><strong data-start=\"5083\" data-end=\"5103\">Kursens l\u00e4ngd:<\/strong> 1-2 veckor (fritt valbar)<\/li>\n<li data-start=\"5136\" data-end=\"5192\"><strong data-start=\"5138\" data-end=\"5157\">Tillg\u00e4nglig fr\u00e5n:<\/strong> 3 mars till 28 november 2025<\/li>\n<li data-start=\"5193\" data-end=\"5230\"><strong data-start=\"5195\" data-end=\"5211\">Lektionsdagar:<\/strong> M\u00e5ndag till fredag<\/li>\n<li data-start=\"5231\" data-end=\"5279\"><strong data-start=\"5233\" data-end=\"5244\">Niv\u00e5er:<\/strong> A1 till C1 (C2 i privatlektioner)<\/li>\n<li data-start=\"5280\" data-end=\"5327\"><strong data-start=\"5282\" data-end=\"5297\">Gruppens storlek:<\/strong> Genomsnitt 6, max. 12 studenter<\/li>\n<li data-start=\"5328\" data-end=\"5382\"><strong data-start=\"5330\" data-end=\"5346\">Startdatum:<\/strong> Varje m\u00e5ndag &#8211; alla niv\u00e5er v\u00e4lkomna<\/li>\n<\/ul>\n<p data-start=\"5384\" data-end=\"5399\"><strong data-start=\"5384\" data-end=\"5397\">Schema:<\/strong><\/p>\n<ul data-start=\"5400\" data-end=\"5668\">\n<li data-start=\"5400\" data-end=\"5455\">8:00-9:30 (tis-fre): Extra sessioner i sm\u00e5 grupper<\/li>\n<li data-start=\"5456\" data-end=\"5489\">9:30-11:10: F\u00f6rsta gruppblocket<\/li>\n<li data-start=\"5490\" data-end=\"5550\">11:25-13:05: Andra gruppblocket med en annan l\u00e4rare<\/li>\n<li data-start=\"5551\" data-end=\"5608\">13:20-14:05: Tredje blocket i\/utanf\u00f6r klassrummet<\/li>\n<li data-start=\"5609\" data-end=\"5668\">14:15-15:55 (f\u00f6r vissa l\u00e4nder): ytterligare extra lektioner<\/li>\n<\/ul>\n<p data-start=\"5670\" data-end=\"5689\"><strong data-start=\"5670\" data-end=\"5687\">Kursens fokus:<\/strong><\/p>\n<ul data-start=\"5690\" data-end=\"5771\">\n<li data-start=\"5690\" data-end=\"5716\">Konversation och grammatik<\/li>\n<li data-start=\"5717\" data-end=\"5771\">Snabb och effektiv utveckling anpassad till din niv\u00e5<\/li>\n<\/ul>\n<p data-start=\"5773\" data-end=\"6006\">Under de extra studietimmarna arbetar du sj\u00e4lvst\u00e4ndigt med p\u00e5 f\u00f6rhand tilldelat material under l\u00e4rarens \u00f6verinseende. \u00c4ven om det inte \u00e4r strukturerat som en privatlektion \u00e4r l\u00e4raren alltid tillg\u00e4nglig f\u00f6r att hj\u00e4lpa dig med fr\u00e5gor och feedback. <\/p>\n<p data-start=\"3036\" data-end=\"3310\">   <div class=\"pricing-section\" id=\"pricing-section-main\">\n        <div class=\"pricing-content\">\n                            <h2>Priser<\/h2>\n<ul>\n<h3>Studievecka i Palma de Mallorca<\/h3>\n<div class=\"indented\">\n<li><strong>1 vecka:<\/strong> 345\u20ac<\/li>\n<\/div>\n<div class=\"indented\">\n<li><strong>2 veckor:<\/strong> 670\u20ac<\/li>\n<\/div>\n<\/ul>\n<p>Om dessa paket inte riktigt passar dina behov eller om du vill ha mer information innan du best\u00e4mmer dig, tveka inte att:<\/p>\n<div class=\"btn-grpp\">\n  <a class=\"btn-11\" href=\"\/sv\/kontakt\/\"><br \/>\n    <button>Kontakta oss<\/button><br \/>\n  <\/a><br \/>\n  <a class=\"btn-22\" href=\"\/sv\/kostnadskalkylator\/\"><br \/>\n    <button>F\u00e5 en offert<\/button><br \/>\n  <\/a>\n<\/div>\n                   <\/div>\n       <div class=\"pricing-image\">\n                            <img fetchpriority=\"high\" decoding=\"async\" src=\"https:\/\/maxxinstitutes.com\/wp-content\/uploads\/2024\/09\/Product-image-1.png\" alt=\"Custom Product Image\" width=\"400\" height=\"400\" title=\"\">\n                 <\/div>\n\t   \n  <\/div>\n<style>\nbody {\nfont-family: Arial, sans-serif;\nmargin: 0;\npadding: 0;\nbackground-color: #f4f4f4;\n}\n\n.pricing-section {\n    display: flex;\n    align-items: center;\n    justify-content: center;\n    padding: 30px;\n    background: linear-gradient(135deg, #1c1e64, #5b6db8);\n    color: white;\n}\n\n.pricing-content {\nflex: 1;\npadding: 20px;\nmax-width: 50%;\n}\n\n.pricing-content h2 {\nfont-size: 36px;\nmargin-bottom: 20px;\n}\n\n.pricing-content ul {\nlist-style: none;\npadding: 0;\n}\n\n.pricing-content li {\nfont-size: 14px;\nmargin-bottom: 10px;\n}\n\n.pricing-content a {\ncolor: #96c8ff;\ntext-decoration: none;\n}\n\n.pricing-content a:hover {\ntext-decoration: underline;\n}\n\n.pricing-image {\nflex: 1;\nmax-width: 50%;\ndisplay: flex;\njustify-content: center;\nalign-items: center;\npadding: 20px;\n}\n\n.pricing-image img {\nmax-width: 100%;\nborder-radius: 10px;\n}\n\n\/* Responsive Design *\/\n@media (max-width: 768px) {\n.pricing-section {\nflex-direction: column;\ntext-align: center;\t\n}\n.pricing-content {\n    justify-items: center;\n}\n.pricing-content, .pricing-image {\nmax-width: 100%;\n}\n}\n#pricing-section-main .pricing-content h2 {\n    color: #ffffff;\n    font-size: 27px;\n}\n\n#pricing-section-main .pricing-content h3 {\n    color: #ffffff;\n    font-size: 17px;\n}\n\n.indented {\n    margin-left: 26px;\n}\n\n.pricing-content ul {\n    list-style: disc;\n}\n.pricing-content li {\n    text-align: left;\n    margin-bottom: 13px;\n}\n#pricing-section-main .pricing-content p {\n    font-size: 12px;\n}\n@media and (max-width: 768px){\ndiv#pricing-section-main {\n    padding: 20px;\n}\n}\ndiv#pricing-section-main {\n   margin-bottom: 20px;\n}\n\t.pricing-content h3 {\n    text-align: left!important;\n}\n\/* \t17-02-25 *\/\n\t.btn-grpp {\n    display: flex;\n}\na.btn-22 {\n    margin-left: 12px;\n}\n.pricing-image {\n    max-width: fit-content;\n}\n\t.btn-grpp button {\n    color: #020c1a;\n    border-radius: 3px;\n}\n<\/style>\n    <\/p>\n","protected":false},"excerpt":{"rendered":"<ul data-start=\"143\" data-end=\"348\">\n<li class=\"\" data-start=\"143\" data-end=\"213\">\n<p class=\"\" data-start=\"145\" data-end=\"213\"><strong data-start=\"145\" data-end=\"168\">30 lektioner per vecka<\/strong> &#8211; officiellt erk\u00e4nd f\u00f6r Bildungsurlaub<\/p>\n<\/li>\n<li class=\"\" data-start=\"214\" data-end=\"277\">\n<p class=\"\" data-start=\"216\" data-end=\"277\"><strong data-start=\"216\" data-end=\"255\">Sm\u00e5 grupper och erfarna l\u00e4rare<\/strong> &#8211; f\u00f6r snabba framsteg<\/p>\n<\/li>\n<li class=\"\" data-start=\"278\" data-end=\"348\">\n<p class=\"\" data-start=\"280\" data-end=\"348\"><strong data-start=\"280\" data-end=\"309\">Centralt l\u00e4ge i Ibiza stad <\/strong>&#8211; spr\u00e5kkurs med semesterk\u00e4nsla<\/p>\n<\/li>\n<\/ul>\n","protected":false},"featured_media":23298,"comment_status":"closed","ping_status":"closed","template":"","meta":[],"product_brand":[],"product_cat":[275,417],"product_tag":[],"class_list":{"0":"post-15771","1":"product","2":"type-product","3":"status-publish","4":"has-post-thumbnail","6":"product_cat-mallorca-sv","7":"product_cat-populara-mallorca","9":"first","10":"instock","11":"shipping-taxable","12":"purchasable","13":"product-type-variable","14":"has-default-attributes"},"_links":{"self":[{"href":"https:\/\/maxxinstitutes.com\/sv\/wp-json\/wp\/v2\/product\/15771","targetHints":{"allow":["GET"]}}],"collection":[{"href":"https:\/\/maxxinstitutes.com\/sv\/wp-json\/wp\/v2\/product"}],"about":[{"href":"https:\/\/maxxinstitutes.com\/sv\/wp-json\/wp\/v2\/types\/product"}],"replies":[{"embeddable":true,"href":"https:\/\/maxxinstitutes.com\/sv\/wp-json\/wp\/v2\/comments?post=15771"}],"wp:featuredmedia":[{"embeddable":true,"href":"https:\/\/maxxinstitutes.com\/sv\/wp-json\/wp\/v2\/media\/23298"}],"wp:attachment":[{"href":"https:\/\/maxxinstitutes.com\/sv\/wp-json\/wp\/v2\/media?parent=15771"}],"wp:term":[{"taxonomy":"product_brand","embeddable":true,"href":"https:\/\/maxxinstitutes.com\/sv\/wp-json\/wp\/v2\/product_brand?post=15771"},{"taxonomy":"product_cat","embeddable":true,"href":"https:\/\/maxxinstitutes.com\/sv\/wp-json\/wp\/v2\/product_cat?post=15771"},{"taxonomy":"product_tag","embeddable":true,"href":"https:\/\/maxxinstitutes.com\/sv\/wp-json\/wp\/v2\/product_tag?post=15771"}],"curies":[{"name":"wp","href":"https:\/\/api.w.org\/{rel}","templated":true}]}}