{"id":15647,"date":"2024-09-18T10:37:40","date_gmt":"2024-09-18T10:37:40","guid":{"rendered":"http:\/\/maxxinstitutes.com\/product\/privatlektioner-i-spanska\/"},"modified":"2026-01-07T17:57:44","modified_gmt":"2026-01-07T17:57:44","slug":"privatlektioner-i-spanska","status":"publish","type":"product","link":"https:\/\/maxxinstitutes.com\/sv\/produkt\/privatlektioner-i-spanska\/","title":{"rendered":"Privatlektioner i spanska i Palma de Mallorca"},"content":{"rendered":"<h2 data-start=\"130\" data-end=\"172\"><strong data-start=\"134\" data-end=\"172\">Privatlektioner i spanska &#8211; Mallorca<\/strong><\/h2>\n<h3 data-start=\"3036\" data-end=\"3310\"><strong data-start=\"179\" data-end=\"196\">Varf\u00f6r Mallorca?<\/strong><\/h3>\n<p data-start=\"3036\" data-end=\"3310\">Mallorca \u00e4r den perfekta platsen f\u00f6r privatlektioner i spanska och erbjuder en balans mellan lugn och pulserande medelhavskultur. Oavsett om du \u00e4r baserad i staden, n\u00e4ra kusten eller p\u00e5 landsbygden, kommer du att njuta av fantastiska naturliga omgivningar, historisk charm och en avslappnad livsstil som uppmuntrar fokuserad inl\u00e4rning. Dra full nytta av \u00f6ns atmosf\u00e4r samtidigt som du f\u00f6rb\u00e4ttrar dina spanskkunskaper.  <\/p>\n<h3 data-start=\"3036\" data-end=\"3310\"><strong data-start=\"613\" data-end=\"632\">Detaljer om kursen:<\/strong><\/h3>\n<ul>\n<li data-start=\"3036\" data-end=\"3310\"><strong data-start=\"635\" data-end=\"656\">Lektioner per vecka:<\/strong> Flexibelt &#8211; du v\u00e4ljer sj\u00e4lv hur m\u00e5nga<\/li>\n<li data-start=\"3036\" data-end=\"3310\"><strong data-start=\"690\" data-end=\"709\">Kursens inneh\u00e5ll:<\/strong> Helt personliga spansklektioner anpassade till din niv\u00e5 och dina inl\u00e4rningsm\u00e5l<\/li>\n<li data-start=\"3036\" data-end=\"3310\"><strong data-start=\"788\" data-end=\"807\">Niv\u00e5er som erbjuds:<\/strong> A1 till C2<\/li>\n<li data-start=\"3036\" data-end=\"3310\"><strong data-start=\"819\" data-end=\"832\">L\u00e4rare:<\/strong> Erfarna modersm\u00e5lsl\u00e4rare med universitetsexamen<\/li>\n<li data-start=\"3036\" data-end=\"3310\"><strong data-start=\"896\" data-end=\"913\">Klassformat:<\/strong><br data-start=\"913\" data-end=\"916\">&#8211; En-till-en-lektioner (eller tv\u00e5 studenter f\u00f6r samma pris)<br data-start=\"973\" data-end=\"976\">&#8211; Liten privat grupp m\u00f6jlig (3-4 studenter)<\/li>\n<li data-start=\"3036\" data-end=\"3310\"><strong data-start=\"1024\" data-end=\"1037\">Schema:<\/strong> Flexibelt &#8211; m\u00e5ndag till fredag, mellan 09:00 och 20:00<\/li>\n<li data-start=\"3036\" data-end=\"3310\"><strong data-start=\"1093\" data-end=\"1109\">Studentens \u00e5lder:<\/strong> Minst 16 \u00e5r<\/li>\n<li data-start=\"3036\" data-end=\"3310\"><strong data-start=\"1129\" data-end=\"1153\">Kursens tillg\u00e4nglighet:<\/strong> \u00c5ret runt<\/li>\n<li data-start=\"3036\" data-end=\"3310\"><strong data-start=\"1167\" data-end=\"1180\">Varaktighet:<\/strong> Fr\u00e5n en enda lektion till flera veckor<\/li>\n<li data-start=\"3036\" data-end=\"3310\"><strong data-start=\"1222\" data-end=\"1240\">Lektionens l\u00e4ngd:<\/strong> 50 minuter per lektion<\/li>\n<li data-start=\"3036\" data-end=\"3310\"><strong data-start=\"1265\" data-end=\"1281\">Startdatum:<\/strong> Varje dag, \u00e5ret runt<\/li>\n<li data-start=\"3036\" data-end=\"3310\"><strong data-start=\"1308\" data-end=\"1327\">Plats f\u00f6r undervisning:<\/strong> P\u00e5 skolan, online, eller eventuellt p\u00e5 andra platser p\u00e5 beg\u00e4ran<\/li>\n<\/ul>\n<h3><strong data-start=\"1398\" data-end=\"1418\">Vad ing\u00e5r?<\/strong><\/h3>\n<ul>\n<li>Skr\u00e4ddarsydd lektionsplan baserad p\u00e5 dina behov<\/li>\n<li>Engagerad privatl\u00e4rare<\/li>\n<li>Samma pris f\u00f6r 1 eller 2 studenter (du tar med den andra personen)<\/li>\n<li>M\u00f6jlighet att skapa en privat grupp (3-4 personer)<\/li>\n<li>Kursintyg (p\u00e5 beg\u00e4ran)<\/li>\n<li>Valfritt placeringstest<\/li>\n<li>M\u00f6jlighet att kombinera med grupplektioner<\/li>\n<\/ul>\n<h3><strong data-start=\"1727\" data-end=\"1770\">Varf\u00f6r v\u00e4lja privatlektioner p\u00e5 Mallorca?<\/strong><\/h3>\n<ul>\n<li>Maximal flexibilitet n\u00e4r det g\u00e4ller tidpunkt och inneh\u00e5ll<\/li>\n<li>Kostnadseffektivt om det delas med en partner eller v\u00e4n<\/li>\n<li>Idealisk f\u00f6r intensiv inl\u00e4rning, specifika m\u00e5l eller f\u00f6r att kombinera med andra kurser<\/li>\n<li>En vacker \u00f6-milj\u00f6 som f\u00f6rb\u00e4ttrar din inl\u00e4rningsupplevelse   <div class=\"pricing-section\" id=\"pricing-section-main\">\n        <div class=\"pricing-content\">\n                            <h2>Priser<\/h2>\n<ul>\n<h3>Priset \u00e4r detsamma f\u00f6r 1 elev eller 2 elever med 1 l\u00e4rare<\/h3>\n<div class=\"indented\">\n<li><strong>Paket med 20 lektioner:<\/strong> 29\u20ac per lektion<\/li>\n<\/div>\n<div class=\"indented\">\n<li><strong>Paket med 15 lektioner:<\/strong> 33\u20ac per lektion<\/li>\n<\/div>\n<div class=\"indented\">\n<li><strong>Paket med 10 lektioner:<\/strong> 31\u20ac per lektion<\/li>\n<\/div>\n<div class=\"indented\">\n<li><strong>Paket med 5 lektioner:<\/strong> 33\u20ac per lektion<\/li>\n<\/div>\n<div class=\"indented\">\n<li><strong>1 lektion:<\/strong> 34\u20ac<\/li>\n<\/div>\n<\/ul>\n<p>Om dessa paket inte riktigt passar dina behov eller om du vill ha mer information innan du fattar ett beslut, tveka inte att:<\/p>\n<div class=\"btn-grpp\">\n  <a class=\"btn-11\" href=\"\/sv\/kontakt\/\"><br \/>\n    <button>Kontakta oss<\/button><br \/>\n  <\/a><br \/>\n  <a class=\"btn-22\" href=\"\/sv\/kostnadskalkylator\/\"><br \/>\n    <button>F\u00e5 en offert<\/button><br \/>\n  <\/a>\n<\/div>\n                   <\/div>\n       <div class=\"pricing-image\">\n                            <img fetchpriority=\"high\" decoding=\"async\" src=\"https:\/\/maxxinstitutes.com\/wp-content\/uploads\/2024\/09\/Private-Spanish-lessons_.jpg\" alt=\"Custom Product Image\" width=\"400\" height=\"400\" title=\"\">\n                 <\/div>\n\t   \n  <\/div>\n<style>\nbody {\nfont-family: Arial, sans-serif;\nmargin: 0;\npadding: 0;\nbackground-color: #f4f4f4;\n}\n\n.pricing-section {\n    display: flex;\n    align-items: center;\n    justify-content: center;\n    padding: 30px;\n    background: linear-gradient(135deg, #1c1e64, #5b6db8);\n    color: white;\n}\n\n.pricing-content {\nflex: 1;\npadding: 20px;\nmax-width: 50%;\n}\n\n.pricing-content h2 {\nfont-size: 36px;\nmargin-bottom: 20px;\n}\n\n.pricing-content ul {\nlist-style: none;\npadding: 0;\n}\n\n.pricing-content li {\nfont-size: 14px;\nmargin-bottom: 10px;\n}\n\n.pricing-content a {\ncolor: #96c8ff;\ntext-decoration: none;\n}\n\n.pricing-content a:hover {\ntext-decoration: underline;\n}\n\n.pricing-image {\nflex: 1;\nmax-width: 50%;\ndisplay: flex;\njustify-content: center;\nalign-items: center;\npadding: 20px;\n}\n\n.pricing-image img {\nmax-width: 100%;\nborder-radius: 10px;\n}\n\n\/* Responsive Design *\/\n@media (max-width: 768px) {\n.pricing-section {\nflex-direction: column;\ntext-align: center;\t\n}\n.pricing-content {\n    justify-items: center;\n}\n.pricing-content, .pricing-image {\nmax-width: 100%;\n}\n}\n#pricing-section-main .pricing-content h2 {\n    color: #ffffff;\n    font-size: 27px;\n}\n\n#pricing-section-main .pricing-content h3 {\n    color: #ffffff;\n    font-size: 17px;\n}\n\n.indented {\n    margin-left: 26px;\n}\n\n.pricing-content ul {\n    list-style: disc;\n}\n.pricing-content li {\n    text-align: left;\n    margin-bottom: 13px;\n}\n#pricing-section-main .pricing-content p {\n    font-size: 12px;\n}\n@media and (max-width: 768px){\ndiv#pricing-section-main {\n    padding: 20px;\n}\n}\ndiv#pricing-section-main {\n   margin-bottom: 20px;\n}\n\t.pricing-content h3 {\n    text-align: left!important;\n}\n\/* \t17-02-25 *\/\n\t.btn-grpp {\n    display: flex;\n}\na.btn-22 {\n    margin-left: 12px;\n}\n.pricing-image {\n    max-width: fit-content;\n}\n\t.btn-grpp button {\n    color: #020c1a;\n    border-radius: 3px;\n}\n<\/style>\n    <\/li>\n<\/ul>\n","protected":false},"excerpt":{"rendered":"<ul>\n<li>Tillg\u00e4nglig \u00e5ret runt<\/li>\n<li>fr\u00e5n <strong>31 \u20ac per timme<\/strong><\/li>\n<li>Samma pris f\u00f6r 1 elev eller 2 elever (en l\u00e4rare)<\/li>\n<li>Paket tillg\u00e4ngliga f\u00f6r 5, 10, 15 och 20 lektioner<\/li>\n<\/ul>\n<p>&nbsp;<\/p>\n","protected":false},"featured_media":23312,"comment_status":"closed","ping_status":"closed","template":"","meta":[],"product_brand":[],"product_cat":[418,275],"product_tag":[],"class_list":{"0":"post-15647","1":"product","2":"type-product","3":"status-publish","4":"has-post-thumbnail","6":"product_cat-kraftbanor-mallorca","7":"product_cat-mallorca-sv","9":"first","10":"instock","11":"shipping-taxable","12":"purchasable","13":"product-type-variable"},"_links":{"self":[{"href":"https:\/\/maxxinstitutes.com\/sv\/wp-json\/wp\/v2\/product\/15647","targetHints":{"allow":["GET"]}}],"collection":[{"href":"https:\/\/maxxinstitutes.com\/sv\/wp-json\/wp\/v2\/product"}],"about":[{"href":"https:\/\/maxxinstitutes.com\/sv\/wp-json\/wp\/v2\/types\/product"}],"replies":[{"embeddable":true,"href":"https:\/\/maxxinstitutes.com\/sv\/wp-json\/wp\/v2\/comments?post=15647"}],"wp:featuredmedia":[{"embeddable":true,"href":"https:\/\/maxxinstitutes.com\/sv\/wp-json\/wp\/v2\/media\/23312"}],"wp:attachment":[{"href":"https:\/\/maxxinstitutes.com\/sv\/wp-json\/wp\/v2\/media?parent=15647"}],"wp:term":[{"taxonomy":"product_brand","embeddable":true,"href":"https:\/\/maxxinstitutes.com\/sv\/wp-json\/wp\/v2\/product_brand?post=15647"},{"taxonomy":"product_cat","embeddable":true,"href":"https:\/\/maxxinstitutes.com\/sv\/wp-json\/wp\/v2\/product_cat?post=15647"},{"taxonomy":"product_tag","embeddable":true,"href":"https:\/\/maxxinstitutes.com\/sv\/wp-json\/wp\/v2\/product_tag?post=15647"}],"curies":[{"name":"wp","href":"https:\/\/api.w.org\/{rel}","templated":true}]}}