{"id":27904,"date":"2026-04-03T18:22:47","date_gmt":"2026-04-03T18:22:47","guid":{"rendered":"https:\/\/maxxinstitutes.com\/arbeta-med-oss\/"},"modified":"2026-04-03T23:02:50","modified_gmt":"2026-04-03T23:02:50","slug":"arbeta-med-oss","status":"publish","type":"page","link":"https:\/\/maxxinstitutes.com\/sv\/arbeta-med-oss\/","title":{"rendered":"Arbeta med oss"},"content":{"rendered":"\t\t<div data-elementor-type=\"wp-page\" data-elementor-id=\"27904\" class=\"elementor elementor-27904 elementor-27902\" data-elementor-post-type=\"page\">\n\t\t\t\t<div class=\"wd-negative-gap elementor-element elementor-element-93b53f5 e-flex e-con-boxed e-con e-parent\" data-id=\"93b53f5\" data-element_type=\"container\" data-e-type=\"container\">\n\t\t\t\t\t<div class=\"e-con-inner\">\n\t\t<div class=\"elementor-element elementor-element-981bb4a e-con-full e-flex e-con e-child\" data-id=\"981bb4a\" data-element_type=\"container\" data-e-type=\"container\">\n\t\t\t\t<div class=\"elementor-element elementor-element-b2ede46 elementor-widget elementor-widget-heading\" data-id=\"b2ede46\" data-element_type=\"widget\" data-e-type=\"widget\" data-widget_type=\"heading.default\">\n\t\t\t\t<div class=\"elementor-widget-container\">\n\t\t\t\t\t<h2 class=\"elementor-heading-title elementor-size-default\">Arbeta med oss<\/h2>\t\t\t\t<\/div>\n\t\t\t\t<\/div>\n\t\t\t\t<div class=\"elementor-element elementor-element-6bafa48 color-scheme-inherit text-left elementor-widget elementor-widget-text-editor\" data-id=\"6bafa48\" data-element_type=\"widget\" data-e-type=\"widget\" data-widget_type=\"text-editor.default\">\n\t\t\t\t<div class=\"elementor-widget-container\">\n\t\t\t\t\t\t\t\t\t<h3 data-section-id=\"ir5c9s\" data-start=\"219\" data-end=\"270\">Bli en del av v\u00e5rt internationella team p\u00e5 Mallorca &amp; Ibiza<\/h3><p data-start=\"272\" data-end=\"474\">P\u00e5 <strong data-start=\"275\" data-end=\"294\">MAXX Institutes<\/strong> \u00e4r vi mer \u00e4n bara en spr\u00e5kskola.<br data-start=\"336\" data-end=\"339\">Vi \u00e4r en plats d\u00e4r m\u00e4nniskor fr\u00e5n hela v\u00e4rlden m\u00f6ts f\u00f6r att <strong data-start=\"408\" data-end=\"473\">l\u00e4ra sig, utvecklas, knyta kontakter och uppleva livet i Medelhavsomr\u00e5det<\/strong>.<\/p><p data-start=\"476\" data-end=\"591\">Om du brinner f\u00f6r spr\u00e5k, m\u00e4nniskor och att skapa meningsfulla upplevelser &#8211; d\u00e5 vill vi g\u00e4rna h\u00f6ra fr\u00e5n dig.<\/p>\t\t\t\t\t\t\t\t<\/div>\n\t\t\t\t<\/div>\n\t\t\t\t<div class=\"elementor-element elementor-element-3c2c43f elementor-widget elementor-widget-button\" data-id=\"3c2c43f\" data-element_type=\"widget\" data-e-type=\"widget\" data-widget_type=\"button.default\">\n\t\t\t\t<div class=\"elementor-widget-container\">\n\t\t\t\t\t\t\t\t\t<div class=\"elementor-button-wrapper\">\n\t\t\t\t\t<a class=\"elementor-button elementor-button-link elementor-size-sm\" href=\"#addons\" application=\"\">\n\t\t\t\t\t\t<span class=\"elementor-button-content-wrapper\">\n\t\t\t\t\t\t\t\t\t<span class=\"elementor-button-text\">Ans\u00f6k nu!<\/span>\n\t\t\t\t\t<\/span>\n\t\t\t\t\t<\/a>\n\t\t\t\t<\/div>\n\t\t\t\t\t\t\t\t<\/div>\n\t\t\t\t<\/div>\n\t\t\t\t<\/div>\n\t\t<div class=\"elementor-element elementor-element-494d397 e-con-full e-flex e-con e-child\" data-id=\"494d397\" data-element_type=\"container\" data-e-type=\"container\">\n\t\t\t\t<div class=\"elementor-element elementor-element-e899671 elementor-widget elementor-widget-image\" data-id=\"e899671\" data-element_type=\"widget\" data-e-type=\"widget\" data-widget_type=\"image.default\">\n\t\t\t\t<div class=\"elementor-widget-container\">\n\t\t\t\t\t\t\t\t\t\t\t\t\t\t\t<img fetchpriority=\"high\" decoding=\"async\" width=\"515\" height=\"460\" src=\"https:\/\/maxxinstitutes.com\/wp-content\/uploads\/2024\/09\/Irene-Daniel-Founders.png\" class=\"attachment-full size-full wp-image-13951\" alt=\"\" srcset=\"https:\/\/maxxinstitutes.com\/wp-content\/uploads\/2024\/09\/Irene-Daniel-Founders.png 515w, https:\/\/maxxinstitutes.com\/wp-content\/uploads\/2024\/09\/Irene-Daniel-Founders-300x268.png 300w, https:\/\/maxxinstitutes.com\/wp-content\/uploads\/2024\/09\/Irene-Daniel-Founders-150x134.png 150w\" sizes=\"(max-width: 515px) 100vw, 515px\" title=\"\">\t\t\t\t\t\t\t\t\t\t\t\t\t\t\t<\/div>\n\t\t\t\t<\/div>\n\t\t\t\t<\/div>\n\t\t\t\t\t<\/div>\n\t\t\t\t<\/div>\n\t\t<div class=\"wd-negative-gap elementor-element elementor-element-9675eab e-flex e-con-boxed e-con e-parent\" data-id=\"9675eab\" data-element_type=\"container\" data-e-type=\"container\">\n\t\t\t\t\t<div class=\"e-con-inner\">\n\t\t\t\t<div class=\"elementor-element elementor-element-e32cb7d elementor-widget elementor-widget-heading\" data-id=\"e32cb7d\" data-element_type=\"widget\" data-e-type=\"widget\" data-widget_type=\"heading.default\">\n\t\t\t\t<div class=\"elementor-widget-container\">\n\t\t\t\t\t<h2 class=\"elementor-heading-title elementor-size-default\">Om oss<\/h2>\t\t\t\t<\/div>\n\t\t\t\t<\/div>\n\t\t\t\t\t<\/div>\n\t\t\t\t<\/div>\n\t\t<div class=\"wd-negative-gap elementor-element elementor-element-5264dbf e-flex e-con-boxed e-con e-parent\" data-id=\"5264dbf\" data-element_type=\"container\" data-e-type=\"container\">\n\t\t\t\t\t<div class=\"e-con-inner\">\n\t\t<div class=\"elementor-element elementor-element-3b0ba2f e-con-full e-flex e-con e-child\" data-id=\"3b0ba2f\" data-element_type=\"container\" data-e-type=\"container\">\n\t\t\t\t<div class=\"elementor-element elementor-element-ccab70f color-scheme-inherit text-left elementor-widget elementor-widget-text-editor\" data-id=\"ccab70f\" data-element_type=\"widget\" data-e-type=\"widget\" data-widget_type=\"text-editor.default\">\n\t\t\t\t<div class=\"elementor-widget-container\">\n\t\t\t\t\t\t\t\t\t<p data-start=\"614\" data-end=\"672\">Vi \u00e4r en internationell spr\u00e5kskola med anl\u00e4ggningar i:<\/p><p data-start=\"674\" data-end=\"713\">\ud83d\udccd <strong data-start=\"677\" data-end=\"698\">Palma de Mallorca<\/strong><br data-start=\"698\" data-end=\"701\">\ud83d\udccd <strong data-start=\"704\" data-end=\"713\">Ibiza<\/strong><\/p><p data-start=\"715\" data-end=\"890\">Sedan 2008 har vi v\u00e4lkomnat <strong data-start=\"744\" data-end=\"793\">tusentals studenter fr\u00e5n hela v\u00e4rlden<\/strong> och erbjuder h\u00f6gkvalitativa spanska och engelska program i en <strong data-start=\"851\" data-end=\"889\">modern milj\u00f6 med boutique-stil<\/strong>.<\/p><p data-start=\"892\" data-end=\"918\">V\u00e5ra skolor \u00e4r k\u00e4nda f\u00f6r:<\/p><ul data-start=\"919\" data-end=\"1116\"><li data-section-id=\"cxzm4t\" data-start=\"919\" data-end=\"950\">sm\u00e5, internationella grupper<\/li><li data-section-id=\"1q42jir\" data-start=\"951\" data-end=\"989\">en v\u00e4nlig och personlig atmosf\u00e4r<\/li><li data-section-id=\"v1h71s\" data-start=\"990\" data-end=\"1015\">h\u00f6g undervisningskvalitet<\/li><li data-section-id=\"1flfbqx\" data-start=\"1016\" data-end=\"1074\">ett starkt fokus p\u00e5 kommunikation och l\u00e4rande i verkliga livet<\/li><li data-section-id=\"g6pfgd\" data-start=\"1075\" data-end=\"1116\">ett livligt socialt och kulturellt program<\/li><\/ul><p data-start=\"1118\" data-end=\"1235\">Vi tror att det inte bara handlar om grammatik n\u00e4r man l\u00e4r sig ett spr\u00e5k &#8211; det handlar om <strong data-start=\"1193\" data-end=\"1234\">sj\u00e4lvf\u00f6rtroende, kontakter och erfarenhet.<\/strong><\/p>\t\t\t\t\t\t\t\t<\/div>\n\t\t\t\t<\/div>\n\t\t\t\t<\/div>\n\t\t\t\t\t<\/div>\n\t\t\t\t<\/div>\n\t\t<div class=\"wd-negative-gap elementor-element elementor-element-ba7feda e-flex e-con-boxed e-con e-parent\" data-id=\"ba7feda\" data-element_type=\"container\" data-e-type=\"container\">\n\t\t\t\t\t<div class=\"e-con-inner\">\n\t\t<div class=\"elementor-element elementor-element-8e12432 e-con-full e-flex e-con e-child\" data-id=\"8e12432\" data-element_type=\"container\" data-e-type=\"container\">\n\t\t\t\t<div class=\"elementor-element elementor-element-af1de4b elementor-widget elementor-widget-video\" data-id=\"af1de4b\" data-element_type=\"widget\" data-e-type=\"widget\" data-settings=\"{&quot;youtube_url&quot;:&quot;https:\\\/\\\/youtube.com\\\/shorts\\\/awyNf9JI39s?si=XMdGTKNjJVlYm3f4&quot;,&quot;video_type&quot;:&quot;youtube&quot;,&quot;controls&quot;:&quot;yes&quot;}\" data-widget_type=\"video.default\">\n\t\t\t\t<div class=\"elementor-widget-container\">\n\t\t\t\t\t\t\t<div class=\"elementor-wrapper elementor-open-inline\">\n\t\t\t<div class=\"elementor-video\"><\/div>\t\t<\/div>\n\t\t\t\t\t\t<\/div>\n\t\t\t\t<\/div>\n\t\t\t\t<\/div>\n\t\t<div class=\"elementor-element elementor-element-f42ba34 e-con-full e-flex e-con e-child\" data-id=\"f42ba34\" data-element_type=\"container\" data-e-type=\"container\">\n\t\t\t\t<div class=\"elementor-element elementor-element-b16c4ba elementor-widget elementor-widget-video\" data-id=\"b16c4ba\" data-element_type=\"widget\" data-e-type=\"widget\" data-settings=\"{&quot;youtube_url&quot;:&quot;https:\\\/\\\/youtu.be\\\/_gmb-ZVe5eY?si=Hgl0N0WB3v7724ii&quot;,&quot;video_type&quot;:&quot;youtube&quot;,&quot;controls&quot;:&quot;yes&quot;}\" data-widget_type=\"video.default\">\n\t\t\t\t<div class=\"elementor-widget-container\">\n\t\t\t\t\t\t\t<div class=\"elementor-wrapper elementor-open-inline\">\n\t\t\t<div class=\"elementor-video\"><\/div>\t\t<\/div>\n\t\t\t\t\t\t<\/div>\n\t\t\t\t<\/div>\n\t\t\t\t<\/div>\n\t\t\t\t\t<\/div>\n\t\t\t\t<\/div>\n\t\t<div class=\"wd-negative-gap elementor-element elementor-element-2ded66a e-flex e-con-boxed e-con e-parent\" data-id=\"2ded66a\" data-element_type=\"container\" data-e-type=\"container\">\n\t\t\t\t\t<div class=\"e-con-inner\">\n\t\t\t\t<div class=\"elementor-element elementor-element-dbb96a8 elementor-widget elementor-widget-spacer\" data-id=\"dbb96a8\" data-element_type=\"widget\" data-e-type=\"widget\" data-widget_type=\"spacer.default\">\n\t\t\t\t<div class=\"elementor-widget-container\">\n\t\t\t\t\t\t\t<div class=\"elementor-spacer\">\n\t\t\t<div class=\"elementor-spacer-inner\"><\/div>\n\t\t<\/div>\n\t\t\t\t\t\t<\/div>\n\t\t\t\t<\/div>\n\t\t\t\t<div class=\"elementor-element elementor-element-0064d5f elementor-widget elementor-widget-heading\" data-id=\"0064d5f\" data-element_type=\"widget\" data-e-type=\"widget\" data-widget_type=\"heading.default\">\n\t\t\t\t<div class=\"elementor-widget-container\">\n\t\t\t\t\t<h2 class=\"elementor-heading-title elementor-size-default\">Varf\u00f6r arbeta med oss?<\/h2>\t\t\t\t<\/div>\n\t\t\t\t<\/div>\n\t\t\t\t\t<\/div>\n\t\t\t\t<\/div>\n\t\t<div class=\"wd-negative-gap elementor-element elementor-element-8d236c8 e-flex e-con-boxed e-con e-parent\" data-id=\"8d236c8\" data-element_type=\"container\" data-e-type=\"container\">\n\t\t\t\t\t<div class=\"e-con-inner\">\n\t\t\t\t<div class=\"elementor-element elementor-element-d8bf571 color-scheme-inherit text-left elementor-widget elementor-widget-text-editor\" data-id=\"d8bf571\" data-element_type=\"widget\" data-e-type=\"widget\" data-widget_type=\"text-editor.default\">\n\t\t\t\t<div class=\"elementor-widget-container\">\n\t\t\t\t\t\t\t\t\t<p data-start=\"1266\" data-end=\"1332\">Att arbeta p\u00e5 MAXX Institutes inneb\u00e4r att vara en del av ett team som v\u00e4rdes\u00e4tter:<\/p><p data-start=\"1334\" data-end=\"1415\"> <\/p>\t\t\t\t\t\t\t\t<\/div>\n\t\t\t\t<\/div>\n\t\t\t\t\t<\/div>\n\t\t\t\t<\/div>\n\t\t<div class=\"wd-negative-gap elementor-element elementor-element-78f9e47 e-flex e-con-boxed e-con e-parent\" data-id=\"78f9e47\" data-element_type=\"container\" data-e-type=\"container\">\n\t\t\t\t\t<div class=\"e-con-inner\">\n\t\t<div class=\"elementor-element elementor-element-a11eeed e-con-full e-flex e-con e-child\" data-id=\"a11eeed\" data-element_type=\"container\" data-e-type=\"container\">\n\t\t\t\t<div class=\"elementor-element elementor-element-c783661 elementor-view-default elementor-position-block-start elementor-mobile-position-block-start elementor-widget elementor-widget-icon-box\" data-id=\"c783661\" data-element_type=\"widget\" data-e-type=\"widget\" data-widget_type=\"icon-box.default\">\n\t\t\t\t<div class=\"elementor-widget-container\">\n\t\t\t\t\t\t\t<div class=\"elementor-icon-box-wrapper\">\n\n\t\t\t\t\t\t<div class=\"elementor-icon-box-icon\">\n\t\t\t\t<span  class=\"elementor-icon\">\n\t\t\t\t<svg aria-hidden=\"true\" class=\"e-font-icon-svg e-fas-star\" viewBox=\"0 0 576 512\" xmlns=\"http:\/\/www.w3.org\/2000\/svg\"><path d=\"M259.3 17.8L194 150.2 47.9 171.5c-26.2 3.8-36.7 36.1-17.7 54.6l105.7 103-25 145.5c-4.5 26.3 23.2 46 46.4 33.7L288 439.6l130.7 68.7c23.2 12.2 50.9-7.4 46.4-33.7l-25-145.5 105.7-103c19-18.5 8.5-50.8-17.7-54.6L382 150.2 316.7 17.8c-11.7-23.6-45.6-23.9-57.4 0z\"><\/path><\/svg>\t\t\t\t<\/span>\n\t\t\t<\/div>\n\t\t\t\n\t\t\t\t\t\t<div class=\"elementor-icon-box-content\">\n\n\t\t\t\t\t\t\t\t\t<h3 class=\"elementor-icon-box-title\">\n\t\t\t\t\t\t<span  >\n\t\t\t\t\t\t\tPositiv atmosf\u00e4r\t\t\t\t\t\t<\/span>\n\t\t\t\t\t<\/h3>\n\t\t\t\t\n\t\t\t\t\t\t\t\t\t<p class=\"elementor-icon-box-description\">\n\t\t\t\t\t\tEn st\u00f6djande, v\u00e4nlig och internationell milj\u00f6\t\t\t\t\t<\/p>\n\t\t\t\t\n\t\t\t<\/div>\n\t\t\t\n\t\t<\/div>\n\t\t\t\t\t\t<\/div>\n\t\t\t\t<\/div>\n\t\t\t\t<\/div>\n\t\t<div class=\"elementor-element elementor-element-4644ed4 e-con-full e-flex e-con e-child\" data-id=\"4644ed4\" data-element_type=\"container\" data-e-type=\"container\">\n\t\t\t\t<div class=\"elementor-element elementor-element-d48be72 elementor-view-default elementor-position-block-start elementor-mobile-position-block-start elementor-widget elementor-widget-icon-box\" data-id=\"d48be72\" data-element_type=\"widget\" data-e-type=\"widget\" data-widget_type=\"icon-box.default\">\n\t\t\t\t<div class=\"elementor-widget-container\">\n\t\t\t\t\t\t\t<div class=\"elementor-icon-box-wrapper\">\n\n\t\t\t\t\t\t<div class=\"elementor-icon-box-icon\">\n\t\t\t\t<span  class=\"elementor-icon\">\n\t\t\t\t<svg aria-hidden=\"true\" class=\"e-font-icon-svg e-fas-star\" viewBox=\"0 0 576 512\" xmlns=\"http:\/\/www.w3.org\/2000\/svg\"><path d=\"M259.3 17.8L194 150.2 47.9 171.5c-26.2 3.8-36.7 36.1-17.7 54.6l105.7 103-25 145.5c-4.5 26.3 23.2 46 46.4 33.7L288 439.6l130.7 68.7c23.2 12.2 50.9-7.4 46.4-33.7l-25-145.5 105.7-103c19-18.5 8.5-50.8-17.7-54.6L382 150.2 316.7 17.8c-11.7-23.6-45.6-23.9-57.4 0z\"><\/path><\/svg>\t\t\t\t<\/span>\n\t\t\t<\/div>\n\t\t\t\n\t\t\t\t\t\t<div class=\"elementor-icon-box-content\">\n\n\t\t\t\t\t\t\t\t\t<h3 class=\"elementor-icon-box-title\">\n\t\t\t\t\t\t<span  >\n\t\t\t\t\t\t\tKulturellt utbyte\t\t\t\t\t\t<\/span>\n\t\t\t\t\t<\/h3>\n\t\t\t\t\n\t\t\t\t\t\t\t\t\t<p class=\"elementor-icon-box-description\">\n\t\t\t\t\t\tArbeta med studenter och kollegor fr\u00e5n hela v\u00e4rlden\t\t\t\t\t<\/p>\n\t\t\t\t\n\t\t\t<\/div>\n\t\t\t\n\t\t<\/div>\n\t\t\t\t\t\t<\/div>\n\t\t\t\t<\/div>\n\t\t\t\t<\/div>\n\t\t<div class=\"elementor-element elementor-element-7fdca53 e-con-full e-flex e-con e-child\" data-id=\"7fdca53\" data-element_type=\"container\" data-e-type=\"container\">\n\t\t\t\t<div class=\"elementor-element elementor-element-4b8a0ea elementor-view-default elementor-position-block-start elementor-mobile-position-block-start elementor-widget elementor-widget-icon-box\" data-id=\"4b8a0ea\" data-element_type=\"widget\" data-e-type=\"widget\" data-widget_type=\"icon-box.default\">\n\t\t\t\t<div class=\"elementor-widget-container\">\n\t\t\t\t\t\t\t<div class=\"elementor-icon-box-wrapper\">\n\n\t\t\t\t\t\t<div class=\"elementor-icon-box-icon\">\n\t\t\t\t<span  class=\"elementor-icon\">\n\t\t\t\t<svg aria-hidden=\"true\" class=\"e-font-icon-svg e-fas-star\" viewBox=\"0 0 576 512\" xmlns=\"http:\/\/www.w3.org\/2000\/svg\"><path d=\"M259.3 17.8L194 150.2 47.9 171.5c-26.2 3.8-36.7 36.1-17.7 54.6l105.7 103-25 145.5c-4.5 26.3 23.2 46 46.4 33.7L288 439.6l130.7 68.7c23.2 12.2 50.9-7.4 46.4-33.7l-25-145.5 105.7-103c19-18.5 8.5-50.8-17.7-54.6L382 150.2 316.7 17.8c-11.7-23.6-45.6-23.9-57.4 0z\"><\/path><\/svg>\t\t\t\t<\/span>\n\t\t\t<\/div>\n\t\t\t\n\t\t\t\t\t\t<div class=\"elementor-icon-box-content\">\n\n\t\t\t\t\t\t\t\t\t<h3 class=\"elementor-icon-box-title\">\n\t\t\t\t\t\t<span  >\n\t\t\t\t\t\t\tProfessionell utveckling\t\t\t\t\t\t<\/span>\n\t\t\t\t\t<\/h3>\n\t\t\t\t\n\t\t\t\t\t\t\t\t\t<p class=\"elementor-icon-box-description\">\n\t\t\t\t\t\tM\u00f6jligheter att utveckla dina f\u00e4rdigheter och f\u00e5 erfarenhet\t\t\t\t\t<\/p>\n\t\t\t\t\n\t\t\t<\/div>\n\t\t\t\n\t\t<\/div>\n\t\t\t\t\t\t<\/div>\n\t\t\t\t<\/div>\n\t\t\t\t<\/div>\n\t\t<div class=\"elementor-element elementor-element-f1c1709 e-con-full e-flex e-con e-child\" data-id=\"f1c1709\" data-element_type=\"container\" data-e-type=\"container\">\n\t\t\t\t<div class=\"elementor-element elementor-element-7062be4 elementor-view-default elementor-position-block-start elementor-mobile-position-block-start elementor-widget elementor-widget-icon-box\" data-id=\"7062be4\" data-element_type=\"widget\" data-e-type=\"widget\" data-widget_type=\"icon-box.default\">\n\t\t\t\t<div class=\"elementor-widget-container\">\n\t\t\t\t\t\t\t<div class=\"elementor-icon-box-wrapper\">\n\n\t\t\t\t\t\t<div class=\"elementor-icon-box-icon\">\n\t\t\t\t<span  class=\"elementor-icon\">\n\t\t\t\t<svg aria-hidden=\"true\" class=\"e-font-icon-svg e-fas-star\" viewBox=\"0 0 576 512\" xmlns=\"http:\/\/www.w3.org\/2000\/svg\"><path d=\"M259.3 17.8L194 150.2 47.9 171.5c-26.2 3.8-36.7 36.1-17.7 54.6l105.7 103-25 145.5c-4.5 26.3 23.2 46 46.4 33.7L288 439.6l130.7 68.7c23.2 12.2 50.9-7.4 46.4-33.7l-25-145.5 105.7-103c19-18.5 8.5-50.8-17.7-54.6L382 150.2 316.7 17.8c-11.7-23.6-45.6-23.9-57.4 0z\"><\/path><\/svg>\t\t\t\t<\/span>\n\t\t\t<\/div>\n\t\t\t\n\t\t\t\t\t\t<div class=\"elementor-icon-box-content\">\n\n\t\t\t\t\t\t\t\t\t<h3 class=\"elementor-icon-box-title\">\n\t\t\t\t\t\t<span  >\n\t\t\t\t\t\t\tLivsstil\t\t\t\t\t\t<\/span>\n\t\t\t\t\t<\/h3>\n\t\t\t\t\n\t\t\t\t\t\t\t\t\t<p class=\"elementor-icon-box-description\">\n\t\t\t\t\t\tBo och arbeta p\u00e5 en av Europas vackraste destinationer\t\t\t\t\t<\/p>\n\t\t\t\t\n\t\t\t<\/div>\n\t\t\t\n\t\t<\/div>\n\t\t\t\t\t\t<\/div>\n\t\t\t\t<\/div>\n\t\t\t\t<\/div>\n\t\t\t\t\t<\/div>\n\t\t\t\t<\/div>\n\t\t<div class=\"wd-negative-gap elementor-element elementor-element-12fbaf0 e-flex e-con-boxed e-con e-parent\" data-id=\"12fbaf0\" data-element_type=\"container\" data-e-type=\"container\">\n\t\t\t\t\t<div class=\"e-con-inner\">\n\t\t\t\t<div class=\"elementor-element elementor-element-cb95d76 elementor-widget elementor-widget-spacer\" data-id=\"cb95d76\" data-element_type=\"widget\" data-e-type=\"widget\" data-widget_type=\"spacer.default\">\n\t\t\t\t<div class=\"elementor-widget-container\">\n\t\t\t\t\t\t\t<div class=\"elementor-spacer\">\n\t\t\t<div class=\"elementor-spacer-inner\"><\/div>\n\t\t<\/div>\n\t\t\t\t\t\t<\/div>\n\t\t\t\t<\/div>\n\t\t\t\t\t<\/div>\n\t\t\t\t<\/div>\n\t\t<div class=\"wd-negative-gap elementor-element elementor-element-72af4e6 e-flex e-con-boxed e-con e-parent\" data-id=\"72af4e6\" data-element_type=\"container\" data-e-type=\"container\">\n\t\t\t\t\t<div class=\"e-con-inner\">\n\t\t<div class=\"elementor-element elementor-element-d630aa6 e-con-full e-flex e-con e-child\" data-id=\"d630aa6\" data-element_type=\"container\" data-e-type=\"container\">\n\t\t\t\t<div class=\"elementor-element elementor-element-b16a6cb color-scheme-inherit text-left elementor-widget elementor-widget-text-editor\" data-id=\"b16a6cb\" data-element_type=\"widget\" data-e-type=\"widget\" data-widget_type=\"text-editor.default\">\n\t\t\t\t<div class=\"elementor-widget-container\">\n\t\t\t\t\t\t\t\t\t<h2 data-section-id=\"19xc0wr\" data-start=\"1751\" data-end=\"1781\">Vem vi letar efter<\/h2><p data-start=\"1783\" data-end=\"1863\">Vi \u00e4r alltid glada \u00f6ver att f\u00e5 kontakt med motiverade och passionerade m\u00e4nniskor, s\u00e4rskilt:<\/p><h3 data-section-id=\"1ef3gwp\" data-start=\"1865\" data-end=\"1877\">L\u00e4rare<\/h3><ul data-start=\"1878\" data-end=\"2049\"><li data-section-id=\"q3d1y\" data-start=\"1878\" data-end=\"1909\">Inf\u00f6dd eller n\u00e4stan inf\u00f6dd niv\u00e5<\/li><li data-section-id=\"1nula6z\" data-start=\"1910\" data-end=\"1955\">Erfarenhet av att undervisa i spanska eller engelska<\/li><li data-section-id=\"xf8jgv\" data-start=\"1956\" data-end=\"1997\">Dynamisk, kommunikativ undervisningsstil<\/li><li data-section-id=\"qaj32h\" data-start=\"1998\" data-end=\"2049\">Passion f\u00f6r att arbeta med internationella studenter<\/li><\/ul><h3 data-section-id=\"1fl8gu2\" data-start=\"2051\" data-end=\"2087\">Administrativt st\u00f6d &amp; studentst\u00f6d<\/h3><ul data-start=\"2088\" data-end=\"2209\"><li data-section-id=\"14fnmj2\" data-start=\"2088\" data-end=\"2125\">Organiserad, v\u00e4nlig och proaktiv<\/li><li data-section-id=\"1o55tix\" data-start=\"2126\" data-end=\"2157\">God kommunikationsf\u00f6rm\u00e5ga<\/li><li data-section-id=\"1mcuf2e\" data-start=\"2158\" data-end=\"2209\">Flerspr\u00e5kig (engelska kr\u00e4vs, spanska \u00e4r ett plus)<\/li><\/ul><h3 data-section-id=\"m4ocy8\" data-start=\"2211\" data-end=\"2246\">Koordinatorer f\u00f6r aktiviteter och program<\/h3><ul data-start=\"2247\" data-end=\"2363\"><li data-section-id=\"5q9gwp\" data-start=\"2247\" data-end=\"2285\">Ut\u00e5triktad och energisk personlighet<\/li><li data-section-id=\"wkmre8\" data-start=\"2286\" data-end=\"2315\">Tycker om att arbeta med grupper<\/li><li data-section-id=\"1g1a19v\" data-start=\"2316\" data-end=\"2363\">Passion f\u00f6r kultur, evenemang och upplevelser<\/li><\/ul>\t\t\t\t\t\t\t\t<\/div>\n\t\t\t\t<\/div>\n\t\t\t\t<\/div>\n\t\t<div class=\"elementor-element elementor-element-d7ad571 e-con-full e-flex e-con e-child\" data-id=\"d7ad571\" data-element_type=\"container\" data-e-type=\"container\">\n\t\t\t\t<div class=\"elementor-element elementor-element-040c775 elementor-widget elementor-widget-image\" data-id=\"040c775\" data-element_type=\"widget\" data-e-type=\"widget\" data-widget_type=\"image.default\">\n\t\t\t\t<div class=\"elementor-widget-container\">\n\t\t\t\t\t\t\t\t\t\t\t\t\t\t\t<img decoding=\"async\" width=\"819\" height=\"1024\" src=\"https:\/\/maxxinstitutes.com\/wp-content\/uploads\/2026\/04\/visit-ibiza-5-819x1024.png\" class=\"attachment-large size-large wp-image-27947\" alt=\"\" srcset=\"https:\/\/maxxinstitutes.com\/wp-content\/uploads\/2026\/04\/visit-ibiza-5-819x1024.png 819w, https:\/\/maxxinstitutes.com\/wp-content\/uploads\/2026\/04\/visit-ibiza-5-240x300.png 240w, https:\/\/maxxinstitutes.com\/wp-content\/uploads\/2026\/04\/visit-ibiza-5-768x960.png 768w, https:\/\/maxxinstitutes.com\/wp-content\/uploads\/2026\/04\/visit-ibiza-5-480x600.png 480w, https:\/\/maxxinstitutes.com\/wp-content\/uploads\/2026\/04\/visit-ibiza-5-600x750.png 600w, https:\/\/maxxinstitutes.com\/wp-content\/uploads\/2026\/04\/visit-ibiza-5-150x188.png 150w, https:\/\/maxxinstitutes.com\/wp-content\/uploads\/2026\/04\/visit-ibiza-5.png 1080w\" sizes=\"(max-width: 819px) 100vw, 819px\" title=\"\">\t\t\t\t\t\t\t\t\t\t\t\t\t\t\t<\/div>\n\t\t\t\t<\/div>\n\t\t\t\t<\/div>\n\t\t\t\t\t<\/div>\n\t\t\t\t<\/div>\n\t\t<div class=\"wd-negative-gap elementor-element elementor-element-c5dcb3e e-flex e-con-boxed e-con e-parent\" data-id=\"c5dcb3e\" data-element_type=\"container\" data-e-type=\"container\">\n\t\t\t\t\t<div class=\"e-con-inner\">\n\t\t\t\t<div class=\"elementor-element elementor-element-63ca8f1 color-scheme-inherit text-left elementor-widget elementor-widget-text-editor\" data-id=\"63ca8f1\" data-element_type=\"widget\" data-e-type=\"widget\" data-widget_type=\"text-editor.default\">\n\t\t\t\t<div class=\"elementor-widget-container\">\n\t\t\t\t\t\t\t\t\t<h2 data-section-id=\"125sabq\" data-start=\"3063\" data-end=\"3082\">Bli en del av v\u00e5rt team<\/h2><p data-start=\"3084\" data-end=\"3117\">Vi \u00e4r alltid \u00f6ppna f\u00f6r nya talanger.<\/p><p data-start=\"3119\" data-end=\"3219\">Om du k\u00e4nner att du delar v\u00e5ra v\u00e4rderingar och vill bli en del av v\u00e5rt team, skicka in din ans\u00f6kan till oss:<\/p><ul><li data-start=\"3221\" data-end=\"3301\">CV<\/li><li data-start=\"3221\" data-end=\"3301\">Kort introduktion<\/li><li data-start=\"3221\" data-end=\"3301\">Din \u00f6nskade plats (Mallorca eller Ibiza)<\/li><\/ul><p data-start=\"3322\" data-end=\"3361\">Vi ser fram emot att h\u00f6ra fr\u00e5n dig! \ud83d\ude0a<\/p>\t\t\t\t\t\t\t\t<\/div>\n\t\t\t\t<\/div>\n\t\t\t\t\t<\/div>\n\t\t\t\t<\/div>\n\t\t<div class=\"wd-negative-gap elementor-element elementor-element-e77b2c3 e-flex e-con-boxed e-con e-parent\" data-id=\"e77b2c3\" data-element_type=\"container\" data-e-type=\"container\">\n\t\t\t\t\t<div class=\"e-con-inner\">\n\t\t\t\t<div class=\"elementor-element elementor-element-ad48de5 elementor-widget elementor-widget-html\" data-id=\"ad48de5\" data-element_type=\"widget\" data-e-type=\"widget\" data-widget_type=\"html.default\">\n\t\t\t\t<div class=\"elementor-widget-container\">\n\t\t\t\t\t<a id=\"addons\"\/>\t\t\t\t<\/div>\n\t\t\t\t<\/div>\n\t\t\t\t\t<\/div>\n\t\t\t\t<\/div>\n\t\t<div class=\"wd-negative-gap elementor-element elementor-element-c31176d e-flex e-con-boxed e-con e-parent\" data-id=\"c31176d\" data-element_type=\"container\" data-e-type=\"container\">\n\t\t\t\t\t<div class=\"e-con-inner\">\n\t\t\t\t<div class=\"elementor-element elementor-element-3565f85 elementor-widget elementor-widget-html\" data-id=\"3565f85\" data-element_type=\"widget\" data-e-type=\"widget\" data-widget_type=\"html.default\">\n\t\t\t\t<div class=\"elementor-widget-container\">\n\t\t\t\t\t<script type=\"text\/javascript\" src=\"https:\/\/form.jotform.com\/jsform\/260926360819059\"><\/script>\t\t\t\t<\/div>\n\t\t\t\t<\/div>\n\t\t\t\t\t<\/div>\n\t\t\t\t<\/div>\n\t\t\t\t<\/div>\n\t\t","protected":false},"excerpt":{"rendered":"<p>Arbeta med oss Bli en del av v\u00e5rt internationella team p\u00e5 Mallorca &amp; Ibiza P\u00e5 MAXX Institutes \u00e4r vi mer<\/p>\n","protected":false},"author":4,"featured_media":0,"parent":0,"menu_order":0,"comment_status":"closed","ping_status":"closed","template":"","meta":{"two_page_speed":[],"footnotes":""},"class_list":["post-27904","page","type-page","status-publish","hentry"],"_links":{"self":[{"href":"https:\/\/maxxinstitutes.com\/sv\/wp-json\/wp\/v2\/pages\/27904","targetHints":{"allow":["GET"]}}],"collection":[{"href":"https:\/\/maxxinstitutes.com\/sv\/wp-json\/wp\/v2\/pages"}],"about":[{"href":"https:\/\/maxxinstitutes.com\/sv\/wp-json\/wp\/v2\/types\/page"}],"author":[{"embeddable":true,"href":"https:\/\/maxxinstitutes.com\/sv\/wp-json\/wp\/v2\/users\/4"}],"replies":[{"embeddable":true,"href":"https:\/\/maxxinstitutes.com\/sv\/wp-json\/wp\/v2\/comments?post=27904"}],"version-history":[{"count":4,"href":"https:\/\/maxxinstitutes.com\/sv\/wp-json\/wp\/v2\/pages\/27904\/revisions"}],"predecessor-version":[{"id":28004,"href":"https:\/\/maxxinstitutes.com\/sv\/wp-json\/wp\/v2\/pages\/27904\/revisions\/28004"}],"wp:attachment":[{"href":"https:\/\/maxxinstitutes.com\/sv\/wp-json\/wp\/v2\/media?parent=27904"}],"curies":[{"name":"wp","href":"https:\/\/api.w.org\/{rel}","templated":true}]}}