{"id":26482,"date":"2025-12-12T20:18:17","date_gmt":"2025-12-12T20:18:17","guid":{"rendered":"https:\/\/maxxinstitutes.com\/island-hopper\/"},"modified":"2026-01-23T18:26:10","modified_gmt":"2026-01-23T18:26:10","slug":"island-hopper","status":"publish","type":"page","link":"https:\/\/maxxinstitutes.com\/sv\/island-hopper\/","title":{"rendered":"Island Hopper"},"content":{"rendered":"\t\t<div data-elementor-type=\"wp-page\" data-elementor-id=\"26482\" class=\"elementor elementor-26482 elementor-26479\" data-elementor-post-type=\"page\">\n\t\t\t\t<div class=\"elementor-element elementor-element-5cde4cd e-flex e-con-boxed e-con e-parent\" data-id=\"5cde4cd\" data-element_type=\"container\" data-e-type=\"container\">\n\t\t\t\t\t<div class=\"e-con-inner\">\n\t\t\t\t<div class=\"elementor-element elementor-element-9f21fcb elementor-widget elementor-widget-heading\" data-id=\"9f21fcb\" data-element_type=\"widget\" data-e-type=\"widget\" data-widget_type=\"heading.default\">\n\t\t\t\t<div class=\"elementor-widget-container\">\n\t\t\t\t\t<h2 class=\"elementor-heading-title elementor-size-default\">Island Hopper-program<\/h2>\t\t\t\t<\/div>\n\t\t\t\t<\/div>\n\t\t\t\t\t<\/div>\n\t\t\t\t<\/div>\n\t\t<div class=\"elementor-element elementor-element-2a32a36 e-con-full e-flex e-con e-parent\" data-id=\"2a32a36\" data-element_type=\"container\" data-e-type=\"container\">\n\t\t\t\t<div class=\"elementor-element elementor-element-741f8e0 elementor-widget elementor-widget-heading\" data-id=\"741f8e0\" data-element_type=\"widget\" data-e-type=\"widget\" data-widget_type=\"heading.default\">\n\t\t\t\t<div class=\"elementor-widget-container\">\n\t\t\t\t\t<h2 class=\"elementor-heading-title elementor-size-default\">Mallorca &amp; Ibiza - Tv\u00e5 \u00f6ar. En spansk upplevelse. <\/h2>\t\t\t\t<\/div>\n\t\t\t\t<\/div>\n\t\t\t\t<div class=\"elementor-element elementor-element-a38a1a5 color-scheme-inherit text-left elementor-widget elementor-widget-text-editor\" data-id=\"a38a1a5\" data-element_type=\"widget\" data-e-type=\"widget\" data-widget_type=\"text-editor.default\">\n\t\t\t\t<div class=\"elementor-widget-container\">\n\t\t\t\t\t\t\t\t\t<p data-start=\"363\" data-end=\"419\">Varf\u00f6r v\u00e4lja bara en \u00f6 n\u00e4r du kan uppleva b\u00e5da?<\/p><p data-start=\"421\" data-end=\"692\">Med MAXX Institutes <strong data-start=\"425\" data-end=\"450\">Island Hopper-program<\/strong> kan du <strong data-start=\"484\" data-end=\"533\">kombinera spanskkurser p\u00e5 Mallorca och Ibiza i<\/strong> en enda s\u00f6ml\u00f6s inl\u00e4rningsupplevelse.<br data-start=\"574\" data-end=\"577\">Studera spanska, byt landskap och uppt\u00e4ck tv\u00e5 unika livsstilar i Medelhavsomr\u00e5det &#8211; utan att avbryta din kurs.<\/p>\t\t\t\t\t\t\t\t<\/div>\n\t\t\t\t<\/div>\n\t\t\t\t<div class=\"elementor-element elementor-element-b9adf8d elementor-widget elementor-widget-video\" data-id=\"b9adf8d\" data-element_type=\"widget\" data-e-type=\"widget\" data-settings=\"{&quot;youtube_url&quot;:&quot;https:\\\/\\\/www.youtube.com\\\/watch?v=1UUOns6wAjU&quot;,&quot;autoplay&quot;:&quot;yes&quot;,&quot;mute&quot;:&quot;yes&quot;,&quot;loop&quot;:&quot;yes&quot;,&quot;video_type&quot;:&quot;youtube&quot;,&quot;controls&quot;:&quot;yes&quot;}\" data-widget_type=\"video.default\">\n\t\t\t\t<div class=\"elementor-widget-container\">\n\t\t\t\t\t\t\t<div class=\"elementor-wrapper elementor-open-inline\">\n\t\t\t<div class=\"elementor-video\"><\/div>\t\t<\/div>\n\t\t\t\t\t\t<\/div>\n\t\t\t\t<\/div>\n\t\t\t\t<div class=\"elementor-element elementor-element-18dc5d0 elementor-widget elementor-widget-spacer\" data-id=\"18dc5d0\" data-element_type=\"widget\" data-e-type=\"widget\" data-widget_type=\"spacer.default\">\n\t\t\t\t<div class=\"elementor-widget-container\">\n\t\t\t\t\t\t\t<div class=\"elementor-spacer\">\n\t\t\t<div class=\"elementor-spacer-inner\"><\/div>\n\t\t<\/div>\n\t\t\t\t\t\t<\/div>\n\t\t\t\t<\/div>\n\t\t\t\t<div class=\"elementor-element elementor-element-57aaabf elementor-widget elementor-widget-heading\" data-id=\"57aaabf\" data-element_type=\"widget\" data-e-type=\"widget\" data-widget_type=\"heading.default\">\n\t\t\t\t<div class=\"elementor-widget-container\">\n\t\t\t\t\t<h2 class=\"elementor-heading-title elementor-size-default\">Tv\u00e5 \u00f6ar, tv\u00e5 vibbar<\/h2>\t\t\t\t<\/div>\n\t\t\t\t<\/div>\n\t\t\t\t<\/div>\n\t\t<div class=\"elementor-element elementor-element-9cf0c5d e-flex e-con-boxed e-con e-parent\" data-id=\"9cf0c5d\" data-element_type=\"container\" data-e-type=\"container\">\n\t\t\t\t\t<div class=\"e-con-inner\">\n\t\t<div class=\"elementor-element elementor-element-427cd27 e-con-full e-flex e-con e-child\" data-id=\"427cd27\" data-element_type=\"container\" data-e-type=\"container\">\n\t\t\t\t<div class=\"elementor-element elementor-element-fe78245 elementor-widget elementor-widget-heading\" data-id=\"fe78245\" data-element_type=\"widget\" data-e-type=\"widget\" data-widget_type=\"heading.default\">\n\t\t\t\t<div class=\"elementor-widget-container\">\n\t\t\t\t\t<h2 class=\"elementor-heading-title elementor-size-default\">Mallorca<\/h2>\t\t\t\t<\/div>\n\t\t\t\t<\/div>\n\t\t\t\t<div class=\"elementor-element elementor-element-471619d elementor-widget elementor-widget-image\" data-id=\"471619d\" data-element_type=\"widget\" data-e-type=\"widget\" data-widget_type=\"image.default\">\n\t\t\t\t<div class=\"elementor-widget-container\">\n\t\t\t\t\t\t\t\t\t\t\t\t\t\t\t<img fetchpriority=\"high\" decoding=\"async\" width=\"1024\" height=\"450\" src=\"https:\/\/maxxinstitutes.com\/wp-content\/uploads\/2025\/12\/2-1024x450.png\" class=\"attachment-large size-large wp-image-26512\" alt=\"\" srcset=\"https:\/\/maxxinstitutes.com\/wp-content\/uploads\/2025\/12\/2-1024x450.png 1024w, https:\/\/maxxinstitutes.com\/wp-content\/uploads\/2025\/12\/2-300x132.png 300w, https:\/\/maxxinstitutes.com\/wp-content\/uploads\/2025\/12\/2-768x337.png 768w, https:\/\/maxxinstitutes.com\/wp-content\/uploads\/2025\/12\/2-1536x674.png 1536w, https:\/\/maxxinstitutes.com\/wp-content\/uploads\/2025\/12\/2-2048x899.png 2048w, https:\/\/maxxinstitutes.com\/wp-content\/uploads\/2025\/12\/2-600x263.png 600w, https:\/\/maxxinstitutes.com\/wp-content\/uploads\/2025\/12\/2-150x66.png 150w\" sizes=\"(max-width: 1024px) 100vw, 1024px\" title=\"\">\t\t\t\t\t\t\t\t\t\t\t\t\t\t\t<\/div>\n\t\t\t\t<\/div>\n\t\t\t\t<div class=\"elementor-element elementor-element-2824b34 color-scheme-inherit text-left elementor-widget elementor-widget-text-editor\" data-id=\"2824b34\" data-element_type=\"widget\" data-e-type=\"widget\" data-widget_type=\"text-editor.default\">\n\t\t\t\t<div class=\"elementor-widget-container\">\n\t\t\t\t\t\t\t\t\t<p>Mallorca erbjuder ett pulserande stadsliv, historia, kultur och l\u00e5nga sandstr\u00e4nder.<br data-start=\"823\" data-end=\"826\">I Palma kan du njuta av en dynamisk medelhavsatmosf\u00e4r med kaf\u00e9er, marknader, arkitektur och ett internationellt studentliv.<\/p>\t\t\t\t\t\t\t\t<\/div>\n\t\t\t\t<\/div>\n\t\t\t\t<\/div>\n\t\t<div class=\"elementor-element elementor-element-790b114 e-con-full e-flex e-con e-child\" data-id=\"790b114\" data-element_type=\"container\" data-e-type=\"container\">\n\t\t\t\t<div class=\"elementor-element elementor-element-602d2fb elementor-widget elementor-widget-heading\" data-id=\"602d2fb\" data-element_type=\"widget\" data-e-type=\"widget\" data-widget_type=\"heading.default\">\n\t\t\t\t<div class=\"elementor-widget-container\">\n\t\t\t\t\t<h2 class=\"elementor-heading-title elementor-size-default\">Ibiza<\/h2>\t\t\t\t<\/div>\n\t\t\t\t<\/div>\n\t\t\t\t<div class=\"elementor-element elementor-element-56954c0 elementor-widget elementor-widget-image\" data-id=\"56954c0\" data-element_type=\"widget\" data-e-type=\"widget\" data-widget_type=\"image.default\">\n\t\t\t\t<div class=\"elementor-widget-container\">\n\t\t\t\t\t\t\t\t\t\t\t\t\t\t\t<img decoding=\"async\" width=\"1024\" height=\"450\" src=\"https:\/\/maxxinstitutes.com\/wp-content\/uploads\/2025\/12\/1-1024x450.png\" class=\"attachment-large size-large wp-image-26519\" alt=\"\" srcset=\"https:\/\/maxxinstitutes.com\/wp-content\/uploads\/2025\/12\/1-1024x450.png 1024w, https:\/\/maxxinstitutes.com\/wp-content\/uploads\/2025\/12\/1-300x132.png 300w, https:\/\/maxxinstitutes.com\/wp-content\/uploads\/2025\/12\/1-768x337.png 768w, https:\/\/maxxinstitutes.com\/wp-content\/uploads\/2025\/12\/1-1536x674.png 1536w, https:\/\/maxxinstitutes.com\/wp-content\/uploads\/2025\/12\/1-2048x899.png 2048w, https:\/\/maxxinstitutes.com\/wp-content\/uploads\/2025\/12\/1-600x263.png 600w, https:\/\/maxxinstitutes.com\/wp-content\/uploads\/2025\/12\/1-150x66.png 150w\" sizes=\"(max-width: 1024px) 100vw, 1024px\" title=\"\">\t\t\t\t\t\t\t\t\t\t\t\t\t\t\t<\/div>\n\t\t\t\t<\/div>\n\t\t\t\t<div class=\"elementor-element elementor-element-cdf8d69 color-scheme-inherit text-left elementor-widget elementor-widget-text-editor\" data-id=\"cdf8d69\" data-element_type=\"widget\" data-e-type=\"widget\" data-widget_type=\"text-editor.default\">\n\t\t\t\t<div class=\"elementor-widget-container\">\n\t\t\t\t\t\t\t\t\t<p data-start=\"975\" data-end=\"1183\">Ibiza \u00e4r lugnt, autentiskt och inspirerande. Ut\u00f6ver sitt ber\u00f6mda rykte \u00e4r \u00f6n k\u00e4nd f\u00f6r naturen, det lokala livet, sm\u00e5 str\u00e4nder och en l\u00e5ngsammare rytm &#8211; perfekt f\u00f6r fokuserad inl\u00e4rning och meningsfulla upplevelser. <\/p>\t\t\t\t\t\t\t\t<\/div>\n\t\t\t\t<\/div>\n\t\t\t\t<\/div>\n\t\t\t\t\t<\/div>\n\t\t\t\t<\/div>\n\t\t<div class=\"elementor-element elementor-element-b820502 e-flex e-con-boxed e-con e-parent\" data-id=\"b820502\" data-element_type=\"container\" data-e-type=\"container\">\n\t\t\t\t\t<div class=\"e-con-inner\">\n\t\t\t\t<div class=\"elementor-element elementor-element-041e7ff elementor-widget elementor-widget-spacer\" data-id=\"041e7ff\" data-element_type=\"widget\" data-e-type=\"widget\" data-widget_type=\"spacer.default\">\n\t\t\t\t<div class=\"elementor-widget-container\">\n\t\t\t\t\t\t\t<div class=\"elementor-spacer\">\n\t\t\t<div class=\"elementor-spacer-inner\"><\/div>\n\t\t<\/div>\n\t\t\t\t\t\t<\/div>\n\t\t\t\t<\/div>\n\t\t\t\t\t<\/div>\n\t\t\t\t<\/div>\n\t\t<div class=\"elementor-element elementor-element-0a782e5 e-flex e-con-boxed e-con e-parent\" data-id=\"0a782e5\" data-element_type=\"container\" data-e-type=\"container\">\n\t\t\t\t\t<div class=\"e-con-inner\">\n\t\t\t\t<div class=\"elementor-element elementor-element-04aae9f elementor-widget elementor-widget-heading\" data-id=\"04aae9f\" data-element_type=\"widget\" data-e-type=\"widget\" data-widget_type=\"heading.default\">\n\t\t\t\t<div class=\"elementor-widget-container\">\n\t\t\t\t\t<h2 class=\"elementor-heading-title elementor-size-default\">Med Island Hopper-programmet beh\u00f6ver du inte v\u00e4lja.<\/h2>\t\t\t\t<\/div>\n\t\t\t\t<\/div>\n\t\t\t\t\t<\/div>\n\t\t\t\t<\/div>\n\t\t<div class=\"elementor-element elementor-element-ace3a57 e-flex e-con-boxed e-con e-parent\" data-id=\"ace3a57\" data-element_type=\"container\" data-e-type=\"container\">\n\t\t\t\t\t<div class=\"e-con-inner\">\n\t\t\t\t<div class=\"elementor-element elementor-element-0e42759 elementor-widget elementor-widget-spacer\" data-id=\"0e42759\" data-element_type=\"widget\" data-e-type=\"widget\" data-widget_type=\"spacer.default\">\n\t\t\t\t<div class=\"elementor-widget-container\">\n\t\t\t\t\t\t\t<div class=\"elementor-spacer\">\n\t\t\t<div class=\"elementor-spacer-inner\"><\/div>\n\t\t<\/div>\n\t\t\t\t\t\t<\/div>\n\t\t\t\t<\/div>\n\t\t\t\t\t<\/div>\n\t\t\t\t<\/div>\n\t\t<div class=\"elementor-element elementor-element-248426b e-flex e-con-boxed e-con e-parent\" data-id=\"248426b\" data-element_type=\"container\" data-e-type=\"container\">\n\t\t\t\t\t<div class=\"e-con-inner\">\n\t\t<div class=\"elementor-element elementor-element-a69f61c e-con-full e-flex e-con e-child\" data-id=\"a69f61c\" data-element_type=\"container\" data-e-type=\"container\">\n\t\t\t\t<div class=\"elementor-element elementor-element-c2f2742 color-scheme-inherit text-left elementor-widget elementor-widget-text-editor\" data-id=\"c2f2742\" data-element_type=\"widget\" data-e-type=\"widget\" data-widget_type=\"text-editor.default\">\n\t\t\t\t<div class=\"elementor-widget-container\">\n\t\t\t\t\t\t\t\t\t<h3 data-start=\"1346\" data-end=\"1370\">Det som f\u00f6rblir detsamma:<\/h3><ul data-start=\"1371\" data-end=\"1490\"><li data-start=\"1371\" data-end=\"1406\"><p data-start=\"1373\" data-end=\"1406\">Din spanska niv\u00e5 och framsteg<\/p><\/li><li data-start=\"1407\" data-end=\"1431\"><p data-start=\"1409\" data-end=\"1431\">Undervisningsmetodik<\/p><\/li><li data-start=\"1432\" data-end=\"1452\"><p data-start=\"1434\" data-end=\"1452\">Kursmaterial<\/p><\/li><li data-start=\"1453\" data-end=\"1490\"><p data-start=\"1455\" data-end=\"1490\">Akademisk samordning och st\u00f6d<\/p><\/li><\/ul><p data-start=\"1492\" data-end=\"1543\">Du byter helt enkelt \u00f6ar &#8211; inte ditt inl\u00e4rningsfl\u00f6de.<\/p>\t\t\t\t\t\t\t\t<\/div>\n\t\t\t\t<\/div>\n\t\t\t\t<div class=\"elementor-element elementor-element-200a2bc elementor-widget elementor-widget-image\" data-id=\"200a2bc\" data-element_type=\"widget\" data-e-type=\"widget\" data-widget_type=\"image.default\">\n\t\t\t\t<div class=\"elementor-widget-container\">\n\t\t\t\t\t\t\t\t\t\t\t\t\t\t\t<img decoding=\"async\" width=\"1024\" height=\"1024\" src=\"https:\/\/maxxinstitutes.com\/wp-content\/uploads\/2025\/12\/1-1-1024x1024.png\" class=\"attachment-large size-large wp-image-26552\" alt=\"\" srcset=\"https:\/\/maxxinstitutes.com\/wp-content\/uploads\/2025\/12\/1-1-1024x1024.png 1024w, https:\/\/maxxinstitutes.com\/wp-content\/uploads\/2025\/12\/1-1-300x300.png 300w, https:\/\/maxxinstitutes.com\/wp-content\/uploads\/2025\/12\/1-1-150x150.png 150w, https:\/\/maxxinstitutes.com\/wp-content\/uploads\/2025\/12\/1-1-768x768.png 768w, https:\/\/maxxinstitutes.com\/wp-content\/uploads\/2025\/12\/1-1-600x600.png 600w, https:\/\/maxxinstitutes.com\/wp-content\/uploads\/2025\/12\/1-1.png 1080w\" sizes=\"(max-width: 1024px) 100vw, 1024px\" title=\"\">\t\t\t\t\t\t\t\t\t\t\t\t\t\t\t<\/div>\n\t\t\t\t<\/div>\n\t\t\t\t<\/div>\n\t\t<div class=\"elementor-element elementor-element-e9eaa6d e-con-full e-flex e-con e-child\" data-id=\"e9eaa6d\" data-element_type=\"container\" data-e-type=\"container\">\n\t\t\t\t<div class=\"elementor-element elementor-element-3b1a5b5 color-scheme-inherit text-left elementor-widget elementor-widget-text-editor\" data-id=\"3b1a5b5\" data-element_type=\"widget\" data-e-type=\"widget\" data-widget_type=\"text-editor.default\">\n\t\t\t\t<div class=\"elementor-widget-container\">\n\t\t\t\t\t\t\t\t\t<h2 data-start=\"1550\" data-end=\"1571\">Vad ing\u00e5r?<\/h2><ul data-start=\"1573\" data-end=\"2135\"><li data-start=\"1573\" data-end=\"1661\"><p data-start=\"1575\" data-end=\"1661\"><strong data-start=\"1575\" data-end=\"1603\">Intensivkurs i spanska<\/strong><br data-start=\"1603\" data-end=\"1606\">20 lektioner per vecka i Palma de Mallorca och\/eller p\u00e5 Ibiza<\/p><\/li><li data-start=\"1663\" data-end=\"1766\"><p data-start=\"1665\" data-end=\"1766\"><strong data-start=\"1665\" data-end=\"1696\">Flexibel \u00f6-kombination<\/strong><br data-start=\"1696\" data-end=\"1699\">B\u00f6rja p\u00e5 Mallorca och forts\u00e4tt p\u00e5 Ibiza &#8211; eller tv\u00e4rtom<\/p><\/li><li data-start=\"1768\" data-end=\"1863\"><p data-start=\"1770\" data-end=\"1863\"><strong data-start=\"1770\" data-end=\"1805\">V\u00e4lkomstaktivitet p\u00e5 varje \u00f6<\/strong><br data-start=\"1805\" data-end=\"1808\">L\u00e4r k\u00e4nna din nya omgivning och dina studiekamrater<\/p><\/li><li data-start=\"1865\" data-end=\"1927\"><p data-start=\"1867\" data-end=\"1927\"><strong data-start=\"1867\" data-end=\"1889\">Kursintyg<\/strong><br data-start=\"1889\" data-end=\"1892\">Utf\u00e4rdas i slutet av ditt program<\/p><\/li><li data-start=\"1929\" data-end=\"2040\"><p data-start=\"1931\" data-end=\"2040\"><strong data-start=\"1931\" data-end=\"1951\">Personal Support<\/strong><br data-start=\"1951\" data-end=\"1954\">V\u00e5rt team samordnar ditt byte av \u00f6 och hj\u00e4lper dig f\u00f6re och under din vistelse<\/p><\/li><li data-start=\"2042\" data-end=\"2135\"><p data-start=\"2044\" data-end=\"2135\"><strong data-start=\"2044\" data-end=\"2069\">Boendealternativ<\/strong><br data-start=\"2069\" data-end=\"2072\">Boka boende genom MAXX Institutes eller v\u00e4lj ditt eget boende<\/p><\/li><\/ul>\t\t\t\t\t\t\t\t<\/div>\n\t\t\t\t<\/div>\n\t\t\t\t<\/div>\n\t\t\t\t\t<\/div>\n\t\t\t\t<\/div>\n\t\t<div class=\"elementor-element elementor-element-4b6dc27 e-flex e-con-boxed e-con e-parent\" data-id=\"4b6dc27\" data-element_type=\"container\" data-e-type=\"container\">\n\t\t\t\t\t<div class=\"e-con-inner\">\n\t\t\t\t<div class=\"elementor-element elementor-element-64042a8 elementor-widget elementor-widget-spacer\" data-id=\"64042a8\" data-element_type=\"widget\" data-e-type=\"widget\" data-widget_type=\"spacer.default\">\n\t\t\t\t<div class=\"elementor-widget-container\">\n\t\t\t\t\t\t\t<div class=\"elementor-spacer\">\n\t\t\t<div class=\"elementor-spacer-inner\"><\/div>\n\t\t<\/div>\n\t\t\t\t\t\t<\/div>\n\t\t\t\t<\/div>\n\t\t\t\t\t<\/div>\n\t\t\t\t<\/div>\n\t\t<div class=\"elementor-element elementor-element-a505d58 e-con-full e-flex e-con e-parent\" data-id=\"a505d58\" data-element_type=\"container\" data-e-type=\"container\" data-settings=\"{&quot;background_background&quot;:&quot;classic&quot;}\">\n\t\t\t\t<div class=\"elementor-element elementor-element-2fa11fa elementor-widget elementor-widget-heading\" data-id=\"2fa11fa\" data-element_type=\"widget\" data-e-type=\"widget\" data-widget_type=\"heading.default\">\n\t\t\t\t<div class=\"elementor-widget-container\">\n\t\t\t\t\t<h2 class=\"elementor-heading-title elementor-size-default\">Resevoucher ing\u00e5r: 47 \u20ac f\u00f6r din \u00f6-transfer<\/h2>\t\t\t\t<\/div>\n\t\t\t\t<\/div>\n\t\t\t\t<div class=\"elementor-element elementor-element-6e69b30 color-scheme-inherit text-left elementor-widget elementor-widget-text-editor\" data-id=\"6e69b30\" data-element_type=\"widget\" data-e-type=\"widget\" data-widget_type=\"text-editor.default\">\n\t\t\t\t<div class=\"elementor-widget-container\">\n\t\t\t\t\t\t\t\t\t<p data-start=\"2202\" data-end=\"2325\">F\u00f6r att g\u00f6ra ditt byte av \u00f6 \u00e4nnu enklare f\u00e5r studenter som v\u00e4ljer <strong data-start=\"2266\" data-end=\"2291\">Island Hopper-programmet<\/strong> en <strong data-start=\"2302\" data-end=\"2324\">resekupong p\u00e5 47 euro.<\/strong><\/p><h3 data-start=\"2327\" data-end=\"2344\">Hur det fungerar:<\/h3><ul data-start=\"2345\" data-end=\"2543\"><li data-start=\"2345\" data-end=\"2405\"><p data-start=\"2347\" data-end=\"2405\">G\u00e4ller f\u00f6r <strong data-start=\"2357\" data-end=\"2376\">f\u00e4rja eller flyg<\/strong> mellan Mallorca och Ibiza<\/p><\/li><li data-start=\"2406\" data-end=\"2447\"><p data-start=\"2408\" data-end=\"2447\">Du v\u00e4ljer sj\u00e4lv <strong data-start=\"2419\" data-end=\"2435\">hur och n\u00e4r du<\/strong> vill resa<\/p><\/li><li data-start=\"2448\" data-end=\"2489\"><p data-start=\"2450\" data-end=\"2489\">Vi hj\u00e4lper till med bokning om det beh\u00f6vs<\/p><\/li><li data-start=\"2490\" data-end=\"2543\"><p data-start=\"2492\" data-end=\"2543\">Kupongen hj\u00e4lper till att t\u00e4cka en del av dina resekostnader<\/p><\/li><\/ul><p data-start=\"2545\" data-end=\"2604\"><strong data-start=\"2545\" data-end=\"2604\">Du reser sj\u00e4lvst\u00e4ndigt &#8211; men inte p\u00e5 egen bekostnad.<\/strong><\/p>\t\t\t\t\t\t\t\t<\/div>\n\t\t\t\t<\/div>\n\t\t\t\t<\/div>\n\t\t<div class=\"elementor-element elementor-element-5310f53 e-flex e-con-boxed e-con e-parent\" data-id=\"5310f53\" data-element_type=\"container\" data-e-type=\"container\">\n\t\t\t\t\t<div class=\"e-con-inner\">\n\t\t\t\t<div class=\"elementor-element elementor-element-b743931 elementor-widget elementor-widget-spacer\" data-id=\"b743931\" data-element_type=\"widget\" data-e-type=\"widget\" data-widget_type=\"spacer.default\">\n\t\t\t\t<div class=\"elementor-widget-container\">\n\t\t\t\t\t\t\t<div class=\"elementor-spacer\">\n\t\t\t<div class=\"elementor-spacer-inner\"><\/div>\n\t\t<\/div>\n\t\t\t\t\t\t<\/div>\n\t\t\t\t<\/div>\n\t\t\t\t\t<\/div>\n\t\t\t\t<\/div>\n\t\t<div class=\"elementor-element elementor-element-16dcb0f e-flex e-con-boxed e-con e-parent\" data-id=\"16dcb0f\" data-element_type=\"container\" data-e-type=\"container\">\n\t\t\t\t\t<div class=\"e-con-inner\">\n\t\t<div class=\"elementor-element elementor-element-0b314eb e-con-full e-flex e-con e-child\" data-id=\"0b314eb\" data-element_type=\"container\" data-e-type=\"container\">\n\t\t\t\t<div class=\"elementor-element elementor-element-995952f elementor-widget elementor-widget-heading\" data-id=\"995952f\" data-element_type=\"widget\" data-e-type=\"widget\" data-widget_type=\"heading.default\">\n\t\t\t\t<div class=\"elementor-widget-container\">\n\t\t\t\t\t<h2 class=\"elementor-heading-title elementor-size-default\">Varf\u00f6r v\u00e4lja programmet f\u00f6r \u00f6hoppare?<\/h2>\t\t\t\t<\/div>\n\t\t\t\t<\/div>\n\t\t\t\t<div class=\"elementor-element elementor-element-4b8baca color-scheme-inherit text-left elementor-widget elementor-widget-text-editor\" data-id=\"4b8baca\" data-element_type=\"widget\" data-e-type=\"widget\" data-widget_type=\"text-editor.default\">\n\t\t\t\t<div class=\"elementor-widget-container\">\n\t\t\t\t\t\t\t\t\t<ul><li data-start=\"2658\" data-end=\"2693\">Tv\u00e5 \u00f6ar i en spansk kurs<\/li><li data-start=\"2658\" data-end=\"2693\">En registrering, ett akademiskt system<\/li><li data-start=\"2658\" data-end=\"2693\">Inga avbrott i din inl\u00e4rningsprocess<\/li><li data-start=\"2658\" data-end=\"2693\">Mer variation, mer inspiration<\/li><li data-start=\"2658\" data-end=\"2693\">Ett program, dubbel erfarenhet<\/li><li style=\"list-style-type: none;\"> <\/li><\/ul>\t\t\t\t\t\t\t\t<\/div>\n\t\t\t\t<\/div>\n\t\t\t\t<\/div>\n\t\t<div class=\"elementor-element elementor-element-2c202ad e-con-full e-flex e-con e-child\" data-id=\"2c202ad\" data-element_type=\"container\" data-e-type=\"container\">\n\t\t\t\t<div class=\"elementor-element elementor-element-1dfa583 elementor-widget elementor-widget-image\" data-id=\"1dfa583\" data-element_type=\"widget\" data-e-type=\"widget\" data-widget_type=\"image.default\">\n\t\t\t\t<div class=\"elementor-widget-container\">\n\t\t\t\t\t\t\t\t\t\t\t\t\t\t\t<img loading=\"lazy\" decoding=\"async\" width=\"1080\" height=\"1080\" src=\"https:\/\/maxxinstitutes.com\/wp-content\/uploads\/2025\/12\/2-1.png\" class=\"attachment-1536x1536 size-1536x1536 wp-image-26545\" alt=\"\" srcset=\"https:\/\/maxxinstitutes.com\/wp-content\/uploads\/2025\/12\/2-1.png 1080w, https:\/\/maxxinstitutes.com\/wp-content\/uploads\/2025\/12\/2-1-300x300.png 300w, https:\/\/maxxinstitutes.com\/wp-content\/uploads\/2025\/12\/2-1-1024x1024.png 1024w, https:\/\/maxxinstitutes.com\/wp-content\/uploads\/2025\/12\/2-1-150x150.png 150w, https:\/\/maxxinstitutes.com\/wp-content\/uploads\/2025\/12\/2-1-768x768.png 768w, https:\/\/maxxinstitutes.com\/wp-content\/uploads\/2025\/12\/2-1-600x600.png 600w\" sizes=\"(max-width: 1080px) 100vw, 1080px\" title=\"\">\t\t\t\t\t\t\t\t\t\t\t\t\t\t\t<\/div>\n\t\t\t\t<\/div>\n\t\t\t\t<\/div>\n\t\t\t\t<div class=\"elementor-element elementor-element-6c7cfeb elementor-widget__width-initial color-scheme-inherit text-left elementor-widget elementor-widget-text-editor\" data-id=\"6c7cfeb\" data-element_type=\"widget\" data-e-type=\"widget\" data-widget_type=\"text-editor.default\">\n\t\t\t\t<div class=\"elementor-widget-container\">\n\t\t\t\t\t\t\t\t\t<h2 data-start=\"2959\" data-end=\"2989\">Vem \u00e4r det h\u00e4r programmet f\u00f6r?<\/h2><p data-start=\"2991\" data-end=\"3030\">Island Hopper-programmet \u00e4r perfekt f\u00f6r:<\/p><ul data-start=\"3031\" data-end=\"3219\"><li data-start=\"3031\" data-end=\"3075\"><p data-start=\"3033\" data-end=\"3075\">Studenter som stannar <strong data-start=\"3050\" data-end=\"3073\">tv\u00e5 veckor eller l\u00e4ngre<\/strong><\/p><\/li><li data-start=\"3076\" data-end=\"3121\"><p data-start=\"3078\" data-end=\"3121\">Elever som vill ha variation och flexibilitet<\/p><\/li><li data-start=\"3122\" data-end=\"3168\"><p data-start=\"3124\" data-end=\"3168\">Resen\u00e4rer som gillar att kombinera destinationer<\/p><\/li><li data-start=\"3169\" data-end=\"3219\"><p data-start=\"3171\" data-end=\"3219\">Alla som letar efter mer \u00e4n bara en plats<\/p><\/li><\/ul>\t\t\t\t\t\t\t\t<\/div>\n\t\t\t\t<\/div>\n\t\t\t\t\t<\/div>\n\t\t\t\t<\/div>\n\t\t\t\t<\/div>\n\t\t","protected":false},"excerpt":{"rendered":"<p>Island Hopper-program Mallorca &amp; Ibiza &#8211; Tv\u00e5 \u00f6ar. En spansk upplevelse. Varf\u00f6r v\u00e4lja bara en \u00f6 n\u00e4r du kan uppleva<\/p>\n","protected":false},"author":4,"featured_media":0,"parent":0,"menu_order":0,"comment_status":"closed","ping_status":"closed","template":"","meta":{"two_page_speed":[],"footnotes":""},"class_list":["post-26482","page","type-page","status-publish","hentry"],"_links":{"self":[{"href":"https:\/\/maxxinstitutes.com\/sv\/wp-json\/wp\/v2\/pages\/26482","targetHints":{"allow":["GET"]}}],"collection":[{"href":"https:\/\/maxxinstitutes.com\/sv\/wp-json\/wp\/v2\/pages"}],"about":[{"href":"https:\/\/maxxinstitutes.com\/sv\/wp-json\/wp\/v2\/types\/page"}],"author":[{"embeddable":true,"href":"https:\/\/maxxinstitutes.com\/sv\/wp-json\/wp\/v2\/users\/4"}],"replies":[{"embeddable":true,"href":"https:\/\/maxxinstitutes.com\/sv\/wp-json\/wp\/v2\/comments?post=26482"}],"version-history":[{"count":3,"href":"https:\/\/maxxinstitutes.com\/sv\/wp-json\/wp\/v2\/pages\/26482\/revisions"}],"predecessor-version":[{"id":27199,"href":"https:\/\/maxxinstitutes.com\/sv\/wp-json\/wp\/v2\/pages\/26482\/revisions\/27199"}],"wp:attachment":[{"href":"https:\/\/maxxinstitutes.com\/sv\/wp-json\/wp\/v2\/media?parent=26482"}],"curies":[{"name":"wp","href":"https:\/\/api.w.org\/{rel}","templated":true}]}}