{"id":24305,"date":"2025-05-13T21:44:55","date_gmt":"2025-05-13T21:44:55","guid":{"rendered":"https:\/\/maxxinstitutes.com\/parkering-ibiza\/"},"modified":"2025-05-20T05:54:35","modified_gmt":"2025-05-20T05:54:35","slug":"parkering-ibiza","status":"publish","type":"page","link":"https:\/\/maxxinstitutes.com\/sv\/parkering-ibiza\/","title":{"rendered":"Parkering Ibiza"},"content":{"rendered":"\t\t<div data-elementor-type=\"wp-page\" data-elementor-id=\"24305\" class=\"elementor elementor-24305 elementor-23999\" data-elementor-post-type=\"page\">\n\t\t\t\t<div class=\"elementor-element elementor-element-5224358 e-flex e-con-boxed e-con e-parent\" data-id=\"5224358\" data-element_type=\"container\" data-e-type=\"container\">\n\t\t\t\t\t<div class=\"e-con-inner\">\n\t\t\t\t<div class=\"elementor-element elementor-element-444bbbd elementor-widget elementor-widget-heading\" data-id=\"444bbbd\" data-element_type=\"widget\" data-e-type=\"widget\" data-widget_type=\"heading.default\">\n\t\t\t\t<div class=\"elementor-widget-container\">\n\t\t\t\t\t<h1 class=\"elementor-heading-title elementor-size-default\">Var man kan parkera n\u00e4ra Instituto de Idiomas Ibiza<\/h1>\t\t\t\t<\/div>\n\t\t\t\t<\/div>\n\t\t\t\t<div class=\"elementor-element elementor-element-3595b3f elementor-widget elementor-widget-spacer\" data-id=\"3595b3f\" data-element_type=\"widget\" data-e-type=\"widget\" data-widget_type=\"spacer.default\">\n\t\t\t\t<div class=\"elementor-widget-container\">\n\t\t\t\t\t\t\t<div class=\"elementor-spacer\">\n\t\t\t<div class=\"elementor-spacer-inner\"><\/div>\n\t\t<\/div>\n\t\t\t\t\t\t<\/div>\n\t\t\t\t<\/div>\n\t\t\t\t\t<\/div>\n\t\t\t\t<\/div>\n\t\t<div class=\"elementor-element elementor-element-cc5017e e-flex e-con-boxed e-con e-parent\" data-id=\"cc5017e\" data-element_type=\"container\" data-e-type=\"container\">\n\t\t\t\t\t<div class=\"e-con-inner\">\n\t\t<div class=\"elementor-element elementor-element-384d7a4 e-con-full e-flex e-con e-child\" data-id=\"384d7a4\" data-element_type=\"container\" data-e-type=\"container\">\n\t\t\t\t<div class=\"elementor-element elementor-element-6502d5a elementor-widget elementor-widget-heading\" data-id=\"6502d5a\" data-element_type=\"widget\" data-e-type=\"widget\" data-widget_type=\"heading.default\">\n\t\t\t\t<div class=\"elementor-widget-container\">\n\t\t\t\t\t<h2 class=\"elementor-heading-title elementor-size-default\">Parkering mot avgift - Parking Es Pratet<\/h2>\t\t\t\t<\/div>\n\t\t\t\t<\/div>\n\t\t\t\t<div class=\"elementor-element elementor-element-9750b8d color-scheme-inherit text-left elementor-widget elementor-widget-text-editor\" data-id=\"9750b8d\" data-element_type=\"widget\" data-e-type=\"widget\" data-widget_type=\"text-editor.default\">\n\t\t\t\t<div class=\"elementor-widget-container\">\n\t\t\t\t\t\t\t\t\t<p>Om du kommer fr\u00e5n San Antonio, sv\u00e4ng v\u00e4nster n\u00e4r du passerar skolan och hitta<br>parkering till v\u00e4nster i slutet av gatan.<\/p>\n<p>Om du kommer fr\u00e5n Santa Eulalia ser du hamnen p\u00e5 v\u00e4nster sida n\u00e4r du kommer in i Ibiza stad. Sv\u00e4ng h\u00f6ger vid Nautica Ereso b\u00e5thandel h\u00f6ger vid infarten till Ibiza stad. <\/p>\n<p>Det \u00e4r den st\u00f6rsta parkeringsplatsen i Ibiza stad och den ligger precis bakom skolbyggnaden. Priset varierar mellan 3\u20ac och 5\u20ac beroende p\u00e5 tid p\u00e5 dagen, tid p\u00e5 \u00e5ret och om det \u00e4r en vardag eller p\u00e5 helgerna. Det finns alltid plats och p\u00e5 3 minuter \u00e4r du vid skolans d\u00f6rr.  <\/p>\t\t\t\t\t\t\t\t<\/div>\n\t\t\t\t<\/div>\n\t\t\t\t<\/div>\n\t\t<div class=\"elementor-element elementor-element-1c6631d e-con-full e-flex e-con e-child\" data-id=\"1c6631d\" data-element_type=\"container\" data-e-type=\"container\">\n\t\t\t\t<div class=\"elementor-element elementor-element-5cd6dc5 elementor-widget elementor-widget-image\" data-id=\"5cd6dc5\" data-element_type=\"widget\" data-e-type=\"widget\" data-widget_type=\"image.default\">\n\t\t\t\t<div class=\"elementor-widget-container\">\n\t\t\t\t\t\t\t\t\t\t\t\t\t\t\t<img fetchpriority=\"high\" decoding=\"async\" width=\"528\" height=\"207\" src=\"https:\/\/maxxinstitutes.com\/wp-content\/uploads\/2025\/05\/Screenshot-2025-05-13-at-16.50.52.png\" class=\"attachment-large size-large wp-image-24008\" alt=\"\" srcset=\"https:\/\/maxxinstitutes.com\/wp-content\/uploads\/2025\/05\/Screenshot-2025-05-13-at-16.50.52.png 528w, https:\/\/maxxinstitutes.com\/wp-content\/uploads\/2025\/05\/Screenshot-2025-05-13-at-16.50.52-300x118.png 300w, https:\/\/maxxinstitutes.com\/wp-content\/uploads\/2025\/05\/Screenshot-2025-05-13-at-16.50.52-150x59.png 150w\" sizes=\"(max-width: 528px) 100vw, 528px\" title=\"\">\t\t\t\t\t\t\t\t\t\t\t\t\t\t\t<\/div>\n\t\t\t\t<\/div>\n\t\t\t\t<\/div>\n\t\t\t\t\t<\/div>\n\t\t\t\t<\/div>\n\t\t<div class=\"elementor-element elementor-element-013b3b5 e-flex e-con-boxed e-con e-parent\" data-id=\"013b3b5\" data-element_type=\"container\" data-e-type=\"container\">\n\t\t\t\t\t<div class=\"e-con-inner\">\n\t\t<div class=\"elementor-element elementor-element-5613c2c e-con-full e-flex e-con e-child\" data-id=\"5613c2c\" data-element_type=\"container\" data-e-type=\"container\">\n\t\t\t\t<div class=\"elementor-element elementor-element-cde9765 elementor-widget elementor-widget-image\" data-id=\"cde9765\" data-element_type=\"widget\" data-e-type=\"widget\" data-widget_type=\"image.default\">\n\t\t\t\t<div class=\"elementor-widget-container\">\n\t\t\t\t\t\t\t\t\t\t\t\t\t\t\t<img decoding=\"async\" width=\"570\" height=\"313\" src=\"https:\/\/maxxinstitutes.com\/wp-content\/uploads\/2025\/05\/Screenshot-2025-05-13-at-16.51.00.png\" class=\"attachment-large size-large wp-image-24015\" alt=\"\" srcset=\"https:\/\/maxxinstitutes.com\/wp-content\/uploads\/2025\/05\/Screenshot-2025-05-13-at-16.51.00.png 570w, https:\/\/maxxinstitutes.com\/wp-content\/uploads\/2025\/05\/Screenshot-2025-05-13-at-16.51.00-300x165.png 300w, https:\/\/maxxinstitutes.com\/wp-content\/uploads\/2025\/05\/Screenshot-2025-05-13-at-16.51.00-150x82.png 150w\" sizes=\"(max-width: 570px) 100vw, 570px\" title=\"\">\t\t\t\t\t\t\t\t\t\t\t\t\t\t\t<\/div>\n\t\t\t\t<\/div>\n\t\t\t\t<\/div>\n\t\t<div class=\"elementor-element elementor-element-d16c7b0 e-con-full e-flex e-con e-child\" data-id=\"d16c7b0\" data-element_type=\"container\" data-e-type=\"container\">\n\t\t\t\t<div class=\"elementor-element elementor-element-1aa05e0 elementor-widget elementor-widget-heading\" data-id=\"1aa05e0\" data-element_type=\"widget\" data-e-type=\"widget\" data-widget_type=\"heading.default\">\n\t\t\t\t<div class=\"elementor-widget-container\">\n\t\t\t\t\t<h2 class=\"elementor-heading-title elementor-size-default\">Gratis parkering - Recinto Ferial<\/h2>\t\t\t\t<\/div>\n\t\t\t\t<\/div>\n\t\t\t\t<div class=\"elementor-element elementor-element-04a424f color-scheme-inherit text-left elementor-widget elementor-widget-text-editor\" data-id=\"04a424f\" data-element_type=\"widget\" data-e-type=\"widget\" data-widget_type=\"text-editor.default\">\n\t\t\t\t<div class=\"elementor-widget-container\">\n\t\t\t\t\t\t\t\t\t<p>Detta \u00e4r en gratis parkeringsplats vid m\u00e4ssomr\u00e5det. Den ligger 7 minuters promenad fr\u00e5n skolan (550 m, k\u00e4lla: Google Maps). <br><br>N\u00e4r du kommer fr\u00e5n San Antonio, ta avfarten mot Recinto Ferial Cas Dominguets Free Parking. N\u00e4r du kommer fr\u00e5n Santa Eulalia sv\u00e4nger du av mot San Antonio och efter rondellen tar du av mot Recinto Ferial Cas Dominguets Free Parking. <\/p>\t\t\t\t\t\t\t\t<\/div>\n\t\t\t\t<\/div>\n\t\t\t\t<\/div>\n\t\t\t\t\t<\/div>\n\t\t\t\t<\/div>\n\t\t\t\t<\/div>\n\t\t","protected":false},"excerpt":{"rendered":"<p>Var man kan parkera n\u00e4ra Instituto de Idiomas Ibiza Parkering mot avgift &#8211; Parking Es Pratet Om du kommer fr\u00e5n<\/p>\n","protected":false},"author":4,"featured_media":0,"parent":0,"menu_order":0,"comment_status":"closed","ping_status":"closed","template":"","meta":{"two_page_speed":[],"footnotes":""},"class_list":["post-24305","page","type-page","status-publish","hentry"],"_links":{"self":[{"href":"https:\/\/maxxinstitutes.com\/sv\/wp-json\/wp\/v2\/pages\/24305","targetHints":{"allow":["GET"]}}],"collection":[{"href":"https:\/\/maxxinstitutes.com\/sv\/wp-json\/wp\/v2\/pages"}],"about":[{"href":"https:\/\/maxxinstitutes.com\/sv\/wp-json\/wp\/v2\/types\/page"}],"author":[{"embeddable":true,"href":"https:\/\/maxxinstitutes.com\/sv\/wp-json\/wp\/v2\/users\/4"}],"replies":[{"embeddable":true,"href":"https:\/\/maxxinstitutes.com\/sv\/wp-json\/wp\/v2\/comments?post=24305"}],"version-history":[{"count":1,"href":"https:\/\/maxxinstitutes.com\/sv\/wp-json\/wp\/v2\/pages\/24305\/revisions"}],"predecessor-version":[{"id":24306,"href":"https:\/\/maxxinstitutes.com\/sv\/wp-json\/wp\/v2\/pages\/24305\/revisions\/24306"}],"wp:attachment":[{"href":"https:\/\/maxxinstitutes.com\/sv\/wp-json\/wp\/v2\/media?parent=24305"}],"curies":[{"name":"wp","href":"https:\/\/api.w.org\/{rel}","templated":true}]}}