{"id":24293,"date":"2025-05-13T21:58:36","date_gmt":"2025-05-13T21:58:36","guid":{"rendered":"https:\/\/maxxinstitutes.com\/parkering-mallorca\/"},"modified":"2025-05-20T05:46:16","modified_gmt":"2025-05-20T05:46:16","slug":"parkering-mallorca","status":"publish","type":"page","link":"https:\/\/maxxinstitutes.com\/sv\/parkering-mallorca\/","title":{"rendered":"Parkering Mallorca"},"content":{"rendered":"\t\t<div data-elementor-type=\"wp-page\" data-elementor-id=\"24293\" class=\"elementor elementor-24293 elementor-24019\" data-elementor-post-type=\"page\">\n\t\t\t\t<div class=\"elementor-element elementor-element-762533a e-flex e-con-boxed e-con e-parent\" data-id=\"762533a\" data-element_type=\"container\" data-e-type=\"container\">\n\t\t\t\t\t<div class=\"e-con-inner\">\n\t\t\t\t<div class=\"elementor-element elementor-element-d71f24a elementor-widget elementor-widget-heading\" data-id=\"d71f24a\" data-element_type=\"widget\" data-e-type=\"widget\" data-widget_type=\"heading.default\">\n\t\t\t\t<div class=\"elementor-widget-container\">\n\t\t\t\t\t<h2 class=\"elementor-heading-title elementor-size-default\">Hur man tar sig till MAXX Institutes!<\/h2>\t\t\t\t<\/div>\n\t\t\t\t<\/div>\n\t\t\t\t<div class=\"elementor-element elementor-element-9ba86fb elementor-widget elementor-widget-spacer\" data-id=\"9ba86fb\" data-element_type=\"widget\" data-e-type=\"widget\" data-widget_type=\"spacer.default\">\n\t\t\t\t<div class=\"elementor-widget-container\">\n\t\t\t\t\t\t\t<div class=\"elementor-spacer\">\n\t\t\t<div class=\"elementor-spacer-inner\"><\/div>\n\t\t<\/div>\n\t\t\t\t\t\t<\/div>\n\t\t\t\t<\/div>\n\t\t\t\t\t<\/div>\n\t\t\t\t<\/div>\n\t\t<div class=\"elementor-element elementor-element-d03d4a8 e-flex e-con-boxed e-con e-parent\" data-id=\"d03d4a8\" data-element_type=\"container\" data-e-type=\"container\">\n\t\t\t\t\t<div class=\"e-con-inner\">\n\t\t<div class=\"elementor-element elementor-element-6b62a34 e-con-full e-flex e-con e-child\" data-id=\"6b62a34\" data-element_type=\"container\" data-e-type=\"container\">\n\t\t\t\t<div class=\"elementor-element elementor-element-7aa574d elementor-widget elementor-widget-heading\" data-id=\"7aa574d\" data-element_type=\"widget\" data-e-type=\"widget\" data-widget_type=\"heading.default\">\n\t\t\t\t<div class=\"elementor-widget-container\">\n\t\t\t\t\t<h2 class=\"elementor-heading-title elementor-size-default\">Parkering n\u00e4ra skolan: Parkering Paseo Mallorca<\/h2>\t\t\t\t<\/div>\n\t\t\t\t<\/div>\n\t\t\t\t<div class=\"elementor-element elementor-element-f934465 color-scheme-inherit text-left elementor-widget elementor-widget-text-editor\" data-id=\"f934465\" data-element_type=\"widget\" data-e-type=\"widget\" data-widget_type=\"text-editor.default\">\n\t\t\t\t<div class=\"elementor-widget-container\">\n\t\t\t\t\t\t\t\t\t<p><span class=\"relative -mx-px my-[-0.2rem] rounded px-px py-[0.2rem] transition-colors duration-100 ease-in-out\">Om du anl\u00e4nder med bil \u00e4r <strong data-start=\"27\" data-end=\"53\">Parking Paseo Mallorca<\/strong> ett bekv\u00e4mt alternativ som ligger bara en kort promenad fr\u00e5n v\u00e5r skola.<\/span> <span class=\"relative -mx-px my-[-0.2rem] rounded px-px py-[0.2rem] transition-colors duration-100 ease-in-out\">Parkeringsanl\u00e4ggningen ligger p\u00e5 <a href=\"https:\/\/www.parkingspalma.com\/parking-paseo-mallorca\/\" target=\"_new\" rel=\"noopener noreferrer\" data-start=\"36\" data-end=\"115\">Parking Paseo Mallorca<\/a>.<\/span> <span class=\"relative -mx-px my-[-0.2rem] rounded px-px py-[0.2rem] transition-colors duration-100 ease-in-out\">Den enklaste v\u00e4gen till v\u00e5r skola \u00e4r avfart <strong data-start=\"42\" data-end=\"64\">5 (Sortida 5)<\/strong>, som leder direkt till <strong data-start=\"96\" data-end=\"120\">Passeig Mallorca<\/strong>.<\/span> <span class=\"relative -mx-px my-[-0.2rem] rounded px-px py-[0.2rem] transition-colors duration-100 ease-in-out\">D\u00e4rifr\u00e5n \u00e4r det cirka 2 minuters promenad till v\u00e5r adress p\u00e5  <strong data-start=\"65\" data-end=\"100\">Av. de Portugal, 1, 07012 Palma <\/strong>.<\/span><\/p>\t\t\t\t\t\t\t\t<\/div>\n\t\t\t\t<\/div>\n\t\t\t\t<div class=\"elementor-element elementor-element-a98a542 elementor-widget elementor-widget-image\" data-id=\"a98a542\" data-element_type=\"widget\" data-e-type=\"widget\" data-widget_type=\"image.default\">\n\t\t\t\t<div class=\"elementor-widget-container\">\n\t\t\t\t\t\t\t\t\t\t\t\t\t\t\t<img fetchpriority=\"high\" decoding=\"async\" width=\"300\" height=\"300\" src=\"https:\/\/maxxinstitutes.com\/wp-content\/uploads\/2025\/05\/2-300x300.png\" class=\"attachment-woocommerce_thumbnail size-woocommerce_thumbnail wp-image-24028\" alt=\"\" srcset=\"https:\/\/maxxinstitutes.com\/wp-content\/uploads\/2025\/05\/2-300x300.png 300w, https:\/\/maxxinstitutes.com\/wp-content\/uploads\/2025\/05\/2-150x150.png 150w\" sizes=\"(max-width: 300px) 100vw, 300px\" title=\"\">\t\t\t\t\t\t\t\t\t\t\t\t\t\t\t<\/div>\n\t\t\t\t<\/div>\n\t\t\t\t<div class=\"elementor-element elementor-element-5f65767 elementor-widget elementor-widget-spacer\" data-id=\"5f65767\" data-element_type=\"widget\" data-e-type=\"widget\" data-widget_type=\"spacer.default\">\n\t\t\t\t<div class=\"elementor-widget-container\">\n\t\t\t\t\t\t\t<div class=\"elementor-spacer\">\n\t\t\t<div class=\"elementor-spacer-inner\"><\/div>\n\t\t<\/div>\n\t\t\t\t\t\t<\/div>\n\t\t\t\t<\/div>\n\t\t\t\t<\/div>\n\t\t<div class=\"elementor-element elementor-element-1705e75 e-con-full e-flex e-con e-child\" data-id=\"1705e75\" data-element_type=\"container\" data-e-type=\"container\">\n\t\t\t\t<div class=\"elementor-element elementor-element-3355036 elementor-widget elementor-widget-image\" data-id=\"3355036\" data-element_type=\"widget\" data-e-type=\"widget\" data-widget_type=\"image.default\">\n\t\t\t\t<div class=\"elementor-widget-container\">\n\t\t\t\t\t\t\t\t\t\t\t\t\t\t\t<img decoding=\"async\" width=\"940\" height=\"788\" src=\"https:\/\/maxxinstitutes.com\/wp-content\/uploads\/2025\/05\/1.png\" class=\"attachment-large size-large wp-image-24035\" alt=\"\" srcset=\"https:\/\/maxxinstitutes.com\/wp-content\/uploads\/2025\/05\/1.png 940w, https:\/\/maxxinstitutes.com\/wp-content\/uploads\/2025\/05\/1-300x251.png 300w, https:\/\/maxxinstitutes.com\/wp-content\/uploads\/2025\/05\/1-768x644.png 768w, https:\/\/maxxinstitutes.com\/wp-content\/uploads\/2025\/05\/1-600x503.png 600w, https:\/\/maxxinstitutes.com\/wp-content\/uploads\/2025\/05\/1-150x126.png 150w\" sizes=\"(max-width: 940px) 100vw, 940px\" title=\"\">\t\t\t\t\t\t\t\t\t\t\t\t\t\t\t<\/div>\n\t\t\t\t<\/div>\n\t\t\t\t<\/div>\n\t\t\t\t\t<\/div>\n\t\t\t\t<\/div>\n\t\t<div class=\"elementor-element elementor-element-0bdf4e0 e-flex e-con-boxed e-con e-parent\" data-id=\"0bdf4e0\" data-element_type=\"container\" data-e-type=\"container\">\n\t\t\t\t\t<div class=\"e-con-inner\">\n\t\t\t\t<div class=\"elementor-element elementor-element-772de1c elementor-widget elementor-widget-heading\" data-id=\"772de1c\" data-element_type=\"widget\" data-e-type=\"widget\" data-widget_type=\"heading.default\">\n\t\t\t\t<div class=\"elementor-widget-container\">\n\t\t\t\t\t<h2 class=\"elementor-heading-title elementor-size-default\">Fr\u00e5n Plaza de Espa\u00f1a med buss<\/h2>\t\t\t\t<\/div>\n\t\t\t\t<\/div>\n\t\t\t\t<div class=\"elementor-element elementor-element-0168a5a color-scheme-inherit text-left elementor-widget elementor-widget-text-editor\" data-id=\"0168a5a\" data-element_type=\"widget\" data-e-type=\"widget\" data-widget_type=\"text-editor.default\">\n\t\t\t\t<div class=\"elementor-widget-container\">\n\t\t\t\t\t\t\t\t\t<p><span class=\"relative -mx-px my-[-0.2rem] rounded px-px py-[0.2rem] transition-colors duration-100 ease-in-out\">Plaza de Espa\u00f1a \u00e4r en central transportknutpunkt i Palma, vilket g\u00f6r det enkelt att n\u00e5 v\u00e5r skola med kollektivtrafik.<\/span> <span class=\"relative -mx-px my-[-0.2rem] rounded px-px py-[0.2rem] transition-colors duration-100 ease-in-out\">Flera EMT-busslinjer f\u00f6rbinder Plaza de Espa\u00f1a med n\u00e4rheten <strong data-start=\"65\" data-end=\"89\">av Avinguda de Portugal.<\/strong><\/span> <span class=\"relative -mx-px my-[-0.2rem] rounded px-px py-[0.2rem] transition-colors duration-100 ease-in-out\">Framf\u00f6r allt har busslinjerna <strong data-start=\"19\" data-end=\"24\">3<\/strong>, <strong data-start=\"26\" data-end=\"31\">5<\/strong> och <strong data-start=\"37\" data-end=\"43\">46<\/strong> h\u00e5llplatser n\u00e4ra skolan.<\/span> <span class=\"relative -mx-px my-[-0.2rem] rounded px-px py-[0.2rem] transition-colors duration-100 ease-in-out\">Den n\u00e4rmaste bussh\u00e5llplatsen \u00e4r <strong data-start=\"24\" data-end=\"41\">206-Instituts<\/strong>, som ligger bara 1 minuts promenad fr\u00e5n oss.<\/span> <span class=\"relative -mx-px my-[-0.2rem] rounded px-px py-[0.2rem] transition-colors duration-100 ease-in-out\">F\u00f6r de mest exakta och uppdaterade busslinjerna och tidtabellerna rekommenderar vi att du anv\u00e4nder <a href=\"https:\/\/www.emtpalma.cat\/en\" target=\"_new\" rel=\"noopener noreferrer\" data-start=\"86\" data-end=\"134\">EMT Palmas webbplats<\/a> eller Moovit-appen.<\/span> <span class=\"relative -mx-px my-[-0.2rem] rounded px-px py-[0.2rem] transition-colors duration-100 ease-in-out\">D\u00e4rifr\u00e5n \u00e4r det cirka 2 minuters promenad till v\u00e5r adress p\u00e5  <strong data-start=\"65\" data-end=\"100\">Av. de Portugal, 1, 07012 Palma <\/strong>.<\/span><\/p>\t\t\t\t\t\t\t\t<\/div>\n\t\t\t\t<\/div>\n\t\t\t\t\t<\/div>\n\t\t\t\t<\/div>\n\t\t<div class=\"elementor-element elementor-element-c76fb74 e-flex e-con-boxed e-con e-parent\" data-id=\"c76fb74\" data-element_type=\"container\" data-e-type=\"container\">\n\t\t\t\t\t<div class=\"e-con-inner\">\n\t\t\t\t<div class=\"elementor-element elementor-element-a0b7cb4 elementor-widget elementor-widget-spacer\" data-id=\"a0b7cb4\" data-element_type=\"widget\" data-e-type=\"widget\" data-widget_type=\"spacer.default\">\n\t\t\t\t<div class=\"elementor-widget-container\">\n\t\t\t\t\t\t\t<div class=\"elementor-spacer\">\n\t\t\t<div class=\"elementor-spacer-inner\"><\/div>\n\t\t<\/div>\n\t\t\t\t\t\t<\/div>\n\t\t\t\t<\/div>\n\t\t\t\t<div class=\"elementor-element elementor-element-f40c321 elementor-widget elementor-widget-heading\" data-id=\"f40c321\" data-element_type=\"widget\" data-e-type=\"widget\" data-widget_type=\"heading.default\">\n\t\t\t\t<div class=\"elementor-widget-container\">\n\t\t\t\t\t<h2 class=\"elementor-heading-title elementor-size-default\">Promenad fr\u00e5n Plaza de Espa\u00f1a<\/h2>\t\t\t\t<\/div>\n\t\t\t\t<\/div>\n\t\t\t\t<div class=\"elementor-element elementor-element-16fa244 color-scheme-inherit text-left elementor-widget elementor-widget-text-editor\" data-id=\"16fa244\" data-element_type=\"widget\" data-e-type=\"widget\" data-widget_type=\"text-editor.default\">\n\t\t\t\t<div class=\"elementor-widget-container\">\n\t\t\t\t\t\t\t\t\t<p><span class=\"relative -mx-px my-[-0.2rem] rounded px-px py-[0.2rem] transition-colors duration-100 ease-in-out\">Att promenera fr\u00e5n Plaza de Espa\u00f1a till v\u00e5r skola \u00e4r ett trevligt alternativ.<\/span> <span class=\"relative -mx-px my-[-0.2rem] rounded px-px py-[0.2rem] transition-colors duration-100 ease-in-out\">Avst\u00e5ndet \u00e4r cirka 1,2 kilometer och det tar cirka 15 minuter till fots.<\/span> <span class=\"relative -mx-px my-[-0.2rem] rounded px-px py-[0.2rem] transition-colors duration-100 ease-in-out\">K\u00f6r mot sydv\u00e4st p\u00e5 <strong data-start=\"18\" data-end=\"44\">Carrer d&#8217;Eusebi Estada<\/strong>, forts\u00e4tt in p\u00e5 <strong data-start=\"60\" data-end=\"84\">Avinguda de Portugal<\/strong> och du hittar oss p\u00e5 nummer 1.<\/span> <span class=\"relative -mx-px my-[-0.2rem] rounded px-px py-[0.2rem] transition-colors duration-100 ease-in-out\">Den h\u00e4r rutten ger dig m\u00f6jlighet att njuta av n\u00e5gra av Palmas charmiga gator och den lokala atmosf\u00e4ren.<\/span><\/p>\t\t\t\t\t\t\t\t<\/div>\n\t\t\t\t<\/div>\n\t\t\t\t\t<\/div>\n\t\t\t\t<\/div>\n\t\t<div class=\"elementor-element elementor-element-c568ded e-flex e-con-boxed e-con e-parent\" data-id=\"c568ded\" data-element_type=\"container\" data-e-type=\"container\">\n\t\t\t\t\t<div class=\"e-con-inner\">\n\t\t\t\t<div class=\"elementor-element elementor-element-1f07ccf elementor-widget elementor-widget-spacer\" data-id=\"1f07ccf\" data-element_type=\"widget\" data-e-type=\"widget\" data-widget_type=\"spacer.default\">\n\t\t\t\t<div class=\"elementor-widget-container\">\n\t\t\t\t\t\t\t<div class=\"elementor-spacer\">\n\t\t\t<div class=\"elementor-spacer-inner\"><\/div>\n\t\t<\/div>\n\t\t\t\t\t\t<\/div>\n\t\t\t\t<\/div>\n\t\t\t\t<div class=\"elementor-element elementor-element-46c2c87 elementor-widget elementor-widget-heading\" data-id=\"46c2c87\" data-element_type=\"widget\" data-e-type=\"widget\" data-widget_type=\"heading.default\">\n\t\t\t\t<div class=\"elementor-widget-container\">\n\t\t\t\t\t<h2 class=\"elementor-heading-title elementor-size-default\">K\u00f6rning fr\u00e5n Plaza de Espa\u00f1a<\/h2>\t\t\t\t<\/div>\n\t\t\t\t<\/div>\n\t\t\t\t<div class=\"elementor-element elementor-element-178a008 color-scheme-inherit text-left elementor-widget elementor-widget-text-editor\" data-id=\"178a008\" data-element_type=\"widget\" data-e-type=\"widget\" data-widget_type=\"text-editor.default\">\n\t\t\t\t<div class=\"elementor-widget-container\">\n\t\t\t\t\t\t\t\t\t<p class=\"\" data-start=\"1049\" data-end=\"1207\"><span class=\"relative -mx-px my-[-0.2rem] rounded px-px py-[0.2rem] transition-colors duration-100 ease-in-out\">Om du k\u00f6r fr\u00e5n Plaza de Espa\u00f1a \u00e4r resan till v\u00e5r skola enkel och tar normalt cirka 5 minuter, beroende p\u00e5 trafiken.<\/span> <span class=\"relative -mx-px my-[-0.2rem] rounded px-px py-[0.2rem] transition-colors duration-100 ease-in-out\">K\u00f6r mot sydv\u00e4st p\u00e5 <strong data-start=\"18\" data-end=\"44\">Carrer d&#8217;Eusebi Estada<\/strong>, forts\u00e4tt p\u00e5 <strong data-start=\"60\" data-end=\"84\">Avinguda de Portugal<\/strong> och du kommer fram till  <strong data-start=\"107\" data-end=\"129\">Av. de Portugal, 1 <\/strong>.<\/span> <span class=\"relative -mx-px my-[-0.2rem] rounded px-px py-[0.2rem] transition-colors duration-100 ease-in-out\">Parkering finns i n\u00e4rheten p\u00e5 <strong data-start=\"31\" data-end=\"57\">Parking Paseo Mallorca<\/strong>, som n\u00e4mnts ovan.<\/span><\/p>\t\t\t\t\t\t\t\t<\/div>\n\t\t\t\t<\/div>\n\t\t\t\t\t<\/div>\n\t\t\t\t<\/div>\n\t\t<div class=\"elementor-element elementor-element-0b55ce5 e-flex e-con-boxed e-con e-parent\" data-id=\"0b55ce5\" data-element_type=\"container\" data-e-type=\"container\">\n\t\t\t\t\t<div class=\"e-con-inner\">\n\t\t\t\t<div class=\"elementor-element elementor-element-a368fed elementor-widget elementor-widget-image\" data-id=\"a368fed\" data-element_type=\"widget\" data-e-type=\"widget\" data-widget_type=\"image.default\">\n\t\t\t\t<div class=\"elementor-widget-container\">\n\t\t\t\t\t\t\t\t\t\t\t\t\t\t\t<img decoding=\"async\" width=\"768\" height=\"644\" src=\"https:\/\/maxxinstitutes.com\/wp-content\/uploads\/2025\/05\/parking-mallorca-768x644.png\" class=\"attachment-medium_large size-medium_large wp-image-24046\" alt=\"\" srcset=\"https:\/\/maxxinstitutes.com\/wp-content\/uploads\/2025\/05\/parking-mallorca-768x644.png 768w, https:\/\/maxxinstitutes.com\/wp-content\/uploads\/2025\/05\/parking-mallorca-300x251.png 300w, https:\/\/maxxinstitutes.com\/wp-content\/uploads\/2025\/05\/parking-mallorca-600x503.png 600w, https:\/\/maxxinstitutes.com\/wp-content\/uploads\/2025\/05\/parking-mallorca-150x126.png 150w, https:\/\/maxxinstitutes.com\/wp-content\/uploads\/2025\/05\/parking-mallorca.png 940w\" sizes=\"(max-width: 768px) 100vw, 768px\" title=\"\">\t\t\t\t\t\t\t\t\t\t\t\t\t\t\t<\/div>\n\t\t\t\t<\/div>\n\t\t\t\t\t<\/div>\n\t\t\t\t<\/div>\n\t\t\t\t<\/div>\n\t\t","protected":false},"excerpt":{"rendered":"<p>Hur man tar sig till MAXX Institutes! Parkering n\u00e4ra skolan: Parkering Paseo Mallorca Om du anl\u00e4nder med bil \u00e4r Parking<\/p>\n","protected":false},"author":4,"featured_media":0,"parent":0,"menu_order":0,"comment_status":"closed","ping_status":"closed","template":"","meta":{"two_page_speed":[],"footnotes":""},"class_list":["post-24293","page","type-page","status-publish","hentry"],"_links":{"self":[{"href":"https:\/\/maxxinstitutes.com\/sv\/wp-json\/wp\/v2\/pages\/24293","targetHints":{"allow":["GET"]}}],"collection":[{"href":"https:\/\/maxxinstitutes.com\/sv\/wp-json\/wp\/v2\/pages"}],"about":[{"href":"https:\/\/maxxinstitutes.com\/sv\/wp-json\/wp\/v2\/types\/page"}],"author":[{"embeddable":true,"href":"https:\/\/maxxinstitutes.com\/sv\/wp-json\/wp\/v2\/users\/4"}],"replies":[{"embeddable":true,"href":"https:\/\/maxxinstitutes.com\/sv\/wp-json\/wp\/v2\/comments?post=24293"}],"version-history":[{"count":1,"href":"https:\/\/maxxinstitutes.com\/sv\/wp-json\/wp\/v2\/pages\/24293\/revisions"}],"predecessor-version":[{"id":24294,"href":"https:\/\/maxxinstitutes.com\/sv\/wp-json\/wp\/v2\/pages\/24293\/revisions\/24294"}],"wp:attachment":[{"href":"https:\/\/maxxinstitutes.com\/sv\/wp-json\/wp\/v2\/media?parent=24293"}],"curies":[{"name":"wp","href":"https:\/\/api.w.org\/{rel}","templated":true}]}}