{"id":23425,"date":"2025-04-07T21:49:37","date_gmt":"2025-04-07T21:49:37","guid":{"rendered":"https:\/\/maxxinstitutes.com\/officiella-certifieringar-och-samarbeten\/"},"modified":"2025-09-24T17:28:02","modified_gmt":"2025-09-24T17:28:02","slug":"officiella-certifieringar-och-samarbeten","status":"publish","type":"page","link":"https:\/\/maxxinstitutes.com\/sv\/officiella-certifieringar-och-samarbeten\/","title":{"rendered":"Officiella certifieringar och samarbeten"},"content":{"rendered":"\t\t<div data-elementor-type=\"wp-page\" data-elementor-id=\"23425\" class=\"elementor elementor-23425 elementor-23162\" data-elementor-post-type=\"page\">\n\t\t\t\t<div class=\"elementor-element elementor-element-c789d8e e-flex e-con-boxed e-con e-parent\" data-id=\"c789d8e\" data-element_type=\"container\" data-e-type=\"container\">\n\t\t\t\t\t<div class=\"e-con-inner\">\n\t\t\t\t<div class=\"elementor-element elementor-element-fd4abb8 elementor-widget elementor-widget-heading\" data-id=\"fd4abb8\" data-element_type=\"widget\" data-e-type=\"widget\" data-widget_type=\"heading.default\">\n\t\t\t\t<div class=\"elementor-widget-container\">\n\t\t\t\t\t<h2 class=\"elementor-heading-title elementor-size-default\">Officiella certifieringar och samarbeten<\/h2>\t\t\t\t<\/div>\n\t\t\t\t<\/div>\n\t\t\t\t<div class=\"elementor-element elementor-element-e10ee46 elementor-widget elementor-widget-spacer\" data-id=\"e10ee46\" data-element_type=\"widget\" data-e-type=\"widget\" data-widget_type=\"spacer.default\">\n\t\t\t\t<div class=\"elementor-widget-container\">\n\t\t\t\t\t\t\t<div class=\"elementor-spacer\">\n\t\t\t<div class=\"elementor-spacer-inner\"><\/div>\n\t\t<\/div>\n\t\t\t\t\t\t<\/div>\n\t\t\t\t<\/div>\n\t\t\t\t\t<\/div>\n\t\t\t\t<\/div>\n\t\t<div class=\"elementor-element elementor-element-ed97605 e-flex e-con-boxed e-con e-parent\" data-id=\"ed97605\" data-element_type=\"container\" data-e-type=\"container\">\n\t\t\t\t\t<div class=\"e-con-inner\">\n\t\t<div class=\"elementor-element elementor-element-01270e9 e-con-full e-flex e-con e-child\" data-id=\"01270e9\" data-element_type=\"container\" data-e-type=\"container\">\n\t\t\t\t<div class=\"elementor-element elementor-element-c8fc313 elementor-widget elementor-widget-image\" data-id=\"c8fc313\" data-element_type=\"widget\" data-e-type=\"widget\" data-widget_type=\"image.default\">\n\t\t\t\t<div class=\"elementor-widget-container\">\n\t\t\t\t\t\t\t\t\t\t\t\t\t\t\t\t<a href=\"https:\/\/acreditacion.cervantes.es\/estudiantes\/que_es.htm\" target=\"_blank\" rel=\"noopener\">\n\t\t\t\t\t\t\t<img fetchpriority=\"high\" decoding=\"async\" width=\"1024\" height=\"576\" src=\"https:\/\/maxxinstitutes.com\/wp-content\/uploads\/2025\/07\/Youtube-Hintergrund-1024x576.png\" class=\"attachment-large size-large wp-image-24599\" alt=\"\" srcset=\"https:\/\/maxxinstitutes.com\/wp-content\/uploads\/2025\/07\/Youtube-Hintergrund-1024x576.png 1024w, https:\/\/maxxinstitutes.com\/wp-content\/uploads\/2025\/07\/Youtube-Hintergrund-300x169.png 300w, https:\/\/maxxinstitutes.com\/wp-content\/uploads\/2025\/07\/Youtube-Hintergrund-768x432.png 768w, https:\/\/maxxinstitutes.com\/wp-content\/uploads\/2025\/07\/Youtube-Hintergrund-600x338.png 600w, https:\/\/maxxinstitutes.com\/wp-content\/uploads\/2025\/07\/Youtube-Hintergrund-150x84.png 150w, https:\/\/maxxinstitutes.com\/wp-content\/uploads\/2025\/07\/Youtube-Hintergrund.png 1280w\" sizes=\"(max-width: 1024px) 100vw, 1024px\" title=\"\">\t\t\t\t\t\t\t\t<\/a>\n\t\t\t\t\t\t\t\t\t\t\t\t\t\t\t<\/div>\n\t\t\t\t<\/div>\n\t\t\t\t<\/div>\n\t\t<div class=\"elementor-element elementor-element-4658175 e-con-full e-flex e-con e-child\" data-id=\"4658175\" data-element_type=\"container\" data-e-type=\"container\">\n\t\t\t\t<div class=\"elementor-element elementor-element-4ff8306 elementor-widget elementor-widget-heading\" data-id=\"4ff8306\" data-element_type=\"widget\" data-e-type=\"widget\" data-widget_type=\"heading.default\">\n\t\t\t\t<div class=\"elementor-widget-container\">\n\t\t\t\t\t<h2 class=\"elementor-heading-title elementor-size-default\">Instituto Cervantes<\/h2>\t\t\t\t<\/div>\n\t\t\t\t<\/div>\n\t\t\t\t<div class=\"elementor-element elementor-element-f2bd339 color-scheme-inherit text-left elementor-widget elementor-widget-text-editor\" data-id=\"f2bd339\" data-element_type=\"widget\" data-e-type=\"widget\" data-widget_type=\"text-editor.default\">\n\t\t\t\t<div class=\"elementor-widget-container\">\n\t\t\t\t\t\t\t\t\t<p>El Instituto de Idiomas Ibiza har ackrediterats av Instituto Cervantes, vilket inneb\u00e4r att det uppfyller de villkor som fastst\u00e4llts av Instituto Cervantes ackrediteringssystem f\u00f6r centra, den enda internationella ackrediteringen som uteslutande \u00e4r inriktad p\u00e5 undervisning i spanska som fr\u00e4mmande spr\u00e5k<\/p>\t\t\t\t\t\t\t\t<\/div>\n\t\t\t\t<\/div>\n\t\t\t\t<\/div>\n\t\t\t\t\t<\/div>\n\t\t\t\t<\/div>\n\t\t<div class=\"elementor-element elementor-element-74675ab e-flex e-con-boxed e-con e-parent\" data-id=\"74675ab\" data-element_type=\"container\" data-e-type=\"container\">\n\t\t\t\t\t<div class=\"e-con-inner\">\n\t\t\t\t<div class=\"elementor-element elementor-element-91a256d elementor-widget-divider--view-line elementor-widget elementor-widget-divider\" data-id=\"91a256d\" data-element_type=\"widget\" data-e-type=\"widget\" data-widget_type=\"divider.default\">\n\t\t\t\t<div class=\"elementor-widget-container\">\n\t\t\t\t\t\t\t<div class=\"elementor-divider\">\n\t\t\t<span class=\"elementor-divider-separator\">\n\t\t\t\t\t\t<\/span>\n\t\t<\/div>\n\t\t\t\t\t\t<\/div>\n\t\t\t\t<\/div>\n\t\t\t\t\t<\/div>\n\t\t\t\t<\/div>\n\t\t<div class=\"elementor-element elementor-element-b09513f e-flex e-con-boxed e-con e-parent\" data-id=\"b09513f\" data-element_type=\"container\" data-e-type=\"container\">\n\t\t\t\t\t<div class=\"e-con-inner\">\n\t\t<div class=\"elementor-element elementor-element-e8959fc e-con-full e-flex e-con e-child\" data-id=\"e8959fc\" data-element_type=\"container\" data-e-type=\"container\">\n\t\t\t\t<div class=\"elementor-element elementor-element-bd87239 elementor-widget elementor-widget-image\" data-id=\"bd87239\" data-element_type=\"widget\" data-e-type=\"widget\" data-widget_type=\"image.default\">\n\t\t\t\t<div class=\"elementor-widget-container\">\n\t\t\t\t\t\t\t\t\t\t\t\t\t\t\t\t<a href=\"https:\/\/fedele.org\/escuelas\/instituto-de-idiomas-ibiza\/\" target=\"_blank\" rel=\"noopener\">\n\t\t\t\t\t\t\t<img decoding=\"async\" width=\"150\" height=\"150\" src=\"https:\/\/maxxinstitutes.com\/wp-content\/uploads\/2025\/04\/fedele_ail_madrid-150x150.jpg\" class=\"attachment-thumbnail size-thumbnail wp-image-23178\" alt=\"\" srcset=\"https:\/\/maxxinstitutes.com\/wp-content\/uploads\/2025\/04\/fedele_ail_madrid-150x150.jpg 150w, https:\/\/maxxinstitutes.com\/wp-content\/uploads\/2025\/04\/fedele_ail_madrid-300x300.jpg 300w, https:\/\/maxxinstitutes.com\/wp-content\/uploads\/2025\/04\/fedele_ail_madrid.jpg 328w\" sizes=\"(max-width: 150px) 100vw, 150px\" title=\"\">\t\t\t\t\t\t\t\t<\/a>\n\t\t\t\t\t\t\t\t\t\t\t\t\t\t\t<\/div>\n\t\t\t\t<\/div>\n\t\t\t\t<\/div>\n\t\t<div class=\"elementor-element elementor-element-c2c9dd3 e-con-full e-flex e-con e-child\" data-id=\"c2c9dd3\" data-element_type=\"container\" data-e-type=\"container\">\n\t\t\t\t<div class=\"elementor-element elementor-element-5014d0f elementor-widget elementor-widget-heading\" data-id=\"5014d0f\" data-element_type=\"widget\" data-e-type=\"widget\" data-widget_type=\"heading.default\">\n\t\t\t\t<div class=\"elementor-widget-container\">\n\t\t\t\t\t<h2 class=\"elementor-heading-title elementor-size-default\">FEDELE<\/h2>\t\t\t\t<\/div>\n\t\t\t\t<\/div>\n\t\t\t\t<div class=\"elementor-element elementor-element-a5b18a6 color-scheme-inherit text-left elementor-widget elementor-widget-text-editor\" data-id=\"a5b18a6\" data-element_type=\"widget\" data-e-type=\"widget\" data-widget_type=\"text-editor.default\">\n\t\t\t\t<div class=\"elementor-widget-container\">\n\t\t\t\t\t\t\t\t\t<p class=\"\" data-start=\"432\" data-end=\"599\">Som stolt medlem i FEDELE (Federation of Spanish Language Schools) genomg\u00e5r vi regelbundna kvalitetskontroller f\u00f6r att s\u00e4kerst\u00e4lla utm\u00e4rkt akademisk och studentservice.<\/p><p class=\"\" data-start=\"601\" data-end=\"775\"> <\/p>\t\t\t\t\t\t\t\t<\/div>\n\t\t\t\t<\/div>\n\t\t\t\t<\/div>\n\t\t\t\t\t<\/div>\n\t\t\t\t<\/div>\n\t\t<div class=\"elementor-element elementor-element-31874e0 e-flex e-con-boxed e-con e-parent\" data-id=\"31874e0\" data-element_type=\"container\" data-e-type=\"container\">\n\t\t\t\t\t<div class=\"e-con-inner\">\n\t\t\t\t<div class=\"elementor-element elementor-element-b5bfa22 elementor-widget-divider--view-line elementor-widget elementor-widget-divider\" data-id=\"b5bfa22\" data-element_type=\"widget\" data-e-type=\"widget\" data-widget_type=\"divider.default\">\n\t\t\t\t<div class=\"elementor-widget-container\">\n\t\t\t\t\t\t\t<div class=\"elementor-divider\">\n\t\t\t<span class=\"elementor-divider-separator\">\n\t\t\t\t\t\t<\/span>\n\t\t<\/div>\n\t\t\t\t\t\t<\/div>\n\t\t\t\t<\/div>\n\t\t\t\t\t<\/div>\n\t\t\t\t<\/div>\n\t\t<div class=\"elementor-element elementor-element-d06494c e-flex e-con-boxed e-con e-parent\" data-id=\"d06494c\" data-element_type=\"container\" data-e-type=\"container\">\n\t\t\t\t\t<div class=\"e-con-inner\">\n\t\t<div class=\"elementor-element elementor-element-6a08708 e-con-full e-flex e-con e-child\" data-id=\"6a08708\" data-element_type=\"container\" data-e-type=\"container\">\n\t\t\t\t<div class=\"elementor-element elementor-element-193de34 elementor-widget elementor-widget-image\" data-id=\"193de34\" data-element_type=\"widget\" data-e-type=\"widget\" data-widget_type=\"image.default\">\n\t\t\t\t<div class=\"elementor-widget-container\">\n\t\t\t\t\t\t\t\t\t\t\t\t\t\t\t\t<a href=\"https:\/\/bildungsurlaub-approval.com\/was-ist-bildungsurlaub\/\" target=\"_blank\" rel=\"noopener\">\n\t\t\t\t\t\t\t<img decoding=\"async\" width=\"300\" height=\"64\" src=\"https:\/\/maxxinstitutes.com\/wp-content\/uploads\/2025\/04\/Logo-BUA-NEU-300x64.webp\" class=\"attachment-medium size-medium wp-image-22916\" alt=\"\" srcset=\"https:\/\/maxxinstitutes.com\/wp-content\/uploads\/2025\/04\/Logo-BUA-NEU-300x64.webp 300w, https:\/\/maxxinstitutes.com\/wp-content\/uploads\/2025\/04\/Logo-BUA-NEU-150x32.webp 150w, https:\/\/maxxinstitutes.com\/wp-content\/uploads\/2025\/04\/Logo-BUA-NEU.webp 600w\" sizes=\"(max-width: 300px) 100vw, 300px\" title=\"\">\t\t\t\t\t\t\t\t<\/a>\n\t\t\t\t\t\t\t\t\t\t\t\t\t\t\t<\/div>\n\t\t\t\t<\/div>\n\t\t\t\t<\/div>\n\t\t<div class=\"elementor-element elementor-element-b3eba18 e-con-full e-flex e-con e-child\" data-id=\"b3eba18\" data-element_type=\"container\" data-e-type=\"container\">\n\t\t\t\t<div class=\"elementor-element elementor-element-9717527 elementor-widget elementor-widget-heading\" data-id=\"9717527\" data-element_type=\"widget\" data-e-type=\"widget\" data-widget_type=\"heading.default\">\n\t\t\t\t<div class=\"elementor-widget-container\">\n\t\t\t\t\t<h2 class=\"elementor-heading-title elementor-size-default\">Bildningsurlaub<\/h2>\t\t\t\t<\/div>\n\t\t\t\t<\/div>\n\t\t\t\t<div class=\"elementor-element elementor-element-f696eda color-scheme-inherit text-left elementor-widget elementor-widget-text-editor\" data-id=\"f696eda\" data-element_type=\"widget\" data-e-type=\"widget\" data-widget_type=\"text-editor.default\">\n\t\t\t\t<div class=\"elementor-widget-container\">\n\t\t\t\t\t\t\t\t\t<p class=\"\" data-start=\"432\" data-end=\"599\">V\u00e5ra program \u00e4r erk\u00e4nda av flera tyska delstater enligt Bildungsurlaub-systemet. Detta g\u00f6r det m\u00f6jligt f\u00f6r anst\u00e4llda i Tyskland att ta betald ledighet f\u00f6r att studera hos oss. <\/p><p class=\"\" data-start=\"601\" data-end=\"775\"> <\/p>\t\t\t\t\t\t\t\t<\/div>\n\t\t\t\t<\/div>\n\t\t\t\t<\/div>\n\t\t\t\t\t<\/div>\n\t\t\t\t<\/div>\n\t\t<div class=\"elementor-element elementor-element-37a28ee e-flex e-con-boxed e-con e-parent\" data-id=\"37a28ee\" data-element_type=\"container\" data-e-type=\"container\">\n\t\t\t\t\t<div class=\"e-con-inner\">\n\t\t\t\t<div class=\"elementor-element elementor-element-d1b537c elementor-widget-divider--view-line elementor-widget elementor-widget-divider\" data-id=\"d1b537c\" data-element_type=\"widget\" data-e-type=\"widget\" data-widget_type=\"divider.default\">\n\t\t\t\t<div class=\"elementor-widget-container\">\n\t\t\t\t\t\t\t<div class=\"elementor-divider\">\n\t\t\t<span class=\"elementor-divider-separator\">\n\t\t\t\t\t\t<\/span>\n\t\t<\/div>\n\t\t\t\t\t\t<\/div>\n\t\t\t\t<\/div>\n\t\t\t\t\t<\/div>\n\t\t\t\t<\/div>\n\t\t<div class=\"elementor-element elementor-element-d5c6ede e-flex e-con-boxed e-con e-parent\" data-id=\"d5c6ede\" data-element_type=\"container\" data-e-type=\"container\">\n\t\t\t\t\t<div class=\"e-con-inner\">\n\t\t<div class=\"elementor-element elementor-element-cde62b4 e-con-full e-flex e-con e-child\" data-id=\"cde62b4\" data-element_type=\"container\" data-e-type=\"container\">\n\t\t\t\t<div class=\"elementor-element elementor-element-665104f elementor-widget elementor-widget-image\" data-id=\"665104f\" data-element_type=\"widget\" data-e-type=\"widget\" data-widget_type=\"image.default\">\n\t\t\t\t<div class=\"elementor-widget-container\">\n\t\t\t\t\t\t\t\t\t\t\t\t\t\t\t\t<a href=\"https:\/\/examenes.cervantes.es\/es\/dele\/que-es\" target=\"_blank\" rel=\"noopener\">\n\t\t\t\t\t\t\t<img loading=\"lazy\" decoding=\"async\" width=\"150\" height=\"150\" src=\"https:\/\/maxxinstitutes.com\/wp-content\/uploads\/2025\/03\/1-3-150x150.png\" class=\"attachment-thumbnail size-thumbnail wp-image-22550\" alt=\"\" srcset=\"https:\/\/maxxinstitutes.com\/wp-content\/uploads\/2025\/03\/1-3-150x150.png 150w, https:\/\/maxxinstitutes.com\/wp-content\/uploads\/2025\/03\/1-3-300x300.png 300w, https:\/\/maxxinstitutes.com\/wp-content\/uploads\/2025\/03\/1-3.png 500w\" sizes=\"(max-width: 150px) 100vw, 150px\" title=\"\">\t\t\t\t\t\t\t\t<\/a>\n\t\t\t\t\t\t\t\t\t\t\t\t\t\t\t<\/div>\n\t\t\t\t<\/div>\n\t\t\t\t<\/div>\n\t\t<div class=\"elementor-element elementor-element-0356495 e-con-full e-flex e-con e-child\" data-id=\"0356495\" data-element_type=\"container\" data-e-type=\"container\">\n\t\t\t\t<div class=\"elementor-element elementor-element-07ee00c elementor-widget elementor-widget-heading\" data-id=\"07ee00c\" data-element_type=\"widget\" data-e-type=\"widget\" data-widget_type=\"heading.default\">\n\t\t\t\t<div class=\"elementor-widget-container\">\n\t\t\t\t\t<h2 class=\"elementor-heading-title elementor-size-default\">DELE<\/h2>\t\t\t\t<\/div>\n\t\t\t\t<\/div>\n\t\t\t\t<div class=\"elementor-element elementor-element-b08d756 color-scheme-inherit text-left elementor-widget elementor-widget-text-editor\" data-id=\"b08d756\" data-element_type=\"widget\" data-e-type=\"widget\" data-widget_type=\"text-editor.default\">\n\t\t\t\t<div class=\"elementor-widget-container\">\n\t\t\t\t\t\t\t\t\t<p>Som ett certifierat DELE-examenscenter f\u00f6rbereder vi studenter f\u00f6r den officiella spanska spr\u00e5kexamen, som \u00e4r internationellt erk\u00e4nd av institutioner, universitet och f\u00f6retag runt om i v\u00e4rlden. DELE \u00e4r en v\u00e4rdefull kvalifikation f\u00f6r akademiska och yrkesm\u00e4ssiga \u00e4ndam\u00e5l, och vi erbjuder ocks\u00e5 DELE A2-examen, som kr\u00e4vs f\u00f6r att f\u00e5 spansk nationalitet. <\/p><p class=\"\" data-start=\"601\" data-end=\"775\"> <\/p>\t\t\t\t\t\t\t\t<\/div>\n\t\t\t\t<\/div>\n\t\t\t\t<\/div>\n\t\t\t\t\t<\/div>\n\t\t\t\t<\/div>\n\t\t<div class=\"elementor-element elementor-element-1ee8505 e-flex e-con-boxed e-con e-parent\" data-id=\"1ee8505\" data-element_type=\"container\" data-e-type=\"container\">\n\t\t\t\t\t<div class=\"e-con-inner\">\n\t\t\t\t<div class=\"elementor-element elementor-element-70d24f9 elementor-widget-divider--view-line elementor-widget elementor-widget-divider\" data-id=\"70d24f9\" data-element_type=\"widget\" data-e-type=\"widget\" data-widget_type=\"divider.default\">\n\t\t\t\t<div class=\"elementor-widget-container\">\n\t\t\t\t\t\t\t<div class=\"elementor-divider\">\n\t\t\t<span class=\"elementor-divider-separator\">\n\t\t\t\t\t\t<\/span>\n\t\t<\/div>\n\t\t\t\t\t\t<\/div>\n\t\t\t\t<\/div>\n\t\t\t\t\t<\/div>\n\t\t\t\t<\/div>\n\t\t<div class=\"elementor-element elementor-element-783f32e e-flex e-con-boxed e-con e-parent\" data-id=\"783f32e\" data-element_type=\"container\" data-e-type=\"container\">\n\t\t\t\t\t<div class=\"e-con-inner\">\n\t\t<div class=\"elementor-element elementor-element-af2c5bb e-con-full e-flex e-con e-child\" data-id=\"af2c5bb\" data-element_type=\"container\" data-e-type=\"container\">\n\t\t\t\t<div class=\"elementor-element elementor-element-02bbbfa elementor-widget elementor-widget-image\" data-id=\"02bbbfa\" data-element_type=\"widget\" data-e-type=\"widget\" data-widget_type=\"image.default\">\n\t\t\t\t<div class=\"elementor-widget-container\">\n\t\t\t\t\t\t\t\t\t\t\t\t\t\t\t\t<a href=\"https:\/\/examenes.cervantes.es\/es\/ccse\/que-es\" target=\"_blank\" rel=\"noopener\">\n\t\t\t\t\t\t\t<img loading=\"lazy\" decoding=\"async\" width=\"212\" height=\"61\" src=\"https:\/\/maxxinstitutes.com\/wp-content\/uploads\/2025\/04\/CCSE.png\" class=\"attachment-medium_large size-medium_large wp-image-23206\" alt=\"\" srcset=\"https:\/\/maxxinstitutes.com\/wp-content\/uploads\/2025\/04\/CCSE.png 212w, https:\/\/maxxinstitutes.com\/wp-content\/uploads\/2025\/04\/CCSE-150x43.png 150w\" sizes=\"(max-width: 212px) 100vw, 212px\" title=\"\">\t\t\t\t\t\t\t\t<\/a>\n\t\t\t\t\t\t\t\t\t\t\t\t\t\t\t<\/div>\n\t\t\t\t<\/div>\n\t\t\t\t<\/div>\n\t\t<div class=\"elementor-element elementor-element-748947b e-con-full e-flex e-con e-child\" data-id=\"748947b\" data-element_type=\"container\" data-e-type=\"container\">\n\t\t\t\t<div class=\"elementor-element elementor-element-3ed5a49 elementor-widget elementor-widget-heading\" data-id=\"3ed5a49\" data-element_type=\"widget\" data-e-type=\"widget\" data-widget_type=\"heading.default\">\n\t\t\t\t<div class=\"elementor-widget-container\">\n\t\t\t\t\t<h2 class=\"elementor-heading-title elementor-size-default\">CCSE<\/h2>\t\t\t\t<\/div>\n\t\t\t\t<\/div>\n\t\t\t\t<div class=\"elementor-element elementor-element-315ca0f color-scheme-inherit text-left elementor-widget elementor-widget-text-editor\" data-id=\"315ca0f\" data-element_type=\"widget\" data-e-type=\"widget\" data-widget_type=\"text-editor.default\">\n\t\t\t\t<div class=\"elementor-widget-container\">\n\t\t\t\t\t\t\t\t\t<p class=\"\" data-start=\"432\" data-end=\"599\">Som ett certifierat CCSE-examenscenter f\u00f6rbereder vi studenter f\u00f6r det officiella konstitutionella och kulturella kunskapsprov som kr\u00e4vs f\u00f6r spansk nationalitet.<\/p><p class=\"\" data-start=\"601\" data-end=\"775\"> <\/p>\t\t\t\t\t\t\t\t<\/div>\n\t\t\t\t<\/div>\n\t\t\t\t<\/div>\n\t\t\t\t\t<\/div>\n\t\t\t\t<\/div>\n\t\t<div class=\"elementor-element elementor-element-6b4050f e-flex e-con-boxed e-con e-parent\" data-id=\"6b4050f\" data-element_type=\"container\" data-e-type=\"container\">\n\t\t\t\t\t<div class=\"e-con-inner\">\n\t\t\t\t<div class=\"elementor-element elementor-element-756454b elementor-widget-divider--view-line elementor-widget elementor-widget-divider\" data-id=\"756454b\" data-element_type=\"widget\" data-e-type=\"widget\" data-widget_type=\"divider.default\">\n\t\t\t\t<div class=\"elementor-widget-container\">\n\t\t\t\t\t\t\t<div class=\"elementor-divider\">\n\t\t\t<span class=\"elementor-divider-separator\">\n\t\t\t\t\t\t<\/span>\n\t\t<\/div>\n\t\t\t\t\t\t<\/div>\n\t\t\t\t<\/div>\n\t\t\t\t\t<\/div>\n\t\t\t\t<\/div>\n\t\t<div class=\"elementor-element elementor-element-25210e9 e-flex e-con-boxed e-con e-parent\" data-id=\"25210e9\" data-element_type=\"container\" data-e-type=\"container\">\n\t\t\t\t\t<div class=\"e-con-inner\">\n\t\t<div class=\"elementor-element elementor-element-2628f97 e-con-full e-flex e-con e-child\" data-id=\"2628f97\" data-element_type=\"container\" data-e-type=\"container\">\n\t\t\t\t<div class=\"elementor-element elementor-element-af88215 elementor-widget elementor-widget-image\" data-id=\"af88215\" data-element_type=\"widget\" data-e-type=\"widget\" data-widget_type=\"image.default\">\n\t\t\t\t<div class=\"elementor-widget-container\">\n\t\t\t\t\t\t\t\t\t\t\t\t\t\t\t\t<a href=\"https:\/\/www.csn.se\/\" target=\"_blank\" rel=\"noopener\">\n\t\t\t\t\t\t\t<img loading=\"lazy\" decoding=\"async\" width=\"150\" height=\"150\" src=\"https:\/\/maxxinstitutes.com\/wp-content\/uploads\/2025\/04\/csn-150x150.jpg\" class=\"attachment-thumbnail size-thumbnail wp-image-23213\" alt=\"\" srcset=\"https:\/\/maxxinstitutes.com\/wp-content\/uploads\/2025\/04\/csn-150x150.jpg 150w, https:\/\/maxxinstitutes.com\/wp-content\/uploads\/2025\/04\/csn.jpg 200w\" sizes=\"(max-width: 150px) 100vw, 150px\" title=\"\">\t\t\t\t\t\t\t\t<\/a>\n\t\t\t\t\t\t\t\t\t\t\t\t\t\t\t<\/div>\n\t\t\t\t<\/div>\n\t\t\t\t<\/div>\n\t\t<div class=\"elementor-element elementor-element-9309e23 e-con-full e-flex e-con e-child\" data-id=\"9309e23\" data-element_type=\"container\" data-e-type=\"container\">\n\t\t\t\t<div class=\"elementor-element elementor-element-7f814a8 elementor-widget elementor-widget-heading\" data-id=\"7f814a8\" data-element_type=\"widget\" data-e-type=\"widget\" data-widget_type=\"heading.default\">\n\t\t\t\t<div class=\"elementor-widget-container\">\n\t\t\t\t\t<h2 class=\"elementor-heading-title elementor-size-default\">CSN Sverige<\/h2>\t\t\t\t<\/div>\n\t\t\t\t<\/div>\n\t\t\t\t<div class=\"elementor-element elementor-element-9b0e64e color-scheme-inherit text-left elementor-widget elementor-widget-text-editor\" data-id=\"9b0e64e\" data-element_type=\"widget\" data-e-type=\"widget\" data-widget_type=\"text-editor.default\">\n\t\t\t\t<div class=\"elementor-widget-container\">\n\t\t\t\t\t\t\t\t\t<p class=\"\" data-start=\"432\" data-end=\"599\">Studenter fr\u00e5n Sverige kan ans\u00f6ka om ekonomiskt st\u00f6d f\u00f6r sina spanskstudier p\u00e5 v\u00e5r skola genom CSN, den svenska myndigheten f\u00f6r studiest\u00f6d.<\/p><p class=\"\" data-start=\"601\" data-end=\"775\"> <\/p>\t\t\t\t\t\t\t\t<\/div>\n\t\t\t\t<\/div>\n\t\t\t\t<\/div>\n\t\t\t\t\t<\/div>\n\t\t\t\t<\/div>\n\t\t\t\t<\/div>\n\t\t","protected":false},"excerpt":{"rendered":"<p>Officiella certifieringar och samarbeten Instituto Cervantes El Instituto de Idiomas Ibiza har ackrediterats av Instituto Cervantes, vilket inneb\u00e4r att det<\/p>\n","protected":false},"author":4,"featured_media":0,"parent":0,"menu_order":0,"comment_status":"closed","ping_status":"closed","template":"","meta":{"two_page_speed":[],"footnotes":""},"class_list":["post-23425","page","type-page","status-publish","hentry"],"_links":{"self":[{"href":"https:\/\/maxxinstitutes.com\/sv\/wp-json\/wp\/v2\/pages\/23425","targetHints":{"allow":["GET"]}}],"collection":[{"href":"https:\/\/maxxinstitutes.com\/sv\/wp-json\/wp\/v2\/pages"}],"about":[{"href":"https:\/\/maxxinstitutes.com\/sv\/wp-json\/wp\/v2\/types\/page"}],"author":[{"embeddable":true,"href":"https:\/\/maxxinstitutes.com\/sv\/wp-json\/wp\/v2\/users\/4"}],"replies":[{"embeddable":true,"href":"https:\/\/maxxinstitutes.com\/sv\/wp-json\/wp\/v2\/comments?post=23425"}],"version-history":[{"count":2,"href":"https:\/\/maxxinstitutes.com\/sv\/wp-json\/wp\/v2\/pages\/23425\/revisions"}],"predecessor-version":[{"id":26075,"href":"https:\/\/maxxinstitutes.com\/sv\/wp-json\/wp\/v2\/pages\/23425\/revisions\/26075"}],"wp:attachment":[{"href":"https:\/\/maxxinstitutes.com\/sv\/wp-json\/wp\/v2\/media?parent=23425"}],"curies":[{"name":"wp","href":"https:\/\/api.w.org\/{rel}","templated":true}]}}