{"id":15794,"date":"2024-09-06T21:05:40","date_gmt":"2024-09-06T21:05:40","guid":{"rendered":"http:\/\/maxxinstitutes.com\/kostnadskalkylator\/"},"modified":"2025-03-06T18:19:11","modified_gmt":"2025-03-06T18:19:11","slug":"kostnadskalkylator","status":"publish","type":"page","link":"https:\/\/maxxinstitutes.com\/sv\/kostnadskalkylator\/","title":{"rendered":"Kostnadskalkylator"},"content":{"rendered":"\t\t<div data-elementor-type=\"wp-page\" data-elementor-id=\"15794\" class=\"elementor elementor-15794 elementor-51\" data-elementor-post-type=\"page\">\n\t\t\t\t\t\t<section class=\"elementor-section elementor-top-section elementor-element elementor-element-3265136 elementor-section-boxed elementor-section-height-default elementor-section-height-default\" data-id=\"3265136\" data-element_type=\"section\" data-e-type=\"section\">\n\t\t\t\t\t\t<div class=\"elementor-container elementor-column-gap-default\">\n\t\t\t\t\t<div class=\"elementor-column elementor-col-100 elementor-top-column elementor-element elementor-element-b501976\" data-id=\"b501976\" data-element_type=\"column\" data-e-type=\"column\">\n\t\t\t<div class=\"elementor-widget-wrap elementor-element-populated\">\n\t\t\t\t\t\t<div class=\"elementor-element elementor-element-9cbed23 elementor-widget elementor-widget-heading\" data-id=\"9cbed23\" data-element_type=\"widget\" data-e-type=\"widget\" data-widget_type=\"heading.default\">\n\t\t\t\t<div class=\"elementor-widget-container\">\n\t\t\t\t\t<h2 class=\"elementor-heading-title elementor-size-default\">Ber\u00e4kna priset f\u00f6r din spanskakurs<\/h2>\t\t\t\t<\/div>\n\t\t\t\t<\/div>\n\t\t\t\t\t<\/div>\n\t\t<\/div>\n\t\t\t\t\t<\/div>\n\t\t<\/section>\n\t\t\t\t<section class=\"elementor-section elementor-top-section elementor-element elementor-element-d2890ee elementor-section-boxed elementor-section-height-default elementor-section-height-default\" data-id=\"d2890ee\" data-element_type=\"section\" data-e-type=\"section\">\n\t\t\t\t\t\t<div class=\"elementor-container elementor-column-gap-default\">\n\t\t\t\t\t<div class=\"elementor-column elementor-col-100 elementor-top-column elementor-element elementor-element-cf6db0f\" data-id=\"cf6db0f\" data-element_type=\"column\" data-e-type=\"column\">\n\t\t\t<div class=\"elementor-widget-wrap elementor-element-populated\">\n\t\t\t\t\t\t<div class=\"elementor-element elementor-element-f35e905 color-scheme-inherit text-left elementor-widget elementor-widget-text-editor\" data-id=\"f35e905\" data-element_type=\"widget\" data-e-type=\"widget\" data-widget_type=\"text-editor.default\">\n\t\t\t\t<div class=\"elementor-widget-container\">\n\t\t\t\t\t\t\t\t\t<ol>\n<li><b>V\u00e4lj din destination<\/b><\/li><li><b>V\u00e4lj kurstyp<\/b>, l\u00e4ngd, startdatum och &#8211; om du vill ha det via skolan &#8211; din boendetyp.<\/li>\n<li><b>I slutet klickar du p\u00e5 &#8221;Skicka offert&#8221;<\/b> och skriver in ditt namn och&nbsp;<span style=\"font-family: Poppins, sans-serif; font-size: 15px; font-style: normal; font-variant-ligatures: normal; font-variant-caps: normal; font-weight: 400;\">din e-postadress. Du kan l\u00e4mna f\u00e4ltet &#8221;Meddelande&#8221; tomt. <\/span><\/li>\n<li><b>Vi kommer<\/b> snabbt att kontakta dig f\u00f6r att bekr\u00e4fta tillg\u00e4ngligheten och du kan forts\u00e4tta att g\u00f6ra din bokning om du vill.<\/li>\n<li>Om du har n\u00e5gra <b>fr\u00e5gor eller funderingar<\/b>, v\u00e4nligen kontakta oss via e-post p\u00e5 maxxinstitutes.com eller via <strong><a href=\"http:\/\/maxxinstitutes.com\/contact\/\">kontaktformul\u00e4ret<\/a><\/strong>.<\/li>\n<\/ol>\t\t\t\t\t\t\t\t<\/div>\n\t\t\t\t<\/div>\n\t\t\t\t\t<\/div>\n\t\t<\/div>\n\t\t\t\t\t<\/div>\n\t\t<\/section>\n\t\t\t\t<section class=\"elementor-section elementor-top-section elementor-element elementor-element-47e2795 elementor-section-boxed elementor-section-height-default elementor-section-height-default\" data-id=\"47e2795\" data-element_type=\"section\" data-e-type=\"section\">\n\t\t\t\t\t\t<div class=\"elementor-container elementor-column-gap-default\">\n\t\t\t\t\t<div class=\"elementor-column elementor-col-100 elementor-top-column elementor-element elementor-element-1df6eaa\" data-id=\"1df6eaa\" data-element_type=\"column\" data-e-type=\"column\">\n\t\t\t<div class=\"elementor-widget-wrap elementor-element-populated\">\n\t\t\t\t\t\t<div class=\"elementor-element elementor-element-ecebb96 elementor-widget elementor-widget-shortcode\" data-id=\"ecebb96\" data-element_type=\"widget\" data-e-type=\"widget\" data-widget_type=\"shortcode.default\">\n\t\t\t\t<div class=\"elementor-widget-container\">\n\t\t\t\t\t<script type=\"text\/javascript\">window[\"ccb_front_template_18276\"] = [];<\/script>\t\t<div class=\"elementor-shortcode\">\n<div class=\"ccb-main-widget \" id=\"ccb_app_18276\" data-calc-id=\"18276\"><\/div>\n<\/div>\n\t\t\t\t\t\t<\/div>\n\t\t\t\t<\/div>\n\t\t\t\t\t<\/div>\n\t\t<\/div>\n\t\t\t\t\t<\/div>\n\t\t<\/section>\n\t\t\t\t<section class=\"elementor-section elementor-top-section elementor-element elementor-element-5fce845 elementor-section-boxed elementor-section-height-default elementor-section-height-default\" data-id=\"5fce845\" data-element_type=\"section\" data-e-type=\"section\">\n\t\t\t\t\t\t<div class=\"elementor-container elementor-column-gap-default\">\n\t\t\t\t\t<div class=\"elementor-column elementor-col-100 elementor-top-column elementor-element elementor-element-1b82ff5\" data-id=\"1b82ff5\" data-element_type=\"column\" data-e-type=\"column\">\n\t\t\t<div class=\"elementor-widget-wrap elementor-element-populated\">\n\t\t\t\t\t\t<div class=\"elementor-element elementor-element-8903019 elementor-widget elementor-widget-heading\" data-id=\"8903019\" data-element_type=\"widget\" data-e-type=\"widget\" data-widget_type=\"heading.default\">\n\t\t\t\t<div class=\"elementor-widget-container\">\n\t\t\t\t\t<h2 class=\"elementor-heading-title elementor-size-default\">Vilka \u00e4r de olika avgifterna?\n\n<\/h2>\t\t\t\t<\/div>\n\t\t\t\t<\/div>\n\t\t\t\t<div class=\"elementor-element elementor-element-e0a6a69 color-scheme-inherit text-left elementor-widget elementor-widget-text-editor\" data-id=\"e0a6a69\" data-element_type=\"widget\" data-e-type=\"widget\" data-widget_type=\"text-editor.default\">\n\t\t\t\t<div class=\"elementor-widget-container\">\n\t\t\t\t\t\t\t\t\t<ol>\n<li>\n<p data-start=\"58\" data-end=\"140\"><strong data-start=\"62\" data-end=\"79\">Inskrivningsavgiften<\/strong> \u00e4r en eng\u00e5ngsbetalning f\u00f6r din registrering p\u00e5 skolan.<\/p>\n<\/li>\n<li>\n<p data-start=\"142\" data-end=\"195\"><strong data-start=\"146\" data-end=\"160\">Kursavgiften<\/strong> t\u00e4cker kostnaden f\u00f6r dina lektioner.<\/p>\n<\/li>\n<li>\n<p data-start=\"197\" data-end=\"353\">I den totala kostnaden ing\u00e5r ocks\u00e5 en <strong data-start=\"228\" data-end=\"243\">kursbok<\/strong>, som tilldelas baserat p\u00e5 din niv\u00e5. N\u00e4r du har slutf\u00f6rt en niv\u00e5 m\u00e5ste du k\u00f6pa n\u00e4sta bok. <\/p>\n<\/li>\n<li>\n<p data-start=\"197\" data-end=\"353\"><span style=\"font-size: 15px; background-color: var(--wd-main-bgcolor);\">Avgiften f\u00f6r <\/span><strong style=\"font-size: 15px; background-color: var(--wd-main-bgcolor);\" data-start=\"359\" data-end=\"390\">avgift f\u00f6r placering av boende<\/strong><span style=\"font-size: 15px; background-color: var(--wd-main-bgcolor);\">  t\u00e4cker de administrativa kostnaderna f\u00f6r att ordna och s\u00e4kra ditt boende. Kostnaden f\u00f6r   <\/span><strong style=\"font-size: 15px; background-color: var(--wd-main-bgcolor);\" data-start=\"473\" data-end=\"501\">veckovis boendeavgift<\/strong><span style=\"font-size: 15px; background-color: var(--wd-main-bgcolor);\"> t\u00e4cker kostnaden f\u00f6r sj\u00e4lva boendet samt st\u00e4dning och underh\u00e5ll.<\/span><\/p>\n<\/li>\n<\/ol>\n\t\t\t\t\t\t\t\t<\/div>\n\t\t\t\t<\/div>\n\t\t\t\t\t<\/div>\n\t\t<\/div>\n\t\t\t\t\t<\/div>\n\t\t<\/section>\n\t\t\t\t<\/div>\n\t\t","protected":false},"excerpt":{"rendered":"<p>Ber\u00e4kna priset f\u00f6r din spanskakurs V\u00e4lj din destination V\u00e4lj kurstyp, l\u00e4ngd, startdatum och &#8211; om du vill ha det via<\/p>\n","protected":false},"author":5,"featured_media":0,"parent":0,"menu_order":0,"comment_status":"closed","ping_status":"closed","template":"","meta":{"two_page_speed":[],"footnotes":""},"class_list":["post-15794","page","type-page","status-publish","hentry"],"_links":{"self":[{"href":"https:\/\/maxxinstitutes.com\/sv\/wp-json\/wp\/v2\/pages\/15794","targetHints":{"allow":["GET"]}}],"collection":[{"href":"https:\/\/maxxinstitutes.com\/sv\/wp-json\/wp\/v2\/pages"}],"about":[{"href":"https:\/\/maxxinstitutes.com\/sv\/wp-json\/wp\/v2\/types\/page"}],"author":[{"embeddable":true,"href":"https:\/\/maxxinstitutes.com\/sv\/wp-json\/wp\/v2\/users\/5"}],"replies":[{"embeddable":true,"href":"https:\/\/maxxinstitutes.com\/sv\/wp-json\/wp\/v2\/comments?post=15794"}],"version-history":[{"count":7,"href":"https:\/\/maxxinstitutes.com\/sv\/wp-json\/wp\/v2\/pages\/15794\/revisions"}],"predecessor-version":[{"id":21946,"href":"https:\/\/maxxinstitutes.com\/sv\/wp-json\/wp\/v2\/pages\/15794\/revisions\/21946"}],"wp:attachment":[{"href":"https:\/\/maxxinstitutes.com\/sv\/wp-json\/wp\/v2\/media?parent=15794"}],"curies":[{"name":"wp","href":"https:\/\/api.w.org\/{rel}","templated":true}]}}