{"id":14715,"date":"2024-09-06T21:05:28","date_gmt":"2024-09-06T21:05:28","guid":{"rendered":"http:\/\/maxxinstitutes.com\/nivatest\/"},"modified":"2025-09-24T17:24:48","modified_gmt":"2025-09-24T17:24:48","slug":"nivatest","status":"publish","type":"page","link":"https:\/\/maxxinstitutes.com\/sv\/nivatest\/","title":{"rendered":"Niv\u00e5test"},"content":{"rendered":"\t\t<div data-elementor-type=\"wp-page\" data-elementor-id=\"14715\" class=\"elementor elementor-14715 elementor-50\" data-elementor-post-type=\"page\">\n\t\t\t\t\t\t<section class=\"elementor-section elementor-top-section elementor-element elementor-element-3fd9618 elementor-section-boxed elementor-section-height-default elementor-section-height-default\" data-id=\"3fd9618\" data-element_type=\"section\" data-e-type=\"section\">\n\t\t\t\t\t\t<div class=\"elementor-container elementor-column-gap-default\">\n\t\t\t\t\t<div class=\"elementor-column elementor-col-100 elementor-top-column elementor-element elementor-element-f71ecf4\" data-id=\"f71ecf4\" data-element_type=\"column\" data-e-type=\"column\">\n\t\t\t<div class=\"elementor-widget-wrap elementor-element-populated\">\n\t\t\t\t\t\t<div class=\"elementor-element elementor-element-346d17f elementor-widget elementor-widget-heading\" data-id=\"346d17f\" data-element_type=\"widget\" data-e-type=\"widget\" data-widget_type=\"heading.default\">\n\t\t\t\t<div class=\"elementor-widget-container\">\n\t\t\t\t\t<h2 class=\"elementor-heading-title elementor-size-default\">SPANSKA NIV\u00c5TEST<\/h2>\t\t\t\t<\/div>\n\t\t\t\t<\/div>\n\t\t\t\t<div class=\"elementor-element elementor-element-cb6482e elementor-widget elementor-widget-wd_text_block\" data-id=\"cb6482e\" data-element_type=\"widget\" data-e-type=\"widget\" data-widget_type=\"wd_text_block.default\">\n\t\t\t\t<div class=\"elementor-widget-container\">\n\t\t\t\t\t\t\t<div class=\"wd-text-block reset-last-child text-center color-title\">\n\t\t\t\n\t\t\t<p><strong>\u00a1Hola! \u00bfC\u00f3mo est\u00e1s? <\/strong><\/p><p>H\u00e4r kommer du till ditt niv\u00e5prov i spanska. V\u00e4nligen klicka p\u00e5 \"Lo Quiero\" f\u00f6r att starta.<\/p><p>Du ser direkt om ditt svar \u00e4r r\u00e4tt eller fel eftersom det markeras med gr\u00f6nt (r\u00e4tt) eller r\u00f6tt (fel).<\/p><p>Hej, n\u00e4r du \u00e4r klar kommer vi att ge dig m\u00f6jlighet att f\u00e5 en fullst\u00e4ndig rapport om din spanska niv\u00e5. S\u00e5 gl\u00f6m inte att l\u00e4mna oss dina uppgifter f\u00f6r att f\u00e5 det direkt till din inkorg. Helt utan kostnad!  <\/p><p><strong>V\u00e4nligen klicka nu p\u00e5 \"Lo Quiero\" f\u00f6r att starta testet.<\/strong><\/p>\n\t\t\t\t\t<\/div>\n\t\t\t\t\t\t<\/div>\n\t\t\t\t<\/div>\n\t\t\t\t<div class=\"elementor-element elementor-element-c0a9e80 elementor-widget elementor-widget-shortcode\" data-id=\"c0a9e80\" data-element_type=\"widget\" data-e-type=\"widget\" data-widget_type=\"shortcode.default\">\n\t\t\t\t<div class=\"elementor-widget-container\">\n\t\t\t\t\t\t\t<div class=\"elementor-shortcode\"><div class=\"tve_flt\" id=\"tve_editor\">\n\t\t\t<div class=\"tqb-shortcode-wrapper\" id=\"tqb-shortcode-wrapper-12956-tqb-69f1914645038\"  style=\"--tqb-placeholder-height-m:926.428px;--tqb-placeholder-height-t:988.082px;--tqb-placeholder-height-d:988.082px;\" data-quiz-id=\"12956\" data-unique=\"tqb-69f1914645038\" >\n\t\t\t\t<div class=\"tqb-loading-overlay tqb-template-overlay-style-5\">\n\t\t\t\t\t<div class=\"tqb-loading-bullets\"><\/div>\n\t\t\t\t<\/div>\n\t\t\t\t<div class=\"tqb-frontend-error-message\"><\/div>\n\t\t\t\t<div class=\"tqb-shortcode-old-content\"><\/div>\n\t\t\t\t<div class=\"tqb-shortcode-new-content tqb-template-style-5\"><\/div>\n\t\t\t<\/div><\/div><\/div>\n\t\t\t\t\t\t<\/div>\n\t\t\t\t<\/div>\n\t\t\t\t<div class=\"elementor-element elementor-element-335bdc4 elementor-widget elementor-widget-wd_image_or_svg\" data-id=\"335bdc4\" data-element_type=\"widget\" data-e-type=\"widget\" data-widget_type=\"wd_image_or_svg.default\">\n\t\t\t\t<div class=\"elementor-widget-container\">\n\t\t\t\t\t\n\t\t<div class=\"wd-image text-left\">\n\t\t\t\t\t\t\t\t<img decoding=\"async\" width=\"150\" height=\"150\" src=\"https:\/\/maxxinstitutes.com\/wp-content\/uploads\/2025\/02\/Instituto-de-idiomas-Ibiza-main-mobile-150x150.png\" class=\"attachment-thumbnail size-thumbnail\" alt=\"\" srcset=\"https:\/\/maxxinstitutes.com\/wp-content\/uploads\/2025\/02\/Instituto-de-idiomas-Ibiza-main-mobile-150x150.png 150w, https:\/\/maxxinstitutes.com\/wp-content\/uploads\/2025\/02\/Instituto-de-idiomas-Ibiza-main-mobile-300x300.png 300w\" sizes=\"(max-width: 150px) 100vw, 150px\" title=\"\">\t\t\t\t\t<\/div>\n\n\t\t\t\t\t\t<\/div>\n\t\t\t\t<\/div>\n\t\t\t\t\t<\/div>\n\t\t<\/div>\n\t\t\t\t\t<\/div>\n\t\t<\/section>\n\t\t\t\t<\/div>\n\t\t","protected":false},"excerpt":{"rendered":"<p>SPANSKA NIV\u00c5TEST \u00a1Hola! \u00bfC\u00f3mo est\u00e1s? H\u00e4r kommer du till ditt niv\u00e5prov i spanska. V\u00e4nligen klicka p\u00e5 &#8221;Lo Quiero&#8221; f\u00f6r att<\/p>\n","protected":false},"author":5,"featured_media":0,"parent":0,"menu_order":0,"comment_status":"closed","ping_status":"closed","template":"","meta":{"two_page_speed":[],"footnotes":""},"class_list":["post-14715","page","type-page","status-publish","hentry"],"_links":{"self":[{"href":"https:\/\/maxxinstitutes.com\/sv\/wp-json\/wp\/v2\/pages\/14715","targetHints":{"allow":["GET"]}}],"collection":[{"href":"https:\/\/maxxinstitutes.com\/sv\/wp-json\/wp\/v2\/pages"}],"about":[{"href":"https:\/\/maxxinstitutes.com\/sv\/wp-json\/wp\/v2\/types\/page"}],"author":[{"embeddable":true,"href":"https:\/\/maxxinstitutes.com\/sv\/wp-json\/wp\/v2\/users\/5"}],"replies":[{"embeddable":true,"href":"https:\/\/maxxinstitutes.com\/sv\/wp-json\/wp\/v2\/comments?post=14715"}],"version-history":[{"count":5,"href":"https:\/\/maxxinstitutes.com\/sv\/wp-json\/wp\/v2\/pages\/14715\/revisions"}],"predecessor-version":[{"id":25947,"href":"https:\/\/maxxinstitutes.com\/sv\/wp-json\/wp\/v2\/pages\/14715\/revisions\/25947"}],"wp:attachment":[{"href":"https:\/\/maxxinstitutes.com\/sv\/wp-json\/wp\/v2\/media?parent=14715"}],"curies":[{"name":"wp","href":"https:\/\/api.w.org\/{rel}","templated":true}]}}