{"id":14687,"date":"2024-09-06T21:15:17","date_gmt":"2024-09-06T21:15:17","guid":{"rendered":"http:\/\/maxxinstitutes.com\/bokning\/"},"modified":"2025-03-05T05:37:08","modified_gmt":"2025-03-05T05:37:08","slug":"bokning","status":"publish","type":"page","link":"https:\/\/maxxinstitutes.com\/sv\/bokning\/","title":{"rendered":"Bokning"},"content":{"rendered":"\t\t<div data-elementor-type=\"wp-page\" data-elementor-id=\"14687\" class=\"elementor elementor-14687 elementor-75\" data-elementor-post-type=\"page\">\n\t\t\t\t\t\t<section class=\"elementor-section elementor-top-section elementor-element elementor-element-5577a89 elementor-section-boxed elementor-section-height-default elementor-section-height-default\" data-id=\"5577a89\" data-element_type=\"section\" data-e-type=\"section\">\n\t\t\t\t\t\t<div class=\"elementor-container elementor-column-gap-default\">\n\t\t\t\t\t<div class=\"elementor-column elementor-col-100 elementor-top-column elementor-element elementor-element-2c7a731\" data-id=\"2c7a731\" data-element_type=\"column\" data-e-type=\"column\">\n\t\t\t<div class=\"elementor-widget-wrap elementor-element-populated\">\n\t\t\t\t\t\t<div class=\"elementor-element elementor-element-90de5fd elementor-widget elementor-widget-heading\" data-id=\"90de5fd\" data-element_type=\"widget\" data-e-type=\"widget\" data-widget_type=\"heading.default\">\n\t\t\t\t<div class=\"elementor-widget-container\">\n\t\t\t\t\t<h2 class=\"elementor-heading-title elementor-size-default\">Hur bokar jag en spanskkurs<br> i Maxx Institute?<\/h2>\t\t\t\t<\/div>\n\t\t\t\t<\/div>\n\t\t\t\t\t<\/div>\n\t\t<\/div>\n\t\t\t\t\t<\/div>\n\t\t<\/section>\n\t\t\t\t<section class=\"elementor-section elementor-top-section elementor-element elementor-element-3e1fe05 elementor-section-boxed elementor-section-height-default elementor-section-height-default\" data-id=\"3e1fe05\" data-element_type=\"section\" data-e-type=\"section\">\n\t\t\t\t\t\t<div class=\"elementor-container elementor-column-gap-default\">\n\t\t\t\t\t<div class=\"elementor-column elementor-col-33 elementor-top-column elementor-element elementor-element-7591a19\" data-id=\"7591a19\" data-element_type=\"column\" data-e-type=\"column\">\n\t\t\t<div class=\"elementor-widget-wrap elementor-element-populated\">\n\t\t\t\t\t\t<div class=\"elementor-element elementor-element-3c0586d elementor-widget elementor-widget-heading\" data-id=\"3c0586d\" data-element_type=\"widget\" data-e-type=\"widget\" data-widget_type=\"heading.default\">\n\t\t\t\t<div class=\"elementor-widget-container\">\n\t\t\t\t\t<h2 class=\"elementor-heading-title elementor-size-default\">01.<\/h2>\t\t\t\t<\/div>\n\t\t\t\t<\/div>\n\t\t\t\t<div class=\"elementor-element elementor-element-017ed35 elementor-widget elementor-widget-heading\" data-id=\"017ed35\" data-element_type=\"widget\" data-e-type=\"widget\" data-widget_type=\"heading.default\">\n\t\t\t\t<div class=\"elementor-widget-container\">\n\t\t\t\t\t<h2 class=\"elementor-heading-title elementor-size-default\">V\u00e4lj din spanska kurs\n<\/h2>\t\t\t\t<\/div>\n\t\t\t\t<\/div>\n\t\t\t\t<div class=\"elementor-element elementor-element-8514419 color-scheme-inherit text-left elementor-widget elementor-widget-text-editor\" data-id=\"8514419\" data-element_type=\"widget\" data-e-type=\"widget\" data-widget_type=\"text-editor.default\">\n\t\t\t\t<div class=\"elementor-widget-container\">\n\t\t\t\t\t\t\t\t\t<p>V\u00e4nligen bl\u00e4ddra bland v\u00e5ra spanska kurser och v\u00e4lj den som passar dig b\u00e4st. V\u00e4lj antal veckor under &#8221;Veckor&#8221; och klicka p\u00e5 &#8221;Boka&#8221; f\u00f6r att komma till anm\u00e4lningsformul\u00e4ret och g\u00f6ra din betalning via kredit-\/betalkort eller bank\u00f6verf\u00f6ring. Du kommer att f\u00e5 en bokningsbekr\u00e4ftelse inom 24 timmar (eller n\u00e4sta arbetsdag).  <\/p>\n\t\t\t\t\t\t\t\t<\/div>\n\t\t\t\t<\/div>\n\t\t\t\t\t<\/div>\n\t\t<\/div>\n\t\t\t\t<div class=\"elementor-column elementor-col-33 elementor-top-column elementor-element elementor-element-873b6cc\" data-id=\"873b6cc\" data-element_type=\"column\" data-e-type=\"column\">\n\t\t\t<div class=\"elementor-widget-wrap elementor-element-populated\">\n\t\t\t\t\t\t<div class=\"elementor-element elementor-element-6250b89 elementor-widget elementor-widget-heading\" data-id=\"6250b89\" data-element_type=\"widget\" data-e-type=\"widget\" data-widget_type=\"heading.default\">\n\t\t\t\t<div class=\"elementor-widget-container\">\n\t\t\t\t\t<h2 class=\"elementor-heading-title elementor-size-default\">02.<\/h2>\t\t\t\t<\/div>\n\t\t\t\t<\/div>\n\t\t\t\t<div class=\"elementor-element elementor-element-b8a084b elementor-widget elementor-widget-heading\" data-id=\"b8a084b\" data-element_type=\"widget\" data-e-type=\"widget\" data-widget_type=\"heading.default\">\n\t\t\t\t<div class=\"elementor-widget-container\">\n\t\t\t\t\t<h2 class=\"elementor-heading-title elementor-size-default\">F\u00e5 din bekr\u00e4ftelse<\/h2>\t\t\t\t<\/div>\n\t\t\t\t<\/div>\n\t\t\t\t<div class=\"elementor-element elementor-element-3ee59fc color-scheme-inherit text-left elementor-widget elementor-widget-text-editor\" data-id=\"3ee59fc\" data-element_type=\"widget\" data-e-type=\"widget\" data-widget_type=\"text-editor.default\">\n\t\t\t\t<div class=\"elementor-widget-container\">\n\t\t\t\t\t\t\t\t\t<p>N\u00e4r vi har mottagit din betalning skickar vi dig den officiella bekr\u00e4ftelsen tillsammans med din faktura. Om det finns n\u00e5got utest\u00e5ende, som boende eller materialavgiften p\u00e5 15 \u20ac per vecka f\u00f6r bok (er) och material, kommer fakturan ocks\u00e5 att visa ditt utest\u00e5ende saldo. Du kan betala den f\u00f6rsta skoldagen i receptionen.  <\/p>\n\t\t\t\t\t\t\t\t<\/div>\n\t\t\t\t<\/div>\n\t\t\t\t\t<\/div>\n\t\t<\/div>\n\t\t\t\t<div class=\"elementor-column elementor-col-33 elementor-top-column elementor-element elementor-element-1c59d08\" data-id=\"1c59d08\" data-element_type=\"column\" data-e-type=\"column\">\n\t\t\t<div class=\"elementor-widget-wrap elementor-element-populated\">\n\t\t\t\t\t\t<div class=\"elementor-element elementor-element-2db7f46 elementor-widget elementor-widget-image\" data-id=\"2db7f46\" data-element_type=\"widget\" data-e-type=\"widget\" data-widget_type=\"image.default\">\n\t\t\t\t<div class=\"elementor-widget-container\">\n\t\t\t\t\t\t\t\t\t\t\t\t\t\t\t<img fetchpriority=\"high\" decoding=\"async\" width=\"432\" height=\"358\" src=\"https:\/\/maxxinstitutes.com\/wp-content\/uploads\/2024\/09\/Online_Intensivkurse.jpg\" class=\"attachment-full size-full wp-image-13783\" alt=\"\" srcset=\"https:\/\/maxxinstitutes.com\/wp-content\/uploads\/2024\/09\/Online_Intensivkurse.jpg 432w, https:\/\/maxxinstitutes.com\/wp-content\/uploads\/2024\/09\/Online_Intensivkurse-300x249.jpg 300w, https:\/\/maxxinstitutes.com\/wp-content\/uploads\/2024\/09\/Online_Intensivkurse-150x124.jpg 150w\" sizes=\"(max-width: 432px) 100vw, 432px\" title=\"\">\t\t\t\t\t\t\t\t\t\t\t\t\t\t\t<\/div>\n\t\t\t\t<\/div>\n\t\t\t\t\t<\/div>\n\t\t<\/div>\n\t\t\t\t\t<\/div>\n\t\t<\/section>\n\t\t<div class=\"elementor-element elementor-element-d3674aa e-flex e-con-boxed e-con e-parent\" data-id=\"d3674aa\" data-element_type=\"container\" data-e-type=\"container\">\n\t\t\t\t\t<div class=\"e-con-inner\">\n\t\t<div class=\"elementor-element elementor-element-648622e e-con-full e-flex e-con e-child\" data-id=\"648622e\" data-element_type=\"container\" data-e-type=\"container\">\n\t\t<div class=\"elementor-element elementor-element-88138ee e-con-full e-flex e-con e-child\" data-id=\"88138ee\" data-element_type=\"container\" data-e-type=\"container\">\n\t\t\t\t<div class=\"elementor-element elementor-element-dc6152a elementor-align-center elementor-mobile-align-center elementor-widget elementor-widget-button\" data-id=\"dc6152a\" data-element_type=\"widget\" data-e-type=\"widget\" data-widget_type=\"button.default\">\n\t\t\t\t<div class=\"elementor-widget-container\">\n\t\t\t\t\t\t\t\t\t<div class=\"elementor-button-wrapper\">\n\t\t\t\t\t<a class=\"elementor-button elementor-button-link elementor-size-sm\" href=\"https:\/\/maxxinstitutes.com\/sv\/bokningsformular-for-maxx-kurs\/\" target=\"_blank\">\n\t\t\t\t\t\t<span class=\"elementor-button-content-wrapper\">\n\t\t\t\t\t\t<span class=\"elementor-button-icon\">\n\t\t\t\t<svg aria-hidden=\"true\" class=\"e-font-icon-svg e-fas-long-arrow-alt-right\" viewBox=\"0 0 448 512\" xmlns=\"http:\/\/www.w3.org\/2000\/svg\"><path d=\"M313.941 216H12c-6.627 0-12 5.373-12 12v56c0 6.627 5.373 12 12 12h301.941v46.059c0 21.382 25.851 32.09 40.971 16.971l86.059-86.059c9.373-9.373 9.373-24.569 0-33.941l-86.059-86.059c-15.119-15.119-40.971-4.411-40.971 16.971V216z\"><\/path><\/svg>\t\t\t<\/span>\n\t\t\t\t\t\t\t\t\t<span class=\"elementor-button-text\">G\u00e5 till bokningsformul\u00e4ret h\u00e4r<\/span>\n\t\t\t\t\t<\/span>\n\t\t\t\t\t<\/a>\n\t\t\t\t<\/div>\n\t\t\t\t\t\t\t\t<\/div>\n\t\t\t\t<\/div>\n\t\t\t\t<\/div>\n\t\t\t\t<\/div>\n\t\t\t\t\t<\/div>\n\t\t\t\t<\/div>\n\t\t\t\t<section class=\"elementor-section elementor-top-section elementor-element elementor-element-a180504 elementor-section-boxed elementor-section-height-default elementor-section-height-default\" data-id=\"a180504\" data-element_type=\"section\" data-e-type=\"section\">\n\t\t\t\t\t\t<div class=\"elementor-container elementor-column-gap-default\">\n\t\t\t\t\t<div class=\"elementor-column elementor-col-33 elementor-top-column elementor-element elementor-element-c66d07e\" data-id=\"c66d07e\" data-element_type=\"column\" data-e-type=\"column\">\n\t\t\t<div class=\"elementor-widget-wrap elementor-element-populated\">\n\t\t\t\t\t\t<div class=\"elementor-element elementor-element-fb9487f elementor-widget elementor-widget-image\" data-id=\"fb9487f\" data-element_type=\"widget\" data-e-type=\"widget\" data-widget_type=\"image.default\">\n\t\t\t\t<div class=\"elementor-widget-container\">\n\t\t\t\t\t\t\t\t\t\t\t\t\t\t\t<img decoding=\"async\" width=\"1200\" height=\"1200\" src=\"https:\/\/maxxinstitutes.com\/wp-content\/uploads\/2024\/09\/Teacher-Training_2.jpg\" class=\"attachment-full size-full wp-image-13663\" alt=\"\" srcset=\"https:\/\/maxxinstitutes.com\/wp-content\/uploads\/2024\/09\/Teacher-Training_2.jpg 1200w, https:\/\/maxxinstitutes.com\/wp-content\/uploads\/2024\/09\/Teacher-Training_2-300x300.jpg 300w, https:\/\/maxxinstitutes.com\/wp-content\/uploads\/2024\/09\/Teacher-Training_2-1024x1024.jpg 1024w, https:\/\/maxxinstitutes.com\/wp-content\/uploads\/2024\/09\/Teacher-Training_2-150x150.jpg 150w, https:\/\/maxxinstitutes.com\/wp-content\/uploads\/2024\/09\/Teacher-Training_2-768x768.jpg 768w, https:\/\/maxxinstitutes.com\/wp-content\/uploads\/2024\/09\/Teacher-Training_2-600x600.jpg 600w\" sizes=\"(max-width: 1200px) 100vw, 1200px\" title=\"\">\t\t\t\t\t\t\t\t\t\t\t\t\t\t\t<\/div>\n\t\t\t\t<\/div>\n\t\t\t\t\t<\/div>\n\t\t<\/div>\n\t\t\t\t<div class=\"elementor-column elementor-col-33 elementor-top-column elementor-element elementor-element-d7d959a\" data-id=\"d7d959a\" data-element_type=\"column\" data-e-type=\"column\">\n\t\t\t<div class=\"elementor-widget-wrap elementor-element-populated\">\n\t\t\t\t\t\t<div class=\"elementor-element elementor-element-6618b82 elementor-widget elementor-widget-heading\" data-id=\"6618b82\" data-element_type=\"widget\" data-e-type=\"widget\" data-widget_type=\"heading.default\">\n\t\t\t\t<div class=\"elementor-widget-container\">\n\t\t\t\t\t<h2 class=\"elementor-heading-title elementor-size-default\">03.<\/h2>\t\t\t\t<\/div>\n\t\t\t\t<\/div>\n\t\t\t\t<div class=\"elementor-element elementor-element-0a282d7 elementor-widget elementor-widget-heading\" data-id=\"0a282d7\" data-element_type=\"widget\" data-e-type=\"widget\" data-widget_type=\"heading.default\">\n\t\t\t\t<div class=\"elementor-widget-container\">\n\t\t\t\t\t<h2 class=\"elementor-heading-title elementor-size-default\">Genomf\u00f6r niv\u00e5testet<\/h2>\t\t\t\t<\/div>\n\t\t\t\t<\/div>\n\t\t\t\t<div class=\"elementor-element elementor-element-c4a8ab5 color-scheme-inherit text-left elementor-widget elementor-widget-text-editor\" data-id=\"c4a8ab5\" data-element_type=\"widget\" data-e-type=\"widget\" data-widget_type=\"text-editor.default\">\n\t\t\t\t<div class=\"elementor-widget-container\">\n\t\t\t\t\t\t\t\t\t<p>P\u00e5 Instituto de Idiomas Ibiza \u00e4r v\u00e5r h\u00f6gsta prioritet att ge dig den b\u00e4sta spanska inl\u00e4rningsupplevelsen. F\u00f6r att s\u00e4kerst\u00e4lla att du placeras i den l\u00e4mpligaste gruppen f\u00f6r din niv\u00e5 ber vi dig v\u00e4nligen att g\u00f6ra v\u00e5rt <span style=\"text-decoration: underline;\"><em><strong><a href=\"http:\/\/maxxinstitutes.com\/level-test\/\" target=\"_blank\" rel=\"noopener\">niv\u00e5test online<\/a><\/strong><\/em><\/span>. Detta kommer att hj\u00e4lpa oss att skr\u00e4ddarsy din inl\u00e4rningsupplevelse f\u00f6r att matcha dina nuvarande f\u00e4rdigheter och se till att du \u00e4r i r\u00e4tt klass f\u00f6r att f\u00e5 ut det mesta av din spanska kurs. Klicka p\u00e5 l\u00e4nken f\u00f6r att komma ig\u00e5ng med testet och hj\u00e4lpa oss att hitta den perfekta gruppen f\u00f6r dig.   <\/p>\n\t\t\t\t\t\t\t\t<\/div>\n\t\t\t\t<\/div>\n\t\t\t\t\t<\/div>\n\t\t<\/div>\n\t\t\t\t<div class=\"elementor-column elementor-col-33 elementor-top-column elementor-element elementor-element-282e7dc\" data-id=\"282e7dc\" data-element_type=\"column\" data-e-type=\"column\">\n\t\t\t<div class=\"elementor-widget-wrap elementor-element-populated\">\n\t\t\t\t\t\t<div class=\"elementor-element elementor-element-bf3c0ea elementor-widget elementor-widget-heading\" data-id=\"bf3c0ea\" data-element_type=\"widget\" data-e-type=\"widget\" data-widget_type=\"heading.default\">\n\t\t\t\t<div class=\"elementor-widget-container\">\n\t\t\t\t\t<h2 class=\"elementor-heading-title elementor-size-default\">04.<\/h2>\t\t\t\t<\/div>\n\t\t\t\t<\/div>\n\t\t\t\t<div class=\"elementor-element elementor-element-f02b78c elementor-widget elementor-widget-heading\" data-id=\"f02b78c\" data-element_type=\"widget\" data-e-type=\"widget\" data-widget_type=\"heading.default\">\n\t\t\t\t<div class=\"elementor-widget-container\">\n\t\t\t\t\t<h2 class=\"elementor-heading-title elementor-size-default\">Information om ankomst<\/h2>\t\t\t\t<\/div>\n\t\t\t\t<\/div>\n\t\t\t\t<div class=\"elementor-element elementor-element-c07a271 color-scheme-inherit text-left elementor-widget elementor-widget-text-editor\" data-id=\"c07a271\" data-element_type=\"widget\" data-e-type=\"widget\" data-widget_type=\"text-editor.default\">\n\t\t\t\t<div class=\"elementor-widget-container\">\n\t\t\t\t\t\t\t\t\t<p>Om du bara har bokat en kurs kommer all n\u00f6dv\u00e4ndig information att finnas i din bokningsbekr\u00e4ftelse via e-post. Men om du ocks\u00e5 har bokat och betalat f\u00f6r ett boende kommer ett extra e-postmeddelande att skickas till dig under veckan f\u00f6r din ankomst. I detta mejl finns den exakta adressen till ditt boende och instruktioner om hur du h\u00e4mtar din nyckel. Om du inte redan har delat dina flyguppgifter med oss kommer vi att beg\u00e4ra dem vid den tidpunkten f\u00f6r att s\u00e4kerst\u00e4lla en smidig incheckningsprocess.   <\/p>\n\t\t\t\t\t\t\t\t<\/div>\n\t\t\t\t<\/div>\n\t\t\t\t\t<\/div>\n\t\t<\/div>\n\t\t\t\t\t<\/div>\n\t\t<\/section>\n\t\t\t\t<\/div>\n\t\t","protected":false},"excerpt":{"rendered":"<p>Hur bokar jag en spanskkurs i Maxx Institute? 01. V\u00e4lj din spanska kurs V\u00e4nligen bl\u00e4ddra bland v\u00e5ra spanska kurser och<\/p>\n","protected":false},"author":5,"featured_media":0,"parent":0,"menu_order":0,"comment_status":"closed","ping_status":"closed","template":"","meta":{"two_page_speed":[],"footnotes":""},"class_list":["post-14687","page","type-page","status-publish","hentry"],"_links":{"self":[{"href":"https:\/\/maxxinstitutes.com\/sv\/wp-json\/wp\/v2\/pages\/14687","targetHints":{"allow":["GET"]}}],"collection":[{"href":"https:\/\/maxxinstitutes.com\/sv\/wp-json\/wp\/v2\/pages"}],"about":[{"href":"https:\/\/maxxinstitutes.com\/sv\/wp-json\/wp\/v2\/types\/page"}],"author":[{"embeddable":true,"href":"https:\/\/maxxinstitutes.com\/sv\/wp-json\/wp\/v2\/users\/5"}],"replies":[{"embeddable":true,"href":"https:\/\/maxxinstitutes.com\/sv\/wp-json\/wp\/v2\/comments?post=14687"}],"version-history":[{"count":3,"href":"https:\/\/maxxinstitutes.com\/sv\/wp-json\/wp\/v2\/pages\/14687\/revisions"}],"predecessor-version":[{"id":20632,"href":"https:\/\/maxxinstitutes.com\/sv\/wp-json\/wp\/v2\/pages\/14687\/revisions\/20632"}],"wp:attachment":[{"href":"https:\/\/maxxinstitutes.com\/sv\/wp-json\/wp\/v2\/media?parent=14687"}],"curies":[{"name":"wp","href":"https:\/\/api.w.org\/{rel}","templated":true}]}}