{"id":27013,"date":"2026-01-16T16:55:32","date_gmt":"2026-01-16T16:55:32","guid":{"rendered":"https:\/\/maxxinstitutes.com\/?post_type=product&#038;p=27013"},"modified":"2026-02-06T22:09:56","modified_gmt":"2026-02-06T22:09:56","slug":"jongvolwassenen-spaans-carriere-lab-programma-18-25-copy","status":"publish","type":"product","link":"https:\/\/maxxinstitutes.com\/nl\/product\/jongvolwassenen-spaans-carriere-lab-programma-18-25-copy\/","title":{"rendered":"Spaans familieprogramma"},"content":{"rendered":"<p data-start=\"525\" data-end=\"726\">Het <strong data-start=\"529\" data-end=\"555\">Spaans Familie Programma<\/strong> van MAXX Instituten geeft ouders en kinderen de mogelijkheid om <strong data-start=\"606\" data-end=\"644\">samen Spaans te leren<\/strong> terwijl ze genieten van een ontspannen vakantie in <strong data-start=\"695\" data-end=\"725\">Palma de Mallorca of Ibiza<\/strong>.<\/p>\n<p data-start=\"728\" data-end=\"1006\">Dit flexibele <strong data-start=\"742\" data-end=\"763\">middagprogramma<\/strong> is ontworpen om perfect in een gezinsvriendelijk ritme te passen: de lessen vinden plaats tijdens de warmste uren van de dag in <strong data-start=\"882\" data-end=\"912\">klaslokalen met airconditioning<\/strong>, zodat de ochtenden en late middagen vrij zijn om samen van het strand, de natuur en het eilandleven te genieten.<\/p>\n<p data-start=\"1008\" data-end=\"1092\">Gezinnen kunnen kiezen uit twee formats, afhankelijk van leeftijd, niveau en leerdoelen:<\/p>\n<h4 data-start=\"1094\" data-end=\"1134\"><strong data-start=\"1099\" data-end=\"1134\">Optie A: Samenwonen Klassikaal<\/strong><\/h4>\n<p data-start=\"1135\" data-end=\"1357\">Ouders en kinderen leren samen in \u00e9\u00e9n priv\u00e9groep met <strong data-start=\"1197\" data-end=\"1212\">\u00e9\u00e9n leraar<\/strong>, met activiteiten die zijn aangepast aan elke leeftijd en elk niveau. Volwassenen richten zich op communicatief Spaans, terwijl kinderen leren door middel van leuke, interactieve oefeningen.<\/p>\n<ul data-start=\"1359\" data-end=\"1533\">\n<li data-start=\"1359\" data-end=\"1405\">\n<p data-start=\"1361\" data-end=\"1405\">Ideaal voor gezinnen met kinderen <strong data-start=\"1399\" data-end=\"1405\">vanaf 4<\/strong> jaar<\/p>\n<\/li>\n<li data-start=\"1406\" data-end=\"1444\">\n<p data-start=\"1408\" data-end=\"1444\">Ouders op beginnersniveau <strong data-start=\"1435\" data-end=\"1444\">A1-A2<\/strong><\/p>\n<\/li>\n<li data-start=\"1445\" data-end=\"1489\">\n<p data-start=\"1447\" data-end=\"1489\"><strong data-start=\"1447\" data-end=\"1466\">1 besloten groep<\/strong> voor 2-4 familieleden<\/p>\n<\/li>\n<li data-start=\"1490\" data-end=\"1533\">\n<p data-start=\"1492\" data-end=\"1533\"><strong data-start=\"1492\" data-end=\"1533\">2 lessen van 50 minuten per middag<\/strong><\/p>\n<\/li>\n<\/ul>\n<h4 data-start=\"1535\" data-end=\"1575\"><strong data-start=\"1540\" data-end=\"1575\">Optie B: Parallelle gezinsklas<\/strong><\/h4>\n<p data-start=\"1576\" data-end=\"1756\">Ouders en kinderen leren tegelijkertijd, maar in <strong data-start=\"1628\" data-end=\"1652\">aparte 1:1-lessen<\/strong> met <strong data-start=\"1658\" data-end=\"1674\">twee leerkrachten<\/strong>. Deze optie is perfect wanneer leeftijden, niveaus of leerdoelen aanzienlijk verschillen.<\/p>\n<ul data-start=\"1758\" data-end=\"1904\">\n<li data-start=\"1758\" data-end=\"1816\">\n<p data-start=\"1760\" data-end=\"1816\">Geschikt voor gezinnen met zeer verschillende niveaus of leeftijden<\/p>\n<\/li>\n<li data-start=\"1817\" data-end=\"1860\">\n<p data-start=\"1819\" data-end=\"1860\"><strong data-start=\"1819\" data-end=\"1839\">2 priv\u00e9groepen<\/strong> (ouders &amp; kinderen)<\/p>\n<\/li>\n<li data-start=\"1861\" data-end=\"1904\">\n<p data-start=\"1863\" data-end=\"1904\"><strong data-start=\"1863\" data-end=\"1904\">2 lessen van 50 minuten per middag<\/strong><\/p>\n<\/li>\n<\/ul>\n<p data-start=\"1906\" data-end=\"2046\">Beide formats bieden <strong data-start=\"1925\" data-end=\"1949\">gepersonaliseerde inhoud<\/strong>, geen logistieke stress en de mogelijkheid om als gezin een betekenisvolle taalervaring te delen.<\/p>\n<h3 data-start=\"2053\" data-end=\"2091\">Leren &amp; eilandleven gecombineerd<\/h3>\n<p data-start=\"2093\" data-end=\"2248\">Of je nu op Mallorca of Ibiza verblijft, met het Spaans Familieprogramma kun je het leren van een taal combineren met onvergetelijke familie-ervaringen. Beide eilanden bieden: <\/p>\n<ul data-start=\"2249\" data-end=\"2445\">\n<li data-start=\"2249\" data-end=\"2282\">\n<p data-start=\"2251\" data-end=\"2282\">veilige, gezinsvriendelijke stranden<\/p>\n<\/li>\n<li data-start=\"2283\" data-end=\"2325\">\n<p data-start=\"2285\" data-end=\"2325\">culturele hoogtepunten en historische steden<\/p>\n<\/li>\n<li data-start=\"2326\" data-end=\"2364\">\n<p data-start=\"2328\" data-end=\"2364\">natuurplekjes en zachte excursies<\/p>\n<\/li>\n<li data-start=\"2365\" data-end=\"2445\">\n<p data-start=\"2367\" data-end=\"2445\">activiteiten voor of na de les, perfect getimed rond het lesrooster<\/p>\n<\/li>\n<\/ul>\n<p data-start=\"2447\" data-end=\"2555\">Optionele kinderopvang of nanny diensten kunnen worden aanbevolen voor ouders die graag wat tijd voor zichzelf hebben.<\/p>\n<h2 data-start=\"2601\" data-end=\"2641\">Accommodatieopties voor gezinnen<\/h2>\n<p data-start=\"2643\" data-end=\"2833\">Het vinden van de juiste verblijfplaats is een belangrijk onderdeel van een geslaagde familie-taalervaring. Wij bieden <strong data-start=\"2749\" data-end=\"2773\">persoonlijke ondersteuning<\/strong> om u te helpen de beste optie te kiezen voor de behoeften van uw gezin. <\/p>\n<h3 data-start=\"2835\" data-end=\"2893\">Spaans gastgezin <em data-start=\"2862\" data-end=\"2891\">(zeer beperkt beschikbaar)<\/em><\/h3>\n<p data-start=\"2894\" data-end=\"2948\">Voor gezinnen die op zoek zijn naar een authentieke culturele ervaring:<\/p>\n<ul data-start=\"2949\" data-end=\"3161\">\n<li data-start=\"2949\" data-end=\"2993\">\n<p data-start=\"2951\" data-end=\"2993\">Zorgvuldig geselecteerde Spaanse gastgezinnen<\/p>\n<\/li>\n<li data-start=\"2994\" data-end=\"3069\">\n<p data-start=\"2996\" data-end=\"3069\">Ideaal voor <strong data-start=\"3006\" data-end=\"3028\">1-2 gezinsleden<\/strong> (soms 3, afhankelijk van beschikbaarheid)<\/p>\n<\/li>\n<li data-start=\"3070\" data-end=\"3134\">\n<p data-start=\"3072\" data-end=\"3134\">Geweldige kans om Spaans te oefenen in alledaagse situaties<\/p>\n<\/li>\n<li data-start=\"3135\" data-end=\"3161\">\n<p data-start=\"3137\" data-end=\"3161\">Warme, lokale sfeer<\/p>\n<\/li>\n<\/ul>\n<h3 data-start=\"3163\" data-end=\"3193\">Hotels &amp; Familiekamers<\/h3>\n<p data-start=\"3194\" data-end=\"3238\">Voor gezinnen die de voorkeur geven aan comfort en privacy:<\/p>\n<ul data-start=\"3239\" data-end=\"3402\">\n<li data-start=\"3239\" data-end=\"3290\">\n<p data-start=\"3241\" data-end=\"3290\">Geselecteerde gezinsvriendelijke hotels en aparthotels<\/p>\n<\/li>\n<li data-start=\"3291\" data-end=\"3326\">\n<p data-start=\"3293\" data-end=\"3326\">Ruime familiekamers of suites<\/p>\n<\/li>\n<li data-start=\"3327\" data-end=\"3368\">\n<p data-start=\"3329\" data-end=\"3368\">Zwembaden, recreatiegebieden en maaltijdopties<\/p>\n<\/li>\n<li data-start=\"3369\" data-end=\"3402\">\n<p data-start=\"3371\" data-end=\"3402\">Dicht bij de school en het strand<\/p>\n<\/li>\n<\/ul>\n<h3 data-start=\"3404\" data-end=\"3442\">Appartementen &amp; vakantiehuizen<\/h3>\n<p data-start=\"3443\" data-end=\"3479\">Voor gezinnen die waarde hechten aan onafhankelijkheid:<\/p>\n<ul data-start=\"3480\" data-end=\"3671\">\n<li data-start=\"3480\" data-end=\"3538\">\n<p data-start=\"3482\" data-end=\"3538\">Ideaal voor gezinnen met jonge kinderen of langere verblijven<\/p>\n<\/li>\n<li data-start=\"3539\" data-end=\"3589\">\n<p data-start=\"3541\" data-end=\"3589\">Keukenfaciliteiten en flexibele dagplanning<\/p>\n<\/li>\n<li data-start=\"3590\" data-end=\"3638\">\n<p data-start=\"3592\" data-end=\"3638\">Vaak in de buurt van stranden en parkeerplaatsen<\/p>\n<\/li>\n<li data-start=\"3639\" data-end=\"3671\">\n<p data-start=\"3641\" data-end=\"3671\">Een auto wordt meestal aanbevolen<\/p>\n<\/li>\n<\/ul>\n<p data-start=\"3673\" data-end=\"3807\">Ons team <strong data-start=\"3694\" data-end=\"3806\">stuurt je<\/strong> graag <strong data-start=\"3694\" data-end=\"3806\">aanbevelingen, vergelijkt opties, helpt bij het boeken en geeft advies over de beste gezinsvriendelijke locaties<\/strong>.<\/p>\n   <div class=\"pricing-section\" id=\"pricing-section-main\">\n        <div class=\"pricing-content\">\n                            <h2>Prijzen<\/h2>\n<ul>\n<h3>Island Hopper Programma<\/h3>\n<div class=\"indented\">\n<li><strong>1 week:<\/strong> \u20ac390<\/li>\n<\/div>\n<div class=\"indented\">\n<li><strong>2 weken:<\/strong> \u20ac720<\/li>\n<\/div>\n<div class=\"indented\">\n<li><strong>3 weken:<\/strong> \u20ac1050<\/li>\n<\/div>\n<div class=\"indented\">\n<li><strong>4 weken:<\/strong> \u20ac1280<\/li>\n<\/div>\n<\/ul>\n<p>Als deze pakketten niet helemaal aan je wensen voldoen of als je eerst meer informatie wilt voordat je een beslissing neemt, neem dan gerust contact met ons op:<\/p>\n<div class=\"btn-grpp\">\n  <a class=\"btn-11\" href=\"\/nl\/neem-contact-op-met\/\"><br \/>\n    <button>Contact opnemen<\/button><br \/>\n  <\/a><br \/>\n  <a class=\"btn-22\" href=\"\/nl\/kosten-berekenen\/\"><br \/>\n    <button>Offerte aanvragen<\/button><br \/>\n  <\/a>\n<\/div>\n                   <\/div>\n       <div class=\"pricing-image\">\n                            <img fetchpriority=\"high\" decoding=\"async\" src=\"https:\/\/maxxinstitutes.com\/wp-content\/uploads\/2026\/01\/product-images-website-10.png\" alt=\"Custom Product Image\" width=\"400\" height=\"400\" title=\"\">\n                 <\/div>\n\t   \n  <\/div>\n<style>\nbody {\nfont-family: Arial, sans-serif;\nmargin: 0;\npadding: 0;\nbackground-color: #f4f4f4;\n}\n\n.pricing-section {\n    display: flex;\n    align-items: center;\n    justify-content: center;\n    padding: 30px;\n    background: linear-gradient(135deg, #1c1e64, #5b6db8);\n    color: white;\n}\n\n.pricing-content {\nflex: 1;\npadding: 20px;\nmax-width: 50%;\n}\n\n.pricing-content h2 {\nfont-size: 36px;\nmargin-bottom: 20px;\n}\n\n.pricing-content ul {\nlist-style: none;\npadding: 0;\n}\n\n.pricing-content li {\nfont-size: 14px;\nmargin-bottom: 10px;\n}\n\n.pricing-content a {\ncolor: #96c8ff;\ntext-decoration: none;\n}\n\n.pricing-content a:hover {\ntext-decoration: underline;\n}\n\n.pricing-image {\nflex: 1;\nmax-width: 50%;\ndisplay: flex;\njustify-content: center;\nalign-items: center;\npadding: 20px;\n}\n\n.pricing-image img {\nmax-width: 100%;\nborder-radius: 10px;\n}\n\n\/* Responsive Design *\/\n@media (max-width: 768px) {\n.pricing-section {\nflex-direction: column;\ntext-align: center;\t\n}\n.pricing-content {\n    justify-items: center;\n}\n.pricing-content, .pricing-image {\nmax-width: 100%;\n}\n}\n#pricing-section-main .pricing-content h2 {\n    color: #ffffff;\n    font-size: 27px;\n}\n\n#pricing-section-main .pricing-content h3 {\n    color: #ffffff;\n    font-size: 17px;\n}\n\n.indented {\n    margin-left: 26px;\n}\n\n.pricing-content ul {\n    list-style: disc;\n}\n.pricing-content li {\n    text-align: left;\n    margin-bottom: 13px;\n}\n#pricing-section-main .pricing-content p {\n    font-size: 12px;\n}\n@media and (max-width: 768px){\ndiv#pricing-section-main {\n    padding: 20px;\n}\n}\ndiv#pricing-section-main {\n   margin-bottom: 20px;\n}\n\t.pricing-content h3 {\n    text-align: left!important;\n}\n\/* \t17-02-25 *\/\n\t.btn-grpp {\n    display: flex;\n}\na.btn-22 {\n    margin-left: 12px;\n}\n.pricing-image {\n    max-width: fit-content;\n}\n\t.btn-grpp button {\n    color: #020c1a;\n    border-radius: 3px;\n}\n<\/style>\n    \n","protected":false},"excerpt":{"rendered":"<p>Leer samen Spaans als een familie in Palma de Mallorca of Ibiza.<br data-start=\"3955\" data-end=\"3958\">Het Spaans Familie Programma biedt flexibele middaglessen, gepersonaliseerde formats voor ouders en kinderen en ondersteuning bij de accommodatie &#8211; allemaal ontworpen om perfect te passen in een ontspannen familievakantie.<\/p>\n","protected":false},"featured_media":27016,"comment_status":"closed","ping_status":"closed","template":"","meta":[],"product_brand":[],"product_cat":[410,454],"product_tag":[],"class_list":{"0":"post-27013","1":"product","2":"type-product","3":"status-publish","4":"has-post-thumbnail","6":"product_cat-op-maat-gemaakte-programmas-mallorca","7":"product_cat-programmas-op-maat-ibiza","9":"first","10":"instock","11":"shipping-taxable","12":"purchasable","13":"product-type-simple"},"_links":{"self":[{"href":"https:\/\/maxxinstitutes.com\/nl\/wp-json\/wp\/v2\/product\/27013","targetHints":{"allow":["GET"]}}],"collection":[{"href":"https:\/\/maxxinstitutes.com\/nl\/wp-json\/wp\/v2\/product"}],"about":[{"href":"https:\/\/maxxinstitutes.com\/nl\/wp-json\/wp\/v2\/types\/product"}],"replies":[{"embeddable":true,"href":"https:\/\/maxxinstitutes.com\/nl\/wp-json\/wp\/v2\/comments?post=27013"}],"wp:featuredmedia":[{"embeddable":true,"href":"https:\/\/maxxinstitutes.com\/nl\/wp-json\/wp\/v2\/media\/27016"}],"wp:attachment":[{"href":"https:\/\/maxxinstitutes.com\/nl\/wp-json\/wp\/v2\/media?parent=27013"}],"wp:term":[{"taxonomy":"product_brand","embeddable":true,"href":"https:\/\/maxxinstitutes.com\/nl\/wp-json\/wp\/v2\/product_brand?post=27013"},{"taxonomy":"product_cat","embeddable":true,"href":"https:\/\/maxxinstitutes.com\/nl\/wp-json\/wp\/v2\/product_cat?post=27013"},{"taxonomy":"product_tag","embeddable":true,"href":"https:\/\/maxxinstitutes.com\/nl\/wp-json\/wp\/v2\/product_tag?post=27013"}],"curies":[{"name":"wp","href":"https:\/\/api.w.org\/{rel}","templated":true}]}}