{"id":17112,"date":"2024-12-10T22:34:25","date_gmt":"2024-12-10T22:34:25","guid":{"rendered":"http:\/\/maxxinstitutes.com\/?post_type=product&#038;p=17112"},"modified":"2025-07-28T06:39:42","modified_gmt":"2025-07-28T06:39:42","slug":"priveles-spaans-in-madrid","status":"publish","type":"product","link":"https:\/\/maxxinstitutes.com\/nl\/product\/priveles-spaans-in-madrid\/","title":{"rendered":"Priv\u00e9les Spaans in Madrid"},"content":{"rendered":"<h2>Priv\u00e9les Spaans &#8211; Madrid<\/h2>\n<p><strong data-start=\"324\" data-end=\"339\">Waarom Madrid?<\/strong><br data-start=\"339\" data-end=\"342\" \/>De hoofdstad van Spanje is de perfecte plek om je Spaanse vaardigheden een boost te geven. Madrid is een bruisende stad vol cultuur, kunst en geschiedenis en biedt eindeloze mogelijkheden om jezelf onder te dompelen in het Spaanse leven terwijl je geniet van musea van wereldklasse, heerlijke tapas en het bruisende straatleven. Of je hier nu voor korte of langere tijd bent, priv\u00e9lessen geven je de flexibiliteit om Spaans te leren in jouw tempo.<\/p>\n<h3><strong data-start=\"1068\" data-end=\"1086\">Cursusdetails<\/strong><\/h3>\n<ul>\n<li><strong data-start=\"570\" data-end=\"591\">Lessen per week:<\/strong> Flexibel &#8211; jij kiest hoeveel<\/li>\n<li><strong data-start=\"625\" data-end=\"644\">Inhoud van de cursus:<\/strong> Spaanse lessen op maat, aangepast aan jouw niveau en doelen<\/li>\n<li><strong data-start=\"707\" data-end=\"726\">Aangeboden niveaus:<\/strong> A1 tot C2<\/li>\n<li><strong data-start=\"738\" data-end=\"751\">Docenten:<\/strong> Hooggekwalificeerde moedertaalsprekers met een universitair diploma<\/li>\n<li><strong data-start=\"811\" data-end=\"828\">Lesindeling:<\/strong> E\u00e9n-op-\u00e9\u00e9n instructie (of twee studenten als je samen boekt)<\/li>\n<li><strong data-start=\"891\" data-end=\"904\">Rooster:<\/strong> Flexibel &#8211; 7 dagen per week beschikbaar van 08:30 tot 22:00 uur<\/li>\n<li><strong data-start=\"962\" data-end=\"978\">Leeftijd student:<\/strong> Minimaal 16 jaar<\/li>\n<li><strong data-start=\"998\" data-end=\"1022\">Beschikbaarheid cursus:<\/strong> Het hele jaar door<\/li>\n<li><strong data-start=\"1036\" data-end=\"1049\">Duur:<\/strong> Van 1 les tot fulltime weken<\/li>\n<li><strong data-start=\"1088\" data-end=\"1106\">Lesduur:<\/strong> 50 minuten per les<\/li>\n<li><strong data-start=\"1131\" data-end=\"1147\">Startdata:<\/strong> Elke dag, het hele jaar door<\/li>\n<li><strong data-start=\"1174\" data-end=\"1193\">Locatie van de lessen:<\/strong> In het Instituto de Idiomas Madrid of online<\/li>\n<\/ul>\n<h3><strong data-start=\"756\" data-end=\"775\">Wat is inbegrepen<\/strong><\/h3>\n<ul>\n<li>Volledig gepersonaliseerde inhoud<\/li>\n<li>Priv\u00e9leraar (optie om te delen met een tweede persoon)<\/li>\n<li>Flexibel schema &#8211; kies je eigen dagen en tijden<\/li>\n<li>Beschikbaar van complete beginner tot gevorderd (A1-C2)<\/li>\n<li>Cursuscertificaat (op aanvraag)<\/li>\n<li>Combineerbaar met elke groepscursus<\/li>\n<\/ul>\n<h3><strong data-start=\"1553\" data-end=\"1594\">Waarom kiezen voor priv\u00e9lessen in Madrid?<\/strong><\/h3>\n<ul>\n<li>Totale flexibiliteit: Leer wanneer en hoe je wilt<\/li>\n<li>Individuele aandacht: Beweeg in jouw tempo en richt je op jouw behoeften<\/li>\n<li>Ideaal voor drukke professionals, examenvoorbereiding of snelle verbetering<\/li>\n<li>Dompel jezelf onder in het authentieke Spaanse leven in de energieke hoofdstad van Spanje<\/li>\n<\/ul>\n<p data-start=\"3036\" data-end=\"3310\">   <div class=\"pricing-section\" id=\"pricing-section-main\">\n        <div class=\"pricing-content\">\n                            <h2>Prijzen<\/h2>\n<ul>\n<h3>Priv\u00e9 Spaanse lessen in Madrid<\/h3>\n<h3>1 Student<\/h3>\n<div class=\"indented\">\n<li><strong>1 \u2013 14 lessen:<\/strong> 40\u20ac<\/li>\n<\/div>\n<div class=\"indented\">\n<li><strong>15+ lessen:<\/strong> 35\u20ac<\/li>\n<\/div>\n<h3>2 Studenten<\/h3>\n<div class=\"indented\">\n<li><strong>1 \u2013 14 lessen:<\/strong> 45\u20ac<\/li>\n<\/div>\n<div class=\"indented\">\n<li><strong>15+ lessen:<\/strong> 40\u20ac<\/li>\n<\/div>\n<h3>3 Studenten<\/h3>\n<div class=\"indented\">\n<li><strong>1 \u2013 14 lessen:<\/strong> 50\u20ac<\/li>\n<\/div>\n<div class=\"indented\">\n<li><strong>15+ lessen:<\/strong> 45\u20ac<\/li>\n<\/div>\n<\/ul>\n<p>Als deze pakketten niet helemaal aansluiten bij je wensen of als je meer informatie wilt voordat je een beslissing neemt, neem dan gerust contact met ons op:<\/p>\n<div class=\"btn-grpp\">\n  <a class=\"btn-11\" href=\"\/nl\/neem-contact-op-met\/\"><br \/>\n    <button>Neem contact op<\/button><br \/>\n  <\/a><br \/>\n  <a class=\"btn-22\" href=\"\/nl\/kosten-berekenen\/\"><br \/>\n    <button>Vraag een offerte aan<\/button><br \/>\n  <\/a>\n<\/div>\n                   <\/div>\n       <div class=\"pricing-image\">\n                            <img fetchpriority=\"high\" decoding=\"async\" src=\"https:\/\/maxxinstitutes.com\/wp-content\/uploads\/2024\/12\/13-1.png\" alt=\"Custom Product Image\" width=\"400\" height=\"400\" title=\"\">\n                 <\/div>\n\t   \n  <\/div>\n<style>\nbody {\nfont-family: Arial, sans-serif;\nmargin: 0;\npadding: 0;\nbackground-color: #f4f4f4;\n}\n\n.pricing-section {\n    display: flex;\n    align-items: center;\n    justify-content: center;\n    padding: 30px;\n    background: linear-gradient(135deg, #1c1e64, #5b6db8);\n    color: white;\n}\n\n.pricing-content {\nflex: 1;\npadding: 20px;\nmax-width: 50%;\n}\n\n.pricing-content h2 {\nfont-size: 36px;\nmargin-bottom: 20px;\n}\n\n.pricing-content ul {\nlist-style: none;\npadding: 0;\n}\n\n.pricing-content li {\nfont-size: 14px;\nmargin-bottom: 10px;\n}\n\n.pricing-content a {\ncolor: #96c8ff;\ntext-decoration: none;\n}\n\n.pricing-content a:hover {\ntext-decoration: underline;\n}\n\n.pricing-image {\nflex: 1;\nmax-width: 50%;\ndisplay: flex;\njustify-content: center;\nalign-items: center;\npadding: 20px;\n}\n\n.pricing-image img {\nmax-width: 100%;\nborder-radius: 10px;\n}\n\n\/* Responsive Design *\/\n@media (max-width: 768px) {\n.pricing-section {\nflex-direction: column;\ntext-align: center;\t\n}\n.pricing-content {\n    justify-items: center;\n}\n.pricing-content, .pricing-image {\nmax-width: 100%;\n}\n}\n#pricing-section-main .pricing-content h2 {\n    color: #ffffff;\n    font-size: 27px;\n}\n\n#pricing-section-main .pricing-content h3 {\n    color: #ffffff;\n    font-size: 17px;\n}\n\n.indented {\n    margin-left: 26px;\n}\n\n.pricing-content ul {\n    list-style: disc;\n}\n.pricing-content li {\n    text-align: left;\n    margin-bottom: 13px;\n}\n#pricing-section-main .pricing-content p {\n    font-size: 12px;\n}\n@media and (max-width: 768px){\ndiv#pricing-section-main {\n    padding: 20px;\n}\n}\ndiv#pricing-section-main {\n   margin-bottom: 20px;\n}\n\t.pricing-content h3 {\n    text-align: left!important;\n}\n\/* \t17-02-25 *\/\n\t.btn-grpp {\n    display: flex;\n}\na.btn-22 {\n    margin-left: 12px;\n}\n.pricing-image {\n    max-width: fit-content;\n}\n\t.btn-grpp button {\n    color: #020c1a;\n    border-radius: 3px;\n}\n<\/style>\n    <\/p>\n","protected":false},"excerpt":{"rendered":"<ul>\n<li>Het hele jaar door beschikbaar<\/li>\n<li>vanaf <strong>28\u20ac per uur<\/strong><\/li>\n<li>Dezelfde prijs voor 1 student of 2 studenten (delen)<\/li>\n<li>Pakketten beschikbaar voor 5, 10, 15 en 20 lessen<\/li>\n<\/ul>\n<p>&nbsp;<\/p>\n","protected":false},"featured_media":23363,"comment_status":"closed","ping_status":"closed","template":"","meta":[],"product_brand":[],"product_cat":[284],"product_tag":[],"class_list":{"0":"post-17112","1":"product","2":"type-product","3":"status-publish","4":"has-post-thumbnail","6":"product_cat-madrid-nl","8":"first","9":"instock","10":"sale","11":"shipping-taxable","12":"purchasable","13":"product-type-variable"},"_links":{"self":[{"href":"https:\/\/maxxinstitutes.com\/nl\/wp-json\/wp\/v2\/product\/17112","targetHints":{"allow":["GET"]}}],"collection":[{"href":"https:\/\/maxxinstitutes.com\/nl\/wp-json\/wp\/v2\/product"}],"about":[{"href":"https:\/\/maxxinstitutes.com\/nl\/wp-json\/wp\/v2\/types\/product"}],"replies":[{"embeddable":true,"href":"https:\/\/maxxinstitutes.com\/nl\/wp-json\/wp\/v2\/comments?post=17112"}],"wp:featuredmedia":[{"embeddable":true,"href":"https:\/\/maxxinstitutes.com\/nl\/wp-json\/wp\/v2\/media\/23363"}],"wp:attachment":[{"href":"https:\/\/maxxinstitutes.com\/nl\/wp-json\/wp\/v2\/media?parent=17112"}],"wp:term":[{"taxonomy":"product_brand","embeddable":true,"href":"https:\/\/maxxinstitutes.com\/nl\/wp-json\/wp\/v2\/product_brand?post=17112"},{"taxonomy":"product_cat","embeddable":true,"href":"https:\/\/maxxinstitutes.com\/nl\/wp-json\/wp\/v2\/product_cat?post=17112"},{"taxonomy":"product_tag","embeddable":true,"href":"https:\/\/maxxinstitutes.com\/nl\/wp-json\/wp\/v2\/product_tag?post=17112"}],"curies":[{"name":"wp","href":"https:\/\/api.w.org\/{rel}","templated":true}]}}