{"id":16698,"date":"2024-12-10T21:37:56","date_gmt":"2024-12-10T21:37:56","guid":{"rendered":"http:\/\/maxxinstitutes.com\/?post_type=product&#038;p=16698"},"modified":"2026-02-27T19:00:20","modified_gmt":"2026-02-27T19:00:20","slug":"priveles-spaans-in-ibiza","status":"publish","type":"product","link":"https:\/\/maxxinstitutes.com\/nl\/product\/priveles-spaans-in-ibiza\/","title":{"rendered":"Priv\u00e9les Spaans in Ibiza"},"content":{"rendered":"<h2>Priv\u00e9les Spaans &#8211; Ibiza<\/h2>\n<h3><strong>Waarom Ibiza?<\/strong><\/h3>\n<p>Ibiza biedt meer dan alleen stranden en nachtleven &#8211; het is een vredige en inspirerende mediterrane omgeving om je te richten op het leren van Spaans. Met zijn ontspannen levensstijl, internationale flair en prachtige omgeving is het eiland de perfecte plek om te genieten van gepersonaliseerd leren in je eigen tempo. Combineer het leren van een taal met zon, natuur en cultuur. Maandag t\/m vrijdag.   <\/p>\n<h3><strong data-start=\"543\" data-end=\"562\">Cursusdetails:<\/strong><\/h3>\n<ul>\n<li><strong data-start=\"565\" data-end=\"586\">Lessen per week:<\/strong> Flexibel &#8211; jij kiest hoeveel<\/li>\n<li><strong data-start=\"620\" data-end=\"639\">Inhoud van de cursus:<\/strong> Volledig gepersonaliseerde Spaanse lessen aangepast aan jouw niveau en doelen<\/li>\n<li><strong data-start=\"709\" data-end=\"728\">Aangeboden niveaus:<\/strong> A1 tot C2<\/li>\n<li><strong data-start=\"740\" data-end=\"753\">Docenten:<\/strong> Hooggekwalificeerde moedertaalsprekers met een universitair diploma<\/li>\n<li><strong data-start=\"813\" data-end=\"830\">Lesvorm:<\/strong><br data-start=\"830\" data-end=\"833\">&#8211; E\u00e9n-op-\u00e9\u00e9n lessen (of twee studenten voor dezelfde prijs)<br data-start=\"890\" data-end=\"893\">&#8211; Kleine priv\u00e9groep mogelijk (3-4 studenten)<\/li>\n<li><strong data-start=\"941\" data-end=\"954\">Rooster:<\/strong> Flexibel &#8211; maandag tot vrijdag, tussen 08:00 en 20:00 uur<\/li>\n<li><strong data-start=\"1010\" data-end=\"1026\">Leeftijd student:<\/strong> Minimaal 16 jaar<\/li>\n<li><strong data-start=\"1046\" data-end=\"1070\">Beschikbaarheid cursus:<\/strong> Het hele jaar door<\/li>\n<li><strong data-start=\"1084\" data-end=\"1097\">Duur:<\/strong> Van een enkele les tot meerdere weken<\/li>\n<li><strong data-start=\"1143\" data-end=\"1161\">Lesduur:<\/strong> 50 minuten per les<\/li>\n<li><strong data-start=\"1186\" data-end=\"1202\">Startdata:<\/strong> Elke dag, het hele jaar door<\/li>\n<li><strong data-start=\"1229\" data-end=\"1248\">Locatie van de lessen:<\/strong> Op school, online, thuis of buitenshuis (buiten de school kunnen de tarieven vari\u00ebren)<\/li>\n<\/ul>\n<h3 data-start=\"1564\" data-end=\"1604\">Op school of in het hotel &#8211; Leslocatie<\/h3>\n<p data-start=\"1606\" data-end=\"1629\">Lessen kunnen plaatsvinden:<\/p>\n<p data-start=\"1631\" data-end=\"1785\">&#8211; In onze school in Ibiza stad<br data-start=\"1660\" data-end=\"1663\">&#8211; Online<br data-start=\"1671\" data-end=\"1674\">&#8211; Bij jou thuis of in je appartement<br data-start=\"1701\" data-end=\"1704\">&#8211; In je hotel of priv\u00e9 villa<br data-start=\"1736\" data-end=\"1739\">&#8211; Buiten (terras, tuin, rustig strandgedeelte)<\/p>\n<p data-start=\"1787\" data-end=\"2026\">Onze docenten kunnen rechtstreeks naar je accommodatie komen, zodat je comfort, privacy en eersteklas taallessen kunt combineren. Deze optie is ideaal voor gezinnen, leidinggevenden, digitale nomaden of studenten die de voorkeur geven aan een meer exclusieve ervaring. <\/p>\n<p data-start=\"2028\" data-end=\"2098\"><em data-start=\"2028\" data-end=\"2098\">Let op: afhankelijk van de locatie kunnen extra reiskosten van toepassing zijn.<\/em><\/p>\n<h3><strong data-start=\"1337\" data-end=\"1357\">Wat is inbegrepen:<\/strong><\/h3>\n<ul>\n<li>Persoonlijk leerplan<\/li>\n<li>Priv\u00e9leraar volledig gericht op jouw vooruitgang<\/li>\n<li>Dezelfde prijs voor 1 of 2 studenten (jij brengt de tweede persoon mee)<\/li>\n<li>Optie om een kleine priv\u00e9groep te vormen (3-4 personen)<\/li>\n<li>Cursuscertificaat (op aanvraag)<\/li>\n<li>Placement test (op aanvraag)<\/li>\n<li>Optionele aanvulling: Combineren met groepslessen of examenvoorbereiding<\/li>\n<\/ul>\n<h3><strong data-start=\"1703\" data-end=\"1743\">Waarom kiezen voor priv\u00e9lessen op Ibiza?<\/strong><\/h3>\n<ul>\n<li>Ultieme flexibiliteit: Jij bepaalt het tempo, het schema en de inhoud<\/li>\n<li>Meer waarde: Deel de les (en de kosten) met een vriend(in) of klasgenoot<\/li>\n<li>Ideaal voor specifieke doelen, snelle verbetering of volledige aanpassing<\/li>\n<li>Geniet van Spaans leren in een unieke eilandomgeving die inspireert tot focus en ontspanning<\/li>\n<\/ul>\n<p data-start=\"3036\" data-end=\"3310\">   <div class=\"pricing-section\" id=\"pricing-section-main\">\n        <div class=\"pricing-content\">\n                            <h2>Prijzen<\/h2>\n<ul>\n<h3>De prijs is hetzelfde voor 1 student of 2 studenten samen met 1 docent<\/h3>\n<div class=\"indented\">\n<li><strong>Pakket van 20 lessen:<\/strong> 29\u20ac per les<\/li>\n<\/div>\n<div class=\"indented\">\n<li><strong>Pakket van 15 lessen:<\/strong> 33\u20ac per les<\/li>\n<\/div>\n<div class=\"indented\">\n<li><strong>Pakket van 10 lessen:<\/strong> 31\u20ac per les<\/li>\n<\/div>\n<div class=\"indented\">\n<li><strong>Pakket van 5 lessen:<\/strong> 33\u20ac per les<\/li>\n<\/div>\n<div class=\"indented\">\n<li><strong>1 les:<\/strong> 34\u20ac<\/li>\n<\/div>\n<\/ul>\n<p>Als deze pakketten niet helemaal bij je passen of je wilt graag meer informatie voordat je beslist, neem dan gerust contact met ons op:<\/p>\n<div class=\"btn-grpp\">\n  <a class=\"btn-11\" href=\"\/nl\/neem-contact-op-met\/\"><br \/>\n    <button>Neem contact op<\/button><br \/>\n  <\/a><br \/>\n  <a class=\"btn-22\" href=\"\/nl\/kosten-berekenen\/\"><br \/>\n    <button>Vraag een offerte aan<\/button><br \/>\n  <\/a>\n<\/div>\n                   <\/div>\n       <div class=\"pricing-image\">\n                            <img fetchpriority=\"high\" decoding=\"async\" src=\"https:\/\/maxxinstitutes.com\/wp-content\/uploads\/2024\/12\/Black-White-Modern-Handwritten-Square-Studio-Logo.jpg\" alt=\"Custom Product Image\" width=\"400\" height=\"400\" title=\"\">\n                 <\/div>\n\t   \n  <\/div>\n<style>\nbody {\nfont-family: Arial, sans-serif;\nmargin: 0;\npadding: 0;\nbackground-color: #f4f4f4;\n}\n\n.pricing-section {\n    display: flex;\n    align-items: center;\n    justify-content: center;\n    padding: 30px;\n    background: linear-gradient(135deg, #1c1e64, #5b6db8);\n    color: white;\n}\n\n.pricing-content {\nflex: 1;\npadding: 20px;\nmax-width: 50%;\n}\n\n.pricing-content h2 {\nfont-size: 36px;\nmargin-bottom: 20px;\n}\n\n.pricing-content ul {\nlist-style: none;\npadding: 0;\n}\n\n.pricing-content li {\nfont-size: 14px;\nmargin-bottom: 10px;\n}\n\n.pricing-content a {\ncolor: #96c8ff;\ntext-decoration: none;\n}\n\n.pricing-content a:hover {\ntext-decoration: underline;\n}\n\n.pricing-image {\nflex: 1;\nmax-width: 50%;\ndisplay: flex;\njustify-content: center;\nalign-items: center;\npadding: 20px;\n}\n\n.pricing-image img {\nmax-width: 100%;\nborder-radius: 10px;\n}\n\n\/* Responsive Design *\/\n@media (max-width: 768px) {\n.pricing-section {\nflex-direction: column;\ntext-align: center;\t\n}\n.pricing-content {\n    justify-items: center;\n}\n.pricing-content, .pricing-image {\nmax-width: 100%;\n}\n}\n#pricing-section-main .pricing-content h2 {\n    color: #ffffff;\n    font-size: 27px;\n}\n\n#pricing-section-main .pricing-content h3 {\n    color: #ffffff;\n    font-size: 17px;\n}\n\n.indented {\n    margin-left: 26px;\n}\n\n.pricing-content ul {\n    list-style: disc;\n}\n.pricing-content li {\n    text-align: left;\n    margin-bottom: 13px;\n}\n#pricing-section-main .pricing-content p {\n    font-size: 12px;\n}\n@media and (max-width: 768px){\ndiv#pricing-section-main {\n    padding: 20px;\n}\n}\ndiv#pricing-section-main {\n   margin-bottom: 20px;\n}\n\t.pricing-content h3 {\n    text-align: left!important;\n}\n\/* \t17-02-25 *\/\n\t.btn-grpp {\n    display: flex;\n}\na.btn-22 {\n    margin-left: 12px;\n}\n.pricing-image {\n    max-width: fit-content;\n}\n\t.btn-grpp button {\n    color: #020c1a;\n    border-radius: 3px;\n}\n<\/style>\n    <\/p>\n","protected":false},"excerpt":{"rendered":"<ul>\n<li>Het hele jaar door beschikbaar<\/li>\n<li>Dezelfde prijs voor 1 student of 2 studenten (\u00e9\u00e9n docent)<\/li>\n<li>Pakketten beschikbaar voor 5, 10, 15 en 20 lessen<\/li>\n<\/ul>\n<p>&nbsp;<\/p>\n","protected":false},"featured_media":23286,"comment_status":"closed","ping_status":"closed","template":"","meta":[],"product_brand":[],"product_cat":[237,439],"product_tag":[],"class_list":{"0":"post-16698","1":"product","2":"type-product","3":"status-publish","4":"has-post-thumbnail","6":"product_cat-cursussen-spaans-in-ibiza","7":"product_cat-energie-cursussen-ibiza","9":"first","10":"instock","11":"shipping-taxable","12":"purchasable","13":"product-type-variable"},"_links":{"self":[{"href":"https:\/\/maxxinstitutes.com\/nl\/wp-json\/wp\/v2\/product\/16698","targetHints":{"allow":["GET"]}}],"collection":[{"href":"https:\/\/maxxinstitutes.com\/nl\/wp-json\/wp\/v2\/product"}],"about":[{"href":"https:\/\/maxxinstitutes.com\/nl\/wp-json\/wp\/v2\/types\/product"}],"replies":[{"embeddable":true,"href":"https:\/\/maxxinstitutes.com\/nl\/wp-json\/wp\/v2\/comments?post=16698"}],"wp:featuredmedia":[{"embeddable":true,"href":"https:\/\/maxxinstitutes.com\/nl\/wp-json\/wp\/v2\/media\/23286"}],"wp:attachment":[{"href":"https:\/\/maxxinstitutes.com\/nl\/wp-json\/wp\/v2\/media?parent=16698"}],"wp:term":[{"taxonomy":"product_brand","embeddable":true,"href":"https:\/\/maxxinstitutes.com\/nl\/wp-json\/wp\/v2\/product_brand?post=16698"},{"taxonomy":"product_cat","embeddable":true,"href":"https:\/\/maxxinstitutes.com\/nl\/wp-json\/wp\/v2\/product_cat?post=16698"},{"taxonomy":"product_tag","embeddable":true,"href":"https:\/\/maxxinstitutes.com\/nl\/wp-json\/wp\/v2\/product_tag?post=16698"}],"curies":[{"name":"wp","href":"https:\/\/api.w.org\/{rel}","templated":true}]}}