{"id":15655,"date":"2024-09-18T10:37:40","date_gmt":"2024-09-18T10:37:40","guid":{"rendered":"http:\/\/maxxinstitutes.com\/product\/privelessen-spaans\/"},"modified":"2026-01-07T17:57:32","modified_gmt":"2026-01-07T17:57:32","slug":"privelessen-spaans","status":"publish","type":"product","link":"https:\/\/maxxinstitutes.com\/nl\/product\/privelessen-spaans\/","title":{"rendered":"Priv\u00e9les Spaans in Palma de Mallorca"},"content":{"rendered":"<h2 data-start=\"130\" data-end=\"172\"><strong data-start=\"134\" data-end=\"172\">Priv\u00e9les Spaans &#8211; Mallorca<\/strong><\/h2>\n<h3 data-start=\"3036\" data-end=\"3310\"><strong data-start=\"179\" data-end=\"196\">Waarom Mallorca?<\/strong><\/h3>\n<p data-start=\"3036\" data-end=\"3310\">Mallorca is de perfecte omgeving voor priv\u00e9lessen Spaans en biedt een balans tussen rust en de levendige mediterrane cultuur. Of je nu in de stad, aan de kust of op het platteland verblijft, je zult genieten van een prachtige natuurlijke omgeving, historische charme en een ontspannen levensstijl die gericht leren aanmoedigt. Profiteer optimaal van de sfeer op het eiland terwijl je je Spaanse vaardigheden verbetert.  <\/p>\n<h3 data-start=\"3036\" data-end=\"3310\"><strong data-start=\"613\" data-end=\"632\">Cursusdetails:<\/strong><\/h3>\n<ul>\n<li data-start=\"3036\" data-end=\"3310\"><strong data-start=\"635\" data-end=\"656\">Lessen per week:<\/strong> Flexibel &#8211; jij kiest hoeveel<\/li>\n<li data-start=\"3036\" data-end=\"3310\"><strong data-start=\"690\" data-end=\"709\">Inhoud van de cursus:<\/strong> Volledig gepersonaliseerde Spaanse lessen aangepast aan jouw niveau en leerdoelen<\/li>\n<li data-start=\"3036\" data-end=\"3310\"><strong data-start=\"788\" data-end=\"807\">Aangeboden niveaus:<\/strong> A1 tot C2<\/li>\n<li data-start=\"3036\" data-end=\"3310\"><strong data-start=\"819\" data-end=\"832\">Docenten:<\/strong> Ervaren moedertaalsprekende docenten met een universitair diploma<\/li>\n<li data-start=\"3036\" data-end=\"3310\"><strong data-start=\"896\" data-end=\"913\">Lesindeling:<\/strong><br data-start=\"913\" data-end=\"916\">&#8211; E\u00e9n-op-\u00e9\u00e9n lessen (of twee studenten voor dezelfde prijs)<br data-start=\"973\" data-end=\"976\">&#8211; Kleine priv\u00e9groep mogelijk (3-4 studenten)<\/li>\n<li data-start=\"3036\" data-end=\"3310\"><strong data-start=\"1024\" data-end=\"1037\">Rooster:<\/strong> Flexibel &#8211; maandag tot vrijdag, tussen 09:00 en 20:00 uur<\/li>\n<li data-start=\"3036\" data-end=\"3310\"><strong data-start=\"1093\" data-end=\"1109\">Leeftijd student:<\/strong> Minimaal 16 jaar<\/li>\n<li data-start=\"3036\" data-end=\"3310\"><strong data-start=\"1129\" data-end=\"1153\">Beschikbaarheid cursus:<\/strong> Het hele jaar door<\/li>\n<li data-start=\"3036\" data-end=\"3310\"><strong data-start=\"1167\" data-end=\"1180\">Duur:<\/strong> Van een enkele les tot meerdere weken<\/li>\n<li data-start=\"3036\" data-end=\"3310\"><strong data-start=\"1222\" data-end=\"1240\">Lesduur:<\/strong> 50 minuten per les<\/li>\n<li data-start=\"3036\" data-end=\"3310\"><strong data-start=\"1265\" data-end=\"1281\">Startdata:<\/strong> Elke dag, het hele jaar door<\/li>\n<li data-start=\"3036\" data-end=\"3310\"><strong data-start=\"1308\" data-end=\"1327\">Locatie van de lessen:<\/strong> Op school, online, of mogelijk andere locaties op aanvraag<\/li>\n<\/ul>\n<h3><strong data-start=\"1398\" data-end=\"1418\">Wat is inbegrepen:<\/strong><\/h3>\n<ul>\n<li>Lesplan op maat gebaseerd op jouw behoeften<\/li>\n<li>Toegewijde priv\u00e9leraar<\/li>\n<li>Dezelfde prijs voor 1 of 2 studenten (jij brengt de tweede persoon mee)<\/li>\n<li>Optie om een besloten groep te maken (3-4 personen)<\/li>\n<li>Cursuscertificaat (op aanvraag)<\/li>\n<li>Optionele niveautest<\/li>\n<li>Mogelijkheid om te combineren met groepslessen<\/li>\n<\/ul>\n<h3><strong data-start=\"1727\" data-end=\"1770\">Waarom kiezen voor priv\u00e9lessen op Mallorca?<\/strong><\/h3>\n<ul>\n<li>Maximale flexibiliteit met timing en inhoud<\/li>\n<li>Kosteneffectief indien gedeeld met een partner of vriend(in)<\/li>\n<li>Ideaal voor intensief leren, specifieke doelen of combineren met andere cursussen<\/li>\n<li>Een prachtige eilandomgeving die je leerervaring verbetert   <div class=\"pricing-section\" id=\"pricing-section-main\">\n        <div class=\"pricing-content\">\n                            <h2>Prijzen<\/h2>\n<ul>\n<h3>De prijs is hetzelfde voor 1 student of 2 studenten samen met 1 docent<\/h3>\n<div class=\"indented\">\n<li><strong>Pakket van 20 lessen:<\/strong> 29\u20ac per les<\/li>\n<\/div>\n<div class=\"indented\">\n<li><strong>Pakket van 15 lessen:<\/strong> 33\u20ac per les<\/li>\n<\/div>\n<div class=\"indented\">\n<li><strong>Pakket van 10 lessen:<\/strong> 31\u20ac per les<\/li>\n<\/div>\n<div class=\"indented\">\n<li><strong>Pakket van 5 lessen:<\/strong> 33\u20ac per les<\/li>\n<\/div>\n<div class=\"indented\">\n<li><strong>1 les:<\/strong> 34\u20ac<\/li>\n<\/div>\n<\/ul>\n<p>Als deze pakketten niet helemaal bij je wensen passen of als je meer informatie wilt voordat je een beslissing neemt, neem dan gerust contact op:<\/p>\n<div class=\"btn-grpp\">\n  <a class=\"btn-11\" href=\"\/nl\/neem-contact-op-met\/\"><br \/>\n    <button>Neem contact op<\/button><br \/>\n  <\/a><br \/>\n  <a class=\"btn-22\" href=\"\/nl\/kosten-berekenen\/\"><br \/>\n    <button>Vraag een offerte aan<\/button><br \/>\n  <\/a>\n<\/div>\n                   <\/div>\n       <div class=\"pricing-image\">\n                            <img fetchpriority=\"high\" decoding=\"async\" src=\"https:\/\/maxxinstitutes.com\/wp-content\/uploads\/2024\/09\/Private-Spanish-lessons_.jpg\" alt=\"Custom Product Image\" width=\"400\" height=\"400\" title=\"\">\n                 <\/div>\n\t   \n  <\/div>\n<style>\nbody {\nfont-family: Arial, sans-serif;\nmargin: 0;\npadding: 0;\nbackground-color: #f4f4f4;\n}\n\n.pricing-section {\n    display: flex;\n    align-items: center;\n    justify-content: center;\n    padding: 30px;\n    background: linear-gradient(135deg, #1c1e64, #5b6db8);\n    color: white;\n}\n\n.pricing-content {\nflex: 1;\npadding: 20px;\nmax-width: 50%;\n}\n\n.pricing-content h2 {\nfont-size: 36px;\nmargin-bottom: 20px;\n}\n\n.pricing-content ul {\nlist-style: none;\npadding: 0;\n}\n\n.pricing-content li {\nfont-size: 14px;\nmargin-bottom: 10px;\n}\n\n.pricing-content a {\ncolor: #96c8ff;\ntext-decoration: none;\n}\n\n.pricing-content a:hover {\ntext-decoration: underline;\n}\n\n.pricing-image {\nflex: 1;\nmax-width: 50%;\ndisplay: flex;\njustify-content: center;\nalign-items: center;\npadding: 20px;\n}\n\n.pricing-image img {\nmax-width: 100%;\nborder-radius: 10px;\n}\n\n\/* Responsive Design *\/\n@media (max-width: 768px) {\n.pricing-section {\nflex-direction: column;\ntext-align: center;\t\n}\n.pricing-content {\n    justify-items: center;\n}\n.pricing-content, .pricing-image {\nmax-width: 100%;\n}\n}\n#pricing-section-main .pricing-content h2 {\n    color: #ffffff;\n    font-size: 27px;\n}\n\n#pricing-section-main .pricing-content h3 {\n    color: #ffffff;\n    font-size: 17px;\n}\n\n.indented {\n    margin-left: 26px;\n}\n\n.pricing-content ul {\n    list-style: disc;\n}\n.pricing-content li {\n    text-align: left;\n    margin-bottom: 13px;\n}\n#pricing-section-main .pricing-content p {\n    font-size: 12px;\n}\n@media and (max-width: 768px){\ndiv#pricing-section-main {\n    padding: 20px;\n}\n}\ndiv#pricing-section-main {\n   margin-bottom: 20px;\n}\n\t.pricing-content h3 {\n    text-align: left!important;\n}\n\/* \t17-02-25 *\/\n\t.btn-grpp {\n    display: flex;\n}\na.btn-22 {\n    margin-left: 12px;\n}\n.pricing-image {\n    max-width: fit-content;\n}\n\t.btn-grpp button {\n    color: #020c1a;\n    border-radius: 3px;\n}\n<\/style>\n    <\/li>\n<\/ul>\n","protected":false},"excerpt":{"rendered":"<ul>\n<li>Het hele jaar door beschikbaar<\/li>\n<li>vanaf <strong>31\u20ac per uur<\/strong><\/li>\n<li>Dezelfde prijs voor 1 student of 2 studenten (\u00e9\u00e9n docent)<\/li>\n<li>Pakketten beschikbaar voor 5, 10, 15 en 20 lessen<\/li>\n<\/ul>\n<p>&nbsp;<\/p>\n","protected":false},"featured_media":23307,"comment_status":"closed","ping_status":"closed","template":"","meta":[],"product_brand":[],"product_cat":[409,276],"product_tag":[],"class_list":{"0":"post-15655","1":"product","2":"type-product","3":"status-publish","4":"has-post-thumbnail","6":"product_cat-krachtcursussen-mallorca","7":"product_cat-mallorca-nl","9":"first","10":"instock","11":"shipping-taxable","12":"purchasable","13":"product-type-variable"},"_links":{"self":[{"href":"https:\/\/maxxinstitutes.com\/nl\/wp-json\/wp\/v2\/product\/15655","targetHints":{"allow":["GET"]}}],"collection":[{"href":"https:\/\/maxxinstitutes.com\/nl\/wp-json\/wp\/v2\/product"}],"about":[{"href":"https:\/\/maxxinstitutes.com\/nl\/wp-json\/wp\/v2\/types\/product"}],"replies":[{"embeddable":true,"href":"https:\/\/maxxinstitutes.com\/nl\/wp-json\/wp\/v2\/comments?post=15655"}],"wp:featuredmedia":[{"embeddable":true,"href":"https:\/\/maxxinstitutes.com\/nl\/wp-json\/wp\/v2\/media\/23307"}],"wp:attachment":[{"href":"https:\/\/maxxinstitutes.com\/nl\/wp-json\/wp\/v2\/media?parent=15655"}],"wp:term":[{"taxonomy":"product_brand","embeddable":true,"href":"https:\/\/maxxinstitutes.com\/nl\/wp-json\/wp\/v2\/product_brand?post=15655"},{"taxonomy":"product_cat","embeddable":true,"href":"https:\/\/maxxinstitutes.com\/nl\/wp-json\/wp\/v2\/product_cat?post=15655"},{"taxonomy":"product_tag","embeddable":true,"href":"https:\/\/maxxinstitutes.com\/nl\/wp-json\/wp\/v2\/product_tag?post=15655"}],"curies":[{"name":"wp","href":"https:\/\/api.w.org\/{rel}","templated":true}]}}