{"id":20688,"date":"2025-02-27T21:20:55","date_gmt":"2025-02-27T21:20:55","guid":{"rendered":"https:\/\/maxxinstitutes.com\/product\/lezioni-private-online\/"},"modified":"2025-07-28T06:08:13","modified_gmt":"2025-07-28T06:08:13","slug":"lezioni-private-online","status":"publish","type":"product","link":"https:\/\/maxxinstitutes.com\/it\/prodotto\/lezioni-private-online\/","title":{"rendered":"Lezioni private online"},"content":{"rendered":"<h2 data-start=\"131\" data-end=\"184\">Lezioni private di spagnolo online &#8211; completamente flessibili<\/h2>\n<h3 data-start=\"185\" data-end=\"224\">Perch\u00e9 scegliere le lezioni private online?<\/h3>\n<p data-start=\"226\" data-end=\"517\">Con le nostre lezioni private online puoi adattare il tuo apprendimento dello spagnolo ai tuoi obiettivi personali e ai tuoi impegni. Se vuoi concentrarti su abilit\u00e0 specifiche, accelerare i tuoi progressi o aggiungere ulteriore pratica a un corso di gruppo, le lezioni private ti offrono la flessibilit\u00e0 e l&#8217;attenzione individuale di cui hai bisogno.<\/p>\n<div class=\"bt_bb_wrapper\" data-templates-time=\"\">\n<section id=\"bt_bb_section67c0d53094954\" class=\"bt_bb_section bt_bb_layout_boxed_1200 bt_bb_top_spacing_none bt_bb_bottom_spacing_none\" data-bt-override-class=\"null\">\n<div class=\"bt_bb_port\">\n<div class=\"bt_bb_cell\">\n<div class=\"bt_bb_cell_inner\">\n<div class=\"bt_bb_row \" data-bt-override-class=\"{}\" data-structure=\"12\">\n<div class=\"bt_bb_row_holder\">\n<div class=\"bt_bb_column col-xxl-12 col-xl-12 bt_bb_vertical_align_top bt_bb_align_left bt_bb_padding_normal bt_bb_shape_inherit\" data-width=\"12\" data-bt-override-class=\"{}\">\n<div class=\"bt_bb_column_content\">\n<div class=\"bt_bb_column_content_inner\">\n<h3 data-start=\"619\" data-end=\"637\">Dettagli della classe:<\/h3>\n<ul>\n<li data-start=\"639\" data-end=\"742\"><strong data-start=\"639\" data-end=\"655\">Tipo di corso:<\/strong> Lezioni private di spagnolo online<\/li>\n<li data-start=\"639\" data-end=\"742\"><strong data-start=\"689\" data-end=\"710\">Lezioni a settimana:<\/strong> Scegli tra 3 opzioni flessibili:<\/li>\n<li data-start=\"744\" data-end=\"815\">\n<p data-start=\"746\" data-end=\"815\"><strong data-start=\"746\" data-end=\"759\">Opzione 1:<\/strong> 10 ore a settimana &#8211; 2 ore al giorno, dal luned\u00ec al venerd\u00ec<\/p>\n<\/li>\n<li data-start=\"816\" data-end=\"905\">\n<p data-start=\"818\" data-end=\"905\"><strong data-start=\"818\" data-end=\"831\">Opzione 2:<\/strong> 5 ore a settimana &#8211; 2 ore il luned\u00ec e il mercoled\u00ec o il marted\u00ec e il gioved\u00ec + 1 ora il venerd\u00ec<\/p>\n<\/li>\n<li data-start=\"906\" data-end=\"1020\">\n<p data-start=\"908\" data-end=\"1020\"><strong data-start=\"908\" data-end=\"921\">Opzione 3:<\/strong> 2 ore a settimana &#8211; 1 ora in due giorni a scelta (es. mar e gio, 18:00-19:00 o 08:00-09:00)<\/p>\n<\/li>\n<li data-start=\"908\" data-end=\"1020\"><strong data-start=\"1022\" data-end=\"1040\">Durata della lezione:<\/strong> 60 minuti<\/li>\n<li data-start=\"908\" data-end=\"1020\"><strong data-start=\"1054\" data-end=\"1068\">Orari:<br \/>\n<\/strong>&#8211; Dal luned\u00ec al venerd\u00ec, dalle 08:00 alle 20:00 (ora spagnola, CET +1)<br \/>\n&#8211; Le lezioni nel fine settimana sono disponibili con un supplemento.<\/li>\n<li data-start=\"908\" data-end=\"1020\"><strong data-start=\"1174\" data-end=\"1185\">Livelli:<\/strong> Tutti i livelli, da principianti assoluti (A1) ad avanzati (C2)<\/li>\n<li data-start=\"908\" data-end=\"1020\"><strong data-start=\"1245\" data-end=\"1260\">Dimensione del gruppo:<\/strong> 1 studente<br \/>\n&#8211; Stesso prezzo per 2 studenti: porta un amico e dividi i costi!<\/li>\n<li data-start=\"908\" data-end=\"1020\"><strong data-start=\"1339\" data-end=\"1360\">Date di inizio 2025: <\/strong>Qualsiasi giorno della settimana: inizia quando vuoi.<\/li>\n<li data-start=\"908\" data-end=\"1020\"><strong data-start=\"1412\" data-end=\"1425\">Insegnanti:<\/strong> Istruttori madrelingua esperti che personalizzano le lezioni in base alle tue esigenze individuali.<\/li>\n<\/ul>\n<h3 data-start=\"1521\" data-end=\"1541\">Cosa \u00e8 incluso:<\/h3>\n<ul>\n<li data-start=\"1545\" data-end=\"1596\">Lezioni completamente personalizzate in base ai tuoi obiettivi<\/li>\n<li data-start=\"1599\" data-end=\"1642\">Orari flessibili per adattarsi al tuo stile di vita<\/li>\n<li data-start=\"1645\" data-end=\"1707\">Possibilit\u00e0 di condividere le lezioni con un partner senza costi aggiuntivi<\/li>\n<li data-start=\"1710\" data-end=\"1736\">Certificato su richiesta<\/li>\n<\/ul>\n<h3 data-start=\"1743\" data-end=\"1755\">Prezzi:<\/h3>\n<ul>\n<li data-start=\"1759\" data-end=\"1792\"><strong data-start=\"1759\" data-end=\"1777\">\u20ac30 per lezione<\/strong> (60 minuti)<\/li>\n<li data-start=\"1795\" data-end=\"1827\">Stesso prezzo per 1 o 2 studenti<\/li>\n<li data-start=\"1830\" data-end=\"1874\">Le lezioni del fine settimana sono disponibili con un supplemento<\/li>\n<\/ul>\n<h3 data-start=\"1881\" data-end=\"1908\">Perch\u00e9 scegliere questo corso?<\/h3>\n<ul>\n<li data-start=\"1912\" data-end=\"1956\">100% di flessibilit\u00e0 nella programmazione e nei contenuti<\/li>\n<li data-start=\"1959\" data-end=\"2003\">Apprendimento personalizzato con insegnanti madrelingua<\/li>\n<li data-start=\"2006\" data-end=\"2050\">Un valore eccellente per lezioni individuali o condivise<\/li>\n<li data-start=\"2053\" data-end=\"2115\">Perfetto per integrare i corsi di gruppo o lo studio indipendente<\/li>\n<\/ul>\n<\/div>\n<\/div>\n<\/div>\n<\/div>\n<\/div>\n<\/div>\n<\/div>\n<\/div>\n<\/section>\n<\/div>\n<p data-start=\"3036\" data-end=\"3310\">   <div class=\"pricing-section\" id=\"pricing-section-main\">\n        <div class=\"pricing-content\">\n                            <h2>Prezzi<\/h2>\n<ul>\n<h3>Il prezzo \u00e8 lo stesso per 1 studente o 2 studenti insieme con 1 insegnante<\/h3>\n<div class=\"indented\">\n<li><strong>Pacchetto di 20 lezioni:<\/strong> 29\u20ac a lezione<\/li>\n<\/div>\n<div class=\"indented\">\n<li><strong>Pacchetto di 15 lezioni:<\/strong> 33\u20ac a lezione<\/li>\n<\/div>\n<div class=\"indented\">\n<li><strong>Pacchetto di 10 lezioni:<\/strong> 31\u20ac a lezione<\/li>\n<\/div>\n<div class=\"indented\">\n<li><strong>Pacchetto di 5 lezioni:<\/strong> 33\u20ac a lezione<\/li>\n<\/div>\n<div class=\"indented\">\n<li><strong>1 lezione:<\/strong> 34\u20ac<\/li>\n<\/div>\n<\/ul>\n<p>Se questi pacchetti non soddisfano completamente le tue esigenze o desideri ulteriori dettagli prima di decidere, non esitare a:<\/p>\n<div class=\"btn-grpp\">\n  <a class=\"btn-11\" href=\"\/it\/contatto\/\"><br \/>\n    <button>Contattaci<\/button><br \/>\n  <\/a><br \/>\n  <a class=\"btn-22\" href=\"\/it\/calcolatore-dei-costi\/\"><br \/>\n    <button>Richiedi un preventivo<\/button><br \/>\n  <\/a>\n<\/div>\n                   <\/div>\n       <div class=\"pricing-image\">\n                            <img fetchpriority=\"high\" decoding=\"async\" src=\"https:\/\/maxxinstitutes.com\/wp-content\/uploads\/2024\/09\/Spanish-intensive-20-5-lessons-week_.jpg\" alt=\"Custom Product Image\" width=\"400\" height=\"400\" title=\"\">\n                 <\/div>\n\t   \n  <\/div>\n<style>\nbody {\nfont-family: Arial, sans-serif;\nmargin: 0;\npadding: 0;\nbackground-color: #f4f4f4;\n}\n\n.pricing-section {\n    display: flex;\n    align-items: center;\n    justify-content: center;\n    padding: 30px;\n    background: linear-gradient(135deg, #1c1e64, #5b6db8);\n    color: white;\n}\n\n.pricing-content {\nflex: 1;\npadding: 20px;\nmax-width: 50%;\n}\n\n.pricing-content h2 {\nfont-size: 36px;\nmargin-bottom: 20px;\n}\n\n.pricing-content ul {\nlist-style: none;\npadding: 0;\n}\n\n.pricing-content li {\nfont-size: 14px;\nmargin-bottom: 10px;\n}\n\n.pricing-content a {\ncolor: #96c8ff;\ntext-decoration: none;\n}\n\n.pricing-content a:hover {\ntext-decoration: underline;\n}\n\n.pricing-image {\nflex: 1;\nmax-width: 50%;\ndisplay: flex;\njustify-content: center;\nalign-items: center;\npadding: 20px;\n}\n\n.pricing-image img {\nmax-width: 100%;\nborder-radius: 10px;\n}\n\n\/* Responsive Design *\/\n@media (max-width: 768px) {\n.pricing-section {\nflex-direction: column;\ntext-align: center;\t\n}\n.pricing-content {\n    justify-items: center;\n}\n.pricing-content, .pricing-image {\nmax-width: 100%;\n}\n}\n#pricing-section-main .pricing-content h2 {\n    color: #ffffff;\n    font-size: 27px;\n}\n\n#pricing-section-main .pricing-content h3 {\n    color: #ffffff;\n    font-size: 17px;\n}\n\n.indented {\n    margin-left: 26px;\n}\n\n.pricing-content ul {\n    list-style: disc;\n}\n.pricing-content li {\n    text-align: left;\n    margin-bottom: 13px;\n}\n#pricing-section-main .pricing-content p {\n    font-size: 12px;\n}\n@media and (max-width: 768px){\ndiv#pricing-section-main {\n    padding: 20px;\n}\n}\ndiv#pricing-section-main {\n   margin-bottom: 20px;\n}\n\t.pricing-content h3 {\n    text-align: left!important;\n}\n\/* \t17-02-25 *\/\n\t.btn-grpp {\n    display: flex;\n}\na.btn-22 {\n    margin-left: 12px;\n}\n.pricing-image {\n    max-width: fit-content;\n}\n\t.btn-grpp button {\n    color: #020c1a;\n    border-radius: 3px;\n}\n<\/style>\n    <\/p>\n","protected":false},"excerpt":{"rendered":"<ul>\n<li>Disponibile tutto l&#8217;anno<\/li>\n<li>a partire da <strong>29\u20ac all&#8217;ora<\/strong><\/li>\n<li>Stesso prezzo per 1 studente o 2 studenti (un insegnante)<\/li>\n<li>Pacchetti disponibili per 5, 10, 15 e 20 lezioni<\/li>\n<\/ul>\n","protected":false},"featured_media":18897,"comment_status":"open","ping_status":"closed","template":"","meta":[],"product_brand":[],"product_cat":[307],"product_tag":[],"class_list":{"0":"post-20688","1":"product","2":"type-product","3":"status-publish","4":"has-post-thumbnail","6":"product_cat-online-it","8":"first","9":"instock","10":"shipping-taxable","11":"purchasable","12":"product-type-variable"},"_links":{"self":[{"href":"https:\/\/maxxinstitutes.com\/it\/wp-json\/wp\/v2\/product\/20688","targetHints":{"allow":["GET"]}}],"collection":[{"href":"https:\/\/maxxinstitutes.com\/it\/wp-json\/wp\/v2\/product"}],"about":[{"href":"https:\/\/maxxinstitutes.com\/it\/wp-json\/wp\/v2\/types\/product"}],"replies":[{"embeddable":true,"href":"https:\/\/maxxinstitutes.com\/it\/wp-json\/wp\/v2\/comments?post=20688"}],"wp:featuredmedia":[{"embeddable":true,"href":"https:\/\/maxxinstitutes.com\/it\/wp-json\/wp\/v2\/media\/18897"}],"wp:attachment":[{"href":"https:\/\/maxxinstitutes.com\/it\/wp-json\/wp\/v2\/media?parent=20688"}],"wp:term":[{"taxonomy":"product_brand","embeddable":true,"href":"https:\/\/maxxinstitutes.com\/it\/wp-json\/wp\/v2\/product_brand?post=20688"},{"taxonomy":"product_cat","embeddable":true,"href":"https:\/\/maxxinstitutes.com\/it\/wp-json\/wp\/v2\/product_cat?post=20688"},{"taxonomy":"product_tag","embeddable":true,"href":"https:\/\/maxxinstitutes.com\/it\/wp-json\/wp\/v2\/product_tag?post=20688"}],"curies":[{"name":"wp","href":"https:\/\/api.w.org\/{rel}","templated":true}]}}