{"id":20685,"date":"2025-02-27T21:26:36","date_gmt":"2025-02-27T21:26:36","guid":{"rendered":"https:\/\/maxxinstitutes.com\/product\/corso-di-spagnolo-online-serale\/"},"modified":"2025-07-25T18:42:37","modified_gmt":"2025-07-25T18:42:37","slug":"corso-di-spagnolo-online-serale","status":"publish","type":"product","link":"https:\/\/maxxinstitutes.com\/it\/prodotto\/corso-di-spagnolo-online-serale\/","title":{"rendered":"Corso di spagnolo online serale"},"content":{"rendered":"<h2 data-start=\"147\" data-end=\"203\">Corso di spagnolo online serale<\/h2>\n<h3 data-start=\"204\" data-end=\"234\">Perch\u00e9 imparare lo spagnolo online?<\/h3>\n<p data-start=\"236\" data-end=\"557\">Flessibile, efficace e completamente interattivo: il nostro corso di spagnolo online serale \u00e8 pensato per gli studenti che vogliono incastrare l&#8217;apprendimento delle lingue nei loro impegni. Studia da qualsiasi parte del mondo con insegnanti madrelingua in carne e ossa e compagni di classe reali, godendo della stessa qualit\u00e0 di insegnamento delle nostre scuole in loco. <\/p>\n<p data-start=\"559\" data-end=\"769\">Questo corso offre un perfetto equilibrio tra struttura e flessibilit\u00e0, rendendolo ideale per i professionisti che lavorano, gli studenti o chiunque abbia impegni diurni. Tutti i livelli sono benvenuti e puoi iniziare quasi ogni settimana! <\/p>\n<h3 data-start=\"559\" data-end=\"769\">Dettagli della classe:<\/h3>\n<ul>\n<li data-start=\"796\" data-end=\"1015\"><strong data-start=\"796\" data-end=\"812\">Tipo di corso:<\/strong> Corso di spagnolo online serale<\/li>\n<li data-start=\"796\" data-end=\"1015\"><strong data-start=\"845\" data-end=\"866\">Lezioni a settimana:<\/strong> 4<br data-start=\"868\" data-end=\"871\">&#8211; 2 lezioni al giorno, due volte a settimana<\/li>\n<li data-start=\"796\" data-end=\"1015\"><strong data-start=\"909\" data-end=\"929\">Durata del corso:<\/strong> 4-52 settimane (la durata e le pause possono essere scelte liberamente)<\/li>\n<li data-start=\"796\" data-end=\"1015\"><strong data-start=\"984\" data-end=\"1002\">Durata della lezione:<\/strong> 50 minuti<\/li>\n<li data-start=\"796\" data-end=\"1015\"><strong data-start=\"1017\" data-end=\"1040\">Orario (CET +1): <\/strong>Luned\u00ec e mercoled\u00ec o marted\u00ec e gioved\u00ec<br \/>\n&#8211; 18:20-20:00 O<br \/>\n&#8211; 20:10-21:50<br \/>\n<em data-start=\"1121\" data-end=\"1167\">Il gruppo dipende dal tuo livello e dalla tua disponibilit\u00e0<\/em>.<\/li>\n<li data-start=\"796\" data-end=\"1015\"><strong data-start=\"1171\" data-end=\"1182\">Livelli:<\/strong> Da A1 a C2<br \/>\n&#8211; Gruppi formati in base al test di livello.<\/li>\n<li data-start=\"796\" data-end=\"1015\"><strong data-start=\"1247\" data-end=\"1262\">Dimensione del gruppo:<\/strong> Mediamente 6 studenti, min. 3, max. 10<\/li>\n<li data-start=\"796\" data-end=\"1015\"><strong data-start=\"1302\" data-end=\"1323\">Date di inizio 2025: <\/strong>Inizia da qualsiasi luned\u00ec<br \/>\n&#8211; gioved\u00ec, a seconda del tuo livello e del gruppo disponibile<br \/>\n&#8211; I corsi serali per principianti assoluti iniziano nella prima met\u00e0 di ogni mese (consultateci per le date esatte).<\/li>\n<li data-start=\"796\" data-end=\"1015\"><strong data-start=\"1516\" data-end=\"1529\">Insegnanti:<\/strong> Insegnanti madrelingua qualificati ed esperti che ti guidano attraverso lezioni strutturate e coinvolgenti in un contesto di piccoli gruppi.<\/li>\n<\/ul>\n<h3>Cosa \u00e8 incluso:<\/h3>\n<ul>\n<li data-start=\"1686\" data-end=\"1731\">L&#8217;e-book della classe \u00e8 incluso nella quota d&#8217;iscrizione<\/li>\n<li data-start=\"1734\" data-end=\"1782\">Lezioni online in diretta con materiali interattivi<\/li>\n<li data-start=\"1785\" data-end=\"1825\">Durata del corso e date di inizio flessibili<\/li>\n<li data-start=\"1828\" data-end=\"1867\">Test d&#8217;ingresso e certificato del corso<\/li>\n<\/ul>\n<h3 data-start=\"1874\" data-end=\"1893\">Offerte speciali:<\/h3>\n<ul>\n<li data-start=\"1897\" data-end=\"1951\">Prenota 2 mesi (8 settimane) \u2192 Ottieni 1 settimana aggiuntiva GRATIS<\/li>\n<li data-start=\"1954\" data-end=\"2010\">Prenota 3 mesi (12 settimane) \u2192 Ottieni 2 settimane aggiuntive GRATIS<\/li>\n<li data-start=\"2013\" data-end=\"2069\">Prenota 4 mesi (16 settimane) \u2192 Ottieni 3 settimane aggiuntive GRATIS<\/li>\n<\/ul>\n<h3 data-start=\"2076\" data-end=\"2110\">Perch\u00e9 scegliere questo corso online?<\/h3>\n<ul>\n<li data-start=\"2114\" data-end=\"2177\">Impara lo spagnolo da qualsiasi luogo con una connessione internet stabile<\/li>\n<li data-start=\"2180\" data-end=\"2260\">Ideale per i professionisti e gli studenti che lavorano e hanno una disponibilit\u00e0 diurna limitata.<\/li>\n<li data-start=\"2263\" data-end=\"2316\">Gruppi di piccole dimensioni e insegnanti madrelingua dal vivo<\/li>\n<li data-start=\"2319\" data-end=\"2384\">Orari flessibili, prezzi competitivi e sconti speciali<\/li>\n<\/ul>\n<p data-start=\"3036\" data-end=\"3310\">   <div class=\"pricing-section\" id=\"pricing-section-main\">\n        <div class=\"pricing-content\">\n                            <h2>Prezzi<\/h2>\n<ul>\n<h3><\/h3>\n<div class=\"indented\">\n<li><strong>4 settimane:<\/strong> 140\u20ac + 40\u20ac di quota d'iscrizione<\/li>\n<\/div>\n<div class=\"indented\">\n<li><strong>8 settimane + 1 gratis (9 in totale):<\/strong> 280\u20ac + 40\u20ac di quota d'iscrizione<\/li>\n<\/div>\n<div class=\"indented\">\n<li><strong>12 settimane + 2 gratis (14 in totale):<\/strong> 425\u20ac + 40\u20ac di quota d'iscrizione<\/li>\n<\/div>\n<div class=\"indented\">\n<li><strong>16 settimane + 3 gratis (19 in totale):<\/strong> 560\u20ac + 40\u20ac di quota d'iscrizione<\/li>\n<\/div>\n<\/ul>\n<p>Se questi pacchetti non soddisfano del tutto le tue esigenze o desideri ulteriori dettagli prima di prendere una decisione, non esitare a:<\/p>\n<div class=\"btn-grpp\">\n    <a class=\"btn-11\" href=\"\/it\/contatto\/\"><br \/>\n        <button>contattaci<\/button><br \/>\n    <\/a><br \/>\n    <a class=\"btn-22\" href=\"\/it\/calcolatore-dei-costi\/\"><br \/>\n        <button>Richiedi un preventivo<\/button><br \/>\n    <\/a>\n<\/div>\n                   <\/div>\n       <div class=\"pricing-image\">\n                 <\/div>\n\t   \n  <\/div>\n<style>\nbody {\nfont-family: Arial, sans-serif;\nmargin: 0;\npadding: 0;\nbackground-color: #f4f4f4;\n}\n\n.pricing-section {\n    display: flex;\n    align-items: center;\n    justify-content: center;\n    padding: 30px;\n    background: linear-gradient(135deg, #1c1e64, #5b6db8);\n    color: white;\n}\n\n.pricing-content {\nflex: 1;\npadding: 20px;\nmax-width: 50%;\n}\n\n.pricing-content h2 {\nfont-size: 36px;\nmargin-bottom: 20px;\n}\n\n.pricing-content ul {\nlist-style: none;\npadding: 0;\n}\n\n.pricing-content li {\nfont-size: 14px;\nmargin-bottom: 10px;\n}\n\n.pricing-content a {\ncolor: #96c8ff;\ntext-decoration: none;\n}\n\n.pricing-content a:hover {\ntext-decoration: underline;\n}\n\n.pricing-image {\nflex: 1;\nmax-width: 50%;\ndisplay: flex;\njustify-content: center;\nalign-items: center;\npadding: 20px;\n}\n\n.pricing-image img {\nmax-width: 100%;\nborder-radius: 10px;\n}\n\n\/* Responsive Design *\/\n@media (max-width: 768px) {\n.pricing-section {\nflex-direction: column;\ntext-align: center;\t\n}\n.pricing-content {\n    justify-items: center;\n}\n.pricing-content, .pricing-image {\nmax-width: 100%;\n}\n}\n#pricing-section-main .pricing-content h2 {\n    color: #ffffff;\n    font-size: 27px;\n}\n\n#pricing-section-main .pricing-content h3 {\n    color: #ffffff;\n    font-size: 17px;\n}\n\n.indented {\n    margin-left: 26px;\n}\n\n.pricing-content ul {\n    list-style: disc;\n}\n.pricing-content li {\n    text-align: left;\n    margin-bottom: 13px;\n}\n#pricing-section-main .pricing-content p {\n    font-size: 12px;\n}\n@media and (max-width: 768px){\ndiv#pricing-section-main {\n    padding: 20px;\n}\n}\ndiv#pricing-section-main {\n   margin-bottom: 20px;\n}\n\t.pricing-content h3 {\n    text-align: left!important;\n}\n\/* \t17-02-25 *\/\n\t.btn-grpp {\n    display: flex;\n}\na.btn-22 {\n    margin-left: 12px;\n}\n.pricing-image {\n    max-width: fit-content;\n}\n\t.btn-grpp button {\n    color: #020c1a;\n    border-radius: 3px;\n}\n<\/style>\n    <\/p>\n","protected":false},"excerpt":{"rendered":"<ul>\n<li><strong data-start=\"538\" data-end=\"564\">Insegnamento in diretta dalla Spagna<\/strong> &#8211; un&#8217;esperienza autentica e coinvolgente<\/li>\n<li><strong data-start=\"604\" data-end=\"624\">Orario serale<\/strong>: perfetto per adulti e professionisti impegnati<\/li>\n<li><strong>Livelli da principiante ad avanzato  <\/strong><\/li>\n<li><strong>Iscrizione settimanale flessibile<\/strong><\/li>\n<\/ul>\n","protected":false},"featured_media":18905,"comment_status":"open","ping_status":"closed","template":"","meta":[],"product_brand":[],"product_cat":[307],"product_tag":[],"class_list":{"0":"post-20685","1":"product","2":"type-product","3":"status-publish","4":"has-post-thumbnail","6":"product_cat-online-it","8":"first","9":"instock","10":"shipping-taxable","11":"purchasable","12":"product-type-simple"},"_links":{"self":[{"href":"https:\/\/maxxinstitutes.com\/it\/wp-json\/wp\/v2\/product\/20685","targetHints":{"allow":["GET"]}}],"collection":[{"href":"https:\/\/maxxinstitutes.com\/it\/wp-json\/wp\/v2\/product"}],"about":[{"href":"https:\/\/maxxinstitutes.com\/it\/wp-json\/wp\/v2\/types\/product"}],"replies":[{"embeddable":true,"href":"https:\/\/maxxinstitutes.com\/it\/wp-json\/wp\/v2\/comments?post=20685"}],"wp:featuredmedia":[{"embeddable":true,"href":"https:\/\/maxxinstitutes.com\/it\/wp-json\/wp\/v2\/media\/18905"}],"wp:attachment":[{"href":"https:\/\/maxxinstitutes.com\/it\/wp-json\/wp\/v2\/media?parent=20685"}],"wp:term":[{"taxonomy":"product_brand","embeddable":true,"href":"https:\/\/maxxinstitutes.com\/it\/wp-json\/wp\/v2\/product_brand?post=20685"},{"taxonomy":"product_cat","embeddable":true,"href":"https:\/\/maxxinstitutes.com\/it\/wp-json\/wp\/v2\/product_cat?post=20685"},{"taxonomy":"product_tag","embeddable":true,"href":"https:\/\/maxxinstitutes.com\/it\/wp-json\/wp\/v2\/product_tag?post=20685"}],"curies":[{"name":"wp","href":"https:\/\/api.w.org\/{rel}","templated":true}]}}