{"id":17106,"date":"2024-12-10T22:34:25","date_gmt":"2024-12-10T22:34:25","guid":{"rendered":"http:\/\/maxxinstitutes.com\/?post_type=product&#038;p=17106"},"modified":"2025-07-28T06:46:49","modified_gmt":"2025-07-28T06:46:49","slug":"lezioni-private-di-spagnolo-a-madrid","status":"publish","type":"product","link":"https:\/\/maxxinstitutes.com\/it\/prodotto\/lezioni-private-di-spagnolo-a-madrid\/","title":{"rendered":"Lezioni private di spagnolo a Madrid"},"content":{"rendered":"<h2>Lezioni private di spagnolo &#8211; Madrid<\/h2>\n<p><strong data-start=\"324\" data-end=\"339\">Perch\u00e9 Madrid?<\/strong><br data-start=\"339\" data-end=\"342\" \/>La capitale della Spagna \u00e8 il luogo perfetto per migliorare le tue conoscenze dello spagnolo. Citt\u00e0 vibrante e ricca di cultura, arte e storia, Madrid offre infinite opportunit\u00e0 per immergerti nella vita spagnola, godendoti musei di fama mondiale, deliziose tapas e una vivace vita di strada. Che tu sia qui a breve o a lungo termine, le lezioni private ti offrono la flessibilit\u00e0 necessaria per imparare lo spagnolo secondo i tuoi orari e i tuoi ritmi.<\/p>\n<h3><strong data-start=\"1068\" data-end=\"1086\">Dettagli del corso<\/strong><\/h3>\n<ul>\n<li><strong data-start=\"570\" data-end=\"591\">Lezioni a settimana:<\/strong> Flessibile: scegli tu il numero di lezioni<\/li>\n<li><strong data-start=\"625\" data-end=\"644\">Contenuto del corso:<\/strong> Lezioni di spagnolo su misura adattate al tuo livello e ai tuoi obiettivi<\/li>\n<li><strong data-start=\"707\" data-end=\"726\">Livelli offerti:<\/strong> Da A1 a C2<\/li>\n<li><strong data-start=\"738\" data-end=\"751\">Insegnanti:<\/strong> Madrelingua altamente qualificati e laureati<\/li>\n<li><strong data-start=\"811\" data-end=\"828\">Formato della lezione:<\/strong> Istruzione individuale (o due studenti se prenotati insieme)<\/li>\n<li><strong data-start=\"891\" data-end=\"904\">Orario:<\/strong> Flessibile &#8211; disponibile 7 giorni su 7 dalle 08:30 alle 22:00<\/li>\n<li><strong data-start=\"962\" data-end=\"978\">Et\u00e0 dello studente:<\/strong> Minimo 16 anni<\/li>\n<li><strong data-start=\"998\" data-end=\"1022\">Disponibilit\u00e0 del corso:<\/strong> Tutto l&#8217;anno<\/li>\n<li><strong data-start=\"1036\" data-end=\"1049\">Durata:<\/strong> Da 1 lezione fino a settimane a tempo pieno<\/li>\n<li><strong data-start=\"1088\" data-end=\"1106\">Durata della lezione:<\/strong> 50 minuti a lezione<\/li>\n<li><strong data-start=\"1131\" data-end=\"1147\">Date di inizio:<\/strong> Qualsiasi giorno, tutto l&#8217;anno<\/li>\n<li><strong data-start=\"1174\" data-end=\"1193\">Sede delle lezioni:<\/strong> Presso l&#8217;Instituto de Idiomas di Madrid o online.<\/li>\n<\/ul>\n<h3><strong data-start=\"756\" data-end=\"775\">Cosa \u00e8 incluso<\/strong><\/h3>\n<ul>\n<li>Contenuti completamente personalizzati<\/li>\n<li>Insegnante privato (possibilit\u00e0 di condividere con una seconda persona)<\/li>\n<li>Orario flessibile: scegli i giorni e gli orari che preferisci<\/li>\n<li>Disponibile da principiante assoluto ad avanzato (A1-C2)<\/li>\n<li>Certificato del corso (su richiesta)<\/li>\n<li>Possibilit\u00e0 di combinarlo con qualsiasi corso di gruppo<\/li>\n<\/ul>\n<h3><strong data-start=\"1553\" data-end=\"1594\">Perch\u00e9 scegliere le lezioni private a Madrid?<\/strong><\/h3>\n<ul>\n<li>Flessibilit\u00e0 totale: Impara quando e come vuoi<\/li>\n<li>Attenzione personalizzata: Muoviti al tuo ritmo e concentrati sulle tue esigenze<\/li>\n<li>Ideale per i professionisti pi\u00f9 impegnati, per la preparazione agli esami o per un rapido miglioramento<\/li>\n<li>Immergiti nell&#8217;autentica vita spagnola nell&#8217;energica capitale della Spagna<\/li>\n<\/ul>\n<p data-start=\"3036\" data-end=\"3310\">   <div class=\"pricing-section\" id=\"pricing-section-main\">\n        <div class=\"pricing-content\">\n                            <h2>Prezzi<\/h2>\n<ul>\n<h3>Lezioni private di spagnolo a Madrid<\/h3>\n<h3>1 Studente<\/h3>\n<div class=\"indented\">\n<li><strong>1 \u2013 14 lezioni:<\/strong> 40\u20ac<\/li>\n<\/div>\n<div class=\"indented\">\n<li><strong>15+ lezioni:<\/strong> 35\u20ac<\/li>\n<\/div>\n<h3>2 Studenti<\/h3>\n<div class=\"indented\">\n<li><strong>1 \u2013 14 lezioni:<\/strong> 45\u20ac<\/li>\n<\/div>\n<div class=\"indented\">\n<li><strong>15+ lezioni:<\/strong> 40\u20ac<\/li>\n<\/div>\n<h3>3 Studenti<\/h3>\n<div class=\"indented\">\n<li><strong>1 \u2013 14 lezioni:<\/strong> 50\u20ac<\/li>\n<\/div>\n<div class=\"indented\">\n<li><strong>15+ lezioni:<\/strong> 45\u20ac<\/li>\n<\/div>\n<\/ul>\n<p>Se questi pacchetti non soddisfano completamente le tue esigenze o desideri ulteriori informazioni prima di prendere una decisione, non esitare a:<\/p>\n<div class=\"btn-grpp\">\n  <a class=\"btn-11\" href=\"\/it\/contatto\/\"><br \/>\n    <button>Contattaci<\/button><br \/>\n  <\/a><br \/>\n  <a class=\"btn-22\" href=\"\/it\/calcolatore-dei-costi\/\"><br \/>\n    <button>Richiedi un preventivo<\/button><br \/>\n  <\/a>\n<\/div>\n                   <\/div>\n       <div class=\"pricing-image\">\n                            <img fetchpriority=\"high\" decoding=\"async\" src=\"https:\/\/maxxinstitutes.com\/wp-content\/uploads\/2024\/12\/13-1.png\" alt=\"Custom Product Image\" width=\"400\" height=\"400\" title=\"\">\n                 <\/div>\n\t   \n  <\/div>\n<style>\nbody {\nfont-family: Arial, sans-serif;\nmargin: 0;\npadding: 0;\nbackground-color: #f4f4f4;\n}\n\n.pricing-section {\n    display: flex;\n    align-items: center;\n    justify-content: center;\n    padding: 30px;\n    background: linear-gradient(135deg, #1c1e64, #5b6db8);\n    color: white;\n}\n\n.pricing-content {\nflex: 1;\npadding: 20px;\nmax-width: 50%;\n}\n\n.pricing-content h2 {\nfont-size: 36px;\nmargin-bottom: 20px;\n}\n\n.pricing-content ul {\nlist-style: none;\npadding: 0;\n}\n\n.pricing-content li {\nfont-size: 14px;\nmargin-bottom: 10px;\n}\n\n.pricing-content a {\ncolor: #96c8ff;\ntext-decoration: none;\n}\n\n.pricing-content a:hover {\ntext-decoration: underline;\n}\n\n.pricing-image {\nflex: 1;\nmax-width: 50%;\ndisplay: flex;\njustify-content: center;\nalign-items: center;\npadding: 20px;\n}\n\n.pricing-image img {\nmax-width: 100%;\nborder-radius: 10px;\n}\n\n\/* Responsive Design *\/\n@media (max-width: 768px) {\n.pricing-section {\nflex-direction: column;\ntext-align: center;\t\n}\n.pricing-content {\n    justify-items: center;\n}\n.pricing-content, .pricing-image {\nmax-width: 100%;\n}\n}\n#pricing-section-main .pricing-content h2 {\n    color: #ffffff;\n    font-size: 27px;\n}\n\n#pricing-section-main .pricing-content h3 {\n    color: #ffffff;\n    font-size: 17px;\n}\n\n.indented {\n    margin-left: 26px;\n}\n\n.pricing-content ul {\n    list-style: disc;\n}\n.pricing-content li {\n    text-align: left;\n    margin-bottom: 13px;\n}\n#pricing-section-main .pricing-content p {\n    font-size: 12px;\n}\n@media and (max-width: 768px){\ndiv#pricing-section-main {\n    padding: 20px;\n}\n}\ndiv#pricing-section-main {\n   margin-bottom: 20px;\n}\n\t.pricing-content h3 {\n    text-align: left!important;\n}\n\/* \t17-02-25 *\/\n\t.btn-grpp {\n    display: flex;\n}\na.btn-22 {\n    margin-left: 12px;\n}\n.pricing-image {\n    max-width: fit-content;\n}\n\t.btn-grpp button {\n    color: #020c1a;\n    border-radius: 3px;\n}\n<\/style>\n    <\/p>\n","protected":false},"excerpt":{"rendered":"<ul>\n<li>Disponibile tutto l&#8217;anno<\/li>\n<li>a partire da <strong>28\u20ac all&#8217;ora<\/strong><\/li>\n<li>Stesso prezzo per 1 studente o 2 studenti (in condivisione)<\/li>\n<li>Pacchetti disponibili per 5, 10, 15 e 20 lezioni<\/li>\n<\/ul>\n<p>&nbsp;<\/p>\n","protected":false},"featured_media":23366,"comment_status":"closed","ping_status":"closed","template":"","meta":[],"product_brand":[],"product_cat":[286],"product_tag":[],"class_list":{"0":"post-17106","1":"product","2":"type-product","3":"status-publish","4":"has-post-thumbnail","6":"product_cat-madrid-it","8":"first","9":"instock","10":"sale","11":"shipping-taxable","12":"purchasable","13":"product-type-variable"},"_links":{"self":[{"href":"https:\/\/maxxinstitutes.com\/it\/wp-json\/wp\/v2\/product\/17106","targetHints":{"allow":["GET"]}}],"collection":[{"href":"https:\/\/maxxinstitutes.com\/it\/wp-json\/wp\/v2\/product"}],"about":[{"href":"https:\/\/maxxinstitutes.com\/it\/wp-json\/wp\/v2\/types\/product"}],"replies":[{"embeddable":true,"href":"https:\/\/maxxinstitutes.com\/it\/wp-json\/wp\/v2\/comments?post=17106"}],"wp:featuredmedia":[{"embeddable":true,"href":"https:\/\/maxxinstitutes.com\/it\/wp-json\/wp\/v2\/media\/23366"}],"wp:attachment":[{"href":"https:\/\/maxxinstitutes.com\/it\/wp-json\/wp\/v2\/media?parent=17106"}],"wp:term":[{"taxonomy":"product_brand","embeddable":true,"href":"https:\/\/maxxinstitutes.com\/it\/wp-json\/wp\/v2\/product_brand?post=17106"},{"taxonomy":"product_cat","embeddable":true,"href":"https:\/\/maxxinstitutes.com\/it\/wp-json\/wp\/v2\/product_cat?post=17106"},{"taxonomy":"product_tag","embeddable":true,"href":"https:\/\/maxxinstitutes.com\/it\/wp-json\/wp\/v2\/product_tag?post=17106"}],"curies":[{"name":"wp","href":"https:\/\/api.w.org\/{rel}","templated":true}]}}