{"id":16906,"date":"2024-12-10T22:18:14","date_gmt":"2024-12-10T22:18:14","guid":{"rendered":"http:\/\/maxxinstitutes.com\/?post_type=product&#038;p=16906"},"modified":"2025-07-28T07:29:18","modified_gmt":"2025-07-28T07:29:18","slug":"20-lezioni-di-gruppo-a-settimana-a-madrid","status":"publish","type":"product","link":"https:\/\/maxxinstitutes.com\/it\/prodotto\/20-lezioni-di-gruppo-a-settimana-a-madrid\/","title":{"rendered":"20 lezioni di gruppo a settimana a Madrid"},"content":{"rendered":"<h2>Spagnolo generale &#8211; 20 lezioni di gruppo a settimana<\/h2>\n<h3><strong>Perch\u00e9 Madrid?<\/strong><\/h3>\n<p>Impara lo spagnolo nella vivace capitale spagnola! La nostra scuola di lingua di Madrid, situata in posizione centrale, offre un ambiente di apprendimento dinamico e urbano con ricche esperienze culturali appena fuori dalla classe. Che tu ti fermi per qualche settimana o per diversi mesi, Madrid offre il mix perfetto di tradizione e modernit\u00e0 per completare il tuo percorso linguistico.<\/p>\n<h3><strong>Dettagli del corso<\/strong><\/h3>\n<ul>\n<li data-start=\"668\" data-end=\"708\"><strong data-start=\"668\" data-end=\"688\">Lezioni a settimana<\/strong>: 20 lezioni di gruppo<\/li>\n<li data-start=\"711\" data-end=\"770\"><strong data-start=\"711\" data-end=\"729\">Contenuto del corso<\/strong>: Spagnolo generale al tuo livello attuale<\/li>\n<li data-start=\"773\" data-end=\"839\"><strong data-start=\"773\" data-end=\"791\">Livelli offerti<\/strong>: Da principiante assoluto (A1) ad avanzato (C2)<\/li>\n<li data-start=\"842\" data-end=\"896\"><strong data-start=\"842\" data-end=\"854\">Insegnanti<\/strong>: Madrelingua esperti e qualificati<\/li>\n<li data-start=\"899\" data-end=\"996\"><strong data-start=\"899\" data-end=\"915\">Formato della classe<\/strong>: Insegnanti a rotazione per esporre gli studenti a diversi accenti e stili di insegnamento.<\/li>\n<li data-start=\"999\" data-end=\"1039\"><strong data-start=\"999\" data-end=\"1013\">Dimensione del gruppo<\/strong>: 4-8 studenti per classe<\/li>\n<li data-start=\"1042\" data-end=\"1081\"><strong data-start=\"1042\" data-end=\"1057\">Et\u00e0 dello studente<\/strong>: Minimo 18 anni<\/li>\n<li data-start=\"1109\" data-end=\"1157\"><strong data-start=\"1109\" data-end=\"1121\">Durata<\/strong>: Da 1 a 52 settimane (prenotazione flessibile)<\/li>\n<li data-start=\"1160\" data-end=\"1229\"><strong data-start=\"1160\" data-end=\"1172\">Sconto<\/strong>: 10% di sconto sul costo del corso per prenotazioni a partire da 8 settimane.<\/li>\n<li data-start=\"1232\" data-end=\"1256\"><strong data-start=\"1232\" data-end=\"1253\">Opzioni di orario<\/strong>:<\/li>\n<li data-start=\"1261\" data-end=\"1284\">Mattina: 9:00 &#8211; 12:50<\/li>\n<li data-start=\"1289\" data-end=\"1367\">Pomeriggio: 13:00 &#8211; 16:50<br data-start=\"1313\" data-end=\"1316\" \/><em data-start=\"1318\" data-end=\"1365\">(dal luned\u00ec al venerd\u00ec, a seconda della disponibilit\u00e0)<\/em><\/li>\n<li data-start=\"1370\" data-end=\"1414\"><strong data-start=\"1370\" data-end=\"1389\">Durata della lezione<\/strong>: 50 minuti a lezione<\/li>\n<li data-start=\"1417\" data-end=\"1482\"><strong data-start=\"1417\" data-end=\"1432\">Date di inizio<\/strong>: Ogni luned\u00ec (Tutti i livelli con conoscenze preliminari)<\/li>\n<li data-start=\"1485\" data-end=\"1545\"><strong data-start=\"1485\" data-end=\"1511\">Per principianti assoluti<\/strong>: Sono disponibili date di inizio selezionate<\/li>\n<li data-start=\"1548\" data-end=\"1578\"><strong data-start=\"1548\" data-end=\"1564\">Disponibilit\u00e0<\/strong>: Tutto l&#8217;anno<\/li>\n<\/ul>\n<h3><strong>Cosa \u00e8 incluso:<\/strong><\/h3>\n<ul>\n<li data-start=\"1607\" data-end=\"1674\"><strong data-start=\"1607\" data-end=\"1629\">Attivit\u00e0 di svago<\/strong>: 3 esperienze sociali o culturali a settimana<\/li>\n<li data-start=\"1677\" data-end=\"1707\"><strong data-start=\"1677\" data-end=\"1689\">Costo del libro<\/strong>: 18 \u20ac (una tantum)<\/li>\n<li data-start=\"1710\" data-end=\"1754\"><strong data-start=\"1710\" data-end=\"1730\">Quota di iscrizione<\/strong>: \u20ac0 (nessun costo nascosto)<\/li>\n<\/ul>\n<h3><strong>Perch\u00e9 scegliere questo corso a Madrid?<\/strong><\/h3>\n<ul>\n<li>Piccoli gruppi e attenzione personalizzata<\/li>\n<li>Insegnanti a rotazione = pi\u00f9 accenti, pi\u00f9 esposizione, pi\u00f9 progressi<\/li>\n<li>Combina vita cittadina, cultura e apprendimento della lingua in una delle destinazioni pi\u00f9 belle d&#8217;Europa<\/li>\n<\/ul>\n<p data-start=\"3036\" data-end=\"3310\">   <div class=\"pricing-section\" id=\"pricing-section-main\">\n        <div class=\"pricing-content\">\n                            <h2>Prezzi<\/h2>\n<ul>\n<h3>20 lezioni di gruppo\/settimana<\/h3>\n<div class=\"indented\">\n<li><strong>1 settimana:<\/strong> 190\u20ac<\/li>\n<\/div>\n<div class=\"indented\">\n<li><strong>8 settimane:<\/strong> 170\u20ac<\/li>\n<\/div>\n<\/ul>\n<p>Se questi pacchetti non soddisfano pienamente le tue esigenze o desideri maggiori informazioni prima di prendere una decisione, non esitare a:<\/p>\n<div class=\"btn-grpp\">\n  <a class=\"btn-11\" href=\"\/it\/contatto\/\"><br \/>\n    <button>Contattaci<\/button><br \/>\n  <\/a><br \/>\n  <a class=\"btn-22\" href=\"\/it\/calcolatore-dei-costi\/\"><br \/>\n    <button>Richiedi un preventivo<\/button><br \/>\n  <\/a>\n<\/div>\n                   <\/div>\n       <div class=\"pricing-image\">\n                            <img fetchpriority=\"high\" decoding=\"async\" src=\"https:\/\/maxxinstitutes.com\/wp-content\/uploads\/2024\/12\/11-1.png\" alt=\"Custom Product Image\" width=\"400\" height=\"400\" title=\"\">\n                 <\/div>\n\t   \n  <\/div>\n<style>\nbody {\nfont-family: Arial, sans-serif;\nmargin: 0;\npadding: 0;\nbackground-color: #f4f4f4;\n}\n\n.pricing-section {\n    display: flex;\n    align-items: center;\n    justify-content: center;\n    padding: 30px;\n    background: linear-gradient(135deg, #1c1e64, #5b6db8);\n    color: white;\n}\n\n.pricing-content {\nflex: 1;\npadding: 20px;\nmax-width: 50%;\n}\n\n.pricing-content h2 {\nfont-size: 36px;\nmargin-bottom: 20px;\n}\n\n.pricing-content ul {\nlist-style: none;\npadding: 0;\n}\n\n.pricing-content li {\nfont-size: 14px;\nmargin-bottom: 10px;\n}\n\n.pricing-content a {\ncolor: #96c8ff;\ntext-decoration: none;\n}\n\n.pricing-content a:hover {\ntext-decoration: underline;\n}\n\n.pricing-image {\nflex: 1;\nmax-width: 50%;\ndisplay: flex;\njustify-content: center;\nalign-items: center;\npadding: 20px;\n}\n\n.pricing-image img {\nmax-width: 100%;\nborder-radius: 10px;\n}\n\n\/* Responsive Design *\/\n@media (max-width: 768px) {\n.pricing-section {\nflex-direction: column;\ntext-align: center;\t\n}\n.pricing-content {\n    justify-items: center;\n}\n.pricing-content, .pricing-image {\nmax-width: 100%;\n}\n}\n#pricing-section-main .pricing-content h2 {\n    color: #ffffff;\n    font-size: 27px;\n}\n\n#pricing-section-main .pricing-content h3 {\n    color: #ffffff;\n    font-size: 17px;\n}\n\n.indented {\n    margin-left: 26px;\n}\n\n.pricing-content ul {\n    list-style: disc;\n}\n.pricing-content li {\n    text-align: left;\n    margin-bottom: 13px;\n}\n#pricing-section-main .pricing-content p {\n    font-size: 12px;\n}\n@media and (max-width: 768px){\ndiv#pricing-section-main {\n    padding: 20px;\n}\n}\ndiv#pricing-section-main {\n   margin-bottom: 20px;\n}\n\t.pricing-content h3 {\n    text-align: left!important;\n}\n\/* \t17-02-25 *\/\n\t.btn-grpp {\n    display: flex;\n}\na.btn-22 {\n    margin-left: 12px;\n}\n.pricing-image {\n    max-width: fit-content;\n}\n\t.btn-grpp button {\n    color: #020c1a;\n    border-radius: 3px;\n}\n<\/style>\n    <\/p>\n","protected":false},"excerpt":{"rendered":"<ul>\n<li>Corso di spagnolo per qualsiasi livello (da principiante ad avanzato)<\/li>\n<li>Disponibile da aprile a novembre<\/li>\n<li>Per le date di inizio in altri mesi, controlla <a href=\"http:\/\/maxxinstitutes.com\/product\/private-spanish-lessons-in-madrid\/\"><strong>Lezioni private<\/strong><\/a><\/li>\n<li>Scegli le settimane per avere una panoramica dei prezzi<\/li>\n<\/ul>\n","protected":false},"featured_media":23352,"comment_status":"closed","ping_status":"closed","template":"","meta":[],"product_brand":[],"product_cat":[286],"product_tag":[],"class_list":{"0":"post-16906","1":"product","2":"type-product","3":"status-publish","4":"has-post-thumbnail","6":"product_cat-madrid-it","8":"first","9":"instock","10":"shipping-taxable","11":"purchasable","12":"product-type-variable"},"_links":{"self":[{"href":"https:\/\/maxxinstitutes.com\/it\/wp-json\/wp\/v2\/product\/16906","targetHints":{"allow":["GET"]}}],"collection":[{"href":"https:\/\/maxxinstitutes.com\/it\/wp-json\/wp\/v2\/product"}],"about":[{"href":"https:\/\/maxxinstitutes.com\/it\/wp-json\/wp\/v2\/types\/product"}],"replies":[{"embeddable":true,"href":"https:\/\/maxxinstitutes.com\/it\/wp-json\/wp\/v2\/comments?post=16906"}],"wp:featuredmedia":[{"embeddable":true,"href":"https:\/\/maxxinstitutes.com\/it\/wp-json\/wp\/v2\/media\/23352"}],"wp:attachment":[{"href":"https:\/\/maxxinstitutes.com\/it\/wp-json\/wp\/v2\/media?parent=16906"}],"wp:term":[{"taxonomy":"product_brand","embeddable":true,"href":"https:\/\/maxxinstitutes.com\/it\/wp-json\/wp\/v2\/product_brand?post=16906"},{"taxonomy":"product_cat","embeddable":true,"href":"https:\/\/maxxinstitutes.com\/it\/wp-json\/wp\/v2\/product_cat?post=16906"},{"taxonomy":"product_tag","embeddable":true,"href":"https:\/\/maxxinstitutes.com\/it\/wp-json\/wp\/v2\/product_tag?post=16906"}],"curies":[{"name":"wp","href":"https:\/\/api.w.org\/{rel}","templated":true}]}}