{"id":16656,"date":"2024-12-10T21:35:57","date_gmt":"2024-12-10T21:35:57","guid":{"rendered":"http:\/\/maxxinstitutes.com\/?post_type=product&#038;p=16656"},"modified":"2026-01-16T20:01:30","modified_gmt":"2026-01-16T20:01:30","slug":"30-lezioni-di-gruppo-a-settimana-corso-di-cucina-paella-a-ibiza","status":"publish","type":"product","link":"https:\/\/maxxinstitutes.com\/it\/prodotto\/30-lezioni-di-gruppo-a-settimana-corso-di-cucina-paella-a-ibiza\/","title":{"rendered":"30 lezioni di gruppo a settimana + corso di cucina Paella a Ibiza"},"content":{"rendered":"<h2>Corso intensivo di spagnolo + corso di cucina di paella<\/h2>\n<p>Immergiti in un&#8217;esperienza indimenticabile in quella che \u00e8 senza dubbio l&#8217;isola pi\u00f9 affascinante della Spagna: Ibiza. Che tu sia un principiante o uno studente avanzato di spagnolo, puoi partecipare ai nostri popolari corsi di spagnolo. Inoltre, ti offriamo l&#8217;opportunit\u00e0 di migliorare le tue conoscenze di spagnolo in combinazione con il nostro esclusivo corso di cucina di paella di mezza giornata nel giardino sulla spiaggia di Ibiza Town. Goditi questa esperienza unica tra i paesaggi mozzafiato di questa magica isola.   <\/p>\n<h4>Come funziona il programma?<\/h4>\n<p>Questo programma combina una o due settimane di lezioni intensive di spagnolo con un&#8217;esperienza di mezza giornata di cucina della paella.<\/p>\n<p><strong data-start=\"1406\" data-end=\"1420\">Importante:<\/strong><\/p>\n<ul>\n<li>Il corso di spagnolo inizia sempre di luned\u00ec<\/li>\n<li>Il corso di cucina sulla paella si svolge durante la stessa settimana, di solito il mercoled\u00ec pomeriggio.<\/li>\n<\/ul>\n<h4>Corso di spagnolo &#8211; Date di inizio 2026 (luned\u00ec)<\/h4>\n<ul>\n<li><strong>4 maggio<\/strong><\/li>\n<li><strong>1 giugno<\/strong><\/li>\n<li><strong>6 luglio<\/strong><\/li>\n<li><strong>3 agosto<\/strong><\/li>\n<li><strong>7 settembre<\/strong><\/li>\n<li><strong>5 ottobre<\/strong><\/li>\n<\/ul>\n<h2><strong>Dove?<\/strong><\/h2>\n<p>Presso l&#8217;Instituto de Idiomas Ibiza (Istituto linguistico di Ibiza), Citt\u00e0 di Ibiza, Isola di Ibiza, Isole Baleari, Spagna.<\/p>\n<h2><strong>Chi?<\/strong><\/h2>\n<p>Il nostro programma \u00e8 rivolto a partecipanti adulti di tutte le et\u00e0. La maggior parte dei nostri partecipanti ha un&#8217;et\u00e0 compresa tra i 25 e i 50 anni, ma occasionalmente abbiamo partecipanti pi\u00f9 giovani e quasi sempre alcuni partecipanti che hanno pi\u00f9 di 50 anni. L&#8217;et\u00e0 media della nostra scuola \u00e8 per lo pi\u00f9 superiore ai 30 anni, anche se nei mesi estivi accogliamo anche studenti di et\u00e0 compresa tra i 18 e i 30 anni.  <\/p>\n<h2><strong>Cosa \u00e8 incluso?<\/strong><\/h2>\n<p>Il programma \u00e8 composto da tre parti, anche se l&#8217;alloggio \u00e8 facoltativo e ognuno pu\u00f2 prenotare il proprio alloggio indipendentemente dalla scuola.<\/p>\n<ol>\n<li>Il nostro corso intensivo di spagnolo di 30 lezioni a settimana<\/li>\n<li>Corso di mezza giornata di cucina della paella nel giardino della scuola<\/li>\n<li>Scelta dell&#8217;alloggio in un appartamento condiviso con la scuola, con una famiglia ospitante, in un hotel o indipendentemente dalla scuola.<\/li>\n<\/ol>\n<h2>Corso intensivo di spagnolo<\/h2>\n<ul>\n<li><strong>Lezioni a settimana:<\/strong> 30 lezioni di gruppo di 50 minuti ciascuna (4 lezioni di gruppo al giorno)<\/li>\n<li><strong>Orari:<\/strong> Dal luned\u00ec al venerd\u00ec, dalle 9.30 alle 13.05<\/li>\n<li><strong>Durata del corso:<\/strong> Puoi scegliere tra 1 o 2 settimane. Se decidi di studiare lo spagnolo pi\u00f9 a lungo, puoi scegliere il corso di gruppo con 20 lezioni a settimana. Puoi prenotare questo corso per il periodo pi\u00f9 adatto alle tue esigenze.  <\/li>\n<li><strong>Contenuto:<\/strong> Spagnolo generale al tuo livello<\/li>\n<li><strong>Insegnanti:<\/strong> Un minimo di 2 insegnanti a settimana per un maggiore divertimento, accenti diversi e una migliore esperienza di apprendimento.<\/li>\n<li><strong>Attivit\u00e0 per il tempo libero:<\/strong> 3 attivit\u00e0 a settimana dal nostro programma per il tempo libero Vive en Espa\u00f1ol<\/li>\n<li><strong>Dimensione del gruppo:<\/strong> Mediamente 6, massimo 12 studenti<\/li>\n<li><strong>Livelli:<\/strong> Tutti i livelli. Principianti e avanzati. Dopo il nostro test di ingresso, tutti gli studenti vengono assegnati a gruppi in base al loro livello.  <\/li>\n<\/ul>\n<h2>Il corso di cucina sulla paella<\/h2>\n<p>Vuoi ispirarti a casa tua con la paella come &#8220;Montse&#8221;? O sei semplicemente curioso di scoprire cosa c&#8217;\u00e8 dietro il piatto preferito dagli spagnoli? Oppure vuoi semplicemente divertirti con compagni di classe della tua stessa et\u00e0?  <\/p>\n<p>Il nostro corso di cucina sulla paella ti offre l&#8217;opportunit\u00e0 unica di imparare il modo tradizionale di preparare la paella mentre trascorri una splendida giornata sotto il sole di Ibiza.<\/p>\n<p>Il corso inizia discutendo, spiegando, annusando, sentendo e assaggiando gli ingredienti. Poi \u00e8 il momento di mettersi al lavoro sulla padella per preparare una vera paella. Se c&#8217;\u00e8 un numero sufficiente di partecipanti, prepareremo due padelle.  <\/p>\n<ul>\n<li><strong>Durata del corso:<\/strong> 1\/2 giornata, nel pomeriggio, circa 16.00-19.30 (soggetto a modifiche) <\/li>\n<li><strong>Lingua di insegnamento:<\/strong> Spagnolo<\/li>\n<li><strong>Contenuto:<\/strong> Preparazione e consumo della paella<\/li>\n<li><strong>Gli ingredienti:<\/strong> Quantit\u00e0, provenienza, maturazione, spezie.<\/li>\n<li><strong>La preparazione:<\/strong> sequenze, temperatura, tempi, consigli e trucchi<\/li>\n<li><strong>Il pasto:<\/strong> servire, condividere e scegliere le bevande<\/li>\n<li><strong>Tipo di paella:<\/strong> Con pesce e frutti di mare e vegetariana<\/li>\n<li><strong>Esperienza di cucina precedente:<\/strong> Per principianti assoluti e cuochi avanzati. Gli insegnanti ti coinvolgeranno in base al tuo livello. <\/li>\n<li><strong>Insegnanti:<\/strong> Amici e cuochi di paella locali<\/li>\n<li><strong>Sede del corso:<\/strong> Giardino esterno alla scuola, nella citt\u00e0 di Ibiza, zona della spiaggia di Figueretas<\/li>\n<li><strong>Dimensione del gruppo:<\/strong> 8-20 partecipanti<\/li>\n<li><strong>Trasporto alla sede del corso:<\/strong> a piedi<\/li>\n<\/ul>\n<h4><strong>Corso di cucina di paella &#8211; Date 2026<\/strong><\/h4>\n<ul>\n<li><strong>6 maggio<\/strong> (mercoled\u00ec)<\/li>\n<li><strong>6 giugno<\/strong> (mercoled\u00ec)<\/li>\n<li><strong>8 luglio<\/strong> (mercoled\u00ec)<\/li>\n<li><strong>4 agosto<\/strong> (marted\u00ec)<\/li>\n<li><strong>9 settembre<\/strong> (mercoled\u00ec)<\/li>\n<li><strong>7 ottobre<\/strong> (mercoled\u00ec)<\/li>\n<\/ul>\n<p>Il corso di cucina si svolge solitamente il primo mercoled\u00ec del mese. Tuttavia, il corso di spagnolo inizia il luned\u00ec precedente, come descritto sopra. <\/p>\n<p data-start=\"3036\" data-end=\"3310\">   <div class=\"pricing-section\" id=\"pricing-section-main\">\n        <div class=\"pricing-content\">\n                            <h2>Prezzi<\/h2>\n<ul>\n<h3>30 lezioni di gruppo\/settimana<\/h3>\n<div class=\"indented\">\n<li><strong>1 settimana:<\/strong> 345\u20ac<\/li>\n<\/div>\n<\/ul>\n<p>Se questi pacchetti non soddisfano completamente le tue esigenze o desideri maggiori informazioni prima di prendere una decisione, sentiti libero di:<\/p>\n<div class=\"btn-grpp\">\n  <a class=\"btn-11\" href=\"\/it\/contatto\/\"><br \/>\n    <button>Contattaci<\/button><br \/>\n  <\/a><br \/>\n  <a class=\"btn-22\" href=\"\/it\/calcolatore-dei-costi\/\"><br \/>\n    <button>Richiedi un preventivo<\/button><br \/>\n  <\/a>\n<\/div>\n                   <\/div>\n       <div class=\"pricing-image\">\n                            <img fetchpriority=\"high\" decoding=\"async\" src=\"https:\/\/maxxinstitutes.com\/wp-content\/uploads\/2024\/12\/7.jpg\" alt=\"Custom Product Image\" width=\"400\" height=\"400\" title=\"\">\n                 <\/div>\n\t   \n  <\/div>\n<style>\nbody {\nfont-family: Arial, sans-serif;\nmargin: 0;\npadding: 0;\nbackground-color: #f4f4f4;\n}\n\n.pricing-section {\n    display: flex;\n    align-items: center;\n    justify-content: center;\n    padding: 30px;\n    background: linear-gradient(135deg, #1c1e64, #5b6db8);\n    color: white;\n}\n\n.pricing-content {\nflex: 1;\npadding: 20px;\nmax-width: 50%;\n}\n\n.pricing-content h2 {\nfont-size: 36px;\nmargin-bottom: 20px;\n}\n\n.pricing-content ul {\nlist-style: none;\npadding: 0;\n}\n\n.pricing-content li {\nfont-size: 14px;\nmargin-bottom: 10px;\n}\n\n.pricing-content a {\ncolor: #96c8ff;\ntext-decoration: none;\n}\n\n.pricing-content a:hover {\ntext-decoration: underline;\n}\n\n.pricing-image {\nflex: 1;\nmax-width: 50%;\ndisplay: flex;\njustify-content: center;\nalign-items: center;\npadding: 20px;\n}\n\n.pricing-image img {\nmax-width: 100%;\nborder-radius: 10px;\n}\n\n\/* Responsive Design *\/\n@media (max-width: 768px) {\n.pricing-section {\nflex-direction: column;\ntext-align: center;\t\n}\n.pricing-content {\n    justify-items: center;\n}\n.pricing-content, .pricing-image {\nmax-width: 100%;\n}\n}\n#pricing-section-main .pricing-content h2 {\n    color: #ffffff;\n    font-size: 27px;\n}\n\n#pricing-section-main .pricing-content h3 {\n    color: #ffffff;\n    font-size: 17px;\n}\n\n.indented {\n    margin-left: 26px;\n}\n\n.pricing-content ul {\n    list-style: disc;\n}\n.pricing-content li {\n    text-align: left;\n    margin-bottom: 13px;\n}\n#pricing-section-main .pricing-content p {\n    font-size: 12px;\n}\n@media and (max-width: 768px){\ndiv#pricing-section-main {\n    padding: 20px;\n}\n}\ndiv#pricing-section-main {\n   margin-bottom: 20px;\n}\n\t.pricing-content h3 {\n    text-align: left!important;\n}\n\/* \t17-02-25 *\/\n\t.btn-grpp {\n    display: flex;\n}\na.btn-22 {\n    margin-left: 12px;\n}\n.pricing-image {\n    max-width: fit-content;\n}\n\t.btn-grpp button {\n    color: #020c1a;\n    border-radius: 3px;\n}\n<\/style>\n    <\/p>\n<p><iframe src=\"https:\/\/www.youtube.com\/embed\/NPfjLaH4C2c?start=16\" width=\"560\" height=\"560\" frameborder=\"0\" allowfullscreen=\"allowfullscreen\"><\/iframe><\/p>\n<p>&nbsp;<\/p>\n\n\t\t<style type=\"text\/css\">\n\t\t\t#gallery-1 {\n\t\t\t\tmargin: auto;\n\t\t\t}\n\t\t\t#gallery-1 .gallery-item {\n\t\t\t\tfloat: left;\n\t\t\t\tmargin-top: 10px;\n\t\t\t\ttext-align: center;\n\t\t\t\twidth: 25%;\n\t\t\t}\n\t\t\t#gallery-1 img {\n\t\t\t\tborder: 2px solid #cfcfcf;\n\t\t\t}\n\t\t\t#gallery-1 .gallery-caption {\n\t\t\t\tmargin-left: 0;\n\t\t\t}\n\t\t\t\/* see gallery_shortcode() in wp-includes\/media.php *\/\n\t\t<\/style>\n\t\t<div id='gallery-1' class='gallery galleryid-16656 gallery-columns-4 gallery-size-full'><dl class='gallery-item'>\n\t\t\t<dt class='gallery-icon landscape'>\n\t\t\t\t<img decoding=\"async\" width=\"500\" height=\"500\" src=\"https:\/\/maxxinstitutes.com\/wp-content\/uploads\/2024\/12\/8-2.png\" class=\"attachment-full size-full\" alt=\"\" srcset=\"https:\/\/maxxinstitutes.com\/wp-content\/uploads\/2024\/12\/8-2.png 500w, https:\/\/maxxinstitutes.com\/wp-content\/uploads\/2024\/12\/8-2-300x300.png 300w, https:\/\/maxxinstitutes.com\/wp-content\/uploads\/2024\/12\/8-2-150x150.png 150w\" sizes=\"(max-width: 500px) 100vw, 500px\" title=\"\">\n\t\t\t<\/dt><\/dl><dl class='gallery-item'>\n\t\t\t<dt class='gallery-icon landscape'>\n\t\t\t\t<img decoding=\"async\" width=\"500\" height=\"500\" src=\"https:\/\/maxxinstitutes.com\/wp-content\/uploads\/2024\/12\/7-4.png\" class=\"attachment-full size-full\" alt=\"\" srcset=\"https:\/\/maxxinstitutes.com\/wp-content\/uploads\/2024\/12\/7-4.png 500w, https:\/\/maxxinstitutes.com\/wp-content\/uploads\/2024\/12\/7-4-300x300.png 300w, https:\/\/maxxinstitutes.com\/wp-content\/uploads\/2024\/12\/7-4-150x150.png 150w\" sizes=\"(max-width: 500px) 100vw, 500px\" title=\"\">\n\t\t\t<\/dt><\/dl><dl class='gallery-item'>\n\t\t\t<dt class='gallery-icon landscape'>\n\t\t\t\t<img loading=\"lazy\" decoding=\"async\" width=\"500\" height=\"500\" src=\"https:\/\/maxxinstitutes.com\/wp-content\/uploads\/2024\/12\/6-4.png\" class=\"attachment-full size-full\" alt=\"\" srcset=\"https:\/\/maxxinstitutes.com\/wp-content\/uploads\/2024\/12\/6-4.png 500w, https:\/\/maxxinstitutes.com\/wp-content\/uploads\/2024\/12\/6-4-300x300.png 300w, https:\/\/maxxinstitutes.com\/wp-content\/uploads\/2024\/12\/6-4-150x150.png 150w\" sizes=\"(max-width: 500px) 100vw, 500px\" title=\"\">\n\t\t\t<\/dt><\/dl><dl class='gallery-item'>\n\t\t\t<dt class='gallery-icon landscape'>\n\t\t\t\t<img loading=\"lazy\" decoding=\"async\" width=\"500\" height=\"500\" src=\"https:\/\/maxxinstitutes.com\/wp-content\/uploads\/2024\/12\/5-2.png\" class=\"attachment-full size-full\" alt=\"\" srcset=\"https:\/\/maxxinstitutes.com\/wp-content\/uploads\/2024\/12\/5-2.png 500w, https:\/\/maxxinstitutes.com\/wp-content\/uploads\/2024\/12\/5-2-300x300.png 300w, https:\/\/maxxinstitutes.com\/wp-content\/uploads\/2024\/12\/5-2-150x150.png 150w\" sizes=\"(max-width: 500px) 100vw, 500px\" title=\"\">\n\t\t\t<\/dt><\/dl><br style=\"clear: both\" \/><dl class='gallery-item'>\n\t\t\t<dt class='gallery-icon landscape'>\n\t\t\t\t<img loading=\"lazy\" decoding=\"async\" width=\"500\" height=\"500\" src=\"https:\/\/maxxinstitutes.com\/wp-content\/uploads\/2024\/12\/4-3.png\" class=\"attachment-full size-full\" alt=\"\" srcset=\"https:\/\/maxxinstitutes.com\/wp-content\/uploads\/2024\/12\/4-3.png 500w, https:\/\/maxxinstitutes.com\/wp-content\/uploads\/2024\/12\/4-3-300x300.png 300w, https:\/\/maxxinstitutes.com\/wp-content\/uploads\/2024\/12\/4-3-150x150.png 150w\" sizes=\"(max-width: 500px) 100vw, 500px\" title=\"\">\n\t\t\t<\/dt><\/dl><dl class='gallery-item'>\n\t\t\t<dt class='gallery-icon landscape'>\n\t\t\t\t<img loading=\"lazy\" decoding=\"async\" width=\"500\" height=\"500\" src=\"https:\/\/maxxinstitutes.com\/wp-content\/uploads\/2024\/12\/3-3.png\" class=\"attachment-full size-full\" alt=\"\" srcset=\"https:\/\/maxxinstitutes.com\/wp-content\/uploads\/2024\/12\/3-3.png 500w, https:\/\/maxxinstitutes.com\/wp-content\/uploads\/2024\/12\/3-3-300x300.png 300w, https:\/\/maxxinstitutes.com\/wp-content\/uploads\/2024\/12\/3-3-150x150.png 150w\" sizes=\"(max-width: 500px) 100vw, 500px\" title=\"\">\n\t\t\t<\/dt><\/dl><dl class='gallery-item'>\n\t\t\t<dt class='gallery-icon landscape'>\n\t\t\t\t<img loading=\"lazy\" decoding=\"async\" width=\"500\" height=\"500\" src=\"https:\/\/maxxinstitutes.com\/wp-content\/uploads\/2024\/12\/2-3.png\" class=\"attachment-full size-full\" alt=\"\" srcset=\"https:\/\/maxxinstitutes.com\/wp-content\/uploads\/2024\/12\/2-3.png 500w, https:\/\/maxxinstitutes.com\/wp-content\/uploads\/2024\/12\/2-3-300x300.png 300w, https:\/\/maxxinstitutes.com\/wp-content\/uploads\/2024\/12\/2-3-150x150.png 150w\" sizes=\"(max-width: 500px) 100vw, 500px\" title=\"\">\n\t\t\t<\/dt><\/dl><dl class='gallery-item'>\n\t\t\t<dt class='gallery-icon landscape'>\n\t\t\t\t<img loading=\"lazy\" decoding=\"async\" width=\"500\" height=\"500\" src=\"https:\/\/maxxinstitutes.com\/wp-content\/uploads\/2024\/12\/1-3.png\" class=\"attachment-full size-full\" alt=\"\" srcset=\"https:\/\/maxxinstitutes.com\/wp-content\/uploads\/2024\/12\/1-3.png 500w, https:\/\/maxxinstitutes.com\/wp-content\/uploads\/2024\/12\/1-3-300x300.png 300w, https:\/\/maxxinstitutes.com\/wp-content\/uploads\/2024\/12\/1-3-150x150.png 150w\" sizes=\"(max-width: 500px) 100vw, 500px\" title=\"\">\n\t\t\t<\/dt><\/dl><br style=\"clear: both\" \/>\n\t\t<\/div>\n\n","protected":false},"excerpt":{"rendered":"<ul>\n<li>5 lezioni private di preparazione all&#8217;esame D.E.L.E.<\/li>\n<li>3 esperienze &#8220;Vive Ibiza en Espa\u00f1ol&#8221;<\/li>\n<\/ul>\n","protected":false},"featured_media":22954,"comment_status":"closed","ping_status":"closed","template":"","meta":[],"product_brand":[],"product_cat":[241,431],"product_tag":[],"class_list":{"0":"post-16656","1":"product","2":"type-product","3":"status-publish","4":"has-post-thumbnail","6":"product_cat-corsi-di-spagnolo-a-ibiza","7":"product_cat-foodie","9":"first","10":"instock","11":"shipping-taxable","12":"purchasable","13":"product-type-variable","14":"has-default-attributes"},"_links":{"self":[{"href":"https:\/\/maxxinstitutes.com\/it\/wp-json\/wp\/v2\/product\/16656","targetHints":{"allow":["GET"]}}],"collection":[{"href":"https:\/\/maxxinstitutes.com\/it\/wp-json\/wp\/v2\/product"}],"about":[{"href":"https:\/\/maxxinstitutes.com\/it\/wp-json\/wp\/v2\/types\/product"}],"replies":[{"embeddable":true,"href":"https:\/\/maxxinstitutes.com\/it\/wp-json\/wp\/v2\/comments?post=16656"}],"wp:featuredmedia":[{"embeddable":true,"href":"https:\/\/maxxinstitutes.com\/it\/wp-json\/wp\/v2\/media\/22954"}],"wp:attachment":[{"href":"https:\/\/maxxinstitutes.com\/it\/wp-json\/wp\/v2\/media?parent=16656"}],"wp:term":[{"taxonomy":"product_brand","embeddable":true,"href":"https:\/\/maxxinstitutes.com\/it\/wp-json\/wp\/v2\/product_brand?post=16656"},{"taxonomy":"product_cat","embeddable":true,"href":"https:\/\/maxxinstitutes.com\/it\/wp-json\/wp\/v2\/product_cat?post=16656"},{"taxonomy":"product_tag","embeddable":true,"href":"https:\/\/maxxinstitutes.com\/it\/wp-json\/wp\/v2\/product_tag?post=16656"}],"curies":[{"name":"wp","href":"https:\/\/api.w.org\/{rel}","templated":true}]}}