{"id":16507,"date":"2024-12-10T21:13:25","date_gmt":"2024-12-10T21:13:25","guid":{"rendered":"http:\/\/maxxinstitutes.com\/?post_type=product&#038;p=16507"},"modified":"2026-01-16T19:55:16","modified_gmt":"2026-01-16T19:55:16","slug":"corso-combinato-204-lezioni-di-spagnolo-a-ibiza","status":"publish","type":"product","link":"https:\/\/maxxinstitutes.com\/it\/prodotto\/corso-combinato-204-lezioni-di-spagnolo-a-ibiza\/","title":{"rendered":"Corso combinato 20+4 lezioni di spagnolo a Ibiza"},"content":{"rendered":"<ul>\n<li>20 lezioni di gruppo + 4 lezioni individuali a settimana<\/li>\n<li>Lezioni a settimana: 20 ore di lezioni di gruppo + 4 lezioni private<br \/>\n<strong>2025 Disponibile dal: 31.03.2025 al 27.10.2025 (altrimenti lezioni private)<\/strong><strong>Contenuti e obiettivi:<\/strong><\/li>\n<li>Conversazione e grammatica al tuo livello<\/li>\n<li>Livelli: Da A1 a B2. Per gli studenti con livelli C1 e C2 offriamo lezioni private. <\/li>\n<li>Attivit\u00e0 ricreative: 3 a settimana incluse<\/li>\n<li>Durata del corso: 1-52 settimane (liberamente selezionabili)<\/li>\n<li>Durata delle lezioni: 4 lezioni al giorno di 50 minuti ciascunaOrario<strong>:<\/strong><\/li>\n<li>tra le 8:00-9:00 o dopo le 14:15 (da concordare dopo la prenotazione), lezioni private<br \/>\n9.30-11.10, primo blocco, due lezioni di gruppo<br \/>\n11.10-11.25 pausa<br \/>\n11.25-13.05, secondo blocco, due lezioni di gruppo<br \/>\n13:20-14:05, attivit\u00e0 ricreativa (se desiderata), luned\u00ec, marted\u00ec e gioved\u00ec<\/li>\n<li>Dimensione del gruppo: Mediamente 6, massimo 12 partecipanti<\/li>\n<li>Date di inizio: Ogni luned\u00ec, con conoscenze pregresse.<\/li>\n<\/ul>\n<p data-start=\"3036\" data-end=\"3310\">   <div class=\"pricing-section\" id=\"pricing-section-main\">\n        <div class=\"pricing-content\">\n                            <h2>Prezzi<\/h2>\n<ul>\n<h3>Corso combinato 20+4 lezioni\/settimana<\/h3>\n<div class=\"indented\">\n<li><strong>1 settimana:<\/strong> 385\u20ac<\/li>\n<\/div>\n<div class=\"indented\">\n<li><strong>2\u20138 settimane:<\/strong> 337\u20ac<\/li>\n<\/div>\n<div class=\"indented\">\n<li><strong>9\u201324 settimane:<\/strong> 282\u20ac<\/li>\n<\/div>\n<div class=\"indented\">\n<li><strong>24+ settimane:<\/strong> 272\u20ac<\/li>\n<\/div>\n<\/ul>\n<p>Se questi pacchetti non soddisfano pienamente le tue esigenze o desideri ulteriori dettagli prima di prendere una decisione, sentiti libero di:<\/p>\n<div class=\"btn-grpp\">\n  <a class=\"btn-11\" href=\"\/it\/contatto\/\"><br \/>\n    <button>Contattaci<\/button><br \/>\n  <\/a><br \/>\n  <a class=\"btn-22\" href=\"\/it\/calcolatore-dei-costi\/\"><br \/>\n    <button>Richiedi un preventivo<\/button><br \/>\n  <\/a>\n<\/div>\n                   <\/div>\n       <div class=\"pricing-image\">\n                            <img fetchpriority=\"high\" decoding=\"async\" src=\"https:\/\/maxxinstitutes.com\/wp-content\/uploads\/2024\/12\/7-1.png\" alt=\"Custom Product Image\" width=\"400\" height=\"400\" title=\"\">\n                 <\/div>\n\t   \n  <\/div>\n<style>\nbody {\nfont-family: Arial, sans-serif;\nmargin: 0;\npadding: 0;\nbackground-color: #f4f4f4;\n}\n\n.pricing-section {\n    display: flex;\n    align-items: center;\n    justify-content: center;\n    padding: 30px;\n    background: linear-gradient(135deg, #1c1e64, #5b6db8);\n    color: white;\n}\n\n.pricing-content {\nflex: 1;\npadding: 20px;\nmax-width: 50%;\n}\n\n.pricing-content h2 {\nfont-size: 36px;\nmargin-bottom: 20px;\n}\n\n.pricing-content ul {\nlist-style: none;\npadding: 0;\n}\n\n.pricing-content li {\nfont-size: 14px;\nmargin-bottom: 10px;\n}\n\n.pricing-content a {\ncolor: #96c8ff;\ntext-decoration: none;\n}\n\n.pricing-content a:hover {\ntext-decoration: underline;\n}\n\n.pricing-image {\nflex: 1;\nmax-width: 50%;\ndisplay: flex;\njustify-content: center;\nalign-items: center;\npadding: 20px;\n}\n\n.pricing-image img {\nmax-width: 100%;\nborder-radius: 10px;\n}\n\n\/* Responsive Design *\/\n@media (max-width: 768px) {\n.pricing-section {\nflex-direction: column;\ntext-align: center;\t\n}\n.pricing-content {\n    justify-items: center;\n}\n.pricing-content, .pricing-image {\nmax-width: 100%;\n}\n}\n#pricing-section-main .pricing-content h2 {\n    color: #ffffff;\n    font-size: 27px;\n}\n\n#pricing-section-main .pricing-content h3 {\n    color: #ffffff;\n    font-size: 17px;\n}\n\n.indented {\n    margin-left: 26px;\n}\n\n.pricing-content ul {\n    list-style: disc;\n}\n.pricing-content li {\n    text-align: left;\n    margin-bottom: 13px;\n}\n#pricing-section-main .pricing-content p {\n    font-size: 12px;\n}\n@media and (max-width: 768px){\ndiv#pricing-section-main {\n    padding: 20px;\n}\n}\ndiv#pricing-section-main {\n   margin-bottom: 20px;\n}\n\t.pricing-content h3 {\n    text-align: left!important;\n}\n\/* \t17-02-25 *\/\n\t.btn-grpp {\n    display: flex;\n}\na.btn-22 {\n    margin-left: 12px;\n}\n.pricing-image {\n    max-width: fit-content;\n}\n\t.btn-grpp button {\n    color: #020c1a;\n    border-radius: 3px;\n}\n<\/style>\n    <\/p>\n","protected":false},"excerpt":{"rendered":"<ul>\n<li>Corso di spagnolo per qualsiasi livello (da principiante ad avanzato)<\/li>\n<li>Disponibile da aprile a novembre<\/li>\n<li>Per conoscere le date di inizio negli altri mesi, controlla <strong>Lezioni private<\/strong><\/li>\n<li>Scegli tra 1 o 2 settimane (per pi\u00f9 settimane, contattaci)<\/li>\n<\/ul>\n","protected":false},"featured_media":23247,"comment_status":"closed","ping_status":"closed","template":"","meta":[],"product_brand":[],"product_cat":[440,241],"product_tag":[],"class_list":{"0":"post-16507","1":"product","2":"type-product","3":"status-publish","4":"has-post-thumbnail","6":"product_cat-corsi-di-alimentazione-a-ibiza","7":"product_cat-corsi-di-spagnolo-a-ibiza","9":"first","10":"instock","11":"shipping-taxable","12":"purchasable","13":"product-type-variable"},"_links":{"self":[{"href":"https:\/\/maxxinstitutes.com\/it\/wp-json\/wp\/v2\/product\/16507","targetHints":{"allow":["GET"]}}],"collection":[{"href":"https:\/\/maxxinstitutes.com\/it\/wp-json\/wp\/v2\/product"}],"about":[{"href":"https:\/\/maxxinstitutes.com\/it\/wp-json\/wp\/v2\/types\/product"}],"replies":[{"embeddable":true,"href":"https:\/\/maxxinstitutes.com\/it\/wp-json\/wp\/v2\/comments?post=16507"}],"wp:featuredmedia":[{"embeddable":true,"href":"https:\/\/maxxinstitutes.com\/it\/wp-json\/wp\/v2\/media\/23247"}],"wp:attachment":[{"href":"https:\/\/maxxinstitutes.com\/it\/wp-json\/wp\/v2\/media?parent=16507"}],"wp:term":[{"taxonomy":"product_brand","embeddable":true,"href":"https:\/\/maxxinstitutes.com\/it\/wp-json\/wp\/v2\/product_brand?post=16507"},{"taxonomy":"product_cat","embeddable":true,"href":"https:\/\/maxxinstitutes.com\/it\/wp-json\/wp\/v2\/product_cat?post=16507"},{"taxonomy":"product_tag","embeddable":true,"href":"https:\/\/maxxinstitutes.com\/it\/wp-json\/wp\/v2\/product_tag?post=16507"}],"curies":[{"name":"wp","href":"https:\/\/api.w.org\/{rel}","templated":true}]}}