{"id":16450,"date":"2024-12-10T21:04:49","date_gmt":"2024-12-10T21:04:49","guid":{"rendered":"http:\/\/maxxinstitutes.com\/?post_type=product&#038;p=16450"},"modified":"2025-07-28T09:58:39","modified_gmt":"2025-07-28T09:58:39","slug":"30-lezioni-di-gruppo-a-settimana-a-ibiza","status":"publish","type":"product","link":"https:\/\/maxxinstitutes.com\/it\/prodotto\/30-lezioni-di-gruppo-a-settimana-a-ibiza\/","title":{"rendered":"30 lezioni di gruppo a settimana a Ibiza"},"content":{"rendered":"<h2 data-start=\"143\" data-end=\"201\">Corso Super Intensivo di Spagnolo &#8211; 30 lezioni a settimana<\/h2>\n<h3 data-start=\"202\" data-end=\"217\">Perch\u00e9 Ibiza?<\/h3>\n<p data-start=\"219\" data-end=\"506\">Impara lo spagnolo in paradiso. Circondata da acque turchesi, villaggi imbiancati e dalla vibrante energia dell&#8217;isola, la nostra scuola di Ibiza offre un ambiente tranquillo ma stimolante per un&#8217;immersione totale. Situata vicino alla spiaggia e al centro storico, \u00e8 il connubio perfetto tra studio e stile di vita dell&#8217;isola.<\/p>\n<p data-start=\"508\" data-end=\"805\">La nostra <strong>esperienza di immersione nello spagnolo pi\u00f9 completa<\/strong>, ideale per gli studenti che vogliono combinare progressi mirati con la bellezza delle Baleari. <strong>Riconosciuto per il Bildungsurlaub <\/strong>in molti stati tedeschi, questo corso offre un mix di lezioni in classe, apprendimento all&#8217;aperto e pratica personalizzata in mini-gruppi.<\/p>\n<h3 data-start=\"812\" data-end=\"830\">Dettagli della classe:<\/h3>\n<ul>\n<li data-start=\"832\" data-end=\"1085\"><strong data-start=\"832\" data-end=\"848\">Tipo di corso:<\/strong> Corso Super Intensivo di Spagnolo (riconosciuto per Bildungsurlaub)<\/li>\n<li data-start=\"832\" data-end=\"1085\"><strong data-start=\"907\" data-end=\"928\">Lezioni a settimana:<\/strong> 30<br data-start=\"931\" data-end=\"934\" \/>&#8211; 20 lezioni di gruppo in classe<br data-start=\"969\" data-end=\"972\" \/>&#8211; 3 lezioni di gruppo fuori dalla classe (immersione culturale)<br data-start=\"1032\" data-end=\"1035\" \/>&#8211; 7 lezioni extra in piccoli gruppi (1-4 studenti)<\/li>\n<li data-start=\"1087\" data-end=\"1172\"><strong data-start=\"1087\" data-end=\"1107\">Durata del corso:<\/strong> 1-52 settimane (liberamente selezionabili)<\/li>\n<li data-start=\"1087\" data-end=\"1172\"><strong data-start=\"1141\" data-end=\"1159\">Durata della lezione:<\/strong> 50 minuti<\/li>\n<li data-start=\"1087\" data-end=\"1172\"><strong data-start=\"1174\" data-end=\"1188\">Orario:<br \/>\n<\/strong>Luned\u00ec-Venerd\u00ec:<br \/>\n&#8211; 08:00-09:30 &#8211; Grammatica e conversazione extra in mini-gruppi (possibile anche dalle 14:15)<br \/>\n&#8211; 09:30-11:10 &#8211; Primo blocco: 2 lezioni di gruppo con un insegnante<br \/>\n&#8211; 11:10-11:25 &#8211; Pausa<br \/>\n&#8211; 11:25-13:05 &#8211; Secondo blocco: 2 lezioni di gruppo con un secondo insegnante<br \/>\n&#8211; 13:20-14:10 &#8211; Terzo blocco: Lezioni culturali fuori dall&#8217;aula il luned\u00ec, il mercoled\u00ec e il gioved\u00ec<\/li>\n<li data-start=\"1087\" data-end=\"1172\"><strong data-start=\"1558\" data-end=\"1569\">Livelli:<\/strong> Da A1 a B2 &#8211; Per i livelli C1-C2 si consigliano lezioni private.<\/li>\n<li data-start=\"1087\" data-end=\"1172\"><strong data-start=\"1638\" data-end=\"1653\">Dimensioni del gruppo:<\/strong> Mediamente 6 studenti, max. 12<\/li>\n<li data-start=\"1087\" data-end=\"1172\"><strong data-start=\"1685\" data-end=\"1706\">Date di inizio 2025: <\/strong>Ogni luned\u00ec dal 31 marzo al 31 ottobre 2025<br \/>\n&#8211; Adatto a tutti gli studenti con conoscenze pregresse.<br \/>\n&#8211; Principianti assoluti: date di inizio specifiche disponibili su richiesta.<\/li>\n<li data-start=\"1087\" data-end=\"1172\"><strong data-start=\"1883\" data-end=\"1896\">Insegnanti:<\/strong> Almeno 2 insegnanti madrelingua a rotazione a settimana per garantire variet\u00e0, esposizione agli accenti e un&#8217;esperienza di apprendimento pi\u00f9 dinamica.<\/li>\n<\/ul>\n<h3 data-start=\"2025\" data-end=\"2045\">Cosa \u00e8 incluso:<\/h3>\n<ul>\n<li data-start=\"2049\" data-end=\"2122\">Attivit\u00e0 per il tempo libero: Attivit\u00e0 culturali e sociali settimanali sull&#8217;isola<\/li>\n<li data-start=\"2125\" data-end=\"2192\">Quota di iscrizione: \u20ac0 &#8211; prenota direttamente con noi senza costi nascosti<\/li>\n<li data-start=\"2195\" data-end=\"2285\">Servizi aggiuntivi: Test d&#8217;ingresso, certificato del corso, opzioni di alloggio disponibili<\/li>\n<\/ul>\n<h3 data-start=\"2292\" data-end=\"2328\">Perch\u00e9 scegliere questo corso a Ibiza?<\/h3>\n<ul>\n<li data-start=\"2332\" data-end=\"2374\">Studia lo spagnolo godendoti la vita sull&#8217;isola<\/li>\n<li data-start=\"2377\" data-end=\"2444\">Gruppi di piccole dimensioni e insegnanti a rotazione per un apprendimento personalizzato<\/li>\n<li data-start=\"2447\" data-end=\"2519\">Pratica lo spagnolo durante le attivit\u00e0 culturali al di fuori della classe.<\/li>\n<li data-start=\"2522\" data-end=\"2615\">Un mix ideale di istruzione, relax e avventura in una delle isole pi\u00f9 belle d&#8217;Europa.<\/li>\n<\/ul>\n<p data-start=\"3036\" data-end=\"3310\">   <div class=\"pricing-section\" id=\"pricing-section-main\">\n        <div class=\"pricing-content\">\n                            <h2>Prezzi<\/h2>\n<ul>\n<h3>30 lezioni di gruppo\/settimana<\/h3>\n<div class=\"indented\">\n<li><strong>1\u20134 settimane:<\/strong> 345\u20ac<\/li>\n<\/div>\n<div class=\"indented\">\n<li><strong>5\u20138 settimane:<\/strong> 335\u20ac a settimana<\/li>\n<\/div>\n<div class=\"indented\">\n<li><strong>9\u201324 settimane:<\/strong> 295\u20ac a settimana<\/li>\n<\/div>\n<div class=\"indented\">\n<li><strong>24+ settimane:<\/strong> 285\u20ac a settimana<\/li>\n<\/div>\n<\/ul>\n<p>Se questi pacchetti non soddisfano del tutto le tue esigenze o desideri maggiori informazioni prima di prendere una decisione, sentiti libero di:<\/p>\n<div class=\"btn-grpp\">\n  <a class=\"btn-11\" href=\"\/it\/contatto\/\"><br \/>\n    <button>Contattaci<\/button><br \/>\n  <\/a><br \/>\n  <a class=\"btn-22\" href=\"\/it\/calcolatore-dei-costi\/\"><br \/>\n    <button>Richiedi un preventivo<\/button><br \/>\n  <\/a>\n<\/div>\n                   <\/div>\n       <div class=\"pricing-image\">\n                            <img fetchpriority=\"high\" decoding=\"async\" src=\"https:\/\/maxxinstitutes.com\/wp-content\/uploads\/2024\/12\/Black-White-Modern-Handwritten-Square-Studio-Logo.png\" alt=\"Custom Product Image\" width=\"400\" height=\"400\" title=\"\">\n                 <\/div>\n\t   \n  <\/div>\n<style>\nbody {\nfont-family: Arial, sans-serif;\nmargin: 0;\npadding: 0;\nbackground-color: #f4f4f4;\n}\n\n.pricing-section {\n    display: flex;\n    align-items: center;\n    justify-content: center;\n    padding: 30px;\n    background: linear-gradient(135deg, #1c1e64, #5b6db8);\n    color: white;\n}\n\n.pricing-content {\nflex: 1;\npadding: 20px;\nmax-width: 50%;\n}\n\n.pricing-content h2 {\nfont-size: 36px;\nmargin-bottom: 20px;\n}\n\n.pricing-content ul {\nlist-style: none;\npadding: 0;\n}\n\n.pricing-content li {\nfont-size: 14px;\nmargin-bottom: 10px;\n}\n\n.pricing-content a {\ncolor: #96c8ff;\ntext-decoration: none;\n}\n\n.pricing-content a:hover {\ntext-decoration: underline;\n}\n\n.pricing-image {\nflex: 1;\nmax-width: 50%;\ndisplay: flex;\njustify-content: center;\nalign-items: center;\npadding: 20px;\n}\n\n.pricing-image img {\nmax-width: 100%;\nborder-radius: 10px;\n}\n\n\/* Responsive Design *\/\n@media (max-width: 768px) {\n.pricing-section {\nflex-direction: column;\ntext-align: center;\t\n}\n.pricing-content {\n    justify-items: center;\n}\n.pricing-content, .pricing-image {\nmax-width: 100%;\n}\n}\n#pricing-section-main .pricing-content h2 {\n    color: #ffffff;\n    font-size: 27px;\n}\n\n#pricing-section-main .pricing-content h3 {\n    color: #ffffff;\n    font-size: 17px;\n}\n\n.indented {\n    margin-left: 26px;\n}\n\n.pricing-content ul {\n    list-style: disc;\n}\n.pricing-content li {\n    text-align: left;\n    margin-bottom: 13px;\n}\n#pricing-section-main .pricing-content p {\n    font-size: 12px;\n}\n@media and (max-width: 768px){\ndiv#pricing-section-main {\n    padding: 20px;\n}\n}\ndiv#pricing-section-main {\n   margin-bottom: 20px;\n}\n\t.pricing-content h3 {\n    text-align: left!important;\n}\n\/* \t17-02-25 *\/\n\t.btn-grpp {\n    display: flex;\n}\na.btn-22 {\n    margin-left: 12px;\n}\n.pricing-image {\n    max-width: fit-content;\n}\n\t.btn-grpp button {\n    color: #020c1a;\n    border-radius: 3px;\n}\n<\/style>\n    <\/p>\n","protected":false},"excerpt":{"rendered":"<ul>\n<li class=\"\" data-start=\"131\" data-end=\"199\">\n<p class=\"\" data-start=\"133\" data-end=\"199\">Corso super intensivo di spagnolo a Ibiza con 30 lezioni di gruppo a settimana<\/p>\n<\/li>\n<li class=\"\" data-start=\"200\" data-end=\"272\">\n<p class=\"\" data-start=\"202\" data-end=\"272\">Accelerare la fluidit\u00e0 con pi\u00f9 tempo in classe e attivit\u00e0 coinvolgenti<\/p>\n<\/li>\n<li class=\"\" data-start=\"273\" data-end=\"341\">\n<p class=\"\" data-start=\"275\" data-end=\"341\">Gruppi disponibili da aprile a novembre<\/p>\n<\/li>\n<li class=\"\" data-start=\"273\" data-end=\"341\">\n<p class=\"\" data-start=\"275\" data-end=\"341\">Vuoi studiare al di fuori di questi mesi? Scopri le nostre lezioni private flessibili!<\/p>\n<div class=\"elementor-element elementor-element-a5ff117 elementor-widget elementor-widget-woocommerce-product-short-description\" data-id=\"a5ff117\" data-element_type=\"widget\" data-widget_type=\"woocommerce-product-short-description.default\">\n<div class=\"elementor-widget-container\">\n<div class=\"woocommerce-product-details__short-description\"><\/div>\n<\/div>\n<\/div>\n<div class=\"elementor-element elementor-element-238fc0e elementor-align-left elementor-mobile-align-left elementor-widget elementor-widget-button\" data-id=\"238fc0e\" data-element_type=\"widget\" data-widget_type=\"button.default\">\n<div class=\"elementor-widget-container\">\n<div class=\"elementor-button-wrapper\"><\/div>\n<\/div>\n<\/div>\n<\/li>\n<\/ul>\n","protected":false},"featured_media":23233,"comment_status":"closed","ping_status":"closed","template":"","meta":[],"product_brand":[],"product_cat":[241,297],"product_tag":[],"class_list":{"0":"post-16450","1":"product","2":"type-product","3":"status-publish","4":"has-post-thumbnail","6":"product_cat-corsi-di-spagnolo-a-ibiza","7":"product_cat-per-lo-piu","9":"first","10":"instock","11":"shipping-taxable","12":"purchasable","13":"product-type-variable"},"_links":{"self":[{"href":"https:\/\/maxxinstitutes.com\/it\/wp-json\/wp\/v2\/product\/16450","targetHints":{"allow":["GET"]}}],"collection":[{"href":"https:\/\/maxxinstitutes.com\/it\/wp-json\/wp\/v2\/product"}],"about":[{"href":"https:\/\/maxxinstitutes.com\/it\/wp-json\/wp\/v2\/types\/product"}],"replies":[{"embeddable":true,"href":"https:\/\/maxxinstitutes.com\/it\/wp-json\/wp\/v2\/comments?post=16450"}],"wp:featuredmedia":[{"embeddable":true,"href":"https:\/\/maxxinstitutes.com\/it\/wp-json\/wp\/v2\/media\/23233"}],"wp:attachment":[{"href":"https:\/\/maxxinstitutes.com\/it\/wp-json\/wp\/v2\/media?parent=16450"}],"wp:term":[{"taxonomy":"product_brand","embeddable":true,"href":"https:\/\/maxxinstitutes.com\/it\/wp-json\/wp\/v2\/product_brand?post=16450"},{"taxonomy":"product_cat","embeddable":true,"href":"https:\/\/maxxinstitutes.com\/it\/wp-json\/wp\/v2\/product_cat?post=16450"},{"taxonomy":"product_tag","embeddable":true,"href":"https:\/\/maxxinstitutes.com\/it\/wp-json\/wp\/v2\/product_tag?post=16450"}],"curies":[{"name":"wp","href":"https:\/\/api.w.org\/{rel}","templated":true}]}}