{"id":16334,"date":"2024-12-10T20:57:42","date_gmt":"2024-12-10T20:57:42","guid":{"rendered":"http:\/\/maxxinstitutes.com\/?post_type=product&#038;p=16334"},"modified":"2025-07-28T10:18:19","modified_gmt":"2025-07-28T10:18:19","slug":"20-lezioni-di-gruppo-a-settimana-a-ibiza","status":"publish","type":"product","link":"https:\/\/maxxinstitutes.com\/it\/prodotto\/20-lezioni-di-gruppo-a-settimana-a-ibiza\/","title":{"rendered":"20 lezioni di gruppo a settimana a Ibiza"},"content":{"rendered":"<h2>Spagnolo generale &#8211; 20 lezioni di gruppo a settimana<\/h2>\n<h3>Perch\u00e9 Ibiza?<\/h3>\n<p>Impara lo spagnolo in uno degli scenari mediterranei pi\u00f9 belli. Ibiza non \u00e8 solo famosa per le sue spiagge e l&#8217;atmosfera rilassata, ma \u00e8 anche il luogo ideale per immergersi completamente nella lingua spagnola. La nostra moderna scuola di lingua si trova nel cuore della citt\u00e0 di Ibiza e offre una combinazione perfetta di apprendimento intensivo e stile di vita isolano.<\/p>\n<h3>Dettagli del corso:<\/h3>\n<ul>\n<li data-start=\"645\" data-end=\"685\"><strong data-start=\"645\" data-end=\"665\">Lezioni a settimana<\/strong>: 20 lezioni di gruppo<\/li>\n<li data-start=\"688\" data-end=\"747\"><strong data-start=\"688\" data-end=\"706\">Contenuto del corso<\/strong>: Spagnolo generale al tuo livello attuale<\/li>\n<li data-start=\"750\" data-end=\"832\"><strong data-start=\"750\" data-end=\"768\">Livelli offerti<\/strong>: Da A1 a B2<br data-start=\"778\" data-end=\"781\" \/><em data-start=\"783\" data-end=\"830\">(Per C1 e C2 si consigliano lezioni private)<\/em><\/li>\n<li data-start=\"835\" data-end=\"907\"><strong data-start=\"835\" data-end=\"847\">Insegnanti<\/strong>: Madrelingua altamente qualificati e laureati<\/li>\n<li data-start=\"910\" data-end=\"1005\"><strong data-start=\"910\" data-end=\"926\">Formato della classe<\/strong>: Insegnanti a rotazione per migliorare l&#8217;apprendimento attraverso accenti e metodi diversi.<\/li>\n<li data-start=\"1008\" data-end=\"1060\"><strong data-start=\"1008\" data-end=\"1022\">Dimensione del gruppo<\/strong>: Mediamente 6, massimo 12 partecipanti<\/li>\n<li data-start=\"1063\" data-end=\"1098\"><strong data-start=\"1063\" data-end=\"1078\">Et\u00e0 dello studente<\/strong>: Minimo 18 anni<\/li>\n<li data-start=\"1126\" data-end=\"1239\"><strong data-start=\"1126\" data-end=\"1149\">Disponibilit\u00e0 del corso<\/strong>: dal 31 marzo al 27 ottobre 2025<br data-start=\"1178\" data-end=\"1181\" \/><em data-start=\"1183\" data-end=\"1237\">(Al di fuori di questo periodo sono disponibili lezioni private)<\/em><\/li>\n<li data-start=\"1242\" data-end=\"1290\"><strong data-start=\"1242\" data-end=\"1254\">Durata<\/strong>: Da 1 a 52 settimane (prenotazione flessibile)<\/li>\n<li data-start=\"1293\" data-end=\"1315\"><strong data-start=\"1293\" data-end=\"1312\">Orario delle lezioni<\/strong>:\n<ul data-start=\"1318\" data-end=\"1542\">\n<li data-start=\"1318\" data-end=\"1377\">\n<p data-start=\"1320\" data-end=\"1377\">09:30 &#8211; 11:10: Primo blocco (2 lezioni con un insegnante)<\/p>\n<\/li>\n<li data-start=\"1380\" data-end=\"1404\">\n<p data-start=\"1382\" data-end=\"1404\">11:10 &#8211; 11:25: Pausa<\/p>\n<\/li>\n<li data-start=\"1407\" data-end=\"1471\">\n<p data-start=\"1409\" data-end=\"1471\">11:25 &#8211; 13:05: Secondo blocco (2 lezioni con un altro insegnante)<\/p>\n<\/li>\n<li data-start=\"1474\" data-end=\"1542\">\n<p data-start=\"1476\" data-end=\"1542\">13:20 &#8211; 14:10: Attivit\u00e0 sociale\/culturale facoltativa (lun, mer, gio)<\/p>\n<\/li>\n<\/ul>\n<\/li>\n<li data-start=\"1545\" data-end=\"1587\"><strong data-start=\"1545\" data-end=\"1562\">Durata della lezione<\/strong>: 50 minuti a lezione<\/li>\n<li data-start=\"1590\" data-end=\"1647\"><strong data-start=\"1590\" data-end=\"1605\">Date di inizio<\/strong>: Ogni luned\u00ec (con conoscenze pregresse)<\/li>\n<li data-start=\"1652\" data-end=\"1704\">Principianti assoluti: Sono disponibili date di inizio selezionate<\/li>\n<\/ul>\n<div class=\"bt_bb_text\">\n<h3><strong>Cosa \u00e8 incluso:<\/strong><\/h3>\n<ul>\n<li data-start=\"1733\" data-end=\"1800\"><strong data-start=\"1733\" data-end=\"1755\">Attivit\u00e0 di svago<\/strong>: 3 attivit\u00e0 culturali e sociali a settimana<\/li>\n<li data-start=\"1803\" data-end=\"1874\"><strong data-start=\"1803\" data-end=\"1823\">Quota di iscrizione<\/strong>: \u20ac0 &#8211; prenota direttamente con noi senza costi nascosti<\/li>\n<li data-start=\"1877\" data-end=\"1971\"><strong data-start=\"1877\" data-end=\"1900\">Servizi aggiuntivi<\/strong>: Test d&#8217;ingresso, certificato del corso, opzioni di alloggio disponibili<\/li>\n<\/ul>\n<h3><strong>Perch\u00e9 scegliere questo corso a Ibiza?<\/strong><\/h3>\n<ul>\n<li>Piccoli gruppi e attenzione personalizzata<\/li>\n<li>Insegnanti a rotazione = pi\u00f9 accenti, pi\u00f9 esposizione, pi\u00f9 progressi<\/li>\n<li>Combina vita da spiaggia, cultura e apprendimento della lingua in una delle destinazioni pi\u00f9 belle d&#8217;Europa<\/li>\n<\/ul>\n<\/div>\n<p data-start=\"3036\" data-end=\"3310\">   <div class=\"pricing-section\" id=\"pricing-section-main\">\n        <div class=\"pricing-content\">\n                            <h2>Prezzi<\/h2>\n<ul>\n<h3>20 lezioni di gruppo\/settimana<\/h3>\n<div class=\"indented\">\n<li><strong>1 settimana:<\/strong> 229\u20ac<\/li>\n<\/div>\n<div class=\"indented\">\n<li><strong>2\u20138 settimane:<\/strong> 209\u20ac a settimana<\/li>\n<\/div>\n<div class=\"indented\">\n<li><strong>9\u201324 settimane:<\/strong> 170\u20ac a settimana<\/li>\n<\/div>\n<div class=\"indented\">\n<li><strong>24+ settimane:<\/strong> 160\u20ac a settimana<\/li>\n<\/div>\n<\/ul>\n<p>Se questi pacchetti non soddisfano del tutto le tue esigenze o desideri maggiori informazioni prima di prendere una decisione, sentiti libero di:<\/p>\n<div class=\"btn-grpp\">\n  <a class=\"btn-11\" href=\"\/it\/contatto\/\"><br \/>\n    <button>Contattaci<\/button><br \/>\n  <\/a><br \/>\n  <a class=\"btn-22\" href=\"\/it\/calcolatore-dei-costi\/\"><br \/>\n    <button>Richiedi un preventivo<\/button><br \/>\n  <\/a>\n<\/div>\n                   <\/div>\n       <div class=\"pricing-image\">\n                            <img fetchpriority=\"high\" decoding=\"async\" src=\"https:\/\/maxxinstitutes.com\/wp-content\/uploads\/2024\/12\/1-1.png\" alt=\"Custom Product Image\" width=\"400\" height=\"400\" title=\"\">\n                 <\/div>\n\t   \n  <\/div>\n<style>\nbody {\nfont-family: Arial, sans-serif;\nmargin: 0;\npadding: 0;\nbackground-color: #f4f4f4;\n}\n\n.pricing-section {\n    display: flex;\n    align-items: center;\n    justify-content: center;\n    padding: 30px;\n    background: linear-gradient(135deg, #1c1e64, #5b6db8);\n    color: white;\n}\n\n.pricing-content {\nflex: 1;\npadding: 20px;\nmax-width: 50%;\n}\n\n.pricing-content h2 {\nfont-size: 36px;\nmargin-bottom: 20px;\n}\n\n.pricing-content ul {\nlist-style: none;\npadding: 0;\n}\n\n.pricing-content li {\nfont-size: 14px;\nmargin-bottom: 10px;\n}\n\n.pricing-content a {\ncolor: #96c8ff;\ntext-decoration: none;\n}\n\n.pricing-content a:hover {\ntext-decoration: underline;\n}\n\n.pricing-image {\nflex: 1;\nmax-width: 50%;\ndisplay: flex;\njustify-content: center;\nalign-items: center;\npadding: 20px;\n}\n\n.pricing-image img {\nmax-width: 100%;\nborder-radius: 10px;\n}\n\n\/* Responsive Design *\/\n@media (max-width: 768px) {\n.pricing-section {\nflex-direction: column;\ntext-align: center;\t\n}\n.pricing-content {\n    justify-items: center;\n}\n.pricing-content, .pricing-image {\nmax-width: 100%;\n}\n}\n#pricing-section-main .pricing-content h2 {\n    color: #ffffff;\n    font-size: 27px;\n}\n\n#pricing-section-main .pricing-content h3 {\n    color: #ffffff;\n    font-size: 17px;\n}\n\n.indented {\n    margin-left: 26px;\n}\n\n.pricing-content ul {\n    list-style: disc;\n}\n.pricing-content li {\n    text-align: left;\n    margin-bottom: 13px;\n}\n#pricing-section-main .pricing-content p {\n    font-size: 12px;\n}\n@media and (max-width: 768px){\ndiv#pricing-section-main {\n    padding: 20px;\n}\n}\ndiv#pricing-section-main {\n   margin-bottom: 20px;\n}\n\t.pricing-content h3 {\n    text-align: left!important;\n}\n\/* \t17-02-25 *\/\n\t.btn-grpp {\n    display: flex;\n}\na.btn-22 {\n    margin-left: 12px;\n}\n.pricing-image {\n    max-width: fit-content;\n}\n\t.btn-grpp button {\n    color: #020c1a;\n    border-radius: 3px;\n}\n<\/style>\n    <\/p>\n","protected":false},"excerpt":{"rendered":"<ul>\n<li>Partecipa ai nostri vivaci corsi di spagnolo a Ibiza, disponibili da aprile a novembre.<\/li>\n<li>Piccoli gruppi, insegnanti esperti e un ambiente divertente e coinvolgente per migliorare velocemente il tuo spagnolo, sia che tu stia iniziando o perfezionando le tue abilit\u00e0.<\/li>\n<li><em data-start=\"453\" data-end=\"531\">Vuoi studiare al di fuori di questi mesi? Scopri le nostre lezioni private flessibili! <\/em><\/li>\n<\/ul>\n","protected":false},"featured_media":23226,"comment_status":"closed","ping_status":"closed","template":"","meta":[],"product_brand":[],"product_cat":[241,297],"product_tag":[],"class_list":{"0":"post-16334","1":"product","2":"type-product","3":"status-publish","4":"has-post-thumbnail","6":"product_cat-corsi-di-spagnolo-a-ibiza","7":"product_cat-per-lo-piu","9":"first","10":"instock","11":"shipping-taxable","12":"purchasable","13":"product-type-variable"},"_links":{"self":[{"href":"https:\/\/maxxinstitutes.com\/it\/wp-json\/wp\/v2\/product\/16334","targetHints":{"allow":["GET"]}}],"collection":[{"href":"https:\/\/maxxinstitutes.com\/it\/wp-json\/wp\/v2\/product"}],"about":[{"href":"https:\/\/maxxinstitutes.com\/it\/wp-json\/wp\/v2\/types\/product"}],"replies":[{"embeddable":true,"href":"https:\/\/maxxinstitutes.com\/it\/wp-json\/wp\/v2\/comments?post=16334"}],"wp:featuredmedia":[{"embeddable":true,"href":"https:\/\/maxxinstitutes.com\/it\/wp-json\/wp\/v2\/media\/23226"}],"wp:attachment":[{"href":"https:\/\/maxxinstitutes.com\/it\/wp-json\/wp\/v2\/media?parent=16334"}],"wp:term":[{"taxonomy":"product_brand","embeddable":true,"href":"https:\/\/maxxinstitutes.com\/it\/wp-json\/wp\/v2\/product_brand?post=16334"},{"taxonomy":"product_cat","embeddable":true,"href":"https:\/\/maxxinstitutes.com\/it\/wp-json\/wp\/v2\/product_cat?post=16334"},{"taxonomy":"product_tag","embeddable":true,"href":"https:\/\/maxxinstitutes.com\/it\/wp-json\/wp\/v2\/product_tag?post=16334"}],"curies":[{"name":"wp","href":"https:\/\/api.w.org\/{rel}","templated":true}]}}