{"id":15842,"date":"2024-09-18T10:38:14","date_gmt":"2024-09-18T10:38:14","guid":{"rendered":"http:\/\/maxxinstitutes.com\/product\/20-lezioni-di-gruppo-a-settimana-2025\/"},"modified":"2025-07-28T11:06:21","modified_gmt":"2025-07-28T11:06:21","slug":"20-lezioni-di-gruppo-a-settimana-2025","status":"publish","type":"product","link":"https:\/\/maxxinstitutes.com\/it\/prodotto\/20-lezioni-di-gruppo-a-settimana-2025\/","title":{"rendered":"20 lezioni di gruppo a settimana a Palma di Maiorca"},"content":{"rendered":"<div class=\"frst-box\">\n<div class=\"price-box\">\n<h2>Spagnolo generale &#8211; 20 lezioni di gruppo a settimana<\/h2>\n<h3><strong>Perch\u00e9 Maiorca<\/strong><\/h3>\n<p>Impara lo spagnolo godendoti lo stile di vita mediterraneo. La nostra scuola di <strong data-start=\"211\" data-end=\"232\">Palma di Maiorca<\/strong>, situata in posizione centrale, \u00e8 ospitata in uno spazioso edificio storico: un ambiente stimolante e rilassante per il tuo percorso di apprendimento. Dopo le lezioni, esplora le affascinanti strade del centro storico, le spiagge dorate e i vivaci mercati della capitale dell&#8217;isola.<\/p>\n<p>Il nostro corso pi\u00f9 popolare a Maiorca \u00e8 pensato per studenti di tutti i livelli, dal principiante assoluto all&#8217;intermedio superiore. Prova insegnanti dinamici e a rotazione, piccoli gruppi e attivit\u00e0 culturali coinvolgenti: il mix perfetto di struttura e divertimento per migliorare il tuo spagnolo in modo rapido ed efficace.<\/p>\n<\/div>\n<h3><strong>Dettagli del corso<\/strong><\/h3>\n<ul>\n<li><strong data-start=\"864\" data-end=\"885\">Lezioni a settimana:<\/strong> 20 lezioni di gruppo<\/li>\n<li><strong data-start=\"907\" data-end=\"925\">Durata della lezione:<\/strong> 50 minuti a lezione<\/li>\n<li><strong data-start=\"951\" data-end=\"970\">Livelli offerti:<\/strong> Da A0 (principianti assoluti) a B2<\/li>\n<li><strong data-start=\"1005\" data-end=\"1018\">Insegnanti:<\/strong> Minimo 2 insegnanti madrelingua qualificati a rotazione a settimana.<\/li>\n<li><strong data-start=\"1089\" data-end=\"1109\">Durata del corso:<\/strong> Da 1 a 52 settimane<\/li>\n<li><strong data-start=\"1128\" data-end=\"1142\">Orari:<\/strong> Dal luned\u00ec al venerd\u00ec, dalle 9:30 alle 11:10 e dalle 11:25 alle 13:05<\/li>\n<li><strong data-start=\"1192\" data-end=\"1208\">Date di inizio:<\/strong> Ogni luned\u00ec dal <strong data-start=\"1230\" data-end=\"1262\">1\u00b0 aprile al 27 ottobre 2025<\/strong>, per tutti i livelli.<\/li>\n<li><strong data-start=\"1283\" data-end=\"1298\">Dimensioni del gruppo:<\/strong> Mediamente 6 studenti, massimo 10<\/li>\n<li><strong data-start=\"1334\" data-end=\"1350\">Et\u00e0 degli studenti:<\/strong> Et\u00e0 minima 18 anni; et\u00e0 media:<br data-start=\"1379\" data-end=\"1382\" \/>&#8211; Luglio e agosto: ~28 anni<br data-start=\"1410\" data-end=\"1413\" \/>&#8211; Resto dell&#8217;anno: ~36-55 anni<\/li>\n<li><strong data-start=\"1452\" data-end=\"1469\">Livelli C1\/C2:<\/strong> Si prega di prenotare lezioni private &#8211; questo corso non \u00e8 adatto a studenti di livello avanzato.<\/li>\n<\/ul>\n<\/div>\n<h3><strong>Cosa \u00e8 incluso<\/strong><\/h3>\n<ul>\n<li data-start=\"1583\" data-end=\"1629\">3 <strong data-start=\"1592\" data-end=\"1616\">esperienze culturali<\/strong> settimanali (incluse)<\/li>\n<li data-start=\"1632\" data-end=\"1676\">Test di ingresso e certificato di partecipazione<\/li>\n<li data-start=\"1679\" data-end=\"1715\">Insegnanti madrelingua qualificati<\/li>\n<li data-start=\"1718\" data-end=\"1752\">Accesso alle aree comuni e al Wi-Fi<\/li>\n<li data-start=\"1755\" data-end=\"1799\">Assistenza nella prenotazione dell&#8217;alloggio, se necessario<\/li>\n<\/ul>\n<h3><strong>Perch\u00e9 scegliere questo corso a Maiorca?<\/strong><\/h3>\n<ul>\n<li>Piccoli gruppi e attenzione personalizzata<\/li>\n<li>Insegnanti a rotazione = pi\u00f9 accenti, pi\u00f9 esposizione, pi\u00f9 progressi<\/li>\n<li>Combina vita da spiaggia, cultura e apprendimento della lingua in una delle destinazioni pi\u00f9 belle d&#8217;Europa<\/li>\n<\/ul>\n<div class=\"frst-box\">\n<div class=\"price-box\">\n<ul>\n<li style=\"list-style-type: none;\"><\/li>\n<\/ul>\n<\/div>\n<\/div>\n<p data-start=\"3036\" data-end=\"3310\">   <div class=\"pricing-section\" id=\"pricing-section-main\">\n        <div class=\"pricing-content\">\n                            <h2>Prezzi<\/h2>\n<ul>\n<h3>20 Lezioni di gruppo\/settimana<\/h3>\n<div class=\"indented\">\n<li><strong>1\u20134 settimane:<\/strong> 229\u20ac<\/li>\n<\/div>\n<div class=\"indented\">\n<li><strong>5\u20138 settimane:<\/strong> 209\u20ac a settimana<\/li>\n<\/div>\n<div class=\"indented\">\n<li><strong>9\u201324 settimane:<\/strong> 170\u20ac a settimana<\/li>\n<\/div>\n<div class=\"indented\">\n<li><strong>24+ settimane:<\/strong> 160\u20ac a settimana<\/li>\n<\/div>\n<\/ul>\n<p>Se questi pacchetti non soddisfano completamente le tue esigenze o desideri maggiori dettagli prima di prendere una decisione, non esitare a:<\/p>\n<div class=\"btn-grpp\">\n  <a class=\"btn-11\" href=\"\/it\/contatto\/\"><br \/>\n    <button>Contattaci<\/button><br \/>\n  <\/a><br \/>\n  <a class=\"btn-22\" href=\"\/it\/calcolatore-dei-costi\/\"><br \/>\n    <button>Richiedi un preventivo<\/button><br \/>\n  <\/a>\n<\/div>\n                   <\/div>\n       <div class=\"pricing-image\">\n                            <img fetchpriority=\"high\" decoding=\"async\" src=\"https:\/\/maxxinstitutes.com\/wp-content\/uploads\/2024\/09\/Spanish-intensive-20-5-lessons-week_.jpg\" alt=\"Custom Product Image\" width=\"400\" height=\"400\" title=\"\">\n                 <\/div>\n\t   \n  <\/div>\n<style>\nbody {\nfont-family: Arial, sans-serif;\nmargin: 0;\npadding: 0;\nbackground-color: #f4f4f4;\n}\n\n.pricing-section {\n    display: flex;\n    align-items: center;\n    justify-content: center;\n    padding: 30px;\n    background: linear-gradient(135deg, #1c1e64, #5b6db8);\n    color: white;\n}\n\n.pricing-content {\nflex: 1;\npadding: 20px;\nmax-width: 50%;\n}\n\n.pricing-content h2 {\nfont-size: 36px;\nmargin-bottom: 20px;\n}\n\n.pricing-content ul {\nlist-style: none;\npadding: 0;\n}\n\n.pricing-content li {\nfont-size: 14px;\nmargin-bottom: 10px;\n}\n\n.pricing-content a {\ncolor: #96c8ff;\ntext-decoration: none;\n}\n\n.pricing-content a:hover {\ntext-decoration: underline;\n}\n\n.pricing-image {\nflex: 1;\nmax-width: 50%;\ndisplay: flex;\njustify-content: center;\nalign-items: center;\npadding: 20px;\n}\n\n.pricing-image img {\nmax-width: 100%;\nborder-radius: 10px;\n}\n\n\/* Responsive Design *\/\n@media (max-width: 768px) {\n.pricing-section {\nflex-direction: column;\ntext-align: center;\t\n}\n.pricing-content {\n    justify-items: center;\n}\n.pricing-content, .pricing-image {\nmax-width: 100%;\n}\n}\n#pricing-section-main .pricing-content h2 {\n    color: #ffffff;\n    font-size: 27px;\n}\n\n#pricing-section-main .pricing-content h3 {\n    color: #ffffff;\n    font-size: 17px;\n}\n\n.indented {\n    margin-left: 26px;\n}\n\n.pricing-content ul {\n    list-style: disc;\n}\n.pricing-content li {\n    text-align: left;\n    margin-bottom: 13px;\n}\n#pricing-section-main .pricing-content p {\n    font-size: 12px;\n}\n@media and (max-width: 768px){\ndiv#pricing-section-main {\n    padding: 20px;\n}\n}\ndiv#pricing-section-main {\n   margin-bottom: 20px;\n}\n\t.pricing-content h3 {\n    text-align: left!important;\n}\n\/* \t17-02-25 *\/\n\t.btn-grpp {\n    display: flex;\n}\na.btn-22 {\n    margin-left: 12px;\n}\n.pricing-image {\n    max-width: fit-content;\n}\n\t.btn-grpp button {\n    color: #020c1a;\n    border-radius: 3px;\n}\n<\/style>\n    <\/p>\n","protected":false},"excerpt":{"rendered":"<ul>\n<li>\n<p class=\"\" data-start=\"215\" data-end=\"639\">Scopri la gioia di imparare lo spagnolo nel cuore di Palma!<\/p>\n<\/li>\n<li>\n<p class=\"\" data-start=\"215\" data-end=\"639\">I nostri corsi di gruppo si svolgono da aprile a novembre e offrono un mix coinvolgente di comunicazione, cultura e divertimento. Sia che tu sia un principiante assoluto o un allievo avanzato, potrai trarre beneficio dal nostro ambiente amichevole e di piccolo gruppo.<\/p>\n<\/li>\n<li>\n<p class=\"\" data-start=\"215\" data-end=\"639\"><em data-start=\"569\" data-end=\"639\">Hai bisogno di un orario diverso? Le lezioni private sono disponibili tutto l&#8217;anno. <\/em><\/p>\n<\/li>\n<\/ul>\n","protected":false},"featured_media":23338,"comment_status":"closed","ping_status":"closed","template":"","meta":[],"product_brand":[],"product_cat":[278,411],"product_tag":[],"class_list":{"0":"post-15842","1":"product","2":"type-product","3":"status-publish","4":"has-post-thumbnail","6":"product_cat-maiorca","7":"product_cat-popolare-maiorca","9":"first","10":"instock","11":"shipping-taxable","12":"purchasable","13":"product-type-variable"},"_links":{"self":[{"href":"https:\/\/maxxinstitutes.com\/it\/wp-json\/wp\/v2\/product\/15842","targetHints":{"allow":["GET"]}}],"collection":[{"href":"https:\/\/maxxinstitutes.com\/it\/wp-json\/wp\/v2\/product"}],"about":[{"href":"https:\/\/maxxinstitutes.com\/it\/wp-json\/wp\/v2\/types\/product"}],"replies":[{"embeddable":true,"href":"https:\/\/maxxinstitutes.com\/it\/wp-json\/wp\/v2\/comments?post=15842"}],"wp:featuredmedia":[{"embeddable":true,"href":"https:\/\/maxxinstitutes.com\/it\/wp-json\/wp\/v2\/media\/23338"}],"wp:attachment":[{"href":"https:\/\/maxxinstitutes.com\/it\/wp-json\/wp\/v2\/media?parent=15842"}],"wp:term":[{"taxonomy":"product_brand","embeddable":true,"href":"https:\/\/maxxinstitutes.com\/it\/wp-json\/wp\/v2\/product_brand?post=15842"},{"taxonomy":"product_cat","embeddable":true,"href":"https:\/\/maxxinstitutes.com\/it\/wp-json\/wp\/v2\/product_cat?post=15842"},{"taxonomy":"product_tag","embeddable":true,"href":"https:\/\/maxxinstitutes.com\/it\/wp-json\/wp\/v2\/product_tag?post=15842"}],"curies":[{"name":"wp","href":"https:\/\/api.w.org\/{rel}","templated":true}]}}