{"id":15712,"date":"2024-09-18T10:38:24","date_gmt":"2024-09-18T10:38:24","guid":{"rendered":"http:\/\/maxxinstitutes.com\/product\/30-lezioni-di-gruppo-a-settimana-2025\/"},"modified":"2025-07-28T10:55:55","modified_gmt":"2025-07-28T10:55:55","slug":"30-lezioni-di-gruppo-a-settimana-2025","status":"publish","type":"product","link":"https:\/\/maxxinstitutes.com\/it\/prodotto\/30-lezioni-di-gruppo-a-settimana-2025\/","title":{"rendered":"30 lezioni di gruppo a settimana a Palma di Maiorca"},"content":{"rendered":"<h2>Corso Super Intensivo di Spagnolo &#8211; 30 lezioni a settimana<\/h2>\n<h3 data-start=\"296\" data-end=\"315\">Perch\u00e9 Maiorca?<\/h3>\n<p data-start=\"316\" data-end=\"528\">Impara lo spagnolo godendoti lo stile di vita mediterraneo. La nostra scuola di Palma di Maiorca, situata in posizione centrale, \u00e8 ospitata in un ampio edificio storico: un ambiente stimolante e rilassante per il tuo percorso di apprendimento.<\/p>\n<p data-start=\"560\" data-end=\"844\"><strong data-start=\"560\" data-end=\"610\">La nostra esperienza di immersione nello spagnolo pi\u00f9 completa<\/strong>, perfetta per gli studenti che vogliono sfruttare al massimo il loro tempo. Riconosciuto per il <strong data-start=\"689\" data-end=\"707\">Bildungsurlaub<\/strong> in molti stati tedeschi, questo corso combina lezioni di gruppo dinamiche con esercitazioni mirate in mini-gruppi per ottenere il massimo progresso in un tempo minimo.<\/p>\n<h3><strong data-start=\"430\" data-end=\"448\">Dettagli della classe:<\/strong><\/h3>\n<ul>\n<li data-start=\"567\" data-end=\"639\"><strong data-start=\"567\" data-end=\"583\">Tipo di corso:<\/strong> Corso Super Intensivo di Spagnolo (riconosciuto per Bildungsurlaub)<\/li>\n<li data-start=\"642\" data-end=\"741\"><strong data-start=\"642\" data-end=\"663\">Lezioni a settimana:<\/strong> 30<br data-start=\"666\" data-end=\"669\" \/>&#8211; <em data-start=\"673\" data-end=\"709\">23 lezioni di gruppo + 7 lezioni extra<\/em> in mini-gruppi (1-4 studenti)<\/li>\n<li data-start=\"744\" data-end=\"859\"><strong data-start=\"744\" data-end=\"764\">Durata del corso:<\/strong> 1-2 settimane<br data-start=\"774\" data-end=\"777\" \/>&#8211; Per soggiorni pi\u00f9 lunghi, ti consigliamo di continuare con il nostro programma di <strong data-start=\"832\" data-end=\"850\">20 lezioni a settimana<\/strong>.<\/li>\n<li data-start=\"862\" data-end=\"891\"><strong data-start=\"862\" data-end=\"880\">Durata della lezione:<\/strong> 50 minuti<\/li>\n<li data-start=\"894\" data-end=\"910\"><strong data-start=\"894\" data-end=\"908\">Orari:<\/strong>\n<ul data-start=\"913\" data-end=\"1263\">\n<li data-start=\"913\" data-end=\"992\">\n<p data-start=\"915\" data-end=\"992\"><strong data-start=\"915\" data-end=\"934\">Marted\u00ec-venerd\u00ec:<\/strong> 8:00-9:30 &#8211; Grammatica e conversazione extra in mini-gruppo<\/p>\n<\/li>\n<li data-start=\"995\" data-end=\"1057\">\n<p data-start=\"997\" data-end=\"1057\">9:30-11:10 &#8211; Primo blocco: 2 lezioni di gruppo con un insegnante<\/p>\n<\/li>\n<li data-start=\"1060\" data-end=\"1083\">\n<p data-start=\"1062\" data-end=\"1083\">11:10-11:25 &#8211; Pausa<\/p>\n<\/li>\n<li data-start=\"1086\" data-end=\"1155\">\n<p data-start=\"1088\" data-end=\"1155\">11:25-13:05 &#8211; Secondo blocco: 2 lezioni di gruppo con un secondo insegnante<\/p>\n<\/li>\n<li data-start=\"1158\" data-end=\"1263\">\n<p data-start=\"1160\" data-end=\"1263\">13:20-14:10 &#8211; Terzo blocco: Attivit\u00e0 di gruppo il luned\u00ec, il marted\u00ec e il gioved\u00ec (in classe o fuori)<\/p>\n<\/li>\n<\/ul>\n<\/li>\n<li data-start=\"1266\" data-end=\"1353\"><strong data-start=\"1266\" data-end=\"1277\">Livelli:<\/strong> Da <strong data-start=\"1283\" data-end=\"1295\">A1 a B2<\/strong><br data-start=\"1295\" data-end=\"1298\" \/>&#8211; Per i livelli <strong data-start=\"1306\" data-end=\"1315\">C1-C2<\/strong> si consigliano lezioni private.<\/li>\n<li data-start=\"1356\" data-end=\"1399\"><strong data-start=\"1356\" data-end=\"1371\">Dimensioni del gruppo:<\/strong> Mediamente 6 studenti, max. 10<\/li>\n<li data-start=\"1402\" data-end=\"1536\"><strong data-start=\"1402\" data-end=\"1423\">Date di inizio 2025:<\/strong><br data-start=\"1423\" data-end=\"1426\" \/>Ogni luned\u00ec dal <strong data-start=\"1446\" data-end=\"1477\">1 aprile al 27 ottobre 2025<\/strong> &#8211; adatto a tutti gli studenti, compresi i principianti assoluti.<\/li>\n<li data-start=\"1539\" data-end=\"1672\"><strong data-start=\"1539\" data-end=\"1552\">Insegnanti:<\/strong> Almeno 2 insegnanti madrelingua a rotazione a settimana per garantire variet\u00e0, esposizione agli accenti e un&#8217;esperienza di apprendimento pi\u00f9 dinamica.<\/li>\n<\/ul>\n<h3><strong>Cosa \u00e8 incluso:<\/strong><\/h3>\n<ul>\n<li data-start=\"1733\" data-end=\"1800\"><strong data-start=\"1733\" data-end=\"1755\">Attivit\u00e0 di svago<\/strong>: 3 attivit\u00e0 culturali e sociali a settimana<\/li>\n<li data-start=\"1803\" data-end=\"1874\"><strong data-start=\"1803\" data-end=\"1823\">Quota di iscrizione<\/strong>: \u20ac0 &#8211; prenota direttamente con noi senza costi nascosti<\/li>\n<li data-start=\"1877\" data-end=\"1971\"><strong data-start=\"1877\" data-end=\"1900\">Servizi aggiuntivi<\/strong>: Test d&#8217;ingresso, certificato del corso, opzioni di alloggio disponibili<\/li>\n<\/ul>\n<h3><strong>Perch\u00e9 scegliere questo corso a Palma di Maiorca?<\/strong><\/h3>\n<ul>\n<li>Piccoli gruppi e attenzione personalizzata<\/li>\n<li>Insegnanti a rotazione = pi\u00f9 accenti, pi\u00f9 esposizione, pi\u00f9 progressi<\/li>\n<li>Combina vita da spiaggia, cultura e apprendimento della lingua in una delle destinazioni pi\u00f9 belle d&#8217;Europa<\/li>\n<\/ul>\n<p data-start=\"3036\" data-end=\"3310\">   <div class=\"pricing-section\" id=\"pricing-section-main\">\n        <div class=\"pricing-content\">\n                            <h2>Prezzi<\/h2>\n<ul>\n<h3>30 Lezioni di gruppo\/settimana<\/h3>\n<div class=\"indented\">\n<li><strong>1\u20134 settimane:<\/strong> 345\u20ac<\/li>\n<\/div>\n<div class=\"indented\">\n<li><strong>5\u20138 settimane:<\/strong> 335\u20ac<\/li>\n<\/div>\n<div class=\"indented\">\n<li><strong>9\u201324 settimane:<\/strong> 295\u20ac<\/li>\n<\/div>\n<div class=\"indented\">\n<li><strong>24+ settimane:<\/strong> 285\u20ac<\/li>\n<\/div>\n<\/ul>\n<p>Se questi pacchetti non soddisfano pienamente le tue esigenze o desideri maggiori informazioni prima di prendere una decisione, non esitare a:<\/p>\n<div class=\"btn-grpp\">\n  <a class=\"btn-11\" href=\"\/it\/contatto\/\"><br \/>\n    <button>Contattaci<\/button><br \/>\n  <\/a><br \/>\n  <a class=\"btn-22\" href=\"\/it\/calcolatore-dei-costi\/\"><br \/>\n    <button>Richiedi un preventivo<\/button><br \/>\n  <\/a>\n<\/div>\n                   <\/div>\n       <div class=\"pricing-image\">\n                            <img fetchpriority=\"high\" decoding=\"async\" src=\"https:\/\/maxxinstitutes.com\/wp-content\/uploads\/2024\/09\/Spanish-Super-Intensive-Course_.jpg\" alt=\"Custom Product Image\" width=\"400\" height=\"400\" title=\"\">\n                 <\/div>\n\t   \n  <\/div>\n<style>\nbody {\nfont-family: Arial, sans-serif;\nmargin: 0;\npadding: 0;\nbackground-color: #f4f4f4;\n}\n\n.pricing-section {\n    display: flex;\n    align-items: center;\n    justify-content: center;\n    padding: 30px;\n    background: linear-gradient(135deg, #1c1e64, #5b6db8);\n    color: white;\n}\n\n.pricing-content {\nflex: 1;\npadding: 20px;\nmax-width: 50%;\n}\n\n.pricing-content h2 {\nfont-size: 36px;\nmargin-bottom: 20px;\n}\n\n.pricing-content ul {\nlist-style: none;\npadding: 0;\n}\n\n.pricing-content li {\nfont-size: 14px;\nmargin-bottom: 10px;\n}\n\n.pricing-content a {\ncolor: #96c8ff;\ntext-decoration: none;\n}\n\n.pricing-content a:hover {\ntext-decoration: underline;\n}\n\n.pricing-image {\nflex: 1;\nmax-width: 50%;\ndisplay: flex;\njustify-content: center;\nalign-items: center;\npadding: 20px;\n}\n\n.pricing-image img {\nmax-width: 100%;\nborder-radius: 10px;\n}\n\n\/* Responsive Design *\/\n@media (max-width: 768px) {\n.pricing-section {\nflex-direction: column;\ntext-align: center;\t\n}\n.pricing-content {\n    justify-items: center;\n}\n.pricing-content, .pricing-image {\nmax-width: 100%;\n}\n}\n#pricing-section-main .pricing-content h2 {\n    color: #ffffff;\n    font-size: 27px;\n}\n\n#pricing-section-main .pricing-content h3 {\n    color: #ffffff;\n    font-size: 17px;\n}\n\n.indented {\n    margin-left: 26px;\n}\n\n.pricing-content ul {\n    list-style: disc;\n}\n.pricing-content li {\n    text-align: left;\n    margin-bottom: 13px;\n}\n#pricing-section-main .pricing-content p {\n    font-size: 12px;\n}\n@media and (max-width: 768px){\ndiv#pricing-section-main {\n    padding: 20px;\n}\n}\ndiv#pricing-section-main {\n   margin-bottom: 20px;\n}\n\t.pricing-content h3 {\n    text-align: left!important;\n}\n\/* \t17-02-25 *\/\n\t.btn-grpp {\n    display: flex;\n}\na.btn-22 {\n    margin-left: 12px;\n}\n.pricing-image {\n    max-width: fit-content;\n}\n\t.btn-grpp button {\n    color: #020c1a;\n    border-radius: 3px;\n}\n<\/style>\n    <\/p>\n","protected":false},"excerpt":{"rendered":"<ul>\n<li>Corso di spagnolo per qualsiasi livello (da principiante ad avanzato)<\/li>\n<li>Disponibile da aprile a novembre<\/li>\n<li>Per conoscere le date di inizio negli altri mesi, controlla <strong>Lezioni private<\/strong><\/li>\n<li>Scegli tra 1 o 2 settimane (per pi\u00f9 settimane, contattaci)<\/li>\n<\/ul>\n","protected":false},"featured_media":23331,"comment_status":"closed","ping_status":"closed","template":"","meta":[],"product_brand":[],"product_cat":[278,411],"product_tag":[],"class_list":{"0":"post-15712","1":"product","2":"type-product","3":"status-publish","4":"has-post-thumbnail","6":"product_cat-maiorca","7":"product_cat-popolare-maiorca","9":"first","10":"instock","11":"shipping-taxable","12":"purchasable","13":"product-type-variable"},"_links":{"self":[{"href":"https:\/\/maxxinstitutes.com\/it\/wp-json\/wp\/v2\/product\/15712","targetHints":{"allow":["GET"]}}],"collection":[{"href":"https:\/\/maxxinstitutes.com\/it\/wp-json\/wp\/v2\/product"}],"about":[{"href":"https:\/\/maxxinstitutes.com\/it\/wp-json\/wp\/v2\/types\/product"}],"replies":[{"embeddable":true,"href":"https:\/\/maxxinstitutes.com\/it\/wp-json\/wp\/v2\/comments?post=15712"}],"wp:featuredmedia":[{"embeddable":true,"href":"https:\/\/maxxinstitutes.com\/it\/wp-json\/wp\/v2\/media\/23331"}],"wp:attachment":[{"href":"https:\/\/maxxinstitutes.com\/it\/wp-json\/wp\/v2\/media?parent=15712"}],"wp:term":[{"taxonomy":"product_brand","embeddable":true,"href":"https:\/\/maxxinstitutes.com\/it\/wp-json\/wp\/v2\/product_brand?post=15712"},{"taxonomy":"product_cat","embeddable":true,"href":"https:\/\/maxxinstitutes.com\/it\/wp-json\/wp\/v2\/product_cat?post=15712"},{"taxonomy":"product_tag","embeddable":true,"href":"https:\/\/maxxinstitutes.com\/it\/wp-json\/wp\/v2\/product_tag?post=15712"}],"curies":[{"name":"wp","href":"https:\/\/api.w.org\/{rel}","templated":true}]}}