{"id":26484,"date":"2025-12-12T20:18:17","date_gmt":"2025-12-12T20:18:17","guid":{"rendered":"https:\/\/maxxinstitutes.com\/island-hopper\/"},"modified":"2026-01-23T18:26:10","modified_gmt":"2026-01-23T18:26:10","slug":"island-hopper","status":"publish","type":"page","link":"https:\/\/maxxinstitutes.com\/it\/island-hopper\/","title":{"rendered":"Island Hopper"},"content":{"rendered":"\t\t<div data-elementor-type=\"wp-page\" data-elementor-id=\"26484\" class=\"elementor elementor-26484 elementor-26479\" data-elementor-post-type=\"page\">\n\t\t\t\t<div class=\"elementor-element elementor-element-5cde4cd e-flex e-con-boxed e-con e-parent\" data-id=\"5cde4cd\" data-element_type=\"container\" data-e-type=\"container\">\n\t\t\t\t\t<div class=\"e-con-inner\">\n\t\t\t\t<div class=\"elementor-element elementor-element-9f21fcb elementor-widget elementor-widget-heading\" data-id=\"9f21fcb\" data-element_type=\"widget\" data-e-type=\"widget\" data-widget_type=\"heading.default\">\n\t\t\t\t<div class=\"elementor-widget-container\">\n\t\t\t\t\t<h2 class=\"elementor-heading-title elementor-size-default\">Programma Island Hopper<\/h2>\t\t\t\t<\/div>\n\t\t\t\t<\/div>\n\t\t\t\t\t<\/div>\n\t\t\t\t<\/div>\n\t\t<div class=\"elementor-element elementor-element-2a32a36 e-con-full e-flex e-con e-parent\" data-id=\"2a32a36\" data-element_type=\"container\" data-e-type=\"container\">\n\t\t\t\t<div class=\"elementor-element elementor-element-741f8e0 elementor-widget elementor-widget-heading\" data-id=\"741f8e0\" data-element_type=\"widget\" data-e-type=\"widget\" data-widget_type=\"heading.default\">\n\t\t\t\t<div class=\"elementor-widget-container\">\n\t\t\t\t\t<h2 class=\"elementor-heading-title elementor-size-default\">Maiorca e Ibiza - Due isole. Un'unica esperienza spagnola. <\/h2>\t\t\t\t<\/div>\n\t\t\t\t<\/div>\n\t\t\t\t<div class=\"elementor-element elementor-element-a38a1a5 color-scheme-inherit text-left elementor-widget elementor-widget-text-editor\" data-id=\"a38a1a5\" data-element_type=\"widget\" data-e-type=\"widget\" data-widget_type=\"text-editor.default\">\n\t\t\t\t<div class=\"elementor-widget-container\">\n\t\t\t\t\t\t\t\t\t<p data-start=\"363\" data-end=\"419\">Perch\u00e9 scegliere solo un&#8217;isola quando puoi viverle entrambe?<\/p><p data-start=\"421\" data-end=\"692\">Il <strong data-start=\"425\" data-end=\"450\">programma Island Hopper<\/strong> di MAXX Institutes ti permette di <strong data-start=\"484\" data-end=\"533\">combinare i corsi di spagnolo a Maiorca e Ibiza<\/strong> in un&#8217;unica esperienza di apprendimento.<br data-start=\"574\" data-end=\"577\">Studia lo spagnolo, cambia scenario e scopri due stili di vita mediterranei unici, senza interrompere il tuo corso.<\/p>\t\t\t\t\t\t\t\t<\/div>\n\t\t\t\t<\/div>\n\t\t\t\t<div class=\"elementor-element elementor-element-b9adf8d elementor-widget elementor-widget-video\" data-id=\"b9adf8d\" data-element_type=\"widget\" data-e-type=\"widget\" data-settings=\"{&quot;youtube_url&quot;:&quot;https:\\\/\\\/www.youtube.com\\\/watch?v=1UUOns6wAjU&quot;,&quot;autoplay&quot;:&quot;yes&quot;,&quot;mute&quot;:&quot;yes&quot;,&quot;loop&quot;:&quot;yes&quot;,&quot;video_type&quot;:&quot;youtube&quot;,&quot;controls&quot;:&quot;yes&quot;}\" data-widget_type=\"video.default\">\n\t\t\t\t<div class=\"elementor-widget-container\">\n\t\t\t\t\t\t\t<div class=\"elementor-wrapper elementor-open-inline\">\n\t\t\t<div class=\"elementor-video\"><\/div>\t\t<\/div>\n\t\t\t\t\t\t<\/div>\n\t\t\t\t<\/div>\n\t\t\t\t<div class=\"elementor-element elementor-element-18dc5d0 elementor-widget elementor-widget-spacer\" data-id=\"18dc5d0\" data-element_type=\"widget\" data-e-type=\"widget\" data-widget_type=\"spacer.default\">\n\t\t\t\t<div class=\"elementor-widget-container\">\n\t\t\t\t\t\t\t<div class=\"elementor-spacer\">\n\t\t\t<div class=\"elementor-spacer-inner\"><\/div>\n\t\t<\/div>\n\t\t\t\t\t\t<\/div>\n\t\t\t\t<\/div>\n\t\t\t\t<div class=\"elementor-element elementor-element-57aaabf elementor-widget elementor-widget-heading\" data-id=\"57aaabf\" data-element_type=\"widget\" data-e-type=\"widget\" data-widget_type=\"heading.default\">\n\t\t\t\t<div class=\"elementor-widget-container\">\n\t\t\t\t\t<h2 class=\"elementor-heading-title elementor-size-default\">Due isole, due vibrazioni<\/h2>\t\t\t\t<\/div>\n\t\t\t\t<\/div>\n\t\t\t\t<\/div>\n\t\t<div class=\"elementor-element elementor-element-9cf0c5d e-flex e-con-boxed e-con e-parent\" data-id=\"9cf0c5d\" data-element_type=\"container\" data-e-type=\"container\">\n\t\t\t\t\t<div class=\"e-con-inner\">\n\t\t<div class=\"elementor-element elementor-element-427cd27 e-con-full e-flex e-con e-child\" data-id=\"427cd27\" data-element_type=\"container\" data-e-type=\"container\">\n\t\t\t\t<div class=\"elementor-element elementor-element-fe78245 elementor-widget elementor-widget-heading\" data-id=\"fe78245\" data-element_type=\"widget\" data-e-type=\"widget\" data-widget_type=\"heading.default\">\n\t\t\t\t<div class=\"elementor-widget-container\">\n\t\t\t\t\t<h2 class=\"elementor-heading-title elementor-size-default\">Maiorca<\/h2>\t\t\t\t<\/div>\n\t\t\t\t<\/div>\n\t\t\t\t<div class=\"elementor-element elementor-element-471619d elementor-widget elementor-widget-image\" data-id=\"471619d\" data-element_type=\"widget\" data-e-type=\"widget\" data-widget_type=\"image.default\">\n\t\t\t\t<div class=\"elementor-widget-container\">\n\t\t\t\t\t\t\t\t\t\t\t\t\t\t\t<img fetchpriority=\"high\" decoding=\"async\" width=\"1024\" height=\"450\" src=\"https:\/\/maxxinstitutes.com\/wp-content\/uploads\/2025\/12\/2-1024x450.png\" class=\"attachment-large size-large wp-image-26510\" alt=\"\" srcset=\"https:\/\/maxxinstitutes.com\/wp-content\/uploads\/2025\/12\/2-1024x450.png 1024w, https:\/\/maxxinstitutes.com\/wp-content\/uploads\/2025\/12\/2-300x132.png 300w, https:\/\/maxxinstitutes.com\/wp-content\/uploads\/2025\/12\/2-768x337.png 768w, https:\/\/maxxinstitutes.com\/wp-content\/uploads\/2025\/12\/2-1536x674.png 1536w, https:\/\/maxxinstitutes.com\/wp-content\/uploads\/2025\/12\/2-2048x899.png 2048w, https:\/\/maxxinstitutes.com\/wp-content\/uploads\/2025\/12\/2-600x263.png 600w, https:\/\/maxxinstitutes.com\/wp-content\/uploads\/2025\/12\/2-150x66.png 150w\" sizes=\"(max-width: 1024px) 100vw, 1024px\" title=\"\">\t\t\t\t\t\t\t\t\t\t\t\t\t\t\t<\/div>\n\t\t\t\t<\/div>\n\t\t\t\t<div class=\"elementor-element elementor-element-2824b34 color-scheme-inherit text-left elementor-widget elementor-widget-text-editor\" data-id=\"2824b34\" data-element_type=\"widget\" data-e-type=\"widget\" data-widget_type=\"text-editor.default\">\n\t\t\t\t<div class=\"elementor-widget-container\">\n\t\t\t\t\t\t\t\t\t<p>Maiorca offre una vivace vita cittadina, storia, cultura e lunghe spiagge sabbiose.<br data-start=\"823\" data-end=\"826\">A Palma potrai godere di una dinamica atmosfera mediterranea con caff\u00e8, mercati, architettura e una comunit\u00e0 studentesca internazionale.<\/p>\t\t\t\t\t\t\t\t<\/div>\n\t\t\t\t<\/div>\n\t\t\t\t<\/div>\n\t\t<div class=\"elementor-element elementor-element-790b114 e-con-full e-flex e-con e-child\" data-id=\"790b114\" data-element_type=\"container\" data-e-type=\"container\">\n\t\t\t\t<div class=\"elementor-element elementor-element-602d2fb elementor-widget elementor-widget-heading\" data-id=\"602d2fb\" data-element_type=\"widget\" data-e-type=\"widget\" data-widget_type=\"heading.default\">\n\t\t\t\t<div class=\"elementor-widget-container\">\n\t\t\t\t\t<h2 class=\"elementor-heading-title elementor-size-default\">Ibiza<\/h2>\t\t\t\t<\/div>\n\t\t\t\t<\/div>\n\t\t\t\t<div class=\"elementor-element elementor-element-56954c0 elementor-widget elementor-widget-image\" data-id=\"56954c0\" data-element_type=\"widget\" data-e-type=\"widget\" data-widget_type=\"image.default\">\n\t\t\t\t<div class=\"elementor-widget-container\">\n\t\t\t\t\t\t\t\t\t\t\t\t\t\t\t<img decoding=\"async\" width=\"1024\" height=\"450\" src=\"https:\/\/maxxinstitutes.com\/wp-content\/uploads\/2025\/12\/1-1024x450.png\" class=\"attachment-large size-large wp-image-26517\" alt=\"\" srcset=\"https:\/\/maxxinstitutes.com\/wp-content\/uploads\/2025\/12\/1-1024x450.png 1024w, https:\/\/maxxinstitutes.com\/wp-content\/uploads\/2025\/12\/1-300x132.png 300w, https:\/\/maxxinstitutes.com\/wp-content\/uploads\/2025\/12\/1-768x337.png 768w, https:\/\/maxxinstitutes.com\/wp-content\/uploads\/2025\/12\/1-1536x674.png 1536w, https:\/\/maxxinstitutes.com\/wp-content\/uploads\/2025\/12\/1-2048x899.png 2048w, https:\/\/maxxinstitutes.com\/wp-content\/uploads\/2025\/12\/1-600x263.png 600w, https:\/\/maxxinstitutes.com\/wp-content\/uploads\/2025\/12\/1-150x66.png 150w\" sizes=\"(max-width: 1024px) 100vw, 1024px\" title=\"\">\t\t\t\t\t\t\t\t\t\t\t\t\t\t\t<\/div>\n\t\t\t\t<\/div>\n\t\t\t\t<div class=\"elementor-element elementor-element-cdf8d69 color-scheme-inherit text-left elementor-widget elementor-widget-text-editor\" data-id=\"cdf8d69\" data-element_type=\"widget\" data-e-type=\"widget\" data-widget_type=\"text-editor.default\">\n\t\t\t\t<div class=\"elementor-widget-container\">\n\t\t\t\t\t\t\t\t\t<p data-start=\"975\" data-end=\"1183\">Ibiza \u00e8 calma, autentica e stimolante. Al di l\u00e0 della sua famosa reputazione, l&#8217;isola \u00e8 nota per la natura, la vita locale, le piccole spiagge e il ritmo lento, perfetto per l&#8217;apprendimento mirato e le esperienze significative. <\/p>\t\t\t\t\t\t\t\t<\/div>\n\t\t\t\t<\/div>\n\t\t\t\t<\/div>\n\t\t\t\t\t<\/div>\n\t\t\t\t<\/div>\n\t\t<div class=\"elementor-element elementor-element-b820502 e-flex e-con-boxed e-con e-parent\" data-id=\"b820502\" data-element_type=\"container\" data-e-type=\"container\">\n\t\t\t\t\t<div class=\"e-con-inner\">\n\t\t\t\t<div class=\"elementor-element elementor-element-041e7ff elementor-widget elementor-widget-spacer\" data-id=\"041e7ff\" data-element_type=\"widget\" data-e-type=\"widget\" data-widget_type=\"spacer.default\">\n\t\t\t\t<div class=\"elementor-widget-container\">\n\t\t\t\t\t\t\t<div class=\"elementor-spacer\">\n\t\t\t<div class=\"elementor-spacer-inner\"><\/div>\n\t\t<\/div>\n\t\t\t\t\t\t<\/div>\n\t\t\t\t<\/div>\n\t\t\t\t\t<\/div>\n\t\t\t\t<\/div>\n\t\t<div class=\"elementor-element elementor-element-0a782e5 e-flex e-con-boxed e-con e-parent\" data-id=\"0a782e5\" data-element_type=\"container\" data-e-type=\"container\">\n\t\t\t\t\t<div class=\"e-con-inner\">\n\t\t\t\t<div class=\"elementor-element elementor-element-04aae9f elementor-widget elementor-widget-heading\" data-id=\"04aae9f\" data-element_type=\"widget\" data-e-type=\"widget\" data-widget_type=\"heading.default\">\n\t\t\t\t<div class=\"elementor-widget-container\">\n\t\t\t\t\t<h2 class=\"elementor-heading-title elementor-size-default\">Con il Programma Island Hopper non dovrai scegliere.<\/h2>\t\t\t\t<\/div>\n\t\t\t\t<\/div>\n\t\t\t\t\t<\/div>\n\t\t\t\t<\/div>\n\t\t<div class=\"elementor-element elementor-element-ace3a57 e-flex e-con-boxed e-con e-parent\" data-id=\"ace3a57\" data-element_type=\"container\" data-e-type=\"container\">\n\t\t\t\t\t<div class=\"e-con-inner\">\n\t\t\t\t<div class=\"elementor-element elementor-element-0e42759 elementor-widget elementor-widget-spacer\" data-id=\"0e42759\" data-element_type=\"widget\" data-e-type=\"widget\" data-widget_type=\"spacer.default\">\n\t\t\t\t<div class=\"elementor-widget-container\">\n\t\t\t\t\t\t\t<div class=\"elementor-spacer\">\n\t\t\t<div class=\"elementor-spacer-inner\"><\/div>\n\t\t<\/div>\n\t\t\t\t\t\t<\/div>\n\t\t\t\t<\/div>\n\t\t\t\t\t<\/div>\n\t\t\t\t<\/div>\n\t\t<div class=\"elementor-element elementor-element-248426b e-flex e-con-boxed e-con e-parent\" data-id=\"248426b\" data-element_type=\"container\" data-e-type=\"container\">\n\t\t\t\t\t<div class=\"e-con-inner\">\n\t\t<div class=\"elementor-element elementor-element-a69f61c e-con-full e-flex e-con e-child\" data-id=\"a69f61c\" data-element_type=\"container\" data-e-type=\"container\">\n\t\t\t\t<div class=\"elementor-element elementor-element-c2f2742 color-scheme-inherit text-left elementor-widget elementor-widget-text-editor\" data-id=\"c2f2742\" data-element_type=\"widget\" data-e-type=\"widget\" data-widget_type=\"text-editor.default\">\n\t\t\t\t<div class=\"elementor-widget-container\">\n\t\t\t\t\t\t\t\t\t<h3 data-start=\"1346\" data-end=\"1370\">Cosa rimane invariato:<\/h3><ul data-start=\"1371\" data-end=\"1490\"><li data-start=\"1371\" data-end=\"1406\"><p data-start=\"1373\" data-end=\"1406\">Il tuo livello di spagnolo e i tuoi progressi<\/p><\/li><li data-start=\"1407\" data-end=\"1431\"><p data-start=\"1409\" data-end=\"1431\">Metodologia di insegnamento<\/p><\/li><li data-start=\"1432\" data-end=\"1452\"><p data-start=\"1434\" data-end=\"1452\">Materiale del corso<\/p><\/li><li data-start=\"1453\" data-end=\"1490\"><p data-start=\"1455\" data-end=\"1490\">Coordinamento e supporto accademico<\/p><\/li><\/ul><p data-start=\"1492\" data-end=\"1543\">Cambierai semplicemente le isole, non il tuo flusso di apprendimento.<\/p>\t\t\t\t\t\t\t\t<\/div>\n\t\t\t\t<\/div>\n\t\t\t\t<div class=\"elementor-element elementor-element-200a2bc elementor-widget elementor-widget-image\" data-id=\"200a2bc\" data-element_type=\"widget\" data-e-type=\"widget\" data-widget_type=\"image.default\">\n\t\t\t\t<div class=\"elementor-widget-container\">\n\t\t\t\t\t\t\t\t\t\t\t\t\t\t\t<img decoding=\"async\" width=\"1024\" height=\"1024\" src=\"https:\/\/maxxinstitutes.com\/wp-content\/uploads\/2025\/12\/1-1-1024x1024.png\" class=\"attachment-large size-large wp-image-26550\" alt=\"\" srcset=\"https:\/\/maxxinstitutes.com\/wp-content\/uploads\/2025\/12\/1-1-1024x1024.png 1024w, https:\/\/maxxinstitutes.com\/wp-content\/uploads\/2025\/12\/1-1-300x300.png 300w, https:\/\/maxxinstitutes.com\/wp-content\/uploads\/2025\/12\/1-1-150x150.png 150w, https:\/\/maxxinstitutes.com\/wp-content\/uploads\/2025\/12\/1-1-768x768.png 768w, https:\/\/maxxinstitutes.com\/wp-content\/uploads\/2025\/12\/1-1-600x600.png 600w, https:\/\/maxxinstitutes.com\/wp-content\/uploads\/2025\/12\/1-1.png 1080w\" sizes=\"(max-width: 1024px) 100vw, 1024px\" title=\"\">\t\t\t\t\t\t\t\t\t\t\t\t\t\t\t<\/div>\n\t\t\t\t<\/div>\n\t\t\t\t<\/div>\n\t\t<div class=\"elementor-element elementor-element-e9eaa6d e-con-full e-flex e-con e-child\" data-id=\"e9eaa6d\" data-element_type=\"container\" data-e-type=\"container\">\n\t\t\t\t<div class=\"elementor-element elementor-element-3b1a5b5 color-scheme-inherit text-left elementor-widget elementor-widget-text-editor\" data-id=\"3b1a5b5\" data-element_type=\"widget\" data-e-type=\"widget\" data-widget_type=\"text-editor.default\">\n\t\t\t\t<div class=\"elementor-widget-container\">\n\t\t\t\t\t\t\t\t\t<h2 data-start=\"1550\" data-end=\"1571\">Cosa \u00e8 incluso<\/h2><ul data-start=\"1573\" data-end=\"2135\"><li data-start=\"1573\" data-end=\"1661\"><p data-start=\"1575\" data-end=\"1661\"><strong data-start=\"1575\" data-end=\"1603\">Corso intensivo di spagnolo<\/strong><br data-start=\"1603\" data-end=\"1606\">20 lezioni settimanali a Palma di Maiorca e\/o Ibiza<\/p><\/li><li data-start=\"1663\" data-end=\"1766\"><p data-start=\"1665\" data-end=\"1766\"><strong data-start=\"1665\" data-end=\"1696\">Combinazione flessibile di isole<\/strong><br data-start=\"1696\" data-end=\"1699\">Inizia a Maiorca e continua a Ibiza &#8211; o viceversa<\/p><\/li><li data-start=\"1768\" data-end=\"1863\"><p data-start=\"1770\" data-end=\"1863\"><strong data-start=\"1770\" data-end=\"1805\">Attivit\u00e0 di benvenuto su ogni isola<\/strong><br data-start=\"1805\" data-end=\"1808\">Fai conoscenza con il nuovo ambiente e con i tuoi compagni di corso<\/p><\/li><li data-start=\"1865\" data-end=\"1927\"><p data-start=\"1867\" data-end=\"1927\"><strong data-start=\"1867\" data-end=\"1889\">Certificato del corso<\/strong><br data-start=\"1889\" data-end=\"1892\">Rilasciato alla fine del programma.<\/p><\/li><li data-start=\"1929\" data-end=\"2040\"><p data-start=\"1931\" data-end=\"2040\"><strong data-start=\"1931\" data-end=\"1951\">Supporto personale<\/strong><br data-start=\"1951\" data-end=\"1954\">Il nostro team coordina il tuo cambio di isola e ti supporta prima e durante il soggiorno.<\/p><\/li><li data-start=\"2042\" data-end=\"2135\"><p data-start=\"2044\" data-end=\"2135\"><strong data-start=\"2044\" data-end=\"2069\">Opzioni di alloggio<\/strong><br data-start=\"2069\" data-end=\"2072\">Puoi prenotare l&#8217;alloggio tramite gli Istituti MAXX o sceglierne uno tuo.<\/p><\/li><\/ul>\t\t\t\t\t\t\t\t<\/div>\n\t\t\t\t<\/div>\n\t\t\t\t<\/div>\n\t\t\t\t\t<\/div>\n\t\t\t\t<\/div>\n\t\t<div class=\"elementor-element elementor-element-4b6dc27 e-flex e-con-boxed e-con e-parent\" data-id=\"4b6dc27\" data-element_type=\"container\" data-e-type=\"container\">\n\t\t\t\t\t<div class=\"e-con-inner\">\n\t\t\t\t<div class=\"elementor-element elementor-element-64042a8 elementor-widget elementor-widget-spacer\" data-id=\"64042a8\" data-element_type=\"widget\" data-e-type=\"widget\" data-widget_type=\"spacer.default\">\n\t\t\t\t<div class=\"elementor-widget-container\">\n\t\t\t\t\t\t\t<div class=\"elementor-spacer\">\n\t\t\t<div class=\"elementor-spacer-inner\"><\/div>\n\t\t<\/div>\n\t\t\t\t\t\t<\/div>\n\t\t\t\t<\/div>\n\t\t\t\t\t<\/div>\n\t\t\t\t<\/div>\n\t\t<div class=\"elementor-element elementor-element-a505d58 e-con-full e-flex e-con e-parent\" data-id=\"a505d58\" data-element_type=\"container\" data-e-type=\"container\" data-settings=\"{&quot;background_background&quot;:&quot;classic&quot;}\">\n\t\t\t\t<div class=\"elementor-element elementor-element-2fa11fa elementor-widget elementor-widget-heading\" data-id=\"2fa11fa\" data-element_type=\"widget\" data-e-type=\"widget\" data-widget_type=\"heading.default\">\n\t\t\t\t<div class=\"elementor-widget-container\">\n\t\t\t\t\t<h2 class=\"elementor-heading-title elementor-size-default\">Voucher di viaggio incluso: \u20ac47 per il tuo trasferimento sull'isola<\/h2>\t\t\t\t<\/div>\n\t\t\t\t<\/div>\n\t\t\t\t<div class=\"elementor-element elementor-element-6e69b30 color-scheme-inherit text-left elementor-widget elementor-widget-text-editor\" data-id=\"6e69b30\" data-element_type=\"widget\" data-e-type=\"widget\" data-widget_type=\"text-editor.default\">\n\t\t\t\t<div class=\"elementor-widget-container\">\n\t\t\t\t\t\t\t\t\t<p data-start=\"2202\" data-end=\"2325\">Per rendere ancora pi\u00f9 semplice il tuo cambio di isola, gli studenti che scelgono il <strong data-start=\"2266\" data-end=\"2291\">Programma Island Hopper<\/strong> ricevono un <strong data-start=\"2302\" data-end=\"2324\">buono viaggio di 47\u20ac<\/strong>.<\/p><h3 data-start=\"2327\" data-end=\"2344\">Come funziona:<\/h3><ul data-start=\"2345\" data-end=\"2543\"><li data-start=\"2345\" data-end=\"2405\"><p data-start=\"2347\" data-end=\"2405\">Valido per il <strong data-start=\"2357\" data-end=\"2376\">traghetto o il volo<\/strong> tra Maiorca e Ibiza<\/p><\/li><li data-start=\"2406\" data-end=\"2447\"><p data-start=\"2408\" data-end=\"2447\">Scegli tu <strong data-start=\"2419\" data-end=\"2435\">come e quando<\/strong> viaggiare<\/p><\/li><li data-start=\"2448\" data-end=\"2489\"><p data-start=\"2450\" data-end=\"2489\">Se necessario, forniamo una guida alla prenotazione<\/p><\/li><li data-start=\"2490\" data-end=\"2543\"><p data-start=\"2492\" data-end=\"2543\">Il buono aiuta a coprire parte delle spese di viaggio<\/p><\/li><\/ul><p data-start=\"2545\" data-end=\"2604\"><strong data-start=\"2545\" data-end=\"2604\">Viaggerai in modo indipendente, ma non a tue spese.<\/strong><\/p>\t\t\t\t\t\t\t\t<\/div>\n\t\t\t\t<\/div>\n\t\t\t\t<\/div>\n\t\t<div class=\"elementor-element elementor-element-5310f53 e-flex e-con-boxed e-con e-parent\" data-id=\"5310f53\" data-element_type=\"container\" data-e-type=\"container\">\n\t\t\t\t\t<div class=\"e-con-inner\">\n\t\t\t\t<div class=\"elementor-element elementor-element-b743931 elementor-widget elementor-widget-spacer\" data-id=\"b743931\" data-element_type=\"widget\" data-e-type=\"widget\" data-widget_type=\"spacer.default\">\n\t\t\t\t<div class=\"elementor-widget-container\">\n\t\t\t\t\t\t\t<div class=\"elementor-spacer\">\n\t\t\t<div class=\"elementor-spacer-inner\"><\/div>\n\t\t<\/div>\n\t\t\t\t\t\t<\/div>\n\t\t\t\t<\/div>\n\t\t\t\t\t<\/div>\n\t\t\t\t<\/div>\n\t\t<div class=\"elementor-element elementor-element-16dcb0f e-flex e-con-boxed e-con e-parent\" data-id=\"16dcb0f\" data-element_type=\"container\" data-e-type=\"container\">\n\t\t\t\t\t<div class=\"e-con-inner\">\n\t\t<div class=\"elementor-element elementor-element-0b314eb e-con-full e-flex e-con e-child\" data-id=\"0b314eb\" data-element_type=\"container\" data-e-type=\"container\">\n\t\t\t\t<div class=\"elementor-element elementor-element-995952f elementor-widget elementor-widget-heading\" data-id=\"995952f\" data-element_type=\"widget\" data-e-type=\"widget\" data-widget_type=\"heading.default\">\n\t\t\t\t<div class=\"elementor-widget-container\">\n\t\t\t\t\t<h2 class=\"elementor-heading-title elementor-size-default\">Perch\u00e9 scegliere il programma Island Hopper?<\/h2>\t\t\t\t<\/div>\n\t\t\t\t<\/div>\n\t\t\t\t<div class=\"elementor-element elementor-element-4b8baca color-scheme-inherit text-left elementor-widget elementor-widget-text-editor\" data-id=\"4b8baca\" data-element_type=\"widget\" data-e-type=\"widget\" data-widget_type=\"text-editor.default\">\n\t\t\t\t<div class=\"elementor-widget-container\">\n\t\t\t\t\t\t\t\t\t<ul><li data-start=\"2658\" data-end=\"2693\">Due isole in un corso di spagnolo<\/li><li data-start=\"2658\" data-end=\"2693\">Una registrazione, un sistema accademico<\/li><li data-start=\"2658\" data-end=\"2693\">Nessuna interruzione del tuo percorso di apprendimento<\/li><li data-start=\"2658\" data-end=\"2693\">Pi\u00f9 variet\u00e0, pi\u00f9 ispirazione<\/li><li data-start=\"2658\" data-end=\"2693\">Un programma, doppia esperienza<\/li><li style=\"list-style-type: none;\"> <\/li><\/ul>\t\t\t\t\t\t\t\t<\/div>\n\t\t\t\t<\/div>\n\t\t\t\t<\/div>\n\t\t<div class=\"elementor-element elementor-element-2c202ad e-con-full e-flex e-con e-child\" data-id=\"2c202ad\" data-element_type=\"container\" data-e-type=\"container\">\n\t\t\t\t<div class=\"elementor-element elementor-element-1dfa583 elementor-widget elementor-widget-image\" data-id=\"1dfa583\" data-element_type=\"widget\" data-e-type=\"widget\" data-widget_type=\"image.default\">\n\t\t\t\t<div class=\"elementor-widget-container\">\n\t\t\t\t\t\t\t\t\t\t\t\t\t\t\t<img loading=\"lazy\" decoding=\"async\" width=\"1080\" height=\"1080\" src=\"https:\/\/maxxinstitutes.com\/wp-content\/uploads\/2025\/12\/2-1.png\" class=\"attachment-1536x1536 size-1536x1536 wp-image-26543\" alt=\"\" srcset=\"https:\/\/maxxinstitutes.com\/wp-content\/uploads\/2025\/12\/2-1.png 1080w, https:\/\/maxxinstitutes.com\/wp-content\/uploads\/2025\/12\/2-1-300x300.png 300w, https:\/\/maxxinstitutes.com\/wp-content\/uploads\/2025\/12\/2-1-1024x1024.png 1024w, https:\/\/maxxinstitutes.com\/wp-content\/uploads\/2025\/12\/2-1-150x150.png 150w, https:\/\/maxxinstitutes.com\/wp-content\/uploads\/2025\/12\/2-1-768x768.png 768w, https:\/\/maxxinstitutes.com\/wp-content\/uploads\/2025\/12\/2-1-600x600.png 600w\" sizes=\"(max-width: 1080px) 100vw, 1080px\" title=\"\">\t\t\t\t\t\t\t\t\t\t\t\t\t\t\t<\/div>\n\t\t\t\t<\/div>\n\t\t\t\t<\/div>\n\t\t\t\t<div class=\"elementor-element elementor-element-6c7cfeb elementor-widget__width-initial color-scheme-inherit text-left elementor-widget elementor-widget-text-editor\" data-id=\"6c7cfeb\" data-element_type=\"widget\" data-e-type=\"widget\" data-widget_type=\"text-editor.default\">\n\t\t\t\t<div class=\"elementor-widget-container\">\n\t\t\t\t\t\t\t\t\t<h2 data-start=\"2959\" data-end=\"2989\">A chi \u00e8 rivolto questo programma?<\/h2><p data-start=\"2991\" data-end=\"3030\">Il programma Island Hopper \u00e8 ideale per:<\/p><ul data-start=\"3031\" data-end=\"3219\"><li data-start=\"3031\" data-end=\"3075\"><p data-start=\"3033\" data-end=\"3075\">Studenti che soggiornano <strong data-start=\"3050\" data-end=\"3073\">per due o pi\u00f9 settimane<\/strong><\/p><\/li><li data-start=\"3076\" data-end=\"3121\"><p data-start=\"3078\" data-end=\"3121\">Studenti che vogliono variet\u00e0 e flessibilit\u00e0<\/p><\/li><li data-start=\"3122\" data-end=\"3168\"><p data-start=\"3124\" data-end=\"3168\">Viaggiatori che amano combinare le destinazioni<\/p><\/li><li data-start=\"3169\" data-end=\"3219\"><p data-start=\"3171\" data-end=\"3219\">Chiunque cerchi pi\u00f9 di un luogo<\/p><\/li><\/ul>\t\t\t\t\t\t\t\t<\/div>\n\t\t\t\t<\/div>\n\t\t\t\t\t<\/div>\n\t\t\t\t<\/div>\n\t\t\t\t<\/div>\n\t\t","protected":false},"excerpt":{"rendered":"<p>Programma Island Hopper Maiorca e Ibiza &#8211; Due isole. Un&#8217;unica esperienza spagnola. Perch\u00e9 scegliere solo un&#8217;isola quando puoi viverle entrambe?<\/p>\n","protected":false},"author":4,"featured_media":0,"parent":0,"menu_order":0,"comment_status":"closed","ping_status":"closed","template":"","meta":{"two_page_speed":[],"footnotes":""},"class_list":["post-26484","page","type-page","status-publish","hentry"],"_links":{"self":[{"href":"https:\/\/maxxinstitutes.com\/it\/wp-json\/wp\/v2\/pages\/26484","targetHints":{"allow":["GET"]}}],"collection":[{"href":"https:\/\/maxxinstitutes.com\/it\/wp-json\/wp\/v2\/pages"}],"about":[{"href":"https:\/\/maxxinstitutes.com\/it\/wp-json\/wp\/v2\/types\/page"}],"author":[{"embeddable":true,"href":"https:\/\/maxxinstitutes.com\/it\/wp-json\/wp\/v2\/users\/4"}],"replies":[{"embeddable":true,"href":"https:\/\/maxxinstitutes.com\/it\/wp-json\/wp\/v2\/comments?post=26484"}],"version-history":[{"count":3,"href":"https:\/\/maxxinstitutes.com\/it\/wp-json\/wp\/v2\/pages\/26484\/revisions"}],"predecessor-version":[{"id":27201,"href":"https:\/\/maxxinstitutes.com\/it\/wp-json\/wp\/v2\/pages\/26484\/revisions\/27201"}],"wp:attachment":[{"href":"https:\/\/maxxinstitutes.com\/it\/wp-json\/wp\/v2\/media?parent=26484"}],"curies":[{"name":"wp","href":"https:\/\/api.w.org\/{rel}","templated":true}]}}