{"id":24301,"date":"2025-05-13T21:44:55","date_gmt":"2025-05-13T21:44:55","guid":{"rendered":"https:\/\/maxxinstitutes.com\/parcheggio-ibiza\/"},"modified":"2025-05-20T05:54:35","modified_gmt":"2025-05-20T05:54:35","slug":"parcheggio-ibiza","status":"publish","type":"page","link":"https:\/\/maxxinstitutes.com\/it\/parcheggio-ibiza\/","title":{"rendered":"Parcheggio Ibiza"},"content":{"rendered":"\t\t<div data-elementor-type=\"wp-page\" data-elementor-id=\"24301\" class=\"elementor elementor-24301 elementor-23999\" data-elementor-post-type=\"page\">\n\t\t\t\t<div class=\"elementor-element elementor-element-5224358 e-flex e-con-boxed e-con e-parent\" data-id=\"5224358\" data-element_type=\"container\" data-e-type=\"container\">\n\t\t\t\t\t<div class=\"e-con-inner\">\n\t\t\t\t<div class=\"elementor-element elementor-element-444bbbd elementor-widget elementor-widget-heading\" data-id=\"444bbbd\" data-element_type=\"widget\" data-e-type=\"widget\" data-widget_type=\"heading.default\">\n\t\t\t\t<div class=\"elementor-widget-container\">\n\t\t\t\t\t<h1 class=\"elementor-heading-title elementor-size-default\">Dove parcheggiare vicino all'Instituto de Idiomas Ibiza<\/h1>\t\t\t\t<\/div>\n\t\t\t\t<\/div>\n\t\t\t\t<div class=\"elementor-element elementor-element-3595b3f elementor-widget elementor-widget-spacer\" data-id=\"3595b3f\" data-element_type=\"widget\" data-e-type=\"widget\" data-widget_type=\"spacer.default\">\n\t\t\t\t<div class=\"elementor-widget-container\">\n\t\t\t\t\t\t\t<div class=\"elementor-spacer\">\n\t\t\t<div class=\"elementor-spacer-inner\"><\/div>\n\t\t<\/div>\n\t\t\t\t\t\t<\/div>\n\t\t\t\t<\/div>\n\t\t\t\t\t<\/div>\n\t\t\t\t<\/div>\n\t\t<div class=\"elementor-element elementor-element-cc5017e e-flex e-con-boxed e-con e-parent\" data-id=\"cc5017e\" data-element_type=\"container\" data-e-type=\"container\">\n\t\t\t\t\t<div class=\"e-con-inner\">\n\t\t<div class=\"elementor-element elementor-element-384d7a4 e-con-full e-flex e-con e-child\" data-id=\"384d7a4\" data-element_type=\"container\" data-e-type=\"container\">\n\t\t\t\t<div class=\"elementor-element elementor-element-6502d5a elementor-widget elementor-widget-heading\" data-id=\"6502d5a\" data-element_type=\"widget\" data-e-type=\"widget\" data-widget_type=\"heading.default\">\n\t\t\t\t<div class=\"elementor-widget-container\">\n\t\t\t\t\t<h2 class=\"elementor-heading-title elementor-size-default\">Parcheggio a pagamento - Parcheggio Es Pratet<\/h2>\t\t\t\t<\/div>\n\t\t\t\t<\/div>\n\t\t\t\t<div class=\"elementor-element elementor-element-9750b8d color-scheme-inherit text-left elementor-widget elementor-widget-text-editor\" data-id=\"9750b8d\" data-element_type=\"widget\" data-e-type=\"widget\" data-widget_type=\"text-editor.default\">\n\t\t\t\t<div class=\"elementor-widget-container\">\n\t\t\t\t\t\t\t\t\t<p>Venendo da San Antonio, gira a sinistra quando superi la scuola e trova il parcheggio<br>alla tua sinistra, alla fine della strada.<\/p>\n<p>Arrivando da Santa Eulalia, vedrai il porto sulla sinistra quando entrerai nella citt\u00e0 di Ibiza. Gira a destra presso il concessionario Nautica Ereso, all&#8217;ingresso della citt\u00e0 di Ibiza. <\/p>\n<p>\u00c8 il parcheggio pi\u00f9 grande della citt\u00e0 di Ibiza e si trova proprio dietro l&#8217;edificio scolastico. Il prezzo varia tra i 3\u20ac e i 5\u20ac a seconda dell&#8217;ora del giorno, del periodo dell&#8217;anno e se si tratta di un giorno feriale o del fine settimana. C&#8217;\u00e8 sempre posto e in 3 minuti sei all&#8217;ingresso della scuola.  <\/p>\t\t\t\t\t\t\t\t<\/div>\n\t\t\t\t<\/div>\n\t\t\t\t<\/div>\n\t\t<div class=\"elementor-element elementor-element-1c6631d e-con-full e-flex e-con e-child\" data-id=\"1c6631d\" data-element_type=\"container\" data-e-type=\"container\">\n\t\t\t\t<div class=\"elementor-element elementor-element-5cd6dc5 elementor-widget elementor-widget-image\" data-id=\"5cd6dc5\" data-element_type=\"widget\" data-e-type=\"widget\" data-widget_type=\"image.default\">\n\t\t\t\t<div class=\"elementor-widget-container\">\n\t\t\t\t\t\t\t\t\t\t\t\t\t\t\t<img fetchpriority=\"high\" decoding=\"async\" width=\"528\" height=\"207\" src=\"https:\/\/maxxinstitutes.com\/wp-content\/uploads\/2025\/05\/Screenshot-2025-05-13-at-16.50.52.png\" class=\"attachment-large size-large wp-image-24006\" alt=\"\" srcset=\"https:\/\/maxxinstitutes.com\/wp-content\/uploads\/2025\/05\/Screenshot-2025-05-13-at-16.50.52.png 528w, https:\/\/maxxinstitutes.com\/wp-content\/uploads\/2025\/05\/Screenshot-2025-05-13-at-16.50.52-300x118.png 300w, https:\/\/maxxinstitutes.com\/wp-content\/uploads\/2025\/05\/Screenshot-2025-05-13-at-16.50.52-150x59.png 150w\" sizes=\"(max-width: 528px) 100vw, 528px\" title=\"\">\t\t\t\t\t\t\t\t\t\t\t\t\t\t\t<\/div>\n\t\t\t\t<\/div>\n\t\t\t\t<\/div>\n\t\t\t\t\t<\/div>\n\t\t\t\t<\/div>\n\t\t<div class=\"elementor-element elementor-element-013b3b5 e-flex e-con-boxed e-con e-parent\" data-id=\"013b3b5\" data-element_type=\"container\" data-e-type=\"container\">\n\t\t\t\t\t<div class=\"e-con-inner\">\n\t\t<div class=\"elementor-element elementor-element-5613c2c e-con-full e-flex e-con e-child\" data-id=\"5613c2c\" data-element_type=\"container\" data-e-type=\"container\">\n\t\t\t\t<div class=\"elementor-element elementor-element-cde9765 elementor-widget elementor-widget-image\" data-id=\"cde9765\" data-element_type=\"widget\" data-e-type=\"widget\" data-widget_type=\"image.default\">\n\t\t\t\t<div class=\"elementor-widget-container\">\n\t\t\t\t\t\t\t\t\t\t\t\t\t\t\t<img decoding=\"async\" width=\"570\" height=\"313\" src=\"https:\/\/maxxinstitutes.com\/wp-content\/uploads\/2025\/05\/Screenshot-2025-05-13-at-16.51.00.png\" class=\"attachment-large size-large wp-image-24013\" alt=\"\" srcset=\"https:\/\/maxxinstitutes.com\/wp-content\/uploads\/2025\/05\/Screenshot-2025-05-13-at-16.51.00.png 570w, https:\/\/maxxinstitutes.com\/wp-content\/uploads\/2025\/05\/Screenshot-2025-05-13-at-16.51.00-300x165.png 300w, https:\/\/maxxinstitutes.com\/wp-content\/uploads\/2025\/05\/Screenshot-2025-05-13-at-16.51.00-150x82.png 150w\" sizes=\"(max-width: 570px) 100vw, 570px\" title=\"\">\t\t\t\t\t\t\t\t\t\t\t\t\t\t\t<\/div>\n\t\t\t\t<\/div>\n\t\t\t\t<\/div>\n\t\t<div class=\"elementor-element elementor-element-d16c7b0 e-con-full e-flex e-con e-child\" data-id=\"d16c7b0\" data-element_type=\"container\" data-e-type=\"container\">\n\t\t\t\t<div class=\"elementor-element elementor-element-1aa05e0 elementor-widget elementor-widget-heading\" data-id=\"1aa05e0\" data-element_type=\"widget\" data-e-type=\"widget\" data-widget_type=\"heading.default\">\n\t\t\t\t<div class=\"elementor-widget-container\">\n\t\t\t\t\t<h2 class=\"elementor-heading-title elementor-size-default\">Parcheggio gratuito - Recinto Ferial<\/h2>\t\t\t\t<\/div>\n\t\t\t\t<\/div>\n\t\t\t\t<div class=\"elementor-element elementor-element-04a424f color-scheme-inherit text-left elementor-widget elementor-widget-text-editor\" data-id=\"04a424f\" data-element_type=\"widget\" data-e-type=\"widget\" data-widget_type=\"text-editor.default\">\n\t\t\t\t<div class=\"elementor-widget-container\">\n\t\t\t\t\t\t\t\t\t<p>Si tratta di un parcheggio gratuito presso la fiera. Si trova a 7 minuti a piedi dalla scuola (550 m, fonte: Google Maps). <br><br>Provenendo da San Antonio, prendi l&#8217;uscita per Recinto Ferial Cas Dominguets Free Parking. Venendo da Santa Eulalia, gira a San Antonio e dopo la rotonda prendi l&#8217;uscita per Recinto Ferial Cas Dominguets Free Parking. <\/p>\t\t\t\t\t\t\t\t<\/div>\n\t\t\t\t<\/div>\n\t\t\t\t<\/div>\n\t\t\t\t\t<\/div>\n\t\t\t\t<\/div>\n\t\t\t\t<\/div>\n\t\t","protected":false},"excerpt":{"rendered":"<p>Dove parcheggiare vicino all&#8217;Instituto de Idiomas Ibiza Parcheggio a pagamento &#8211; Parcheggio Es Pratet Venendo da San Antonio, gira a<\/p>\n","protected":false},"author":4,"featured_media":0,"parent":0,"menu_order":0,"comment_status":"closed","ping_status":"closed","template":"","meta":{"two_page_speed":[],"footnotes":""},"class_list":["post-24301","page","type-page","status-publish","hentry"],"_links":{"self":[{"href":"https:\/\/maxxinstitutes.com\/it\/wp-json\/wp\/v2\/pages\/24301","targetHints":{"allow":["GET"]}}],"collection":[{"href":"https:\/\/maxxinstitutes.com\/it\/wp-json\/wp\/v2\/pages"}],"about":[{"href":"https:\/\/maxxinstitutes.com\/it\/wp-json\/wp\/v2\/types\/page"}],"author":[{"embeddable":true,"href":"https:\/\/maxxinstitutes.com\/it\/wp-json\/wp\/v2\/users\/4"}],"replies":[{"embeddable":true,"href":"https:\/\/maxxinstitutes.com\/it\/wp-json\/wp\/v2\/comments?post=24301"}],"version-history":[{"count":1,"href":"https:\/\/maxxinstitutes.com\/it\/wp-json\/wp\/v2\/pages\/24301\/revisions"}],"predecessor-version":[{"id":24302,"href":"https:\/\/maxxinstitutes.com\/it\/wp-json\/wp\/v2\/pages\/24301\/revisions\/24302"}],"wp:attachment":[{"href":"https:\/\/maxxinstitutes.com\/it\/wp-json\/wp\/v2\/media?parent=24301"}],"curies":[{"name":"wp","href":"https:\/\/api.w.org\/{rel}","templated":true}]}}