{"id":24265,"date":"2025-05-19T22:33:02","date_gmt":"2025-05-19T22:33:02","guid":{"rendered":"https:\/\/maxxinstitutes.com\/i-nostri-studenti-ibiza\/"},"modified":"2025-05-20T05:19:37","modified_gmt":"2025-05-20T05:19:37","slug":"i-nostri-studenti-ibiza","status":"publish","type":"page","link":"https:\/\/maxxinstitutes.com\/it\/i-nostri-studenti-ibiza\/","title":{"rendered":"I nostri studenti Ibiza"},"content":{"rendered":"\t\t<div data-elementor-type=\"wp-page\" data-elementor-id=\"24265\" class=\"elementor elementor-24265 elementor-24164\" data-elementor-post-type=\"page\">\n\t\t\t\t<div class=\"elementor-element elementor-element-5f67786 e-flex e-con-boxed e-con e-parent\" data-id=\"5f67786\" data-element_type=\"container\" data-e-type=\"container\">\n\t\t\t\t\t<div class=\"e-con-inner\">\n\t\t\t\t<div class=\"elementor-element elementor-element-4a85ac7 elementor-widget elementor-widget-heading\" data-id=\"4a85ac7\" data-element_type=\"widget\" data-e-type=\"widget\" data-widget_type=\"heading.default\">\n\t\t\t\t<div class=\"elementor-widget-container\">\n\t\t\t\t\t<h2 class=\"elementor-heading-title elementor-size-default\">cosa dicono i nostri studenti<\/h2>\t\t\t\t<\/div>\n\t\t\t\t<\/div>\n\t\t\t\t\t<\/div>\n\t\t\t\t<\/div>\n\t\t<div class=\"elementor-element elementor-element-0c10dc4 e-flex e-con-boxed e-con e-parent\" data-id=\"0c10dc4\" data-element_type=\"container\" data-e-type=\"container\">\n\t\t\t\t\t<div class=\"e-con-inner\">\n\t\t<div class=\"elementor-element elementor-element-c07e105 e-con-full e-flex e-con e-child\" data-id=\"c07e105\" data-element_type=\"container\" data-e-type=\"container\">\n\t\t\t\t<div class=\"elementor-element elementor-element-9034d90 elementor-widget elementor-widget-video\" data-id=\"9034d90\" data-element_type=\"widget\" data-e-type=\"widget\" data-settings=\"{&quot;youtube_url&quot;:&quot;https:\\\/\\\/youtube.com\\\/shorts\\\/1wofFurkETo?si=bdaenpAQ1NYdy02U&quot;,&quot;video_type&quot;:&quot;youtube&quot;,&quot;controls&quot;:&quot;yes&quot;}\" data-widget_type=\"video.default\">\n\t\t\t\t<div class=\"elementor-widget-container\">\n\t\t\t\t\t\t\t<div class=\"elementor-wrapper elementor-open-inline\">\n\t\t\t<div class=\"elementor-video\"><\/div>\t\t<\/div>\n\t\t\t\t\t\t<\/div>\n\t\t\t\t<\/div>\n\t\t\t\t<\/div>\n\t\t<div class=\"elementor-element elementor-element-e266525 e-con-full e-flex e-con e-child\" data-id=\"e266525\" data-element_type=\"container\" data-e-type=\"container\">\n\t\t\t\t<div class=\"elementor-element elementor-element-f2b6264 elementor-widget elementor-widget-video\" data-id=\"f2b6264\" data-element_type=\"widget\" data-e-type=\"widget\" data-settings=\"{&quot;youtube_url&quot;:&quot;https:\\\/\\\/youtube.com\\\/shorts\\\/HQKAVUI1H_o?si=04xsRWeNV5AlgGbC&quot;,&quot;video_type&quot;:&quot;youtube&quot;,&quot;controls&quot;:&quot;yes&quot;}\" data-widget_type=\"video.default\">\n\t\t\t\t<div class=\"elementor-widget-container\">\n\t\t\t\t\t\t\t<div class=\"elementor-wrapper elementor-open-inline\">\n\t\t\t<div class=\"elementor-video\"><\/div>\t\t<\/div>\n\t\t\t\t\t\t<\/div>\n\t\t\t\t<\/div>\n\t\t\t\t<\/div>\n\t\t<div class=\"elementor-element elementor-element-6fe97e9 e-con-full e-flex e-con e-child\" data-id=\"6fe97e9\" data-element_type=\"container\" data-e-type=\"container\">\n\t\t\t\t<div class=\"elementor-element elementor-element-ab2f268 elementor-widget elementor-widget-video\" data-id=\"ab2f268\" data-element_type=\"widget\" data-e-type=\"widget\" data-settings=\"{&quot;youtube_url&quot;:&quot;https:\\\/\\\/youtu.be\\\/fh9mGkgjopc?si=bLVvKnsWmAmMMwO9&quot;,&quot;video_type&quot;:&quot;youtube&quot;,&quot;controls&quot;:&quot;yes&quot;}\" data-widget_type=\"video.default\">\n\t\t\t\t<div class=\"elementor-widget-container\">\n\t\t\t\t\t\t\t<div class=\"elementor-wrapper elementor-open-inline\">\n\t\t\t<div class=\"elementor-video\"><\/div>\t\t<\/div>\n\t\t\t\t\t\t<\/div>\n\t\t\t\t<\/div>\n\t\t\t\t<\/div>\n\t\t<div class=\"elementor-element elementor-element-ecc8d6c e-con-full e-flex e-con e-child\" data-id=\"ecc8d6c\" data-element_type=\"container\" data-e-type=\"container\">\n\t\t\t\t<div class=\"elementor-element elementor-element-b8cf711 elementor-widget elementor-widget-video\" data-id=\"b8cf711\" data-element_type=\"widget\" data-e-type=\"widget\" data-settings=\"{&quot;youtube_url&quot;:&quot;https:\\\/\\\/youtube.com\\\/shorts\\\/N7Iewjs53V8?si=gpJ7ksn21uFvnNJH&quot;,&quot;video_type&quot;:&quot;youtube&quot;,&quot;controls&quot;:&quot;yes&quot;}\" data-widget_type=\"video.default\">\n\t\t\t\t<div class=\"elementor-widget-container\">\n\t\t\t\t\t\t\t<div class=\"elementor-wrapper elementor-open-inline\">\n\t\t\t<div class=\"elementor-video\"><\/div>\t\t<\/div>\n\t\t\t\t\t\t<\/div>\n\t\t\t\t<\/div>\n\t\t\t\t<\/div>\n\t\t\t\t\t<\/div>\n\t\t\t\t<\/div>\n\t\t<div class=\"elementor-element elementor-element-87eaf74 e-flex e-con-boxed e-con e-parent\" data-id=\"87eaf74\" data-element_type=\"container\" data-e-type=\"container\">\n\t\t\t\t\t<div class=\"e-con-inner\">\n\t\t<div class=\"elementor-element elementor-element-07a8ec7 e-con-full e-flex e-con e-child\" data-id=\"07a8ec7\" data-element_type=\"container\" data-e-type=\"container\">\n\t\t\t\t<div class=\"elementor-element elementor-element-8980055 elementor-widget elementor-widget-video\" data-id=\"8980055\" data-element_type=\"widget\" data-e-type=\"widget\" data-settings=\"{&quot;youtube_url&quot;:&quot;https:\\\/\\\/youtube.com\\\/shorts\\\/51PFn5klY4Y?si=1MTeCCt6zsFTcKgD&quot;,&quot;video_type&quot;:&quot;youtube&quot;,&quot;controls&quot;:&quot;yes&quot;}\" data-widget_type=\"video.default\">\n\t\t\t\t<div class=\"elementor-widget-container\">\n\t\t\t\t\t\t\t<div class=\"elementor-wrapper elementor-open-inline\">\n\t\t\t<div class=\"elementor-video\"><\/div>\t\t<\/div>\n\t\t\t\t\t\t<\/div>\n\t\t\t\t<\/div>\n\t\t\t\t<\/div>\n\t\t<div class=\"elementor-element elementor-element-f718e2e e-con-full e-flex e-con e-child\" data-id=\"f718e2e\" data-element_type=\"container\" data-e-type=\"container\">\n\t\t\t\t<div class=\"elementor-element elementor-element-f919877 elementor-widget elementor-widget-video\" data-id=\"f919877\" data-element_type=\"widget\" data-e-type=\"widget\" data-settings=\"{&quot;youtube_url&quot;:&quot;https:\\\/\\\/youtu.be\\\/o8jYphi6QWA?si=RbPsTG1TjmajaUiR&quot;,&quot;video_type&quot;:&quot;youtube&quot;,&quot;controls&quot;:&quot;yes&quot;}\" data-widget_type=\"video.default\">\n\t\t\t\t<div class=\"elementor-widget-container\">\n\t\t\t\t\t\t\t<div class=\"elementor-wrapper elementor-open-inline\">\n\t\t\t<div class=\"elementor-video\"><\/div>\t\t<\/div>\n\t\t\t\t\t\t<\/div>\n\t\t\t\t<\/div>\n\t\t\t\t<\/div>\n\t\t\t\t\t<\/div>\n\t\t\t\t<\/div>\n\t\t<div class=\"elementor-element elementor-element-48a2e8c e-flex e-con-boxed e-con e-parent\" data-id=\"48a2e8c\" data-element_type=\"container\" data-e-type=\"container\">\n\t\t\t\t\t<div class=\"e-con-inner\">\n\t\t\t\t<div class=\"elementor-element elementor-element-6db5f83 elementor-widget elementor-widget-heading\" data-id=\"6db5f83\" data-element_type=\"widget\" data-e-type=\"widget\" data-widget_type=\"heading.default\">\n\t\t\t\t<div class=\"elementor-widget-container\">\n\t\t\t\t\t<h2 class=\"elementor-heading-title elementor-size-default\">Fascia d'et\u00e0  <\/h2>\t\t\t\t<\/div>\n\t\t\t\t<\/div>\n\t\t\t\t\t<\/div>\n\t\t\t\t<\/div>\n\t\t<div class=\"elementor-element elementor-element-8a3802d e-flex e-con-boxed e-con e-parent\" data-id=\"8a3802d\" data-element_type=\"container\" data-e-type=\"container\">\n\t\t\t\t\t<div class=\"e-con-inner\">\n\t\t<div class=\"elementor-element elementor-element-8996f24 e-con-full e-flex e-con e-child\" data-id=\"8996f24\" data-element_type=\"container\" data-e-type=\"container\">\n\t\t\t\t<div class=\"elementor-element elementor-element-05755f5 color-scheme-inherit text-left elementor-widget elementor-widget-text-editor\" data-id=\"05755f5\" data-element_type=\"widget\" data-e-type=\"widget\" data-widget_type=\"text-editor.default\">\n\t\t\t\t<div class=\"elementor-widget-container\">\n\t\t\t\t\t\t\t\t\t<p>L&#8217;et\u00e0 media dei nostri studenti \u00e8 di circa 35 anni, per tutto l&#8217;anno, e la maggior parte degli studenti ha un&#8217;et\u00e0 compresa tra i 20 e i 45 anni. Durante i mesi estivi &#8211; da giugno a settembre &#8211; un&#8217;ulteriore fascia d&#8217;et\u00e0 compresa tra i 18 e i 22 anni viene a studiare lo spagnolo a Ibiza, in quanto questi sono i mesi in cui di solito hanno tempo per viaggiare. Per questi motivi la nostra scuola riceve pi\u00f9 studenti da aprile a ottobre, mentre nei mesi invernali la scuola diventa pi\u00f9 tranquilla.  <\/p>\t\t\t\t\t\t\t\t<\/div>\n\t\t\t\t<\/div>\n\t\t\t\t<\/div>\n\t\t\t\t\t<\/div>\n\t\t\t\t<\/div>\n\t\t<div class=\"elementor-element elementor-element-36e9c77 e-flex e-con-boxed e-con e-parent\" data-id=\"36e9c77\" data-element_type=\"container\" data-e-type=\"container\">\n\t\t\t\t\t<div class=\"e-con-inner\">\n\t\t<div class=\"elementor-element elementor-element-cfe5ab5 e-con-full e-flex e-con e-child\" data-id=\"cfe5ab5\" data-element_type=\"container\" data-e-type=\"container\">\n\t\t<div class=\"elementor-element elementor-element-bcf9b44 e-con-full e-flex e-con e-child\" data-id=\"bcf9b44\" data-element_type=\"container\" data-e-type=\"container\">\n\t\t\t\t<div class=\"elementor-element elementor-element-017432e elementor-widget elementor-widget-image\" data-id=\"017432e\" data-element_type=\"widget\" data-e-type=\"widget\" data-widget_type=\"image.default\">\n\t\t\t\t<div class=\"elementor-widget-container\">\n\t\t\t\t\t\t\t\t\t\t\t\t\t\t\t<img fetchpriority=\"high\" decoding=\"async\" width=\"300\" height=\"300\" src=\"https:\/\/maxxinstitutes.com\/wp-content\/uploads\/2025\/03\/1-1-300x300.png\" class=\"attachment-medium size-medium wp-image-22080\" alt=\"\" srcset=\"https:\/\/maxxinstitutes.com\/wp-content\/uploads\/2025\/03\/1-1-300x300.png 300w, https:\/\/maxxinstitutes.com\/wp-content\/uploads\/2025\/03\/1-1-1024x1024.png 1024w, https:\/\/maxxinstitutes.com\/wp-content\/uploads\/2025\/03\/1-1-150x150.png 150w, https:\/\/maxxinstitutes.com\/wp-content\/uploads\/2025\/03\/1-1-768x768.png 768w, https:\/\/maxxinstitutes.com\/wp-content\/uploads\/2025\/03\/1-1-600x600.png 600w, https:\/\/maxxinstitutes.com\/wp-content\/uploads\/2025\/03\/1-1.png 1080w\" sizes=\"(max-width: 300px) 100vw, 300px\" title=\"\">\t\t\t\t\t\t\t\t\t\t\t\t\t\t\t<\/div>\n\t\t\t\t<\/div>\n\t\t\t\t<\/div>\n\t\t<div class=\"elementor-element elementor-element-881b626 e-con-full e-flex e-con e-child\" data-id=\"881b626\" data-element_type=\"container\" data-e-type=\"container\">\n\t\t\t\t<div class=\"elementor-element elementor-element-c29e301 elementor-widget elementor-widget-image\" data-id=\"c29e301\" data-element_type=\"widget\" data-e-type=\"widget\" data-widget_type=\"image.default\">\n\t\t\t\t<div class=\"elementor-widget-container\">\n\t\t\t\t\t\t\t\t\t\t\t\t\t\t\t<img decoding=\"async\" width=\"300\" height=\"300\" src=\"https:\/\/maxxinstitutes.com\/wp-content\/uploads\/2025\/03\/2-1-300x300.png\" class=\"attachment-medium size-medium wp-image-22073\" alt=\"\" srcset=\"https:\/\/maxxinstitutes.com\/wp-content\/uploads\/2025\/03\/2-1-300x300.png 300w, https:\/\/maxxinstitutes.com\/wp-content\/uploads\/2025\/03\/2-1-1024x1024.png 1024w, https:\/\/maxxinstitutes.com\/wp-content\/uploads\/2025\/03\/2-1-150x150.png 150w, https:\/\/maxxinstitutes.com\/wp-content\/uploads\/2025\/03\/2-1-768x768.png 768w, https:\/\/maxxinstitutes.com\/wp-content\/uploads\/2025\/03\/2-1-600x600.png 600w, https:\/\/maxxinstitutes.com\/wp-content\/uploads\/2025\/03\/2-1.png 1080w\" sizes=\"(max-width: 300px) 100vw, 300px\" title=\"\">\t\t\t\t\t\t\t\t\t\t\t\t\t\t\t<\/div>\n\t\t\t\t<\/div>\n\t\t\t\t<\/div>\n\t\t\t\t<\/div>\n\t\t\t\t\t<\/div>\n\t\t\t\t<\/div>\n\t\t\t\t<\/div>\n\t\t","protected":false},"excerpt":{"rendered":"<p>cosa dicono i nostri studenti Fascia d&#8217;et\u00e0 L&#8217;et\u00e0 media dei nostri studenti \u00e8 di circa 35 anni, per tutto l&#8217;anno,<\/p>\n","protected":false},"author":4,"featured_media":0,"parent":0,"menu_order":0,"comment_status":"closed","ping_status":"closed","template":"","meta":{"two_page_speed":[],"footnotes":""},"class_list":["post-24265","page","type-page","status-publish","hentry"],"_links":{"self":[{"href":"https:\/\/maxxinstitutes.com\/it\/wp-json\/wp\/v2\/pages\/24265","targetHints":{"allow":["GET"]}}],"collection":[{"href":"https:\/\/maxxinstitutes.com\/it\/wp-json\/wp\/v2\/pages"}],"about":[{"href":"https:\/\/maxxinstitutes.com\/it\/wp-json\/wp\/v2\/types\/page"}],"author":[{"embeddable":true,"href":"https:\/\/maxxinstitutes.com\/it\/wp-json\/wp\/v2\/users\/4"}],"replies":[{"embeddable":true,"href":"https:\/\/maxxinstitutes.com\/it\/wp-json\/wp\/v2\/comments?post=24265"}],"version-history":[{"count":1,"href":"https:\/\/maxxinstitutes.com\/it\/wp-json\/wp\/v2\/pages\/24265\/revisions"}],"predecessor-version":[{"id":24266,"href":"https:\/\/maxxinstitutes.com\/it\/wp-json\/wp\/v2\/pages\/24265\/revisions\/24266"}],"wp:attachment":[{"href":"https:\/\/maxxinstitutes.com\/it\/wp-json\/wp\/v2\/media?parent=24265"}],"curies":[{"name":"wp","href":"https:\/\/api.w.org\/{rel}","templated":true}]}}