{"id":14692,"date":"2024-09-06T21:15:17","date_gmt":"2024-09-06T21:15:17","guid":{"rendered":"http:\/\/maxxinstitutes.com\/prenotazione\/"},"modified":"2025-03-05T05:37:07","modified_gmt":"2025-03-05T05:37:07","slug":"prenotazione","status":"publish","type":"page","link":"https:\/\/maxxinstitutes.com\/it\/prenotazione\/","title":{"rendered":"Prenotazione"},"content":{"rendered":"\t\t<div data-elementor-type=\"wp-page\" data-elementor-id=\"14692\" class=\"elementor elementor-14692 elementor-75\" data-elementor-post-type=\"page\">\n\t\t\t\t\t\t<section class=\"elementor-section elementor-top-section elementor-element elementor-element-5577a89 elementor-section-boxed elementor-section-height-default elementor-section-height-default\" data-id=\"5577a89\" data-element_type=\"section\" data-e-type=\"section\">\n\t\t\t\t\t\t<div class=\"elementor-container elementor-column-gap-default\">\n\t\t\t\t\t<div class=\"elementor-column elementor-col-100 elementor-top-column elementor-element elementor-element-2c7a731\" data-id=\"2c7a731\" data-element_type=\"column\" data-e-type=\"column\">\n\t\t\t<div class=\"elementor-widget-wrap elementor-element-populated\">\n\t\t\t\t\t\t<div class=\"elementor-element elementor-element-90de5fd elementor-widget elementor-widget-heading\" data-id=\"90de5fd\" data-element_type=\"widget\" data-e-type=\"widget\" data-widget_type=\"heading.default\">\n\t\t\t\t<div class=\"elementor-widget-container\">\n\t\t\t\t\t<h2 class=\"elementor-heading-title elementor-size-default\">Come prenotare un corso di spagnolo<br> presso il Maxx Institute?<\/h2>\t\t\t\t<\/div>\n\t\t\t\t<\/div>\n\t\t\t\t\t<\/div>\n\t\t<\/div>\n\t\t\t\t\t<\/div>\n\t\t<\/section>\n\t\t\t\t<section class=\"elementor-section elementor-top-section elementor-element elementor-element-3e1fe05 elementor-section-boxed elementor-section-height-default elementor-section-height-default\" data-id=\"3e1fe05\" data-element_type=\"section\" data-e-type=\"section\">\n\t\t\t\t\t\t<div class=\"elementor-container elementor-column-gap-default\">\n\t\t\t\t\t<div class=\"elementor-column elementor-col-33 elementor-top-column elementor-element elementor-element-7591a19\" data-id=\"7591a19\" data-element_type=\"column\" data-e-type=\"column\">\n\t\t\t<div class=\"elementor-widget-wrap elementor-element-populated\">\n\t\t\t\t\t\t<div class=\"elementor-element elementor-element-3c0586d elementor-widget elementor-widget-heading\" data-id=\"3c0586d\" data-element_type=\"widget\" data-e-type=\"widget\" data-widget_type=\"heading.default\">\n\t\t\t\t<div class=\"elementor-widget-container\">\n\t\t\t\t\t<h2 class=\"elementor-heading-title elementor-size-default\">01.<\/h2>\t\t\t\t<\/div>\n\t\t\t\t<\/div>\n\t\t\t\t<div class=\"elementor-element elementor-element-017ed35 elementor-widget elementor-widget-heading\" data-id=\"017ed35\" data-element_type=\"widget\" data-e-type=\"widget\" data-widget_type=\"heading.default\">\n\t\t\t\t<div class=\"elementor-widget-container\">\n\t\t\t\t\t<h2 class=\"elementor-heading-title elementor-size-default\">Scegli il tuo corso di spagnolo\n<\/h2>\t\t\t\t<\/div>\n\t\t\t\t<\/div>\n\t\t\t\t<div class=\"elementor-element elementor-element-8514419 color-scheme-inherit text-left elementor-widget elementor-widget-text-editor\" data-id=\"8514419\" data-element_type=\"widget\" data-e-type=\"widget\" data-widget_type=\"text-editor.default\">\n\t\t\t\t<div class=\"elementor-widget-container\">\n\t\t\t\t\t\t\t\t\t<p>Sfoglia i nostri corsi di spagnolo e scegli quello che fa per te. Seleziona il numero di settimane alla voce &#8220;Settimane&#8221; e clicca su &#8220;Prenota&#8221; per accedere al modulo di iscrizione ed effettuare il pagamento con carta di credito\/debito o bonifico bancario. Riceverai la conferma della prenotazione entro 24 ore (o il giorno lavorativo successivo).  <\/p>\n\t\t\t\t\t\t\t\t<\/div>\n\t\t\t\t<\/div>\n\t\t\t\t\t<\/div>\n\t\t<\/div>\n\t\t\t\t<div class=\"elementor-column elementor-col-33 elementor-top-column elementor-element elementor-element-873b6cc\" data-id=\"873b6cc\" data-element_type=\"column\" data-e-type=\"column\">\n\t\t\t<div class=\"elementor-widget-wrap elementor-element-populated\">\n\t\t\t\t\t\t<div class=\"elementor-element elementor-element-6250b89 elementor-widget elementor-widget-heading\" data-id=\"6250b89\" data-element_type=\"widget\" data-e-type=\"widget\" data-widget_type=\"heading.default\">\n\t\t\t\t<div class=\"elementor-widget-container\">\n\t\t\t\t\t<h2 class=\"elementor-heading-title elementor-size-default\">02.<\/h2>\t\t\t\t<\/div>\n\t\t\t\t<\/div>\n\t\t\t\t<div class=\"elementor-element elementor-element-b8a084b elementor-widget elementor-widget-heading\" data-id=\"b8a084b\" data-element_type=\"widget\" data-e-type=\"widget\" data-widget_type=\"heading.default\">\n\t\t\t\t<div class=\"elementor-widget-container\">\n\t\t\t\t\t<h2 class=\"elementor-heading-title elementor-size-default\">Ricevi la tua conferma<\/h2>\t\t\t\t<\/div>\n\t\t\t\t<\/div>\n\t\t\t\t<div class=\"elementor-element elementor-element-3ee59fc color-scheme-inherit text-left elementor-widget elementor-widget-text-editor\" data-id=\"3ee59fc\" data-element_type=\"widget\" data-e-type=\"widget\" data-widget_type=\"text-editor.default\">\n\t\t\t\t<div class=\"elementor-widget-container\">\n\t\t\t\t\t\t\t\t\t<p>Una volta ricevuto il pagamento, ti invieremo la conferma ufficiale con la fattura. Nel caso in cui ci sia qualcosa in sospeso, come l&#8217;alloggio o la quota materiale di 15\u20ac a settimana per i libri e il materiale, la fattura mostrer\u00e0 anche il saldo in sospeso. Potrai pagare il primo giorno di scuola alla reception.  <\/p>\n\t\t\t\t\t\t\t\t<\/div>\n\t\t\t\t<\/div>\n\t\t\t\t\t<\/div>\n\t\t<\/div>\n\t\t\t\t<div class=\"elementor-column elementor-col-33 elementor-top-column elementor-element elementor-element-1c59d08\" data-id=\"1c59d08\" data-element_type=\"column\" data-e-type=\"column\">\n\t\t\t<div class=\"elementor-widget-wrap elementor-element-populated\">\n\t\t\t\t\t\t<div class=\"elementor-element elementor-element-2db7f46 elementor-widget elementor-widget-image\" data-id=\"2db7f46\" data-element_type=\"widget\" data-e-type=\"widget\" data-widget_type=\"image.default\">\n\t\t\t\t<div class=\"elementor-widget-container\">\n\t\t\t\t\t\t\t\t\t\t\t\t\t\t\t<img fetchpriority=\"high\" decoding=\"async\" width=\"432\" height=\"358\" src=\"https:\/\/maxxinstitutes.com\/wp-content\/uploads\/2024\/09\/Online_Intensivkurse.jpg\" class=\"attachment-full size-full wp-image-13781\" alt=\"\" srcset=\"https:\/\/maxxinstitutes.com\/wp-content\/uploads\/2024\/09\/Online_Intensivkurse.jpg 432w, https:\/\/maxxinstitutes.com\/wp-content\/uploads\/2024\/09\/Online_Intensivkurse-300x249.jpg 300w, https:\/\/maxxinstitutes.com\/wp-content\/uploads\/2024\/09\/Online_Intensivkurse-150x124.jpg 150w\" sizes=\"(max-width: 432px) 100vw, 432px\" title=\"\">\t\t\t\t\t\t\t\t\t\t\t\t\t\t\t<\/div>\n\t\t\t\t<\/div>\n\t\t\t\t\t<\/div>\n\t\t<\/div>\n\t\t\t\t\t<\/div>\n\t\t<\/section>\n\t\t<div class=\"elementor-element elementor-element-d3674aa e-flex e-con-boxed e-con e-parent\" data-id=\"d3674aa\" data-element_type=\"container\" data-e-type=\"container\">\n\t\t\t\t\t<div class=\"e-con-inner\">\n\t\t<div class=\"elementor-element elementor-element-648622e e-con-full e-flex e-con e-child\" data-id=\"648622e\" data-element_type=\"container\" data-e-type=\"container\">\n\t\t<div class=\"elementor-element elementor-element-88138ee e-con-full e-flex e-con e-child\" data-id=\"88138ee\" data-element_type=\"container\" data-e-type=\"container\">\n\t\t\t\t<div class=\"elementor-element elementor-element-dc6152a elementor-align-center elementor-mobile-align-center elementor-widget elementor-widget-button\" data-id=\"dc6152a\" data-element_type=\"widget\" data-e-type=\"widget\" data-widget_type=\"button.default\">\n\t\t\t\t<div class=\"elementor-widget-container\">\n\t\t\t\t\t\t\t\t\t<div class=\"elementor-button-wrapper\">\n\t\t\t\t\t<a class=\"elementor-button elementor-button-link elementor-size-sm\" href=\"https:\/\/maxxinstitutes.com\/it\/modulo-di-prenotazione-del-corso-maxx\/\" target=\"_blank\">\n\t\t\t\t\t\t<span class=\"elementor-button-content-wrapper\">\n\t\t\t\t\t\t<span class=\"elementor-button-icon\">\n\t\t\t\t<svg aria-hidden=\"true\" class=\"e-font-icon-svg e-fas-long-arrow-alt-right\" viewBox=\"0 0 448 512\" xmlns=\"http:\/\/www.w3.org\/2000\/svg\"><path d=\"M313.941 216H12c-6.627 0-12 5.373-12 12v56c0 6.627 5.373 12 12 12h301.941v46.059c0 21.382 25.851 32.09 40.971 16.971l86.059-86.059c9.373-9.373 9.373-24.569 0-33.941l-86.059-86.059c-15.119-15.119-40.971-4.411-40.971 16.971V216z\"><\/path><\/svg>\t\t\t<\/span>\n\t\t\t\t\t\t\t\t\t<span class=\"elementor-button-text\">Vai al modulo di prenotazione qui<\/span>\n\t\t\t\t\t<\/span>\n\t\t\t\t\t<\/a>\n\t\t\t\t<\/div>\n\t\t\t\t\t\t\t\t<\/div>\n\t\t\t\t<\/div>\n\t\t\t\t<\/div>\n\t\t\t\t<\/div>\n\t\t\t\t\t<\/div>\n\t\t\t\t<\/div>\n\t\t\t\t<section class=\"elementor-section elementor-top-section elementor-element elementor-element-a180504 elementor-section-boxed elementor-section-height-default elementor-section-height-default\" data-id=\"a180504\" data-element_type=\"section\" data-e-type=\"section\">\n\t\t\t\t\t\t<div class=\"elementor-container elementor-column-gap-default\">\n\t\t\t\t\t<div class=\"elementor-column elementor-col-33 elementor-top-column elementor-element elementor-element-c66d07e\" data-id=\"c66d07e\" data-element_type=\"column\" data-e-type=\"column\">\n\t\t\t<div class=\"elementor-widget-wrap elementor-element-populated\">\n\t\t\t\t\t\t<div class=\"elementor-element elementor-element-fb9487f elementor-widget elementor-widget-image\" data-id=\"fb9487f\" data-element_type=\"widget\" data-e-type=\"widget\" data-widget_type=\"image.default\">\n\t\t\t\t<div class=\"elementor-widget-container\">\n\t\t\t\t\t\t\t\t\t\t\t\t\t\t\t<img decoding=\"async\" width=\"1200\" height=\"1200\" src=\"https:\/\/maxxinstitutes.com\/wp-content\/uploads\/2024\/09\/Teacher-Training_2.jpg\" class=\"attachment-full size-full wp-image-13661\" alt=\"\" srcset=\"https:\/\/maxxinstitutes.com\/wp-content\/uploads\/2024\/09\/Teacher-Training_2.jpg 1200w, https:\/\/maxxinstitutes.com\/wp-content\/uploads\/2024\/09\/Teacher-Training_2-300x300.jpg 300w, https:\/\/maxxinstitutes.com\/wp-content\/uploads\/2024\/09\/Teacher-Training_2-1024x1024.jpg 1024w, https:\/\/maxxinstitutes.com\/wp-content\/uploads\/2024\/09\/Teacher-Training_2-150x150.jpg 150w, https:\/\/maxxinstitutes.com\/wp-content\/uploads\/2024\/09\/Teacher-Training_2-768x768.jpg 768w, https:\/\/maxxinstitutes.com\/wp-content\/uploads\/2024\/09\/Teacher-Training_2-600x600.jpg 600w\" sizes=\"(max-width: 1200px) 100vw, 1200px\" title=\"\">\t\t\t\t\t\t\t\t\t\t\t\t\t\t\t<\/div>\n\t\t\t\t<\/div>\n\t\t\t\t\t<\/div>\n\t\t<\/div>\n\t\t\t\t<div class=\"elementor-column elementor-col-33 elementor-top-column elementor-element elementor-element-d7d959a\" data-id=\"d7d959a\" data-element_type=\"column\" data-e-type=\"column\">\n\t\t\t<div class=\"elementor-widget-wrap elementor-element-populated\">\n\t\t\t\t\t\t<div class=\"elementor-element elementor-element-6618b82 elementor-widget elementor-widget-heading\" data-id=\"6618b82\" data-element_type=\"widget\" data-e-type=\"widget\" data-widget_type=\"heading.default\">\n\t\t\t\t<div class=\"elementor-widget-container\">\n\t\t\t\t\t<h2 class=\"elementor-heading-title elementor-size-default\">03.<\/h2>\t\t\t\t<\/div>\n\t\t\t\t<\/div>\n\t\t\t\t<div class=\"elementor-element elementor-element-0a282d7 elementor-widget elementor-widget-heading\" data-id=\"0a282d7\" data-element_type=\"widget\" data-e-type=\"widget\" data-widget_type=\"heading.default\">\n\t\t\t\t<div class=\"elementor-widget-container\">\n\t\t\t\t\t<h2 class=\"elementor-heading-title elementor-size-default\">Fai il test di livello<\/h2>\t\t\t\t<\/div>\n\t\t\t\t<\/div>\n\t\t\t\t<div class=\"elementor-element elementor-element-c4a8ab5 color-scheme-inherit text-left elementor-widget elementor-widget-text-editor\" data-id=\"c4a8ab5\" data-element_type=\"widget\" data-e-type=\"widget\" data-widget_type=\"text-editor.default\">\n\t\t\t\t<div class=\"elementor-widget-container\">\n\t\t\t\t\t\t\t\t\t<p>All&#8217;Instituto de Idiomas Ibiza, fornire la migliore esperienza di apprendimento dello spagnolo \u00e8 la nostra massima priorit\u00e0. Per assicurarti di essere inserito nel gruppo pi\u00f9 adatto al tuo livello, ti chiediamo gentilmente di effettuare il nostro <span style=\"text-decoration: underline;\"><em><strong><a href=\"http:\/\/maxxinstitutes.com\/level-test\/\" target=\"_blank\" rel=\"noopener\">test di livello online<\/a><\/strong><\/em><\/span>. Questo ci aiuter\u00e0 a personalizzare la tua esperienza di apprendimento in base alle tue capacit\u00e0 attuali e ad assicurarti di essere inserito nella classe giusta per trarre il massimo dal tuo corso di spagnolo. Clicca sul link per iniziare il test e aiutarci a trovare il gruppo perfetto per te.   <\/p>\n\t\t\t\t\t\t\t\t<\/div>\n\t\t\t\t<\/div>\n\t\t\t\t\t<\/div>\n\t\t<\/div>\n\t\t\t\t<div class=\"elementor-column elementor-col-33 elementor-top-column elementor-element elementor-element-282e7dc\" data-id=\"282e7dc\" data-element_type=\"column\" data-e-type=\"column\">\n\t\t\t<div class=\"elementor-widget-wrap elementor-element-populated\">\n\t\t\t\t\t\t<div class=\"elementor-element elementor-element-bf3c0ea elementor-widget elementor-widget-heading\" data-id=\"bf3c0ea\" data-element_type=\"widget\" data-e-type=\"widget\" data-widget_type=\"heading.default\">\n\t\t\t\t<div class=\"elementor-widget-container\">\n\t\t\t\t\t<h2 class=\"elementor-heading-title elementor-size-default\">04.<\/h2>\t\t\t\t<\/div>\n\t\t\t\t<\/div>\n\t\t\t\t<div class=\"elementor-element elementor-element-f02b78c elementor-widget elementor-widget-heading\" data-id=\"f02b78c\" data-element_type=\"widget\" data-e-type=\"widget\" data-widget_type=\"heading.default\">\n\t\t\t\t<div class=\"elementor-widget-container\">\n\t\t\t\t\t<h2 class=\"elementor-heading-title elementor-size-default\">Informazioni sull'arrivo<\/h2>\t\t\t\t<\/div>\n\t\t\t\t<\/div>\n\t\t\t\t<div class=\"elementor-element elementor-element-c07a271 color-scheme-inherit text-left elementor-widget elementor-widget-text-editor\" data-id=\"c07a271\" data-element_type=\"widget\" data-e-type=\"widget\" data-widget_type=\"text-editor.default\">\n\t\t\t\t<div class=\"elementor-widget-container\">\n\t\t\t\t\t\t\t\t\t<p>Se hai prenotato solo un corso, tutte le informazioni necessarie ti saranno fornite nell&#8217;e-mail di conferma della prenotazione. Tuttavia, se hai prenotato e pagato anche un alloggio, ti verr\u00e0 inviata un&#8217;ulteriore e-mail durante la settimana del tuo arrivo. Questa e-mail conterr\u00e0 l&#8217;indirizzo esatto del tuo alloggio e le istruzioni su come recuperare la tua chiave. Se non hai ancora condiviso con noi i dettagli del tuo volo, te li chiederemo in quel momento per garantire un processo di check-in senza intoppi.   <\/p>\n\t\t\t\t\t\t\t\t<\/div>\n\t\t\t\t<\/div>\n\t\t\t\t\t<\/div>\n\t\t<\/div>\n\t\t\t\t\t<\/div>\n\t\t<\/section>\n\t\t\t\t<\/div>\n\t\t","protected":false},"excerpt":{"rendered":"<p>Come prenotare un corso di spagnolo presso il Maxx Institute? 01. Scegli il tuo corso di spagnolo Sfoglia i nostri<\/p>\n","protected":false},"author":5,"featured_media":0,"parent":0,"menu_order":0,"comment_status":"closed","ping_status":"closed","template":"","meta":{"two_page_speed":[],"footnotes":""},"class_list":["post-14692","page","type-page","status-publish","hentry"],"_links":{"self":[{"href":"https:\/\/maxxinstitutes.com\/it\/wp-json\/wp\/v2\/pages\/14692","targetHints":{"allow":["GET"]}}],"collection":[{"href":"https:\/\/maxxinstitutes.com\/it\/wp-json\/wp\/v2\/pages"}],"about":[{"href":"https:\/\/maxxinstitutes.com\/it\/wp-json\/wp\/v2\/types\/page"}],"author":[{"embeddable":true,"href":"https:\/\/maxxinstitutes.com\/it\/wp-json\/wp\/v2\/users\/5"}],"replies":[{"embeddable":true,"href":"https:\/\/maxxinstitutes.com\/it\/wp-json\/wp\/v2\/comments?post=14692"}],"version-history":[{"count":4,"href":"https:\/\/maxxinstitutes.com\/it\/wp-json\/wp\/v2\/pages\/14692\/revisions"}],"predecessor-version":[{"id":20626,"href":"https:\/\/maxxinstitutes.com\/it\/wp-json\/wp\/v2\/pages\/14692\/revisions\/20626"}],"wp:attachment":[{"href":"https:\/\/maxxinstitutes.com\/it\/wp-json\/wp\/v2\/media?parent=14692"}],"curies":[{"name":"wp","href":"https:\/\/api.w.org\/{rel}","templated":true}]}}