{"id":27011,"date":"2026-01-16T16:55:32","date_gmt":"2026-01-16T16:55:32","guid":{"rendered":"https:\/\/maxxinstitutes.com\/?post_type=product&#038;p=27011"},"modified":"2026-02-06T22:09:58","modified_gmt":"2026-02-06T22:09:58","slug":"programme-de-laboratoire-despagnol-et-de-carriere-pour-jeunes-adultes-18-25-copy","status":"publish","type":"product","link":"https:\/\/maxxinstitutes.com\/fr\/produit\/programme-de-laboratoire-despagnol-et-de-carriere-pour-jeunes-adultes-18-25-copy\/","title":{"rendered":"Programme familial d&rsquo;espagnol"},"content":{"rendered":"<p data-start=\"525\" data-end=\"726\">Le <strong data-start=\"529\" data-end=\"555\">programme d&rsquo;espagnol familial<\/strong> des instituts MAXX permet aux parents et aux enfants d&rsquo;<strong data-start=\"606\" data-end=\"644\">apprendre l&rsquo;espagnol en famille<\/strong> tout en profitant de vacances m\u00e9diterran\u00e9ennes d\u00e9tendues \u00e0 <strong data-start=\"695\" data-end=\"725\">Palma de Majorque ou \u00e0 Ibiza.<\/strong><\/p>\n<p data-start=\"728\" data-end=\"1006\">Ce <strong data-start=\"742\" data-end=\"763\">programme d&rsquo;apr\u00e8s-midi<\/strong> flexible est con\u00e7u pour s&rsquo;int\u00e9grer parfaitement dans un rythme familial : les cours ont lieu aux heures les plus chaudes de la journ\u00e9e dans des <strong data-start=\"882\" data-end=\"912\">salles de classe climatis\u00e9es<\/strong>, ce qui laisse les matin\u00e9es et les fins d&rsquo;apr\u00e8s-midi libres pour profiter ensemble des plages, de la nature et de la vie sur l&rsquo;\u00eele.<\/p>\n<p data-start=\"1008\" data-end=\"1092\">Les familles peuvent choisir entre deux formats, en fonction de l&rsquo;\u00e2ge, du niveau et des objectifs d&rsquo;apprentissage :<\/p>\n<h4 data-start=\"1094\" data-end=\"1134\"><strong data-start=\"1099\" data-end=\"1134\">Option A : Classe pour les familles unies<\/strong><\/h4>\n<p data-start=\"1135\" data-end=\"1357\">Parents et enfants apprennent ensemble dans un groupe priv\u00e9 avec <strong data-start=\"1197\" data-end=\"1212\">un enseignant<\/strong>, en utilisant des activit\u00e9s adapt\u00e9es \u00e0 chaque \u00e2ge et \u00e0 chaque niveau. Les adultes se concentrent sur l&rsquo;espagnol communicatif, tandis que les enfants apprennent par le biais d&rsquo;exercices amusants et interactifs.<\/p>\n<ul data-start=\"1359\" data-end=\"1533\">\n<li data-start=\"1359\" data-end=\"1405\">\n<p data-start=\"1361\" data-end=\"1405\">Id\u00e9al pour les familles avec des enfants de <strong data-start=\"1399\" data-end=\"1405\">plus de 4 ans<\/strong><\/p>\n<\/li>\n<li data-start=\"1406\" data-end=\"1444\">\n<p data-start=\"1408\" data-end=\"1444\">Parents aux niveaux d\u00e9butants <strong data-start=\"1435\" data-end=\"1444\">A1-A2<\/strong><\/p>\n<\/li>\n<li data-start=\"1445\" data-end=\"1489\">\n<p data-start=\"1447\" data-end=\"1489\"><strong data-start=\"1447\" data-end=\"1466\">1 groupe priv\u00e9<\/strong> pour 2-4 membres de la famille<\/p>\n<\/li>\n<li data-start=\"1490\" data-end=\"1533\">\n<p data-start=\"1492\" data-end=\"1533\"><strong data-start=\"1492\" data-end=\"1533\">2 le\u00e7ons de 50 minutes par apr\u00e8s-midi<\/strong><\/p>\n<\/li>\n<\/ul>\n<h4 data-start=\"1535\" data-end=\"1575\"><strong data-start=\"1540\" data-end=\"1575\">Option B : Classe parall\u00e8le familiale<\/strong><\/h4>\n<p data-start=\"1576\" data-end=\"1756\">Les parents et les enfants apprennent en m\u00eame temps, mais dans le cadre de <strong data-start=\"1628\" data-end=\"1652\">cours individuels s\u00e9par\u00e9s<\/strong> avec <strong data-start=\"1658\" data-end=\"1674\">deux enseignants<\/strong>. Cette option est id\u00e9ale lorsque les \u00e2ges, les niveaux ou les objectifs d&rsquo;apprentissage sont tr\u00e8s diff\u00e9rents.<\/p>\n<ul data-start=\"1758\" data-end=\"1904\">\n<li data-start=\"1758\" data-end=\"1816\">\n<p data-start=\"1760\" data-end=\"1816\">Convient aux familles de niveaux ou d&rsquo;\u00e2ges tr\u00e8s diff\u00e9rents<\/p>\n<\/li>\n<li data-start=\"1817\" data-end=\"1860\">\n<p data-start=\"1819\" data-end=\"1860\"><strong data-start=\"1819\" data-end=\"1839\">2 groupes priv\u00e9s<\/strong> (parents et enfants)<\/p>\n<\/li>\n<li data-start=\"1861\" data-end=\"1904\">\n<p data-start=\"1863\" data-end=\"1904\"><strong data-start=\"1863\" data-end=\"1904\">2 le\u00e7ons de 50 minutes par apr\u00e8s-midi<\/strong><\/p>\n<\/li>\n<\/ul>\n<p data-start=\"1906\" data-end=\"2046\">Les deux formats offrent un <strong data-start=\"1925\" data-end=\"1949\">contenu personnalis\u00e9<\/strong>, sans stress logistique et la possibilit\u00e9 de partager une exp\u00e9rience linguistique enrichissante en famille.<\/p>\n<h3 data-start=\"2053\" data-end=\"2091\">Apprentissage et vie sur l&rsquo;\u00eele combin\u00e9s<\/h3>\n<p data-start=\"2093\" data-end=\"2248\">Que ce soit \u00e0 Majorque ou \u00e0 Ibiza, le programme d&rsquo;espagnol en famille vous permet de combiner l&rsquo;apprentissage de la langue avec des exp\u00e9riences familiales inoubliables. Les deux \u00eeles vous offrent : <\/p>\n<ul data-start=\"2249\" data-end=\"2445\">\n<li data-start=\"2249\" data-end=\"2282\">\n<p data-start=\"2251\" data-end=\"2282\">des plages s\u00fbres et adapt\u00e9es aux familles<\/p>\n<\/li>\n<li data-start=\"2283\" data-end=\"2325\">\n<p data-start=\"2285\" data-end=\"2325\">les hauts lieux de la culture et les villes historiques<\/p>\n<\/li>\n<li data-start=\"2326\" data-end=\"2364\">\n<p data-start=\"2328\" data-end=\"2364\">les sites naturels et les excursions douces<\/p>\n<\/li>\n<li data-start=\"2365\" data-end=\"2445\">\n<p data-start=\"2367\" data-end=\"2445\">des activit\u00e9s avant ou apr\u00e8s la classe, parfaitement synchronis\u00e9es avec l&rsquo;horaire des cours<\/p>\n<\/li>\n<\/ul>\n<p data-start=\"2447\" data-end=\"2555\">Des services optionnels de garde d&rsquo;enfants ou de nounou peuvent \u00eatre recommand\u00e9s aux parents qui souhaitent avoir un peu de temps pour eux.<\/p>\n<h2 data-start=\"2601\" data-end=\"2641\">Options d&rsquo;h\u00e9bergement pour les familles<\/h2>\n<p data-start=\"2643\" data-end=\"2833\">Trouver le bon endroit pour s\u00e9journer est un \u00e9l\u00e9ment important d&rsquo;une exp\u00e9rience linguistique familiale r\u00e9ussie. Nous vous offrons un <strong data-start=\"2749\" data-end=\"2773\">soutien personnalis\u00e9<\/strong> pour vous aider \u00e0 choisir la meilleure option en fonction des besoins de votre famille. <\/p>\n<h3 data-start=\"2835\" data-end=\"2893\">Famille d&rsquo;accueil espagnole <em data-start=\"2862\" data-end=\"2891\">(disponibilit\u00e9 tr\u00e8s limit\u00e9e)<\/em><\/h3>\n<p data-start=\"2894\" data-end=\"2948\">Pour les familles \u00e0 la recherche d&rsquo;une exp\u00e9rience culturelle authentique :<\/p>\n<ul data-start=\"2949\" data-end=\"3161\">\n<li data-start=\"2949\" data-end=\"2993\">\n<p data-start=\"2951\" data-end=\"2993\">Des familles d&rsquo;accueil espagnoles soigneusement s\u00e9lectionn\u00e9es<\/p>\n<\/li>\n<li data-start=\"2994\" data-end=\"3069\">\n<p data-start=\"2996\" data-end=\"3069\">Id\u00e9al pour <strong data-start=\"3006\" data-end=\"3028\">1 ou 2 membres de la famille<\/strong> (parfois 3, sous r\u00e9serve de disponibilit\u00e9)<\/p>\n<\/li>\n<li data-start=\"3070\" data-end=\"3134\">\n<p data-start=\"3072\" data-end=\"3134\">Une excellente occasion de pratiquer l&rsquo;espagnol dans des situations de la vie quotidienne<\/p>\n<\/li>\n<li data-start=\"3135\" data-end=\"3161\">\n<p data-start=\"3137\" data-end=\"3161\">Ambiance chaleureuse et locale<\/p>\n<\/li>\n<\/ul>\n<h3 data-start=\"3163\" data-end=\"3193\">H\u00f4tels et chambres familiales<\/h3>\n<p data-start=\"3194\" data-end=\"3238\">Pour les familles qui pr\u00e9f\u00e8rent le confort et l&rsquo;intimit\u00e9 :<\/p>\n<ul data-start=\"3239\" data-end=\"3402\">\n<li data-start=\"3239\" data-end=\"3290\">\n<p data-start=\"3241\" data-end=\"3290\">S\u00e9lection d&rsquo;h\u00f4tels et d&rsquo;appart-h\u00f4tels adapt\u00e9s aux familles<\/p>\n<\/li>\n<li data-start=\"3291\" data-end=\"3326\">\n<p data-start=\"3293\" data-end=\"3326\">Chambres ou suites familiales spacieuses<\/p>\n<\/li>\n<li data-start=\"3327\" data-end=\"3368\">\n<p data-start=\"3329\" data-end=\"3368\">Piscines, espaces de loisirs et possibilit\u00e9s de restauration<\/p>\n<\/li>\n<li data-start=\"3369\" data-end=\"3402\">\n<p data-start=\"3371\" data-end=\"3402\">Proche de l&rsquo;\u00e9cole et de la plage<\/p>\n<\/li>\n<\/ul>\n<h3 data-start=\"3404\" data-end=\"3442\">Appartements et locations de vacances<\/h3>\n<p data-start=\"3443\" data-end=\"3479\">Pour les familles qui privil\u00e9gient l&rsquo;ind\u00e9pendance :<\/p>\n<ul data-start=\"3480\" data-end=\"3671\">\n<li data-start=\"3480\" data-end=\"3538\">\n<p data-start=\"3482\" data-end=\"3538\">Id\u00e9al pour les familles avec de jeunes enfants ou pour des s\u00e9jours plus longs<\/p>\n<\/li>\n<li data-start=\"3539\" data-end=\"3589\">\n<p data-start=\"3541\" data-end=\"3589\">Cuisine et planning journalier flexible<\/p>\n<\/li>\n<li data-start=\"3590\" data-end=\"3638\">\n<p data-start=\"3592\" data-end=\"3638\">Souvent situ\u00e9s \u00e0 proximit\u00e9 des plages et des aires de stationnement<\/p>\n<\/li>\n<li data-start=\"3639\" data-end=\"3671\">\n<p data-start=\"3641\" data-end=\"3671\">Une voiture est g\u00e9n\u00e9ralement recommand\u00e9e<\/p>\n<\/li>\n<\/ul>\n<p data-start=\"3673\" data-end=\"3807\">Notre \u00e9quipe se fera un plaisir de <strong data-start=\"3694\" data-end=\"3806\">vous faire des recommandations, de comparer les options, de vous aider \u00e0 r\u00e9server et de vous conseiller sur les meilleurs endroits pour les familles.<\/strong><\/p>\n   <div class=\"pricing-section\" id=\"pricing-section-main\">\n        <div class=\"pricing-content\">\n                            <h2>Tarifs<\/h2>\n<ul>\n<h3>Programme Island Hopper<\/h3>\n<div class=\"indented\">\n<li><strong>1 semaine :<\/strong> 390\u20ac<\/li>\n<\/div>\n<div class=\"indented\">\n<li><strong>2 semaines :<\/strong> 720\u20ac<\/li>\n<\/div>\n<div class=\"indented\">\n<li><strong>3 semaines :<\/strong> 1050\u20ac<\/li>\n<\/div>\n<div class=\"indented\">\n<li><strong>4 semaines :<\/strong> 1280\u20ac<\/li>\n<\/div>\n<\/ul>\n<p>Si ces forfaits ne correspondent pas tout \u00e0 fait \u00e0 vos besoins ou si vous souhaitez plus de d\u00e9tails avant de prendre une d\u00e9cision, n\u2019h\u00e9sitez pas \u00e0 :<\/p>\n<div class=\"btn-grpp\">\n  <a class=\"btn-11\" href=\"\/fr\/contact\/\"><br \/>\n    <button>Nous contacter<\/button><br \/>\n  <\/a><br \/>\n  <a class=\"btn-22\" href=\"\/fr\/calculateur-de-couts\/\"><br \/>\n    <button>Obtenir un devis<\/button><br \/>\n  <\/a>\n<\/div>\n                   <\/div>\n       <div class=\"pricing-image\">\n                            <img fetchpriority=\"high\" decoding=\"async\" src=\"https:\/\/maxxinstitutes.com\/wp-content\/uploads\/2026\/01\/product-images-website-10.png\" alt=\"Custom Product Image\" width=\"400\" height=\"400\" title=\"\">\n                 <\/div>\n\t   \n  <\/div>\n<style>\nbody {\nfont-family: Arial, sans-serif;\nmargin: 0;\npadding: 0;\nbackground-color: #f4f4f4;\n}\n\n.pricing-section {\n    display: flex;\n    align-items: center;\n    justify-content: center;\n    padding: 30px;\n    background: linear-gradient(135deg, #1c1e64, #5b6db8);\n    color: white;\n}\n\n.pricing-content {\nflex: 1;\npadding: 20px;\nmax-width: 50%;\n}\n\n.pricing-content h2 {\nfont-size: 36px;\nmargin-bottom: 20px;\n}\n\n.pricing-content ul {\nlist-style: none;\npadding: 0;\n}\n\n.pricing-content li {\nfont-size: 14px;\nmargin-bottom: 10px;\n}\n\n.pricing-content a {\ncolor: #96c8ff;\ntext-decoration: none;\n}\n\n.pricing-content a:hover {\ntext-decoration: underline;\n}\n\n.pricing-image {\nflex: 1;\nmax-width: 50%;\ndisplay: flex;\njustify-content: center;\nalign-items: center;\npadding: 20px;\n}\n\n.pricing-image img {\nmax-width: 100%;\nborder-radius: 10px;\n}\n\n\/* Responsive Design *\/\n@media (max-width: 768px) {\n.pricing-section {\nflex-direction: column;\ntext-align: center;\t\n}\n.pricing-content {\n    justify-items: center;\n}\n.pricing-content, .pricing-image {\nmax-width: 100%;\n}\n}\n#pricing-section-main .pricing-content h2 {\n    color: #ffffff;\n    font-size: 27px;\n}\n\n#pricing-section-main .pricing-content h3 {\n    color: #ffffff;\n    font-size: 17px;\n}\n\n.indented {\n    margin-left: 26px;\n}\n\n.pricing-content ul {\n    list-style: disc;\n}\n.pricing-content li {\n    text-align: left;\n    margin-bottom: 13px;\n}\n#pricing-section-main .pricing-content p {\n    font-size: 12px;\n}\n@media and (max-width: 768px){\ndiv#pricing-section-main {\n    padding: 20px;\n}\n}\ndiv#pricing-section-main {\n   margin-bottom: 20px;\n}\n\t.pricing-content h3 {\n    text-align: left!important;\n}\n\/* \t17-02-25 *\/\n\t.btn-grpp {\n    display: flex;\n}\na.btn-22 {\n    margin-left: 12px;\n}\n.pricing-image {\n    max-width: fit-content;\n}\n\t.btn-grpp button {\n    color: #020c1a;\n    border-radius: 3px;\n}\n<\/style>\n    \n","protected":false},"excerpt":{"rendered":"<p>Apprenez l&rsquo;espagnol en famille \u00e0 Palma de Majorque ou \u00e0 Ibiza.<br data-start=\"3955\" data-end=\"3958\">Le programme d&rsquo;espagnol en famille propose des cours flexibles l&rsquo;apr\u00e8s-midi, des formats personnalis\u00e9s pour les parents et les enfants, ainsi qu&rsquo;une aide \u00e0 l&rsquo;h\u00e9bergement &#8211; le tout con\u00e7u pour s&rsquo;int\u00e9grer parfaitement dans des vacances familiales d\u00e9tendues.<\/p>\n","protected":false},"featured_media":27017,"comment_status":"closed","ping_status":"closed","template":"","meta":[],"product_brand":[],"product_cat":[404,458],"product_tag":[],"class_list":{"0":"post-27011","1":"product","2":"type-product","3":"status-publish","4":"has-post-thumbnail","6":"product_cat-programmes-sur-mesure-a-majorque","7":"product_cat-programmes-sur-mesure-ibiza","9":"first","10":"instock","11":"shipping-taxable","12":"purchasable","13":"product-type-simple"},"_links":{"self":[{"href":"https:\/\/maxxinstitutes.com\/fr\/wp-json\/wp\/v2\/product\/27011","targetHints":{"allow":["GET"]}}],"collection":[{"href":"https:\/\/maxxinstitutes.com\/fr\/wp-json\/wp\/v2\/product"}],"about":[{"href":"https:\/\/maxxinstitutes.com\/fr\/wp-json\/wp\/v2\/types\/product"}],"replies":[{"embeddable":true,"href":"https:\/\/maxxinstitutes.com\/fr\/wp-json\/wp\/v2\/comments?post=27011"}],"wp:featuredmedia":[{"embeddable":true,"href":"https:\/\/maxxinstitutes.com\/fr\/wp-json\/wp\/v2\/media\/27017"}],"wp:attachment":[{"href":"https:\/\/maxxinstitutes.com\/fr\/wp-json\/wp\/v2\/media?parent=27011"}],"wp:term":[{"taxonomy":"product_brand","embeddable":true,"href":"https:\/\/maxxinstitutes.com\/fr\/wp-json\/wp\/v2\/product_brand?post=27011"},{"taxonomy":"product_cat","embeddable":true,"href":"https:\/\/maxxinstitutes.com\/fr\/wp-json\/wp\/v2\/product_cat?post=27011"},{"taxonomy":"product_tag","embeddable":true,"href":"https:\/\/maxxinstitutes.com\/fr\/wp-json\/wp\/v2\/product_tag?post=27011"}],"curies":[{"name":"wp","href":"https:\/\/api.w.org\/{rel}","templated":true}]}}