{"id":26984,"date":"2026-01-16T15:59:32","date_gmt":"2026-01-16T15:59:32","guid":{"rendered":"https:\/\/maxxinstitutes.com\/product\/programme-island-hopper\/"},"modified":"2026-02-06T22:11:44","modified_gmt":"2026-02-06T22:11:44","slug":"programme-island-hopper","status":"publish","type":"product","link":"https:\/\/maxxinstitutes.com\/fr\/produit\/programme-island-hopper\/","title":{"rendered":"Programme Island Hopper"},"content":{"rendered":"<h3><strong data-start=\"288\" data-end=\"325\">Apprendre l&rsquo;espagnol \u00e0 Majorque et Ibiza<\/strong><\/h3>\n<p data-start=\"327\" data-end=\"383\">Pourquoi choisir une seule \u00eele quand vous pouvez d\u00e9couvrir les deux ?<\/p>\n<p data-start=\"385\" data-end=\"675\">Le <strong data-start=\"389\" data-end=\"414\">programme Island Hopper<\/strong> des instituts MAXX vous permet de combiner des cours d&rsquo;espagnol \u00e0 <strong data-start=\"475\" data-end=\"506\">Palma de Majorque et \u00e0 Ibiza<\/strong> en une seule exp\u00e9rience d&rsquo;apprentissage. Vous commencez votre cours sur une \u00eele et continuez sur l&rsquo;autre sans interruption, r\u00e9p\u00e9tition ou changement de rythme d&rsquo;apprentissage.<\/p>\n<p data-start=\"677\" data-end=\"855\">Gr\u00e2ce \u00e0 des structures de cours, des m\u00e9thodes d&rsquo;enseignement et du mat\u00e9riel identiques dans les deux \u00e9coles, vous changez simplement de lieu tout en continuant votre cours d&rsquo;espagnol exactement l\u00e0 o\u00f9 vous l&rsquo;avez laiss\u00e9.<\/p>\n<h3 data-start=\"862\" data-end=\"898\">Deux \u00eeles &#8211; deux exp\u00e9riences<\/h3>\n<p data-start=\"900\" data-end=\"1041\"><strong data-start=\"900\" data-end=\"921\">Palma de Majorque<\/strong> offre une vie urbaine anim\u00e9e, une culture, une architecture historique et d&rsquo;excellentes infrastructures dans un environnement s\u00fbr et accueillant.<\/p>\n<p data-start=\"1043\" data-end=\"1163\"><strong data-start=\"1043\" data-end=\"1052\">Ibiza<\/strong> offre une atmosph\u00e8re insulaire d\u00e9contract\u00e9e, une nature \u00e9poustouflante, des plages magnifiques et une communaut\u00e9 internationale inspirante.<\/p>\n<p data-start=\"1165\" data-end=\"1264\">Ensemble, ils offrent le meilleur des deux mondes : une vie urbaine m\u00e9diterran\u00e9enne et une vie insulaire d\u00e9contract\u00e9e.<\/p>\n<h3 data-start=\"1271\" data-end=\"1305\">Bon de voyage de 47 \u20ac inclus<\/h3>\n<p data-start=\"1307\" data-end=\"1469\">Pour vous faciliter la t\u00e2che, nous vous offrons un <strong data-start=\"1367\" data-end=\"1389\">bon de voyage de 47 \u20ac<\/strong>, que vous pouvez utiliser pour votre <strong data-start=\"1422\" data-end=\"1441\">vol ou votre travers\u00e9e en ferry<\/strong> entre Majorque et Ibiza.<\/p>\n<p data-start=\"1471\" data-end=\"1604\">C&rsquo;est vous qui d\u00e9cidez comment et quand voyager &#8211; nous vous donnons des conseils et des indications, que vous pr\u00e9f\u00e9riez une travers\u00e9e pittoresque en ferry ou un vol rapide de 40 minutes.<\/p>\n<h3 data-start=\"1611\" data-end=\"1639\">Fonctionnement du programme<\/h3>\n<p data-start=\"1641\" data-end=\"1652\">C&rsquo;est vous qui choisissez :<\/p>\n<ul data-start=\"1653\" data-end=\"1932\">\n<li data-start=\"1653\" data-end=\"1707\">\n<p data-start=\"1655\" data-end=\"1707\">Votre cours d&rsquo;espagnol (par exemple <strong data-start=\"1681\" data-end=\"1704\">20 le\u00e7ons par semaine<\/strong>)<\/p>\n<\/li>\n<li data-start=\"1708\" data-end=\"1749\">\n<p data-start=\"1710\" data-end=\"1749\">O\u00f9 commencer ? <strong data-start=\"1726\" data-end=\"1747\">Majorque ou Ibiza<\/strong><\/p>\n<\/li>\n<li data-start=\"1750\" data-end=\"1793\">\n<p data-start=\"1752\" data-end=\"1793\">Combien de semaines passez-vous sur chaque \u00eele ?<\/p>\n<\/li>\n<li data-start=\"1794\" data-end=\"1877\">\n<p data-start=\"1796\" data-end=\"1877\">Votre logement (en famille d&rsquo;accueil, en appartement partag\u00e9 par l&rsquo;\u00e9cole, ou votre propre logement)<\/p>\n<\/li>\n<li data-start=\"1878\" data-end=\"1932\">\n<p data-start=\"1880\" data-end=\"1932\">Votre ferry ou vol pr\u00e9f\u00e9r\u00e9 entre les \u00eeles<\/p>\n<\/li>\n<\/ul>\n<p data-start=\"1934\" data-end=\"2039\"><strong data-start=\"1934\" data-end=\"1974\">Une seule r\u00e9servation &#8211; deux destinations.<\/strong><br data-start=\"1974\" data-end=\"1977\">Gagnez du temps, simplifiez la logistique et profitez d&rsquo;une exp\u00e9rience double.<\/p>\n   <div class=\"pricing-section\" id=\"pricing-section-main\">\n        <div class=\"pricing-content\">\n                            <h2>Tarifs<\/h2>\n<ul>\n<h3>Programme Island Hopper<\/h3>\n<div class=\"indented\">\n<li><strong>2 semaines :<\/strong> 458\u20ac<\/li>\n<\/div>\n<div class=\"indented\">\n<li><strong>4 semaines :<\/strong> 916\u20ac<\/li>\n<\/div>\n<div class=\"indented\">\n<li><strong>6 semaines :<\/strong> 1314\u20ac<\/li>\n<\/div>\n<div class=\"indented\">\n<li><strong>8 semaines :<\/strong> 1752\u20ac<\/li>\n<\/div>\n<div class=\"indented\">\n<li><strong>10 semaines :<\/strong> 1800\u20ac<\/li>\n<\/div>\n<div class=\"indented\">\n<li><strong>12 semaines :<\/strong> 1980\u20ac<\/li>\n<\/div>\n<\/ul>\n<p>Si ces forfaits ne correspondent pas tout \u00e0 fait \u00e0 vos besoins ou si vous souhaitez plus de d\u00e9tails avant de prendre une d\u00e9cision, n\u2019h\u00e9sitez pas \u00e0 :<\/p>\n<div class=\"btn-grpp\">\n  <a class=\"btn-11\" href=\"\/fr\/contact\/\"><br \/>\n    <button>Nous contacter<\/button><br \/>\n  <\/a><br \/>\n  <a class=\"btn-22\" href=\"\/fr\/calculateur-de-couts\/\"><br \/>\n    <button>Obtenir un devis<\/button><br \/>\n  <\/a>\n<\/div>\n                   <\/div>\n       <div class=\"pricing-image\">\n                            <img fetchpriority=\"high\" decoding=\"async\" src=\"https:\/\/maxxinstitutes.com\/wp-content\/uploads\/2026\/01\/product-images-website-8.png\" alt=\"Custom Product Image\" width=\"400\" height=\"400\" title=\"\">\n                 <\/div>\n\t   \n  <\/div>\n<style>\nbody {\nfont-family: Arial, sans-serif;\nmargin: 0;\npadding: 0;\nbackground-color: #f4f4f4;\n}\n\n.pricing-section {\n    display: flex;\n    align-items: center;\n    justify-content: center;\n    padding: 30px;\n    background: linear-gradient(135deg, #1c1e64, #5b6db8);\n    color: white;\n}\n\n.pricing-content {\nflex: 1;\npadding: 20px;\nmax-width: 50%;\n}\n\n.pricing-content h2 {\nfont-size: 36px;\nmargin-bottom: 20px;\n}\n\n.pricing-content ul {\nlist-style: none;\npadding: 0;\n}\n\n.pricing-content li {\nfont-size: 14px;\nmargin-bottom: 10px;\n}\n\n.pricing-content a {\ncolor: #96c8ff;\ntext-decoration: none;\n}\n\n.pricing-content a:hover {\ntext-decoration: underline;\n}\n\n.pricing-image {\nflex: 1;\nmax-width: 50%;\ndisplay: flex;\njustify-content: center;\nalign-items: center;\npadding: 20px;\n}\n\n.pricing-image img {\nmax-width: 100%;\nborder-radius: 10px;\n}\n\n\/* Responsive Design *\/\n@media (max-width: 768px) {\n.pricing-section {\nflex-direction: column;\ntext-align: center;\t\n}\n.pricing-content {\n    justify-items: center;\n}\n.pricing-content, .pricing-image {\nmax-width: 100%;\n}\n}\n#pricing-section-main .pricing-content h2 {\n    color: #ffffff;\n    font-size: 27px;\n}\n\n#pricing-section-main .pricing-content h3 {\n    color: #ffffff;\n    font-size: 17px;\n}\n\n.indented {\n    margin-left: 26px;\n}\n\n.pricing-content ul {\n    list-style: disc;\n}\n.pricing-content li {\n    text-align: left;\n    margin-bottom: 13px;\n}\n#pricing-section-main .pricing-content p {\n    font-size: 12px;\n}\n@media and (max-width: 768px){\ndiv#pricing-section-main {\n    padding: 20px;\n}\n}\ndiv#pricing-section-main {\n   margin-bottom: 20px;\n}\n\t.pricing-content h3 {\n    text-align: left!important;\n}\n\/* \t17-02-25 *\/\n\t.btn-grpp {\n    display: flex;\n}\na.btn-22 {\n    margin-left: 12px;\n}\n.pricing-image {\n    max-width: fit-content;\n}\n\t.btn-grpp button {\n    color: #020c1a;\n    border-radius: 3px;\n}\n<\/style>\n    \n","protected":false},"excerpt":{"rendered":"<p>Etudiez l&rsquo;espagnol \u00e0 Majorque et \u00e0 Ibiza avec un seul programme.<br \/>\nLe programme Island Hopper vous permet de combiner les deux \u00eeles sans interrompre vos cours &#8211; et inclut un bon de voyage de 47 \u20ac pour votre transfert sur l&rsquo;\u00eele.<\/p>\n","protected":false},"featured_media":26988,"comment_status":"closed","ping_status":"closed","template":"","meta":[],"product_brand":[],"product_cat":[404,458],"product_tag":[],"class_list":{"0":"post-26984","1":"product","2":"type-product","3":"status-publish","4":"has-post-thumbnail","6":"product_cat-programmes-sur-mesure-a-majorque","7":"product_cat-programmes-sur-mesure-ibiza","9":"first","10":"instock","11":"shipping-taxable","12":"purchasable","13":"product-type-simple"},"_links":{"self":[{"href":"https:\/\/maxxinstitutes.com\/fr\/wp-json\/wp\/v2\/product\/26984","targetHints":{"allow":["GET"]}}],"collection":[{"href":"https:\/\/maxxinstitutes.com\/fr\/wp-json\/wp\/v2\/product"}],"about":[{"href":"https:\/\/maxxinstitutes.com\/fr\/wp-json\/wp\/v2\/types\/product"}],"replies":[{"embeddable":true,"href":"https:\/\/maxxinstitutes.com\/fr\/wp-json\/wp\/v2\/comments?post=26984"}],"wp:featuredmedia":[{"embeddable":true,"href":"https:\/\/maxxinstitutes.com\/fr\/wp-json\/wp\/v2\/media\/26988"}],"wp:attachment":[{"href":"https:\/\/maxxinstitutes.com\/fr\/wp-json\/wp\/v2\/media?parent=26984"}],"wp:term":[{"taxonomy":"product_brand","embeddable":true,"href":"https:\/\/maxxinstitutes.com\/fr\/wp-json\/wp\/v2\/product_brand?post=26984"},{"taxonomy":"product_cat","embeddable":true,"href":"https:\/\/maxxinstitutes.com\/fr\/wp-json\/wp\/v2\/product_cat?post=26984"},{"taxonomy":"product_tag","embeddable":true,"href":"https:\/\/maxxinstitutes.com\/fr\/wp-json\/wp\/v2\/product_tag?post=26984"}],"curies":[{"name":"wp","href":"https:\/\/api.w.org\/{rel}","templated":true}]}}