{"id":26872,"date":"2026-01-13T20:55:36","date_gmt":"2026-01-13T20:55:36","guid":{"rendered":"https:\/\/maxxinstitutes.com\/product\/gazpacho-alioli-marche-et-experience-culinaire\/"},"modified":"2026-01-13T21:02:24","modified_gmt":"2026-01-13T21:02:24","slug":"gazpacho-alioli-marche-et-experience-culinaire","status":"publish","type":"product","link":"https:\/\/maxxinstitutes.com\/fr\/produit\/gazpacho-alioli-marche-et-experience-culinaire\/","title":{"rendered":"Gazpacho &amp; Alioli March\u00e9 et exp\u00e9rience culinaire"},"content":{"rendered":"<p data-start=\"246\" data-end=\"606\">Rejoignez-nous pour une exp\u00e9rience gastronomique d\u00e9licieuse et authentique qui commence par une visite dans un march\u00e9 local, o\u00f9 vous apprendrez \u00e0 choisir les ingr\u00e9dients frais n\u00e9cessaires \u00e0 la pr\u00e9paration du gazpacho et de l&rsquo;alioli.<br data-start=\"452\" data-end=\"455\">Cette premi\u00e8re partie de l&rsquo;activit\u00e9 se concentre sur la d\u00e9couverte des produits locaux, la compr\u00e9hension de la qualit\u00e9 des ingr\u00e9dients et la pratique de l&rsquo;espagnol dans des situations de la vie r\u00e9elle.<\/p>\n<p data-start=\"608\" data-end=\"921\">Apr\u00e8s la visite du march\u00e9, vous participerez \u00e0 une s\u00e9ance de cuisine pratique sur le gazpacho et l&rsquo;alioli, o\u00f9 vous apprendrez \u00e0 pr\u00e9parer ces plats espagnols traditionnels \u00e9tape par \u00e9tape. Le cours aborde les ingr\u00e9dients, les techniques de pr\u00e9paration et les astuces, puis vous d\u00e9gusterez les plats ensemble dans une atmosph\u00e8re d\u00e9tendue et sociale. <\/p>\n<p data-start=\"923\" data-end=\"1064\">Cette exp\u00e9rience combine la pratique de l&rsquo;espagnol, la culture locale et la gastronomie, ce qui en fait un compl\u00e9ment parfait \u00e0 votre cours de langue.<\/p>\n<ul>\n<li data-start=\"1066\" data-end=\"1209\"><strong>Prix :<\/strong>15 \u20ac par personne<\/li>\n<li data-start=\"1066\" data-end=\"1209\"><strong>Paiement :<\/strong> A payer \u00e0 la r\u00e9ception<\/li>\n<li data-start=\"1066\" data-end=\"1209\"><strong>Note : <\/strong>Cette activit\u00e9 gastronomique n&rsquo;est pas incluse dans le prix du cours.<\/li>\n<\/ul>\n<p><img fetchpriority=\"high\" decoding=\"async\" class=\"alignnone size-medium wp-image-26838\" src=\"https:\/\/maxxinstitutes.com\/wp-content\/uploads\/2026\/01\/6-300x300.png\" alt=\"\" width=\"300\" height=\"300\" title=\"\" srcset=\"https:\/\/maxxinstitutes.com\/wp-content\/uploads\/2026\/01\/6-300x300.png 300w, https:\/\/maxxinstitutes.com\/wp-content\/uploads\/2026\/01\/6-150x150.png 150w, https:\/\/maxxinstitutes.com\/wp-content\/uploads\/2026\/01\/6-768x768.png 768w, https:\/\/maxxinstitutes.com\/wp-content\/uploads\/2026\/01\/6-600x600.png 600w, https:\/\/maxxinstitutes.com\/wp-content\/uploads\/2026\/01\/6.png 813w\" sizes=\"(max-width: 300px) 100vw, 300px\" \/> <img decoding=\"async\" class=\"alignnone size-medium wp-image-26831\" src=\"https:\/\/maxxinstitutes.com\/wp-content\/uploads\/2026\/01\/7-300x300.png\" alt=\"\" width=\"300\" height=\"300\" title=\"\" srcset=\"https:\/\/maxxinstitutes.com\/wp-content\/uploads\/2026\/01\/7-300x300.png 300w, https:\/\/maxxinstitutes.com\/wp-content\/uploads\/2026\/01\/7-150x150.png 150w, https:\/\/maxxinstitutes.com\/wp-content\/uploads\/2026\/01\/7-768x768.png 768w, https:\/\/maxxinstitutes.com\/wp-content\/uploads\/2026\/01\/7-600x600.png 600w, https:\/\/maxxinstitutes.com\/wp-content\/uploads\/2026\/01\/7.png 813w\" sizes=\"(max-width: 300px) 100vw, 300px\" \/> <img decoding=\"async\" class=\"alignnone size-medium wp-image-26845\" src=\"https:\/\/maxxinstitutes.com\/wp-content\/uploads\/2026\/01\/5-300x300.png\" alt=\"\" width=\"300\" height=\"300\" title=\"\" srcset=\"https:\/\/maxxinstitutes.com\/wp-content\/uploads\/2026\/01\/5-300x300.png 300w, https:\/\/maxxinstitutes.com\/wp-content\/uploads\/2026\/01\/5-150x150.png 150w, https:\/\/maxxinstitutes.com\/wp-content\/uploads\/2026\/01\/5-768x768.png 768w, https:\/\/maxxinstitutes.com\/wp-content\/uploads\/2026\/01\/5-600x600.png 600w, https:\/\/maxxinstitutes.com\/wp-content\/uploads\/2026\/01\/5.png 813w\" sizes=\"(max-width: 300px) 100vw, 300px\" \/> <img loading=\"lazy\" decoding=\"async\" class=\"alignnone size-medium wp-image-26852\" src=\"https:\/\/maxxinstitutes.com\/wp-content\/uploads\/2026\/01\/4-300x300.png\" alt=\"\" width=\"300\" height=\"300\" title=\"\" srcset=\"https:\/\/maxxinstitutes.com\/wp-content\/uploads\/2026\/01\/4-300x300.png 300w, https:\/\/maxxinstitutes.com\/wp-content\/uploads\/2026\/01\/4-150x150.png 150w, https:\/\/maxxinstitutes.com\/wp-content\/uploads\/2026\/01\/4-768x768.png 768w, https:\/\/maxxinstitutes.com\/wp-content\/uploads\/2026\/01\/4-600x600.png 600w, https:\/\/maxxinstitutes.com\/wp-content\/uploads\/2026\/01\/4.png 813w\" sizes=\"(max-width: 300px) 100vw, 300px\" \/> <img loading=\"lazy\" decoding=\"async\" class=\"alignnone size-medium wp-image-26859\" src=\"https:\/\/maxxinstitutes.com\/wp-content\/uploads\/2026\/01\/3-300x300.png\" alt=\"\" width=\"300\" height=\"300\" title=\"\" srcset=\"https:\/\/maxxinstitutes.com\/wp-content\/uploads\/2026\/01\/3-300x300.png 300w, https:\/\/maxxinstitutes.com\/wp-content\/uploads\/2026\/01\/3-150x150.png 150w, https:\/\/maxxinstitutes.com\/wp-content\/uploads\/2026\/01\/3-768x768.png 768w, https:\/\/maxxinstitutes.com\/wp-content\/uploads\/2026\/01\/3-600x600.png 600w, https:\/\/maxxinstitutes.com\/wp-content\/uploads\/2026\/01\/3.png 813w\" sizes=\"(max-width: 300px) 100vw, 300px\" \/><\/p>\n","protected":false},"excerpt":{"rendered":"<p data-start=\"167\" data-end=\"413\">Visitez un march\u00e9 local pour s\u00e9lectionner des ingr\u00e9dients frais et participez \u00e0 un cours de cuisine pratique o\u00f9 vous apprendrez \u00e0 pr\u00e9parer le gazpacho et l&rsquo;alioli traditionnels.<br data-start=\"332\" data-end=\"335\">Pratiquez l&rsquo;espagnol dans un contexte r\u00e9el tout en profitant de la nourriture et de la culture locales.<\/p>\n<ul>\n<li data-start=\"415\" data-end=\"481\">Prix : 15<\/li>\n<li data-start=\"415\" data-end=\"481\">Paiement \u00e0 la r\u00e9ception<\/li>\n<li data-start=\"415\" data-end=\"481\">Non inclus dans le cours<\/li>\n<\/ul>\n<p>&nbsp;<\/p>\n","protected":false},"featured_media":26875,"comment_status":"closed","ping_status":"closed","template":"","meta":[],"product_brand":[],"product_cat":[433,426],"product_tag":[],"class_list":{"0":"post-26872","1":"product","2":"type-product","3":"status-publish","4":"has-post-thumbnail","6":"product_cat-alimentation","7":"product_cat-non-classe","9":"first","10":"instock","11":"shipping-taxable","12":"purchasable","13":"product-type-simple"},"_links":{"self":[{"href":"https:\/\/maxxinstitutes.com\/fr\/wp-json\/wp\/v2\/product\/26872","targetHints":{"allow":["GET"]}}],"collection":[{"href":"https:\/\/maxxinstitutes.com\/fr\/wp-json\/wp\/v2\/product"}],"about":[{"href":"https:\/\/maxxinstitutes.com\/fr\/wp-json\/wp\/v2\/types\/product"}],"replies":[{"embeddable":true,"href":"https:\/\/maxxinstitutes.com\/fr\/wp-json\/wp\/v2\/comments?post=26872"}],"wp:featuredmedia":[{"embeddable":true,"href":"https:\/\/maxxinstitutes.com\/fr\/wp-json\/wp\/v2\/media\/26875"}],"wp:attachment":[{"href":"https:\/\/maxxinstitutes.com\/fr\/wp-json\/wp\/v2\/media?parent=26872"}],"wp:term":[{"taxonomy":"product_brand","embeddable":true,"href":"https:\/\/maxxinstitutes.com\/fr\/wp-json\/wp\/v2\/product_brand?post=26872"},{"taxonomy":"product_cat","embeddable":true,"href":"https:\/\/maxxinstitutes.com\/fr\/wp-json\/wp\/v2\/product_cat?post=26872"},{"taxonomy":"product_tag","embeddable":true,"href":"https:\/\/maxxinstitutes.com\/fr\/wp-json\/wp\/v2\/product_tag?post=26872"}],"curies":[{"name":"wp","href":"https:\/\/api.w.org\/{rel}","templated":true}]}}