{"id":20690,"date":"2025-02-27T21:20:55","date_gmt":"2025-02-27T21:20:55","guid":{"rendered":"https:\/\/maxxinstitutes.com\/product\/lecons-privees-en-ligne\/"},"modified":"2025-07-28T06:06:22","modified_gmt":"2025-07-28T06:06:22","slug":"lecons-privees-en-ligne","status":"publish","type":"product","link":"https:\/\/maxxinstitutes.com\/fr\/produit\/lecons-privees-en-ligne\/","title":{"rendered":"Le\u00e7ons priv\u00e9es en ligne"},"content":{"rendered":"<h2 data-start=\"131\" data-end=\"184\">Cours priv\u00e9s d&rsquo;espagnol en ligne &#8211; enti\u00e8rement flexibles<\/h2>\n<h3 data-start=\"185\" data-end=\"224\">Pourquoi choisir les cours priv\u00e9s en ligne ?<\/h3>\n<p data-start=\"226\" data-end=\"517\">Adaptez votre apprentissage de l&rsquo;espagnol \u00e0 vos objectifs personnels et \u00e0 votre emploi du temps gr\u00e2ce \u00e0 nos le\u00e7ons priv\u00e9es en ligne. Que vous souhaitiez vous concentrer sur des comp\u00e9tences sp\u00e9cifiques, acc\u00e9l\u00e9rer vos progr\u00e8s ou ajouter une pratique suppl\u00e9mentaire \u00e0 un cours de groupe, les le\u00e7ons priv\u00e9es vous offrent la flexibilit\u00e9 et l&rsquo;attention individuelle dont vous avez besoin.<\/p>\n<div class=\"bt_bb_wrapper\" data-templates-time=\"\">\n<section id=\"bt_bb_section67c0d53094954\" class=\"bt_bb_section bt_bb_layout_boxed_1200 bt_bb_top_spacing_none bt_bb_bottom_spacing_none\" data-bt-override-class=\"null\">\n<div class=\"bt_bb_port\">\n<div class=\"bt_bb_cell\">\n<div class=\"bt_bb_cell_inner\">\n<div class=\"bt_bb_row \" data-bt-override-class=\"{}\" data-structure=\"12\">\n<div class=\"bt_bb_row_holder\">\n<div class=\"bt_bb_column col-xxl-12 col-xl-12 bt_bb_vertical_align_top bt_bb_align_left bt_bb_padding_normal bt_bb_shape_inherit\" data-width=\"12\" data-bt-override-class=\"{}\">\n<div class=\"bt_bb_column_content\">\n<div class=\"bt_bb_column_content_inner\">\n<h3 data-start=\"619\" data-end=\"637\">D\u00e9tails de la classe :<\/h3>\n<ul>\n<li data-start=\"639\" data-end=\"742\"><strong data-start=\"639\" data-end=\"655\">Type de cours :<\/strong> Le\u00e7ons priv\u00e9es d&rsquo;espagnol en ligne<\/li>\n<li data-start=\"639\" data-end=\"742\"><strong data-start=\"689\" data-end=\"710\">Le\u00e7ons par semaine :<\/strong> Choisissez parmi 3 options flexibles :<\/li>\n<li data-start=\"744\" data-end=\"815\">\n<p data-start=\"746\" data-end=\"815\"><strong data-start=\"746\" data-end=\"759\">Option 1 :<\/strong> 10 heures par semaine &#8211; 2 heures par jour, du lundi au vendredi<\/p>\n<\/li>\n<li data-start=\"816\" data-end=\"905\">\n<p data-start=\"818\" data-end=\"905\"><strong data-start=\"818\" data-end=\"831\">Option 2 :<\/strong> 5 heures par semaine &#8211; 2 heures les lundi et mercredi ou les mardi et jeudi + 1 heure le vendredi<\/p>\n<\/li>\n<li data-start=\"906\" data-end=\"1020\">\n<p data-start=\"908\" data-end=\"1020\"><strong data-start=\"908\" data-end=\"921\">Option 3 :<\/strong> 2 heures par semaine &#8211; 1 heure sur deux jours librement choisis (par exemple, mar et jeu, 18:00-19:00 ou 08:00-09:00)<\/p>\n<\/li>\n<li data-start=\"908\" data-end=\"1020\"><strong data-start=\"1022\" data-end=\"1040\">Dur\u00e9e de la le\u00e7on :<\/strong> 60 minutes<\/li>\n<li data-start=\"908\" data-end=\"1020\"><strong data-start=\"1054\" data-end=\"1068\">Horaires :<br \/>\n<\/strong>&#8211; Du lundi au vendredi, de 08h00 \u00e0 20h00 (heure espagnole, CET +1)<br \/>\n&#8211; Possibilit\u00e9 de cours le week-end moyennant un suppl\u00e9ment.<\/li>\n<li data-start=\"908\" data-end=\"1020\"><strong data-start=\"1174\" data-end=\"1185\">Niveaux :<\/strong> Tous les niveaux, de d\u00e9butant complet (A1) \u00e0 avanc\u00e9 (C2)<\/li>\n<li data-start=\"908\" data-end=\"1020\"><strong data-start=\"1245\" data-end=\"1260\">Taille du groupe :<\/strong> 1 \u00e9tudiant<br \/>\n&#8211; M\u00eame prix pour 2 \u00e9tudiants &#8211; amenez un ami et partagez les frais !<\/li>\n<li data-start=\"908\" data-end=\"1020\"><strong data-start=\"1339\" data-end=\"1360\">Dates de d\u00e9but 2025 : <\/strong>N&rsquo;importe quel jour de la semaine &#8211; commencez quand vous voulez<\/li>\n<li data-start=\"908\" data-end=\"1020\"><strong data-start=\"1412\" data-end=\"1425\">Enseignants :<\/strong> Des instructeurs exp\u00e9riment\u00e9s de langue maternelle qui adaptent les cours \u00e0 vos besoins individuels.<\/li>\n<\/ul>\n<h3 data-start=\"1521\" data-end=\"1541\">Ce qui est inclus :<\/h3>\n<ul>\n<li data-start=\"1545\" data-end=\"1596\">Des le\u00e7ons enti\u00e8rement personnalis\u00e9es et adapt\u00e9es \u00e0 vos objectifs<\/li>\n<li data-start=\"1599\" data-end=\"1642\">Des horaires flexibles pour s&rsquo;adapter \u00e0 votre style de vie<\/li>\n<li data-start=\"1645\" data-end=\"1707\">Possibilit\u00e9 de partager vos cours avec un partenaire sans frais suppl\u00e9mentaires<\/li>\n<li data-start=\"1710\" data-end=\"1736\">Certificat sur demande<\/li>\n<\/ul>\n<h3 data-start=\"1743\" data-end=\"1755\">Prix :<\/h3>\n<ul>\n<li data-start=\"1759\" data-end=\"1792\"><strong data-start=\"1759\" data-end=\"1777\">30 \u20ac par le\u00e7on<\/strong> (60 minutes)<\/li>\n<li data-start=\"1795\" data-end=\"1827\">M\u00eame prix pour 1 ou 2 \u00e9tudiants<\/li>\n<li data-start=\"1830\" data-end=\"1874\">Les cours du week-end sont disponibles moyennant un suppl\u00e9ment.<\/li>\n<\/ul>\n<h3 data-start=\"1881\" data-end=\"1908\">Pourquoi choisir ce cours ?<\/h3>\n<ul>\n<li data-start=\"1912\" data-end=\"1956\">100% de flexibilit\u00e9 dans la programmation et le contenu<\/li>\n<li data-start=\"1959\" data-end=\"2003\">Apprentissage personnalis\u00e9 avec des enseignants natifs<\/li>\n<li data-start=\"2006\" data-end=\"2050\">Excellent rapport qualit\u00e9-prix pour les cours individuels ou partag\u00e9s<\/li>\n<li data-start=\"2053\" data-end=\"2115\">Parfait pour compl\u00e9ter les cours en groupe ou les \u00e9tudes ind\u00e9pendantes<\/li>\n<\/ul>\n<\/div>\n<\/div>\n<\/div>\n<\/div>\n<\/div>\n<\/div>\n<\/div>\n<\/div>\n<\/section>\n<\/div>\n<p data-start=\"3036\" data-end=\"3310\">   <div class=\"pricing-section\" id=\"pricing-section-main\">\n        <div class=\"pricing-content\">\n                            <h2>Tarifs<\/h2>\n<ul>\n<h3>Le tarif est le m\u00eame pour 1 \u00e9l\u00e8ve ou 2 \u00e9l\u00e8ves ensemble avec 1 enseignant<\/h3>\n<div class=\"indented\">\n<li><strong>Forfait de 20 le\u00e7ons :<\/strong> 29\u20ac par le\u00e7on<\/li>\n<\/div>\n<div class=\"indented\">\n<li><strong>Forfait de 15 le\u00e7ons :<\/strong> 33\u20ac par le\u00e7on<\/li>\n<\/div>\n<div class=\"indented\">\n<li><strong>Forfait de 10 le\u00e7ons :<\/strong> 31\u20ac par le\u00e7on<\/li>\n<\/div>\n<div class=\"indented\">\n<li><strong>Forfait de 5 le\u00e7ons :<\/strong> 33\u20ac par le\u00e7on<\/li>\n<\/div>\n<div class=\"indented\">\n<li><strong>1 le\u00e7on :<\/strong> 34\u20ac<\/li>\n<\/div>\n<\/ul>\n<p>Si ces forfaits ne correspondent pas tout \u00e0 fait \u00e0 vos besoins ou si vous souhaitez obtenir plus d\u2019informations avant de prendre une d\u00e9cision, n\u2019h\u00e9sitez pas \u00e0 :<\/p>\n<div class=\"btn-grpp\">\n  <a class=\"btn-11\" href=\"\/fr\/contact\/\"><br \/>\n    <button>Nous contacter<\/button><br \/>\n  <\/a><br \/>\n  <a class=\"btn-22\" href=\"\/fr\/calculateur-de-couts\/\"><br \/>\n    <button>Demander un devis<\/button><br \/>\n  <\/a>\n<\/div>\n                   <\/div>\n       <div class=\"pricing-image\">\n                            <img fetchpriority=\"high\" decoding=\"async\" src=\"https:\/\/maxxinstitutes.com\/wp-content\/uploads\/2024\/09\/Spanish-intensive-20-5-lessons-week_.jpg\" alt=\"Custom Product Image\" width=\"400\" height=\"400\" title=\"\">\n                 <\/div>\n\t   \n  <\/div>\n<style>\nbody {\nfont-family: Arial, sans-serif;\nmargin: 0;\npadding: 0;\nbackground-color: #f4f4f4;\n}\n\n.pricing-section {\n    display: flex;\n    align-items: center;\n    justify-content: center;\n    padding: 30px;\n    background: linear-gradient(135deg, #1c1e64, #5b6db8);\n    color: white;\n}\n\n.pricing-content {\nflex: 1;\npadding: 20px;\nmax-width: 50%;\n}\n\n.pricing-content h2 {\nfont-size: 36px;\nmargin-bottom: 20px;\n}\n\n.pricing-content ul {\nlist-style: none;\npadding: 0;\n}\n\n.pricing-content li {\nfont-size: 14px;\nmargin-bottom: 10px;\n}\n\n.pricing-content a {\ncolor: #96c8ff;\ntext-decoration: none;\n}\n\n.pricing-content a:hover {\ntext-decoration: underline;\n}\n\n.pricing-image {\nflex: 1;\nmax-width: 50%;\ndisplay: flex;\njustify-content: center;\nalign-items: center;\npadding: 20px;\n}\n\n.pricing-image img {\nmax-width: 100%;\nborder-radius: 10px;\n}\n\n\/* Responsive Design *\/\n@media (max-width: 768px) {\n.pricing-section {\nflex-direction: column;\ntext-align: center;\t\n}\n.pricing-content {\n    justify-items: center;\n}\n.pricing-content, .pricing-image {\nmax-width: 100%;\n}\n}\n#pricing-section-main .pricing-content h2 {\n    color: #ffffff;\n    font-size: 27px;\n}\n\n#pricing-section-main .pricing-content h3 {\n    color: #ffffff;\n    font-size: 17px;\n}\n\n.indented {\n    margin-left: 26px;\n}\n\n.pricing-content ul {\n    list-style: disc;\n}\n.pricing-content li {\n    text-align: left;\n    margin-bottom: 13px;\n}\n#pricing-section-main .pricing-content p {\n    font-size: 12px;\n}\n@media and (max-width: 768px){\ndiv#pricing-section-main {\n    padding: 20px;\n}\n}\ndiv#pricing-section-main {\n   margin-bottom: 20px;\n}\n\t.pricing-content h3 {\n    text-align: left!important;\n}\n\/* \t17-02-25 *\/\n\t.btn-grpp {\n    display: flex;\n}\na.btn-22 {\n    margin-left: 12px;\n}\n.pricing-image {\n    max-width: fit-content;\n}\n\t.btn-grpp button {\n    color: #020c1a;\n    border-radius: 3px;\n}\n<\/style>\n    <\/p>\n","protected":false},"excerpt":{"rendered":"<ul>\n<li>Disponible toute l&rsquo;ann\u00e9e<\/li>\n<li>\u00e0 partir de <strong>29\u20ac par heure<\/strong><\/li>\n<li>M\u00eame prix pour 1 \u00e9tudiant ou 2 \u00e9tudiants (un enseignant)<\/li>\n<li>Des forfaits sont disponibles pour 5, 10, 15 et 20 le\u00e7ons.<\/li>\n<\/ul>\n","protected":false},"featured_media":18895,"comment_status":"open","ping_status":"closed","template":"","meta":[],"product_brand":[],"product_cat":[308],"product_tag":[],"class_list":{"0":"post-20690","1":"product","2":"type-product","3":"status-publish","4":"has-post-thumbnail","6":"product_cat-en-ligne","8":"first","9":"instock","10":"shipping-taxable","11":"purchasable","12":"product-type-variable"},"_links":{"self":[{"href":"https:\/\/maxxinstitutes.com\/fr\/wp-json\/wp\/v2\/product\/20690","targetHints":{"allow":["GET"]}}],"collection":[{"href":"https:\/\/maxxinstitutes.com\/fr\/wp-json\/wp\/v2\/product"}],"about":[{"href":"https:\/\/maxxinstitutes.com\/fr\/wp-json\/wp\/v2\/types\/product"}],"replies":[{"embeddable":true,"href":"https:\/\/maxxinstitutes.com\/fr\/wp-json\/wp\/v2\/comments?post=20690"}],"wp:featuredmedia":[{"embeddable":true,"href":"https:\/\/maxxinstitutes.com\/fr\/wp-json\/wp\/v2\/media\/18895"}],"wp:attachment":[{"href":"https:\/\/maxxinstitutes.com\/fr\/wp-json\/wp\/v2\/media?parent=20690"}],"wp:term":[{"taxonomy":"product_brand","embeddable":true,"href":"https:\/\/maxxinstitutes.com\/fr\/wp-json\/wp\/v2\/product_brand?post=20690"},{"taxonomy":"product_cat","embeddable":true,"href":"https:\/\/maxxinstitutes.com\/fr\/wp-json\/wp\/v2\/product_cat?post=20690"},{"taxonomy":"product_tag","embeddable":true,"href":"https:\/\/maxxinstitutes.com\/fr\/wp-json\/wp\/v2\/product_tag?post=20690"}],"curies":[{"name":"wp","href":"https:\/\/api.w.org\/{rel}","templated":true}]}}