{"id":20687,"date":"2025-02-27T21:26:36","date_gmt":"2025-02-27T21:26:36","guid":{"rendered":"https:\/\/maxxinstitutes.com\/product\/cours-du-soir-despagnol-en-ligne\/"},"modified":"2025-07-25T18:42:38","modified_gmt":"2025-07-25T18:42:38","slug":"cours-du-soir-despagnol-en-ligne","status":"publish","type":"product","link":"https:\/\/maxxinstitutes.com\/fr\/produit\/cours-du-soir-despagnol-en-ligne\/","title":{"rendered":"Cours du soir d&rsquo;espagnol en ligne"},"content":{"rendered":"<h2 data-start=\"147\" data-end=\"203\">Cours du soir d&rsquo;espagnol en ligne<\/h2>\n<h3 data-start=\"204\" data-end=\"234\">Pourquoi apprendre l&rsquo;espagnol en ligne ?<\/h3>\n<p data-start=\"236\" data-end=\"557\">Flexible, efficace et enti\u00e8rement interactif, notre cours d&rsquo;espagnol du soir en ligne est con\u00e7u pour les apprenants qui souhaitent int\u00e9grer l&rsquo;apprentissage des langues dans leur emploi du temps charg\u00e9. \u00c9tudiez depuis n&rsquo;importe o\u00f9 dans le monde avec des professeurs de langue maternelle et de vrais camarades de classe, tout en b\u00e9n\u00e9ficiant de la m\u00eame qualit\u00e9 d&rsquo;enseignement que dans nos \u00e9coles sur place. <\/p>\n<p data-start=\"559\" data-end=\"769\">Ce cours offre un \u00e9quilibre parfait entre structure et flexibilit\u00e9, ce qui le rend id\u00e9al pour les professionnels qui travaillent, les \u00e9tudiants ou toute personne ayant des engagements dans la journ\u00e9e. Tous les niveaux sont les bienvenus et vous pouvez commencer presque n&rsquo;importe quelle semaine ! <\/p>\n<h3 data-start=\"559\" data-end=\"769\">D\u00e9tails de la classe :<\/h3>\n<ul>\n<li data-start=\"796\" data-end=\"1015\"><strong data-start=\"796\" data-end=\"812\">Type de cours :<\/strong> Cours d&rsquo;espagnol en ligne du soir<\/li>\n<li data-start=\"796\" data-end=\"1015\"><strong data-start=\"845\" data-end=\"866\">Le\u00e7ons par semaine :<\/strong> 4<br data-start=\"868\" data-end=\"871\">&#8211; 2 le\u00e7ons par jour, deux fois par semaine<\/li>\n<li data-start=\"796\" data-end=\"1015\"><strong data-start=\"909\" data-end=\"929\">Dur\u00e9e du cours :<\/strong> 4-52 semaines (la dur\u00e9e et les pauses peuvent \u00eatre choisies librement)<\/li>\n<li data-start=\"796\" data-end=\"1015\"><strong data-start=\"984\" data-end=\"1002\">Dur\u00e9e de la le\u00e7on :<\/strong> 50 minutes<\/li>\n<li data-start=\"796\" data-end=\"1015\"><strong data-start=\"1017\" data-end=\"1040\">Horaires (CET +1) : <\/strong>Lundi et mercredi ou mardi et jeudi<br \/>\n&#8211; 18:20-20:00 OU<br \/>\n&#8211; 20:10-21:50<br \/>\n<em data-start=\"1121\" data-end=\"1167\">Le groupe d\u00e9pend de votre niveau et de votre disponibilit\u00e9.<\/em><\/li>\n<li data-start=\"796\" data-end=\"1015\"><strong data-start=\"1171\" data-end=\"1182\">Niveaux :<\/strong> De A1 \u00e0 C2<br \/>\n&#8211; Les groupes sont form\u00e9s en fonction du test de niveau.<\/li>\n<li data-start=\"796\" data-end=\"1015\"><strong data-start=\"1247\" data-end=\"1262\">Taille du groupe :<\/strong> Moyenne de 6 \u00e9tudiants, min. 3, max. 10<\/li>\n<li data-start=\"796\" data-end=\"1015\"><strong data-start=\"1302\" data-end=\"1323\">Dates de d\u00e9but 2025 : <\/strong>D\u00e9but tous les lundis<br \/>\n-jeudi en fonction de votre niveau et du groupe disponible<br \/>\n&#8211; Les cours du soir pour les d\u00e9butants complets commencent dans la premi\u00e8re moiti\u00e9 de chaque mois (veuillez nous consulter pour les dates exactes).<\/li>\n<li data-start=\"796\" data-end=\"1015\"><strong data-start=\"1516\" data-end=\"1529\">Enseignants :<\/strong> Des enseignants qualifi\u00e9s et exp\u00e9riment\u00e9s, de langue maternelle, qui vous guident \u00e0 travers des le\u00e7ons structur\u00e9es et attrayantes en petits groupes.<\/li>\n<\/ul>\n<h3>Ce qui est inclus :<\/h3>\n<ul>\n<li data-start=\"1686\" data-end=\"1731\">Le livre de classe est inclus dans les frais d&rsquo;inscription.<\/li>\n<li data-start=\"1734\" data-end=\"1782\">Cours en ligne avec mat\u00e9riel interactif<\/li>\n<li data-start=\"1785\" data-end=\"1825\">Dur\u00e9e et dates de d\u00e9but des cours flexibles<\/li>\n<li data-start=\"1828\" data-end=\"1867\">Test d&rsquo;\u00e9valuation et certificat de cours<\/li>\n<\/ul>\n<h3 data-start=\"1874\" data-end=\"1893\">Offres sp\u00e9ciales :<\/h3>\n<ul>\n<li data-start=\"1897\" data-end=\"1951\">R\u00e9servez 2 mois (8 semaines) \u2192 Obtenez 1 semaine suppl\u00e9mentaire GRATUITE<\/li>\n<li data-start=\"1954\" data-end=\"2010\">R\u00e9servez 3 mois (12 semaines) \u2192 Obtenez 2 semaines suppl\u00e9mentaires GRATUITES<\/li>\n<li data-start=\"2013\" data-end=\"2069\">R\u00e9servez 4 mois (16 semaines) \u2192 Obtenez 3 semaines suppl\u00e9mentaires GRATUITES<\/li>\n<\/ul>\n<h3 data-start=\"2076\" data-end=\"2110\">Pourquoi choisir ce cours en ligne ?<\/h3>\n<ul>\n<li data-start=\"2114\" data-end=\"2177\">Apprenez l&rsquo;espagnol depuis n&rsquo;importe quel endroit dot\u00e9 d&rsquo;une connexion Internet stable<\/li>\n<li data-start=\"2180\" data-end=\"2260\">Id\u00e9al pour les professionnels et les \u00e9tudiants qui travaillent et qui n&rsquo;ont pas beaucoup de temps \u00e0 consacrer \u00e0 la journ\u00e9e.<\/li>\n<li data-start=\"2263\" data-end=\"2316\">Des groupes de petite taille et des professeurs de langue maternelle en chair et en os<\/li>\n<li data-start=\"2319\" data-end=\"2384\">Horaires flexibles, prix comp\u00e9titifs et remises sp\u00e9ciales<\/li>\n<\/ul>\n<p data-start=\"3036\" data-end=\"3310\">   <div class=\"pricing-section\" id=\"pricing-section-main\">\n        <div class=\"pricing-content\">\n                            <h2>Tarifs<\/h2>\n<ul>\n<h3><\/h3>\n<div class=\"indented\">\n<li><strong>4 semaines :<\/strong> 140\u20ac + 40\u20ac de frais d'inscription<\/li>\n<\/div>\n<div class=\"indented\">\n<li><strong>8 semaines + 1 gratuite (9 au total) :<\/strong> 280\u20ac + 40\u20ac de frais d'inscription<\/li>\n<\/div>\n<div class=\"indented\">\n<li><strong>12 semaines + 2 gratuites (14 au total) :<\/strong> 425\u20ac + 40\u20ac de frais d'inscription<\/li>\n<\/div>\n<div class=\"indented\">\n<li><strong>16 semaines + 3 gratuites (19 au total) :<\/strong> 560\u20ac + 40\u20ac de frais d'inscription<\/li>\n<\/div>\n<\/ul>\n<p>Si ces forfaits ne correspondent pas tout \u00e0 fait \u00e0 vos besoins ou si vous souhaitez plus de d\u00e9tails avant de prendre une d\u00e9cision, n'h\u00e9sitez pas \u00e0 :<\/p>\n<div class=\"btn-grpp\">\n<a class=\"btn-11\" href=\"\/fr\/contact\/\"><br \/>\n        <button>nous contacter<\/button><br \/>\n  <\/a><br \/>\n<a class=\"btn-22\" href=\"\/fr\/calculateur-de-couts\/\"><br \/>\n    <button>Obtenir un devis<\/button><br \/>\n<\/a>\n<\/div>\n                   <\/div>\n       <div class=\"pricing-image\">\n                 <\/div>\n\t   \n  <\/div>\n<style>\nbody {\nfont-family: Arial, sans-serif;\nmargin: 0;\npadding: 0;\nbackground-color: #f4f4f4;\n}\n\n.pricing-section {\n    display: flex;\n    align-items: center;\n    justify-content: center;\n    padding: 30px;\n    background: linear-gradient(135deg, #1c1e64, #5b6db8);\n    color: white;\n}\n\n.pricing-content {\nflex: 1;\npadding: 20px;\nmax-width: 50%;\n}\n\n.pricing-content h2 {\nfont-size: 36px;\nmargin-bottom: 20px;\n}\n\n.pricing-content ul {\nlist-style: none;\npadding: 0;\n}\n\n.pricing-content li {\nfont-size: 14px;\nmargin-bottom: 10px;\n}\n\n.pricing-content a {\ncolor: #96c8ff;\ntext-decoration: none;\n}\n\n.pricing-content a:hover {\ntext-decoration: underline;\n}\n\n.pricing-image {\nflex: 1;\nmax-width: 50%;\ndisplay: flex;\njustify-content: center;\nalign-items: center;\npadding: 20px;\n}\n\n.pricing-image img {\nmax-width: 100%;\nborder-radius: 10px;\n}\n\n\/* Responsive Design *\/\n@media (max-width: 768px) {\n.pricing-section {\nflex-direction: column;\ntext-align: center;\t\n}\n.pricing-content {\n    justify-items: center;\n}\n.pricing-content, .pricing-image {\nmax-width: 100%;\n}\n}\n#pricing-section-main .pricing-content h2 {\n    color: #ffffff;\n    font-size: 27px;\n}\n\n#pricing-section-main .pricing-content h3 {\n    color: #ffffff;\n    font-size: 17px;\n}\n\n.indented {\n    margin-left: 26px;\n}\n\n.pricing-content ul {\n    list-style: disc;\n}\n.pricing-content li {\n    text-align: left;\n    margin-bottom: 13px;\n}\n#pricing-section-main .pricing-content p {\n    font-size: 12px;\n}\n@media and (max-width: 768px){\ndiv#pricing-section-main {\n    padding: 20px;\n}\n}\ndiv#pricing-section-main {\n   margin-bottom: 20px;\n}\n\t.pricing-content h3 {\n    text-align: left!important;\n}\n\/* \t17-02-25 *\/\n\t.btn-grpp {\n    display: flex;\n}\na.btn-22 {\n    margin-left: 12px;\n}\n.pricing-image {\n    max-width: fit-content;\n}\n\t.btn-grpp button {\n    color: #020c1a;\n    border-radius: 3px;\n}\n<\/style>\n    <\/p>\n","protected":false},"excerpt":{"rendered":"<ul>\n<li><strong data-start=\"538\" data-end=\"564\">Enseign\u00e9 en direct d&rsquo;Espagne<\/strong> &#8211; une exp\u00e9rience authentique et immersive<\/li>\n<li><strong data-start=\"604\" data-end=\"624\">Horaire du soir<\/strong> &#8211; parfait pour les adultes occup\u00e9s et les professionnels<\/li>\n<li><strong>Niveau d\u00e9butant \u00e0 avanc\u00e9  <\/strong><\/li>\n<li><strong>Inscription hebdomadaire flexible<\/strong><\/li>\n<\/ul>\n","protected":false},"featured_media":18903,"comment_status":"open","ping_status":"closed","template":"","meta":[],"product_brand":[],"product_cat":[308],"product_tag":[],"class_list":{"0":"post-20687","1":"product","2":"type-product","3":"status-publish","4":"has-post-thumbnail","6":"product_cat-en-ligne","8":"first","9":"instock","10":"shipping-taxable","11":"purchasable","12":"product-type-simple"},"_links":{"self":[{"href":"https:\/\/maxxinstitutes.com\/fr\/wp-json\/wp\/v2\/product\/20687","targetHints":{"allow":["GET"]}}],"collection":[{"href":"https:\/\/maxxinstitutes.com\/fr\/wp-json\/wp\/v2\/product"}],"about":[{"href":"https:\/\/maxxinstitutes.com\/fr\/wp-json\/wp\/v2\/types\/product"}],"replies":[{"embeddable":true,"href":"https:\/\/maxxinstitutes.com\/fr\/wp-json\/wp\/v2\/comments?post=20687"}],"wp:featuredmedia":[{"embeddable":true,"href":"https:\/\/maxxinstitutes.com\/fr\/wp-json\/wp\/v2\/media\/18903"}],"wp:attachment":[{"href":"https:\/\/maxxinstitutes.com\/fr\/wp-json\/wp\/v2\/media?parent=20687"}],"wp:term":[{"taxonomy":"product_brand","embeddable":true,"href":"https:\/\/maxxinstitutes.com\/fr\/wp-json\/wp\/v2\/product_brand?post=20687"},{"taxonomy":"product_cat","embeddable":true,"href":"https:\/\/maxxinstitutes.com\/fr\/wp-json\/wp\/v2\/product_cat?post=20687"},{"taxonomy":"product_tag","embeddable":true,"href":"https:\/\/maxxinstitutes.com\/fr\/wp-json\/wp\/v2\/product_tag?post=20687"}],"curies":[{"name":"wp","href":"https:\/\/api.w.org\/{rel}","templated":true}]}}