{"id":20161,"date":"2025-02-27T21:47:18","date_gmt":"2025-02-27T21:47:18","guid":{"rendered":"https:\/\/maxxinstitutes.com\/product\/cours-de-preparation-a-lexamen-ccse-en-ligne\/"},"modified":"2025-07-28T05:55:02","modified_gmt":"2025-07-28T05:55:02","slug":"cours-de-preparation-a-lexamen-ccse-en-ligne","status":"publish","type":"product","link":"https:\/\/maxxinstitutes.com\/fr\/produit\/cours-de-preparation-a-lexamen-ccse-en-ligne\/","title":{"rendered":"Cours de pr\u00e9paration \u00e0 l&rsquo;examen CCSE en ligne"},"content":{"rendered":"<h2 data-start=\"127\" data-end=\"186\">Cours de pr\u00e9paration \u00e0 l&rsquo;examen CCSE en ligne &#8211; Le\u00e7ons priv\u00e9es<\/h2>\n<h3 data-start=\"187\" data-end=\"230\">Pourquoi pr\u00e9parer l&rsquo;examen CCSE avec nous ?<\/h3>\n<p data-start=\"232\" data-end=\"513\">Vous envisagez de demander la nationalit\u00e9 espagnole ? L&rsquo;examen CCSE est une \u00e9tape cl\u00e9 &#8211; et nous sommes l\u00e0 pour vous aider \u00e0 le r\u00e9ussir en toute confiance. Nos cours priv\u00e9s en ligne sont adapt\u00e9s au contenu de l&rsquo;examen officiel et se concentrent sur la Constitution espagnole, le syst\u00e8me juridique, l&rsquo;histoire et les sujets socioculturels.<\/p>\n<p data-start=\"515\" data-end=\"670\">Avec des instructeurs experts, des strat\u00e9gies personnalis\u00e9es et des horaires flexibles, ce cours vous donne les outils dont vous avez besoin pour r\u00e9ussir &#8211; et vous sentir chez vous en Espagne.<\/p>\n<h3 data-start=\"677\" data-end=\"695\">D\u00e9tails de la classe :<\/h3>\n<ul>\n<li data-start=\"697\" data-end=\"1386\"><strong data-start=\"697\" data-end=\"713\">Type de cours :<\/strong> Pr\u00e9paration \u00e0 l&rsquo;examen priv\u00e9 en ligne du CCSE<\/li>\n<li data-start=\"697\" data-end=\"1386\"><strong data-start=\"753\" data-end=\"769\">Domaines d&rsquo;int\u00e9r\u00eat :<\/strong><br data-start=\"769\" data-end=\"772\" \/>&#8211; Constitution espagnole<br data-start=\"794\" data-end=\"797\" \/>&#8211; Gouvernement, droit et droits des citoyens<br data-start=\"834\" data-end=\"837\" \/>&#8211; Histoire, culture et soci\u00e9t\u00e9 espagnoles<\/li>\n<li data-start=\"697\" data-end=\"1386\"><strong data-start=\"879\" data-end=\"897\">Format de la le\u00e7on :<\/strong> Le\u00e7ons priv\u00e9es 1:1 (m\u00eame prix pour 1 ou 2 \u00e9tudiants)<\/li>\n<li data-start=\"697\" data-end=\"1386\"><strong data-start=\"953\" data-end=\"971\">Dur\u00e9e de la le\u00e7on :<\/strong> 60 minutes<\/li>\n<li data-start=\"697\" data-end=\"1386\"><strong data-start=\"985\" data-end=\"998\">Horaire :<\/strong> Flexible<br data-start=\"1007\" data-end=\"1010\" \/>&#8211; Du lundi au vendredi entre 08:00 et 20:00 CET<br data-start=\"1056\" data-end=\"1059\" \/>&#8211; Les week-ends sont possibles avec un suppl\u00e9ment de prix.<\/li>\n<li data-start=\"697\" data-end=\"1386\"><strong data-start=\"1099\" data-end=\"1119\">Dur\u00e9e du cours :<\/strong> Flexible &#8211; en fonction de vos besoins et de vos objectifs<\/li>\n<li data-start=\"697\" data-end=\"1386\"><strong data-start=\"1165\" data-end=\"1176\">Niveaux :<\/strong> Aucun niveau de langue minimum n&rsquo;est requis, mais des connaissances de base en espagnol sont recommand\u00e9es.<\/li>\n<li data-start=\"697\" data-end=\"1386\"><strong data-start=\"1252\" data-end=\"1267\">Taille du groupe :<\/strong> 1 \u00e9tudiant (ou 2 si vous venez avec un partenaire &#8211; m\u00eame prix !)<\/li>\n<li data-start=\"697\" data-end=\"1386\"><strong data-start=\"1324\" data-end=\"1345\">Dates de d\u00e9but 2025 :<\/strong> N&rsquo;importe quel jour de la semaine &#8211; commencez quand vous \u00eates pr\u00eat<\/li>\n<li data-start=\"697\" data-end=\"1386\"><strong data-start=\"1388\" data-end=\"1401\">Enseignants :<\/strong> Des instructeurs exp\u00e9riment\u00e9s, de langue maternelle, sp\u00e9cialis\u00e9s dans le contenu du CCSE et les techniques d&rsquo;examen.<\/li>\n<\/ul>\n<h3 data-start=\"1498\" data-end=\"1518\">Ce qui est inclus :<\/h3>\n<ul>\n<li data-start=\"1522\" data-end=\"1589\">Pr\u00e9paration sur mesure bas\u00e9e sur la structure officielle de l&rsquo;examen CCSE<\/li>\n<li data-start=\"1592\" data-end=\"1656\">Des conseils pratiques et des strat\u00e9gies pour vous aider \u00e0 r\u00e9ussir en toute confiance<\/li>\n<li data-start=\"1659\" data-end=\"1718\">Questions fictives et conseils sur ce qui vous attend le jour de l&rsquo;examen<\/li>\n<li data-start=\"1721\" data-end=\"1765\">Des horaires flexibles pour s&rsquo;adapter \u00e0 votre style de vie<\/li>\n<li data-start=\"1768\" data-end=\"1808\">Certificat de participation sur demande<\/li>\n<\/ul>\n<h3 data-start=\"2200\" data-end=\"2233\">Comment s&rsquo;inscrire \u00e0 l&rsquo;examen :<\/h3>\n<p data-start=\"2235\" data-end=\"2356\">L&rsquo;inscription officielle \u00e0 l&rsquo;examen CCSE doit \u00eatre effectu\u00e9e sur le <a href=\"https:\/\/examenes.cervantes.es\/es\/ccse\/que-es\" target=\"_blank\" rel=\"noopener\"><strong data-start=\"2292\" data-end=\"2353\">site web de l&rsquo;Instituto Cervantes<\/strong><\/a>.<\/p>\n<p data-start=\"3036\" data-end=\"3310\">   <div class=\"pricing-section\" id=\"pricing-section-main\">\n        <div class=\"pricing-content\">\n                            <h2>Tarifs<\/h2>\n<ul>\n<h3>10 le\u00e7ons\/semaine<\/h3>\n<div class=\"indented\">\n<li><strong>1 semaine :<\/strong> 338\u20ac<\/li>\n<\/div>\n<div class=\"indented\">\n<li><strong>2 semaines :<\/strong> 573\u20ac<\/li>\n<\/div>\n<h3>20 le\u00e7ons\/semaine<\/h3>\n<div class=\"indented\">\n<li><strong>1 semaine :<\/strong> 428\u20ac<\/li>\n<\/div>\n<div class=\"indented\">\n<li><strong>2 semaines :<\/strong> 663\u20ac<\/li>\n<\/div>\n<\/ul>\n<p>Si ces forfaits ne r\u00e9pondent pas tout \u00e0 fait \u00e0 vos besoins ou si vous souhaitez obtenir plus d'informations avant de prendre une d\u00e9cision, n'h\u00e9sitez pas \u00e0 :<\/p>\n<div class=\"btn-grpp\">\n  <a class=\"btn-11\" href=\"\/fr\/contact\/\"><br \/>\n    <button>Nous contacter<\/button><br \/>\n  <\/a><br \/>\n  <a class=\"btn-22\" href=\"\/fr\/calculateur-de-couts\/\"><br \/>\n    <button>Demander un devis<\/button><br \/>\n  <\/a>\n<\/div>\n                   <\/div>\n       <div class=\"pricing-image\">\n                            <img fetchpriority=\"high\" decoding=\"async\" src=\"https:\/\/maxxinstitutes.com\/wp-content\/uploads\/2024\/12\/Black-White-Modern-Handwritten-Square-Studio-Logo-1.png\" alt=\"Custom Product Image\" width=\"400\" height=\"400\" title=\"\">\n                 <\/div>\n\t   \n  <\/div>\n<style>\nbody {\nfont-family: Arial, sans-serif;\nmargin: 0;\npadding: 0;\nbackground-color: #f4f4f4;\n}\n\n.pricing-section {\n    display: flex;\n    align-items: center;\n    justify-content: center;\n    padding: 30px;\n    background: linear-gradient(135deg, #1c1e64, #5b6db8);\n    color: white;\n}\n\n.pricing-content {\nflex: 1;\npadding: 20px;\nmax-width: 50%;\n}\n\n.pricing-content h2 {\nfont-size: 36px;\nmargin-bottom: 20px;\n}\n\n.pricing-content ul {\nlist-style: none;\npadding: 0;\n}\n\n.pricing-content li {\nfont-size: 14px;\nmargin-bottom: 10px;\n}\n\n.pricing-content a {\ncolor: #96c8ff;\ntext-decoration: none;\n}\n\n.pricing-content a:hover {\ntext-decoration: underline;\n}\n\n.pricing-image {\nflex: 1;\nmax-width: 50%;\ndisplay: flex;\njustify-content: center;\nalign-items: center;\npadding: 20px;\n}\n\n.pricing-image img {\nmax-width: 100%;\nborder-radius: 10px;\n}\n\n\/* Responsive Design *\/\n@media (max-width: 768px) {\n.pricing-section {\nflex-direction: column;\ntext-align: center;\t\n}\n.pricing-content {\n    justify-items: center;\n}\n.pricing-content, .pricing-image {\nmax-width: 100%;\n}\n}\n#pricing-section-main .pricing-content h2 {\n    color: #ffffff;\n    font-size: 27px;\n}\n\n#pricing-section-main .pricing-content h3 {\n    color: #ffffff;\n    font-size: 17px;\n}\n\n.indented {\n    margin-left: 26px;\n}\n\n.pricing-content ul {\n    list-style: disc;\n}\n.pricing-content li {\n    text-align: left;\n    margin-bottom: 13px;\n}\n#pricing-section-main .pricing-content p {\n    font-size: 12px;\n}\n@media and (max-width: 768px){\ndiv#pricing-section-main {\n    padding: 20px;\n}\n}\ndiv#pricing-section-main {\n   margin-bottom: 20px;\n}\n\t.pricing-content h3 {\n    text-align: left!important;\n}\n\/* \t17-02-25 *\/\n\t.btn-grpp {\n    display: flex;\n}\na.btn-22 {\n    margin-left: 12px;\n}\n.pricing-image {\n    max-width: fit-content;\n}\n\t.btn-grpp button {\n    color: #020c1a;\n    border-radius: 3px;\n}\n<\/style>\n    <\/p>\n","protected":false},"excerpt":{"rendered":"<ul>\n<li>Cours d&rsquo;espagnol pour tous les niveaux (d\u00e9butant \u00e0 avanc\u00e9)<\/li>\n<li>Disponible d&rsquo;avril \u00e0 novembre<\/li>\n<li>Pour les dates de d\u00e9but dans d&rsquo;autres mois, veuillez v\u00e9rifier <a href=\"http:\/\/maxxinstitutes.com\/product\/private-spanish-lessons-2\/\"><strong>Le\u00e7ons priv\u00e9es<\/strong><\/a><\/li>\n<li>Veuillez choisir les semaines pour obtenir un aper\u00e7u des prix<\/li>\n<\/ul>\n","protected":false},"featured_media":18911,"comment_status":"open","ping_status":"closed","template":"","meta":[],"product_brand":[],"product_cat":[308],"product_tag":[],"class_list":{"0":"post-20161","1":"product","2":"type-product","3":"status-publish","4":"has-post-thumbnail","6":"product_cat-en-ligne","8":"first","9":"instock","10":"shipping-taxable","11":"purchasable","12":"product-type-simple"},"_links":{"self":[{"href":"https:\/\/maxxinstitutes.com\/fr\/wp-json\/wp\/v2\/product\/20161","targetHints":{"allow":["GET"]}}],"collection":[{"href":"https:\/\/maxxinstitutes.com\/fr\/wp-json\/wp\/v2\/product"}],"about":[{"href":"https:\/\/maxxinstitutes.com\/fr\/wp-json\/wp\/v2\/types\/product"}],"replies":[{"embeddable":true,"href":"https:\/\/maxxinstitutes.com\/fr\/wp-json\/wp\/v2\/comments?post=20161"}],"wp:featuredmedia":[{"embeddable":true,"href":"https:\/\/maxxinstitutes.com\/fr\/wp-json\/wp\/v2\/media\/18911"}],"wp:attachment":[{"href":"https:\/\/maxxinstitutes.com\/fr\/wp-json\/wp\/v2\/media?parent=20161"}],"wp:term":[{"taxonomy":"product_brand","embeddable":true,"href":"https:\/\/maxxinstitutes.com\/fr\/wp-json\/wp\/v2\/product_brand?post=20161"},{"taxonomy":"product_cat","embeddable":true,"href":"https:\/\/maxxinstitutes.com\/fr\/wp-json\/wp\/v2\/product_cat?post=20161"},{"taxonomy":"product_tag","embeddable":true,"href":"https:\/\/maxxinstitutes.com\/fr\/wp-json\/wp\/v2\/product_tag?post=20161"}],"curies":[{"name":"wp","href":"https:\/\/api.w.org\/{rel}","templated":true}]}}