{"id":17810,"date":"2025-01-16T16:08:49","date_gmt":"2025-01-16T16:08:49","guid":{"rendered":"http:\/\/maxxinstitutes.com\/?post_type=product&#038;p=17810"},"modified":"2026-04-22T01:01:11","modified_gmt":"2026-04-22T01:01:11","slug":"50-palma-de-mallorca","status":"publish","type":"product","link":"https:\/\/maxxinstitutes.com\/fr\/produit\/50-palma-de-mallorca\/","title":{"rendered":"50+, 60+, 70+ Palma de Mallorca"},"content":{"rendered":"<h2 data-start=\"215\" data-end=\"280\">Espagnol pour les plus de 50, 60 et 70 ans &#8211; Langues et loisirs \u00e0 Palma de Majorque<\/h2>\n<h3 data-start=\"281\" data-end=\"339\">Pourquoi choisir un cours d&rsquo;espagnol pour les plus de 50 ans \u00e0 Majorque ?<\/h3>\n<p data-start=\"341\" data-end=\"650\">Ce cours est sp\u00e9cialement con\u00e7u pour les \u00e9tudiants \u00e2g\u00e9s de 50, 60 et 70 ans et plus. Il combine des <strong>cours d&rsquo;espagnol<\/strong> agr\u00e9ables <strong>et une immersion culturelle<\/strong> dans l&rsquo;une des plus belles destinations de la M\u00e9diterran\u00e9e. Apprenez l&rsquo;espagnol dans une atmosph\u00e8re d\u00e9tendue et inspirante, tout en vous faisant de nouveaux amis et en d\u00e9couvrant le charme de Palma de Majorque. <\/p>\n<p data-start=\"652\" data-end=\"849\">Id\u00e9al pour les personnes d&rsquo;\u00e2ge m\u00fbr \u00e0 la recherche d&rsquo;un <strong>\u00e9quilibre entre \u00e9tudes, voyages et loisirs<\/strong>. Choisissez <strong>10 ou 20 le\u00e7ons par semaine<\/strong> pendant une ou deux semaines et profitez d&rsquo;un riche programme culturel parall\u00e8lement \u00e0 vos \u00e9tudes. <\/p>\n<h3 data-start=\"856\" data-end=\"874\">D\u00e9tails de la classe :<\/h3>\n<ul>\n<li data-start=\"876\" data-end=\"1029\"><strong data-start=\"876\" data-end=\"892\">Type de cours :<\/strong> Espagnol + Programme de loisirs pour les plus de 50 ans<\/li>\n<li data-start=\"876\" data-end=\"1029\"><strong data-start=\"934\" data-end=\"955\">Le\u00e7ons par semaine :<\/strong><br data-start=\"991\" data-end=\"994\">&#8211; 20 le\u00e7ons collectives par semaine<\/li>\n<li data-start=\"1030\" data-end=\"1092\">\n<p data-start=\"1032\" data-end=\"1092\">Jusqu&rsquo;\u00e0 7 heures par semaine d&rsquo;auto-apprentissage supervis\u00e9 avec un professeur (optionnel sans frais suppl\u00e9mentaires)<\/p>\n<\/li>\n<li data-start=\"1030\" data-end=\"1092\">\n<p data-start=\"1032\" data-end=\"1092\"><strong data-start=\"1094\" data-end=\"1114\">Dur\u00e9e du cours :<\/strong> 1 ou 2 semaines<\/p>\n<\/li>\n<li data-start=\"1030\" data-end=\"1092\">\n<p data-start=\"1032\" data-end=\"1092\"><strong data-start=\"1130\" data-end=\"1148\">Dur\u00e9e de la le\u00e7on :<\/strong> 50 minutes<\/p>\n<\/li>\n<li data-start=\"1030\" data-end=\"1092\">\n<p data-start=\"1032\" data-end=\"1092\"><strong data-start=\"1163\" data-end=\"1184\">Horaires des cours :<\/strong><br \/>\n&#8211; <strong data-start=\"1228\" data-end=\"1248\">20 le\u00e7ons\/semaine<\/strong>: 09:30 &#8211; 13:05<\/p>\n<\/li>\n<li data-start=\"1032\" data-end=\"1092\"><strong data-start=\"1266\" data-end=\"1285\">Niveaux propos\u00e9s :<\/strong> A1 \u00e0 B2<\/li>\n<li data-start=\"1032\" data-end=\"1092\"><strong data-start=\"1297\" data-end=\"1312\">Taille du groupe :<\/strong> Moyenne de 3 \u00e0 7 participants, max. 12<\/li>\n<li data-start=\"1032\" data-end=\"1092\"><strong data-start=\"1349\" data-end=\"1362\">Enseignants :<\/strong> Enseignants de langue maternelle ayant une grande exp\u00e9rience de l&rsquo;enseignement.<\/li>\n<\/ul>\n<h3 data-start=\"1434\" data-end=\"1455\">Dates de d\u00e9but 2026 et dur\u00e9e :<\/h3>\n<ul data-start=\"1457\" data-end=\"1580\">\n<li data-start=\"1457\" data-end=\"1499\"><strong>Mars : <\/strong>09.03.2026<\/li>\n<li data-start=\"1457\" data-end=\"1499\"><strong>Mai :<\/strong> 04.05.2026<\/li>\n<li data-start=\"1457\" data-end=\"1499\"><strong>Octobre :<\/strong> 05.10.2026<\/li>\n<li data-start=\"1457\" data-end=\"1499\"><strong>Novembre : <\/strong>9.11.2026<\/li>\n<\/ul>\n<p><span class=\"a_GcMg font-feature-liga-off font-feature-clig-off font-feature-calt-off text-decoration-none text-strikethrough-none\">Vous pouvez choisir une dur\u00e9e de 1 ou 2 semaines. Tous les participants commencent ensemble. Dans des cas exceptionnels, il est possible de rejoindre le groupe au cours de la deuxi\u00e8me semaine.  <\/span><\/p>\n<h3 data-start=\"1587\" data-end=\"1607\">Ce qui est inclus :<\/h3>\n<ul>\n<li data-start=\"1611\" data-end=\"1658\">Test de niveau et certificat de participation<\/li>\n<li data-start=\"1661\" data-end=\"1715\">Programme de loisirs quotidien (10 activit\u00e9s de groupe par semaine)<\/li>\n<li data-start=\"1718\" data-end=\"1766\">Enseignants de langue maternelle et petits groupes<\/li>\n<li data-start=\"1769\" data-end=\"1831\">Acc\u00e8s \u00e0 des sessions d&rsquo;\u00e9tudes supervis\u00e9es pour un soutien personnalis\u00e9<\/li>\n<li data-start=\"1834\" data-end=\"1918\">Large \u00e9ventail d&rsquo;options d&rsquo;h\u00e9bergement : famille d&rsquo;accueil, r\u00e9sidence \u00e9tudiante, auberge de jeunesse ou h\u00f4tel.<\/li>\n<\/ul>\n<h3 data-start=\"1925\" data-end=\"1943\">Prix des cours :<\/h3>\n<ul>\n<li data-start=\"1945\" data-end=\"2002\"><strong data-start=\"2004\" data-end=\"2024\">20 le\u00e7ons\/semaine :<br \/>\n<\/strong>&#8211; 1 semaine : \u20ac445<br \/>\n&#8211; 2 semaines : \u20ac690<\/li>\n<\/ul>\n<h3 data-start=\"2068\" data-end=\"2130\">Loisirs et activit\u00e9s culturelles (exemple pour un cours de 2 semaines) :<\/h3>\n<ul>\n<li data-start=\"2134\" data-end=\"2167\">Boisson de bienvenue et visite de la ville de Palma<\/li>\n<li data-start=\"2170\" data-end=\"2200\">Visite de la cath\u00e9drale de Palma<\/li>\n<li data-start=\"2203\" data-end=\"2251\">Cours pratique de claquement de mains flamenco (Palmas)<\/li>\n<li data-start=\"2254\" data-end=\"2277\">2 excursions d&rsquo;une demi-journ\u00e9e<\/li>\n<li data-start=\"2280\" data-end=\"2302\">1 excursion d&rsquo;une journ\u00e9e<\/li>\n<li data-start=\"2305\" data-end=\"2336\">March\u00e9 alimentaire et visites de mus\u00e9es<\/li>\n<\/ul>\n<h3 data-start=\"2343\" data-end=\"2386\">Pourquoi apprendre l&rsquo;espagnol \u00e0 Palma de Majorque ?<\/h3>\n<ul>\n<li data-start=\"2390\" data-end=\"2475\"><strong data-start=\"2390\" data-end=\"2416\">Un cadre m\u00e9diterran\u00e9en :<\/strong> Profitez des journ\u00e9es ensoleill\u00e9es, des brises marines et des promenades bord\u00e9es de palmiers.<\/li>\n<li data-start=\"2478\" data-end=\"2553\"><strong data-start=\"2478\" data-end=\"2500\">Vieille ville historique :<\/strong> traversez des si\u00e8cles d&rsquo;architecture et de culture<\/li>\n<li data-start=\"2556\" data-end=\"2651\"><strong data-start=\"2556\" data-end=\"2575\">La capitale de l&rsquo;\u00eele :<\/strong> Une ville dynamique avec pr\u00e8s de 500 000 habitants et d&rsquo;excellentes infrastructures.<\/li>\n<li data-start=\"2654\" data-end=\"2749\"><strong data-start=\"2654\" data-end=\"2682\">Id\u00e9al pour les 50+, 60+, 70+ :<\/strong> Apprenez avec des personnes partageant les m\u00eames id\u00e9es dans un environnement mature et positif.<\/li>\n<li data-start=\"2752\" data-end=\"2855\"><strong data-start=\"2752\" data-end=\"2786\">Espagnol pour les plus de 50 ans Majorque :<\/strong> Le m\u00e9lange parfait d&rsquo;\u00e9ducation, de d\u00e9tente et d&rsquo;aventure culturelle<\/li>\n<\/ul>\n<h3 data-start=\"2862\" data-end=\"2889\">Pourquoi choisir ce cours ?<\/h3>\n<p><iframe title=\"50+ Spanish Program\" width=\"500\" height=\"281\" src=\"https:\/\/www.youtube.com\/embed\/VLTCoB5p3vQ?feature=oembed\" frameborder=\"0\" allow=\"accelerometer; autoplay; clipboard-write; encrypted-media; gyroscope; picture-in-picture; web-share\" referrerpolicy=\"strict-origin-when-cross-origin\" allowfullscreen><\/iframe><\/p>\n<ul>\n<li data-start=\"2893\" data-end=\"2937\">Sp\u00e9cialement con\u00e7u pour les \u00e9tudiants de plus de 50 ans<\/li>\n<li data-start=\"2940\" data-end=\"2986\">Petits groupes et enseignants autochtones exp\u00e9riment\u00e9s<\/li>\n<li data-start=\"2989\" data-end=\"3035\">Un programme culturel riche et des interactions sociales<\/li>\n<li data-start=\"3038\" data-end=\"3100\">Un site m\u00e9diterran\u00e9en magnifique avec une ambiance chaleureuse et accueillante<\/li>\n<li data-start=\"3103\" data-end=\"3159\">Un court s\u00e9jour d&rsquo;apprentissage id\u00e9al pour des souvenirs imp\u00e9rissables<\/li>\n<\/ul>\n<p><img fetchpriority=\"high\" decoding=\"async\" class=\"alignnone wp-image-18473\" src=\"https:\/\/maxxinstitutes.com\/wp-content\/uploads\/2025\/01\/2-1-300x300.png\" alt=\"\" width=\"239\" height=\"239\" title=\"\" srcset=\"https:\/\/maxxinstitutes.com\/wp-content\/uploads\/2025\/01\/2-1-300x300.png 300w, https:\/\/maxxinstitutes.com\/wp-content\/uploads\/2025\/01\/2-1-1024x1024.png 1024w, https:\/\/maxxinstitutes.com\/wp-content\/uploads\/2025\/01\/2-1-150x150.png 150w, https:\/\/maxxinstitutes.com\/wp-content\/uploads\/2025\/01\/2-1-768x768.png 768w, https:\/\/maxxinstitutes.com\/wp-content\/uploads\/2025\/01\/2-1-600x600.png 600w, https:\/\/maxxinstitutes.com\/wp-content\/uploads\/2025\/01\/2-1.png 1080w\" sizes=\"(max-width: 239px) 100vw, 239px\" \/><img decoding=\"async\" class=\"alignnone wp-image-18480\" src=\"https:\/\/maxxinstitutes.com\/wp-content\/uploads\/2025\/01\/1-1-300x300.png\" alt=\"\" width=\"239\" height=\"239\" title=\"\" srcset=\"https:\/\/maxxinstitutes.com\/wp-content\/uploads\/2025\/01\/1-1-300x300.png 300w, https:\/\/maxxinstitutes.com\/wp-content\/uploads\/2025\/01\/1-1-1024x1024.png 1024w, https:\/\/maxxinstitutes.com\/wp-content\/uploads\/2025\/01\/1-1-150x150.png 150w, https:\/\/maxxinstitutes.com\/wp-content\/uploads\/2025\/01\/1-1-768x768.png 768w, https:\/\/maxxinstitutes.com\/wp-content\/uploads\/2025\/01\/1-1-600x600.png 600w, https:\/\/maxxinstitutes.com\/wp-content\/uploads\/2025\/01\/1-1.png 1080w\" sizes=\"(max-width: 239px) 100vw, 239px\" \/><img decoding=\"async\" class=\"alignnone size-medium wp-image-27553\" src=\"https:\/\/maxxinstitutes.com\/wp-content\/uploads\/2025\/01\/3-1-300x251.png\" alt=\"\" width=\"300\" height=\"251\" title=\"\" srcset=\"https:\/\/maxxinstitutes.com\/wp-content\/uploads\/2025\/01\/3-1-300x251.png 300w, https:\/\/maxxinstitutes.com\/wp-content\/uploads\/2025\/01\/3-1-768x644.png 768w, https:\/\/maxxinstitutes.com\/wp-content\/uploads\/2025\/01\/3-1-600x503.png 600w, https:\/\/maxxinstitutes.com\/wp-content\/uploads\/2025\/01\/3-1-150x126.png 150w, https:\/\/maxxinstitutes.com\/wp-content\/uploads\/2025\/01\/3-1.png 940w\" sizes=\"(max-width: 300px) 100vw, 300px\" \/> <img loading=\"lazy\" decoding=\"async\" class=\"alignnone size-medium wp-image-27560\" src=\"https:\/\/maxxinstitutes.com\/wp-content\/uploads\/2025\/01\/2-2-300x251.png\" alt=\"\" width=\"300\" height=\"251\" title=\"\" srcset=\"https:\/\/maxxinstitutes.com\/wp-content\/uploads\/2025\/01\/2-2-300x251.png 300w, https:\/\/maxxinstitutes.com\/wp-content\/uploads\/2025\/01\/2-2-768x644.png 768w, https:\/\/maxxinstitutes.com\/wp-content\/uploads\/2025\/01\/2-2-600x503.png 600w, https:\/\/maxxinstitutes.com\/wp-content\/uploads\/2025\/01\/2-2-150x126.png 150w, https:\/\/maxxinstitutes.com\/wp-content\/uploads\/2025\/01\/2-2.png 940w\" sizes=\"(max-width: 300px) 100vw, 300px\" \/> <img loading=\"lazy\" decoding=\"async\" class=\"alignnone size-medium wp-image-27567\" src=\"https:\/\/maxxinstitutes.com\/wp-content\/uploads\/2025\/01\/1-2-300x251.png\" alt=\"\" width=\"300\" height=\"251\" title=\"\" srcset=\"https:\/\/maxxinstitutes.com\/wp-content\/uploads\/2025\/01\/1-2-300x251.png 300w, https:\/\/maxxinstitutes.com\/wp-content\/uploads\/2025\/01\/1-2-768x644.png 768w, https:\/\/maxxinstitutes.com\/wp-content\/uploads\/2025\/01\/1-2-600x503.png 600w, https:\/\/maxxinstitutes.com\/wp-content\/uploads\/2025\/01\/1-2-150x126.png 150w, https:\/\/maxxinstitutes.com\/wp-content\/uploads\/2025\/01\/1-2.png 940w\" sizes=\"(max-width: 300px) 100vw, 300px\" \/><\/p>\n<p data-start=\"3036\" data-end=\"3310\">   <div class=\"pricing-section\" id=\"pricing-section-main\">\n        <div class=\"pricing-content\">\n                            <h2>Tarifs<\/h2>\n<ul>\n<h3>10 le\u00e7ons\/semaine<\/h3>\n<div class=\"indented\">\n<li><strong>1 semaine :<\/strong> 338\u20ac<\/li>\n<\/div>\n<div class=\"indented\">\n<li><strong>2 semaines :<\/strong> 573\u20ac<\/li>\n<\/div>\n<h3>20 le\u00e7ons\/semaine<\/h3>\n<div class=\"indented\">\n<li><strong>1 semaine :<\/strong> 428\u20ac<\/li>\n<\/div>\n<div class=\"indented\">\n<li><strong>2 semaines :<\/strong> 663\u20ac<\/li>\n<\/div>\n<\/ul>\n<p>Si ces forfaits ne r\u00e9pondent pas tout \u00e0 fait \u00e0 vos besoins ou si vous souhaitez obtenir plus d\u2019informations avant de prendre une d\u00e9cision, n\u2019h\u00e9sitez pas \u00e0 :<\/p>\n<div class=\"btn-grpp\">\n  <a class=\"btn-11\" href=\"\/fr\/contact\/\"><br \/>\n    <button>Nous contacter<\/button><br \/>\n  <\/a><br \/>\n  <a class=\"btn-22\" href=\"\/fr\/calculateur-de-couts\/\"><br \/>\n    <button>Demander un devis<\/button><br \/>\n  <\/a>\n<\/div>\n                   <\/div>\n       <div class=\"pricing-image\">\n                            <img loading=\"lazy\" decoding=\"async\" src=\"https:\/\/maxxinstitutes.com\/wp-content\/uploads\/2025\/01\/cropped-square-1.png\" alt=\"Custom Product Image\" width=\"400\" height=\"400\" title=\"\">\n                 <\/div>\n\t   \n  <\/div>\n<style>\nbody {\nfont-family: Arial, sans-serif;\nmargin: 0;\npadding: 0;\nbackground-color: #f4f4f4;\n}\n\n.pricing-section {\n    display: flex;\n    align-items: center;\n    justify-content: center;\n    padding: 30px;\n    background: linear-gradient(135deg, #1c1e64, #5b6db8);\n    color: white;\n}\n\n.pricing-content {\nflex: 1;\npadding: 20px;\nmax-width: 50%;\n}\n\n.pricing-content h2 {\nfont-size: 36px;\nmargin-bottom: 20px;\n}\n\n.pricing-content ul {\nlist-style: none;\npadding: 0;\n}\n\n.pricing-content li {\nfont-size: 14px;\nmargin-bottom: 10px;\n}\n\n.pricing-content a {\ncolor: #96c8ff;\ntext-decoration: none;\n}\n\n.pricing-content a:hover {\ntext-decoration: underline;\n}\n\n.pricing-image {\nflex: 1;\nmax-width: 50%;\ndisplay: flex;\njustify-content: center;\nalign-items: center;\npadding: 20px;\n}\n\n.pricing-image img {\nmax-width: 100%;\nborder-radius: 10px;\n}\n\n\/* Responsive Design *\/\n@media (max-width: 768px) {\n.pricing-section {\nflex-direction: column;\ntext-align: center;\t\n}\n.pricing-content {\n    justify-items: center;\n}\n.pricing-content, .pricing-image {\nmax-width: 100%;\n}\n}\n#pricing-section-main .pricing-content h2 {\n    color: #ffffff;\n    font-size: 27px;\n}\n\n#pricing-section-main .pricing-content h3 {\n    color: #ffffff;\n    font-size: 17px;\n}\n\n.indented {\n    margin-left: 26px;\n}\n\n.pricing-content ul {\n    list-style: disc;\n}\n.pricing-content li {\n    text-align: left;\n    margin-bottom: 13px;\n}\n#pricing-section-main .pricing-content p {\n    font-size: 12px;\n}\n@media and (max-width: 768px){\ndiv#pricing-section-main {\n    padding: 20px;\n}\n}\ndiv#pricing-section-main {\n   margin-bottom: 20px;\n}\n\t.pricing-content h3 {\n    text-align: left!important;\n}\n\/* \t17-02-25 *\/\n\t.btn-grpp {\n    display: flex;\n}\na.btn-22 {\n    margin-left: 12px;\n}\n.pricing-image {\n    max-width: fit-content;\n}\n\t.btn-grpp button {\n    color: #020c1a;\n    border-radius: 3px;\n}\n<\/style>\n    <\/p>\n<h5 data-start=\"1506\" data-end=\"1775\"><strong data-start=\"1506\" data-end=\"1525\">Bildungsurlaub (uniquement pour les \u00e9tudiants allemands)<\/strong><\/h5>\n<p data-start=\"1506\" data-end=\"1775\">L&rsquo;option 20 le\u00e7ons\/semaine est reconnue pour le Bildungsurlaub dans les \u00c9tats allemands suivants : Baden-W\u00fcrttemberg, Berlin, Brandenburg, Bremen, Hamburg, Hessen, Niedersachsen, Rheinland-Pfalz, Saarland, Sachsen-Anhalt, Schleswig-Holstein, et Th\u00fcringen.<\/p>\n","protected":false},"excerpt":{"rendered":"<ul>\n<li><strong>Cours d&rsquo;espagnol intensif et activit\u00e9s pour les 50+, 60+, 70+.<\/strong><\/li>\n<li><strong>Exp\u00e9rience unique d&rsquo;immersion \u00e0 Palma de Majorque<\/strong><\/li>\n<li><strong>1-2 semaines, combinable avec d&rsquo;autres cours<\/strong><\/li>\n<\/ul>\n","protected":false},"featured_media":24803,"comment_status":"closed","ping_status":"closed","template":"","meta":[],"product_brand":[],"product_cat":[280,404],"product_tag":[],"class_list":{"0":"post-17810","1":"product","2":"type-product","3":"status-publish","4":"has-post-thumbnail","6":"product_cat-majorque","7":"product_cat-programmes-sur-mesure-a-majorque","9":"first","10":"instock","11":"shipping-taxable","12":"purchasable","13":"product-type-variable"},"_links":{"self":[{"href":"https:\/\/maxxinstitutes.com\/fr\/wp-json\/wp\/v2\/product\/17810","targetHints":{"allow":["GET"]}}],"collection":[{"href":"https:\/\/maxxinstitutes.com\/fr\/wp-json\/wp\/v2\/product"}],"about":[{"href":"https:\/\/maxxinstitutes.com\/fr\/wp-json\/wp\/v2\/types\/product"}],"replies":[{"embeddable":true,"href":"https:\/\/maxxinstitutes.com\/fr\/wp-json\/wp\/v2\/comments?post=17810"}],"wp:featuredmedia":[{"embeddable":true,"href":"https:\/\/maxxinstitutes.com\/fr\/wp-json\/wp\/v2\/media\/24803"}],"wp:attachment":[{"href":"https:\/\/maxxinstitutes.com\/fr\/wp-json\/wp\/v2\/media?parent=17810"}],"wp:term":[{"taxonomy":"product_brand","embeddable":true,"href":"https:\/\/maxxinstitutes.com\/fr\/wp-json\/wp\/v2\/product_brand?post=17810"},{"taxonomy":"product_cat","embeddable":true,"href":"https:\/\/maxxinstitutes.com\/fr\/wp-json\/wp\/v2\/product_cat?post=17810"},{"taxonomy":"product_tag","embeddable":true,"href":"https:\/\/maxxinstitutes.com\/fr\/wp-json\/wp\/v2\/product_tag?post=17810"}],"curies":[{"name":"wp","href":"https:\/\/api.w.org\/{rel}","templated":true}]}}