{"id":17100,"date":"2024-12-10T22:34:25","date_gmt":"2024-12-10T22:34:25","guid":{"rendered":"http:\/\/maxxinstitutes.com\/?post_type=product&#038;p=17100"},"modified":"2025-07-28T06:45:35","modified_gmt":"2025-07-28T06:45:35","slug":"cours-particuliers-despagnol-a-madrid","status":"publish","type":"product","link":"https:\/\/maxxinstitutes.com\/fr\/produit\/cours-particuliers-despagnol-a-madrid\/","title":{"rendered":"Cours particuliers d&rsquo;espagnol \u00e0 Madrid"},"content":{"rendered":"<h2>Cours particuliers d&rsquo;espagnol &#8211; Madrid<\/h2>\n<p><strong data-start=\"324\" data-end=\"339\">Pourquoi Madrid ?<\/strong><br data-start=\"339\" data-end=\"342\" \/>La capitale de l&rsquo;Espagne est l&rsquo;endroit id\u00e9al pour am\u00e9liorer vos comp\u00e9tences en espagnol. Ville dynamique, pleine de culture, d&rsquo;art et d&rsquo;histoire, Madrid offre d&rsquo;innombrables possibilit\u00e9s de s&rsquo;immerger dans la vie espagnole tout en profitant de mus\u00e9es de classe mondiale, de d\u00e9licieuses tapas et d&rsquo;une vie de rue anim\u00e9e. Que vous soyez ici \u00e0 court ou \u00e0 long terme, les cours priv\u00e9s vous donnent la flexibilit\u00e9 d&rsquo;apprendre l&rsquo;espagnol selon votre emploi du temps et \u00e0 votre rythme.<\/p>\n<h3><strong data-start=\"1068\" data-end=\"1086\">D\u00e9tails du cours<\/strong><\/h3>\n<ul>\n<li><strong data-start=\"570\" data-end=\"591\">Le\u00e7ons par semaine :<\/strong> Flexible &#8211; vous choisissez le nombre de le\u00e7ons<\/li>\n<li><strong data-start=\"625\" data-end=\"644\">Contenu du cours :<\/strong> Cours d&rsquo;espagnol sur mesure adapt\u00e9s \u00e0 votre niveau et \u00e0 vos objectifs<\/li>\n<li><strong data-start=\"707\" data-end=\"726\">Niveaux propos\u00e9s :<\/strong> A1 \u00e0 C2<\/li>\n<li><strong data-start=\"738\" data-end=\"751\">Enseignants :<\/strong> Des locuteurs natifs hautement qualifi\u00e9s, titulaires d&rsquo;un dipl\u00f4me universitaire<\/li>\n<li><strong data-start=\"811\" data-end=\"828\">Format du cours :<\/strong> Cours individuel (ou deux \u00e9tudiants si vous r\u00e9servez ensemble)<\/li>\n<li><strong data-start=\"891\" data-end=\"904\">Horaires :<\/strong> Flexible &#8211; disponible 7 jours sur 7 de 08h30 \u00e0 22h00<\/li>\n<li><strong data-start=\"962\" data-end=\"978\">\u00c2ge des \u00e9tudiants :<\/strong> Minimum 16 ans<\/li>\n<li><strong data-start=\"998\" data-end=\"1022\">Disponibilit\u00e9 des cours :<\/strong> Toute l&rsquo;ann\u00e9e<\/li>\n<li><strong data-start=\"1036\" data-end=\"1049\">Dur\u00e9e du cours :<\/strong> De 1 le\u00e7on jusqu&rsquo;\u00e0 des semaines \u00e0 temps plein<\/li>\n<li><strong data-start=\"1088\" data-end=\"1106\">Dur\u00e9e de la le\u00e7on :<\/strong> 50 minutes par le\u00e7on<\/li>\n<li><strong data-start=\"1131\" data-end=\"1147\">Dates de d\u00e9but :<\/strong> N&rsquo;importe quel jour, toute l&rsquo;ann\u00e9e<\/li>\n<li><strong data-start=\"1174\" data-end=\"1193\">Lieu des cours :<\/strong> A l&rsquo;Instituto de Idiomas Madrid ou en ligne<\/li>\n<\/ul>\n<h3><strong data-start=\"756\" data-end=\"775\">Ce qui est inclus<\/strong><\/h3>\n<ul>\n<li>Un contenu enti\u00e8rement personnalis\u00e9<\/li>\n<li>Professeur particulier (possibilit\u00e9 de partager avec une deuxi\u00e8me personne)<\/li>\n<li>Horaires flexibles &#8211; choisissez vos jours et heures de travail<\/li>\n<li>Disponible du niveau d\u00e9butant au niveau avanc\u00e9 (A1-C2)<\/li>\n<li>Certificat de cours (sur demande)<\/li>\n<li>Possibilit\u00e9 de combiner avec n&rsquo;importe quel cours de groupe<\/li>\n<\/ul>\n<h3><strong data-start=\"1553\" data-end=\"1594\">Pourquoi choisir des cours priv\u00e9s \u00e0 Madrid ?<\/strong><\/h3>\n<ul>\n<li>Une flexibilit\u00e9 totale : Apprenez quand et comme vous le souhaitez<\/li>\n<li>Une attention personnalis\u00e9e : Avancez \u00e0 votre rythme et concentrez-vous sur vos besoins<\/li>\n<li>Id\u00e9al pour les professionnels occup\u00e9s, les pr\u00e9parations aux examens ou les am\u00e9liorations rapides.<\/li>\n<li>Plongez dans la vie espagnole authentique dans l&rsquo;\u00e9nergique capitale de l&rsquo;Espagne.<\/li>\n<\/ul>\n<p data-start=\"3036\" data-end=\"3310\">   <div class=\"pricing-section\" id=\"pricing-section-main\">\n        <div class=\"pricing-content\">\n                            <h2>Tarifs<\/h2>\n<ul>\n<h3>Cours particuliers d'espagnol \u00e0 Madrid<\/h3>\n<h3>1 \u00e9l\u00e8ve<\/h3>\n<div class=\"indented\">\n<li><strong>1 \u2013 14 cours :<\/strong> 40\u20ac<\/li>\n<\/div>\n<div class=\"indented\">\n<li><strong>15+ cours :<\/strong> 35\u20ac<\/li>\n<\/div>\n<h3>2 \u00e9l\u00e8ves<\/h3>\n<div class=\"indented\">\n<li><strong>1 \u2013 14 cours :<\/strong> 45\u20ac<\/li>\n<\/div>\n<div class=\"indented\">\n<li><strong>15+ cours :<\/strong> 40\u20ac<\/li>\n<\/div>\n<h3>3 \u00e9l\u00e8ves<\/h3>\n<div class=\"indented\">\n<li><strong>1 \u2013 14 cours :<\/strong> 50\u20ac<\/li>\n<\/div>\n<div class=\"indented\">\n<li><strong>15+ cours :<\/strong> 45\u20ac<\/li>\n<\/div>\n<\/ul>\n<p>Si ces forfaits ne r\u00e9pondent pas tout \u00e0 fait \u00e0 vos besoins ou si vous souhaitez obtenir plus d'informations avant de prendre une d\u00e9cision, n'h\u00e9sitez pas \u00e0 :<\/p>\n<div class=\"btn-grpp\">\n  <a class=\"btn-11\" href=\"\/fr\/contact\/\"><br \/>\n    <button>Nous contacter<\/button><br \/>\n  <\/a><br \/>\n  <a class=\"btn-22\" href=\"\/fr\/calculateur-de-couts\/\"><br \/>\n    <button>Demander un devis<\/button><br \/>\n  <\/a>\n<\/div>\n                   <\/div>\n       <div class=\"pricing-image\">\n                            <img fetchpriority=\"high\" decoding=\"async\" src=\"https:\/\/maxxinstitutes.com\/wp-content\/uploads\/2024\/12\/13-1.png\" alt=\"Custom Product Image\" width=\"400\" height=\"400\" title=\"\">\n                 <\/div>\n\t   \n  <\/div>\n<style>\nbody {\nfont-family: Arial, sans-serif;\nmargin: 0;\npadding: 0;\nbackground-color: #f4f4f4;\n}\n\n.pricing-section {\n    display: flex;\n    align-items: center;\n    justify-content: center;\n    padding: 30px;\n    background: linear-gradient(135deg, #1c1e64, #5b6db8);\n    color: white;\n}\n\n.pricing-content {\nflex: 1;\npadding: 20px;\nmax-width: 50%;\n}\n\n.pricing-content h2 {\nfont-size: 36px;\nmargin-bottom: 20px;\n}\n\n.pricing-content ul {\nlist-style: none;\npadding: 0;\n}\n\n.pricing-content li {\nfont-size: 14px;\nmargin-bottom: 10px;\n}\n\n.pricing-content a {\ncolor: #96c8ff;\ntext-decoration: none;\n}\n\n.pricing-content a:hover {\ntext-decoration: underline;\n}\n\n.pricing-image {\nflex: 1;\nmax-width: 50%;\ndisplay: flex;\njustify-content: center;\nalign-items: center;\npadding: 20px;\n}\n\n.pricing-image img {\nmax-width: 100%;\nborder-radius: 10px;\n}\n\n\/* Responsive Design *\/\n@media (max-width: 768px) {\n.pricing-section {\nflex-direction: column;\ntext-align: center;\t\n}\n.pricing-content {\n    justify-items: center;\n}\n.pricing-content, .pricing-image {\nmax-width: 100%;\n}\n}\n#pricing-section-main .pricing-content h2 {\n    color: #ffffff;\n    font-size: 27px;\n}\n\n#pricing-section-main .pricing-content h3 {\n    color: #ffffff;\n    font-size: 17px;\n}\n\n.indented {\n    margin-left: 26px;\n}\n\n.pricing-content ul {\n    list-style: disc;\n}\n.pricing-content li {\n    text-align: left;\n    margin-bottom: 13px;\n}\n#pricing-section-main .pricing-content p {\n    font-size: 12px;\n}\n@media and (max-width: 768px){\ndiv#pricing-section-main {\n    padding: 20px;\n}\n}\ndiv#pricing-section-main {\n   margin-bottom: 20px;\n}\n\t.pricing-content h3 {\n    text-align: left!important;\n}\n\/* \t17-02-25 *\/\n\t.btn-grpp {\n    display: flex;\n}\na.btn-22 {\n    margin-left: 12px;\n}\n.pricing-image {\n    max-width: fit-content;\n}\n\t.btn-grpp button {\n    color: #020c1a;\n    border-radius: 3px;\n}\n<\/style>\n    <\/p>\n","protected":false},"excerpt":{"rendered":"<ul>\n<li>Disponible toute l&rsquo;ann\u00e9e<\/li>\n<li>\u00e0 partir de <strong>28\u20ac par heure<\/strong><\/li>\n<li>M\u00eame prix pour 1 \u00e9tudiant ou 2 \u00e9tudiants (partage)<\/li>\n<li>Des forfaits sont disponibles pour 5, 10, 15 et 20 le\u00e7ons.<\/li>\n<\/ul>\n<p>&nbsp;<\/p>\n","protected":false},"featured_media":23364,"comment_status":"closed","ping_status":"closed","template":"","meta":[],"product_brand":[],"product_cat":[288],"product_tag":[],"class_list":{"0":"post-17100","1":"product","2":"type-product","3":"status-publish","4":"has-post-thumbnail","6":"product_cat-madrid-fr","8":"first","9":"instock","10":"sale","11":"shipping-taxable","12":"purchasable","13":"product-type-variable"},"_links":{"self":[{"href":"https:\/\/maxxinstitutes.com\/fr\/wp-json\/wp\/v2\/product\/17100","targetHints":{"allow":["GET"]}}],"collection":[{"href":"https:\/\/maxxinstitutes.com\/fr\/wp-json\/wp\/v2\/product"}],"about":[{"href":"https:\/\/maxxinstitutes.com\/fr\/wp-json\/wp\/v2\/types\/product"}],"replies":[{"embeddable":true,"href":"https:\/\/maxxinstitutes.com\/fr\/wp-json\/wp\/v2\/comments?post=17100"}],"wp:featuredmedia":[{"embeddable":true,"href":"https:\/\/maxxinstitutes.com\/fr\/wp-json\/wp\/v2\/media\/23364"}],"wp:attachment":[{"href":"https:\/\/maxxinstitutes.com\/fr\/wp-json\/wp\/v2\/media?parent=17100"}],"wp:term":[{"taxonomy":"product_brand","embeddable":true,"href":"https:\/\/maxxinstitutes.com\/fr\/wp-json\/wp\/v2\/product_brand?post=17100"},{"taxonomy":"product_cat","embeddable":true,"href":"https:\/\/maxxinstitutes.com\/fr\/wp-json\/wp\/v2\/product_cat?post=17100"},{"taxonomy":"product_tag","embeddable":true,"href":"https:\/\/maxxinstitutes.com\/fr\/wp-json\/wp\/v2\/product_tag?post=17100"}],"curies":[{"name":"wp","href":"https:\/\/api.w.org\/{rel}","templated":true}]}}