{"id":17037,"date":"2024-12-10T22:28:17","date_gmt":"2024-12-10T22:28:17","guid":{"rendered":"http:\/\/maxxinstitutes.com\/?post_type=product&#038;p=17037"},"modified":"2025-07-28T07:03:34","modified_gmt":"2025-07-28T07:03:34","slug":"bildungsurlaub-a-madrid","status":"publish","type":"product","link":"https:\/\/maxxinstitutes.com\/fr\/produit\/bildungsurlaub-a-madrid\/","title":{"rendered":"Bildungsurlaub \u00e0 Madrid"},"content":{"rendered":"<h2>Bildungsurlaub \u00e0 Madrid<\/h2>\n<p>Le Bildungsurlaub donne aux employ\u00e9s 5 jours de cong\u00e9s pay\u00e9s suppl\u00e9mentaires par an \u00e0 des fins de formation. Certains employ\u00e9s sont autoris\u00e9s \u00e0 combiner deux ann\u00e9es de cong\u00e9 de formation, ce qui vous permet de prendre jusqu&rsquo;\u00e0 10 jours de cong\u00e9 de formation pour votre cours d&rsquo;espagnol \u00e0 Madrid.<\/p>\n<p>\u00c9tats dans lesquels nos cours sont reconnus<br \/>\nNos cours d&rsquo;espagnol de plus de 30 heures par semaine \u00e0 Madrid sont reconnus pour le Bildungsurlaub <strong>dans presque tous les \u00c9tats f\u00e9d\u00e9raux.<\/strong><\/p>\n<ul>\n<li>Berlin<\/li>\n<li>Hambourg, Allemagne<\/li>\n<li>Hesse<\/li>\n<li>Basse-Saxe<\/li>\n<li>Brandebourg<\/li>\n<li>Br\u00eame<\/li>\n<li>Mecklembourg-Pom\u00e9ranie occidentale<\/li>\n<li>Rh\u00e9nanie-Palatinat<\/li>\n<li>Sarre<\/li>\n<li>Saxe-Anhalt<\/li>\n<li>Schleswig-Holstein<\/li>\n<li>Thuringe<\/li>\n<li>30 cours collectifs par semaine<\/li>\n<li><strong>Le\u00e7ons par semaine :<\/strong> 30 cours collectifs de 50 minutes chacun<\/li>\n<li><strong>Contenu :<\/strong> Espagnol g\u00e9n\u00e9ral \u00e0 votre niveau<\/li>\n<li><strong>Activit\u00e9s de loisirs :<\/strong> 5 par semaine<\/li>\n<li><strong>Dur\u00e9e du cours :<\/strong> 1 \u00e0 2 semaines (au choix)<\/li>\n<li><strong>Jours de cours :<\/strong> Du lundi au vendredi<strong>Horaire :<\/strong><\/li>\n<li>9.00-14.40 ou 11.10-16.50<\/li>\n<li>Disponible : Toute l&rsquo;ann\u00e9e<\/li>\n<li>Taille du groupe : Moyenne 6, Maximum 8<\/li>\n<li>Dates de d\u00e9but : Tous les lundis, sur connaissance pr\u00e9alable. Pour les d\u00e9butants complets, nous recommandons le cours de 20 le\u00e7ons en groupe par semaine.<br \/>\nNiveaux : De A1 \u00e0 C2.<\/li>\n<\/ul>\n<p data-start=\"3036\" data-end=\"3310\">   <div class=\"pricing-section\" id=\"pricing-section-main\">\n        <div class=\"pricing-content\">\n                            <h2>Tarifs<\/h2>\n<ul>\n<h3>Bildungsurlaub \u00e0 Madrid<\/h3>\n<div class=\"indented\">\n<li><strong>1 semaine :<\/strong> 350\u20ac<\/li>\n<\/div>\n<div class=\"indented\">\n<li><strong>2 semaines :<\/strong> 640\u20ac<\/li>\n<\/div>\n<\/ul>\n<p>Si ces forfaits ne correspondent pas tout \u00e0 fait \u00e0 vos besoins ou si vous souhaitez obtenir plus d'informations avant de prendre une d\u00e9cision, n'h\u00e9sitez pas \u00e0 :<\/p>\n<div class=\"btn-grpp\">\n  <a class=\"btn-11\" href=\"\/fr\/contact\/\"><br \/>\n    <button>Nous contacter<\/button><br \/>\n  <\/a><br \/>\n  <a class=\"btn-22\" href=\"\/fr\/calculateur-de-couts\/\"><br \/>\n    <button>Demander un devis<\/button><br \/>\n  <\/a>\n<\/div>\n                   <\/div>\n       <div class=\"pricing-image\">\n                            <img fetchpriority=\"high\" decoding=\"async\" src=\"https:\/\/maxxinstitutes.com\/wp-content\/uploads\/2024\/12\/12-2.png\" alt=\"Custom Product Image\" width=\"400\" height=\"400\" title=\"\">\n                 <\/div>\n\t   \n  <\/div>\n<style>\nbody {\nfont-family: Arial, sans-serif;\nmargin: 0;\npadding: 0;\nbackground-color: #f4f4f4;\n}\n\n.pricing-section {\n    display: flex;\n    align-items: center;\n    justify-content: center;\n    padding: 30px;\n    background: linear-gradient(135deg, #1c1e64, #5b6db8);\n    color: white;\n}\n\n.pricing-content {\nflex: 1;\npadding: 20px;\nmax-width: 50%;\n}\n\n.pricing-content h2 {\nfont-size: 36px;\nmargin-bottom: 20px;\n}\n\n.pricing-content ul {\nlist-style: none;\npadding: 0;\n}\n\n.pricing-content li {\nfont-size: 14px;\nmargin-bottom: 10px;\n}\n\n.pricing-content a {\ncolor: #96c8ff;\ntext-decoration: none;\n}\n\n.pricing-content a:hover {\ntext-decoration: underline;\n}\n\n.pricing-image {\nflex: 1;\nmax-width: 50%;\ndisplay: flex;\njustify-content: center;\nalign-items: center;\npadding: 20px;\n}\n\n.pricing-image img {\nmax-width: 100%;\nborder-radius: 10px;\n}\n\n\/* Responsive Design *\/\n@media (max-width: 768px) {\n.pricing-section {\nflex-direction: column;\ntext-align: center;\t\n}\n.pricing-content {\n    justify-items: center;\n}\n.pricing-content, .pricing-image {\nmax-width: 100%;\n}\n}\n#pricing-section-main .pricing-content h2 {\n    color: #ffffff;\n    font-size: 27px;\n}\n\n#pricing-section-main .pricing-content h3 {\n    color: #ffffff;\n    font-size: 17px;\n}\n\n.indented {\n    margin-left: 26px;\n}\n\n.pricing-content ul {\n    list-style: disc;\n}\n.pricing-content li {\n    text-align: left;\n    margin-bottom: 13px;\n}\n#pricing-section-main .pricing-content p {\n    font-size: 12px;\n}\n@media and (max-width: 768px){\ndiv#pricing-section-main {\n    padding: 20px;\n}\n}\ndiv#pricing-section-main {\n   margin-bottom: 20px;\n}\n\t.pricing-content h3 {\n    text-align: left!important;\n}\n\/* \t17-02-25 *\/\n\t.btn-grpp {\n    display: flex;\n}\na.btn-22 {\n    margin-left: 12px;\n}\n.pricing-image {\n    max-width: fit-content;\n}\n\t.btn-grpp button {\n    color: #020c1a;\n    border-radius: 3px;\n}\n<\/style>\n    <\/p>\n","protected":false},"excerpt":{"rendered":"<ul>\n<li>5 le\u00e7ons priv\u00e9es de pr\u00e9paration \u00e0 l&rsquo;examen D.E.L.E.<\/li>\n<li>3 exp\u00e9riences \u00ab\u00a0Vive Ibiza en Espa\u00f1ol\u00a0\u00bb.<\/li>\n<\/ul>\n","protected":false},"featured_media":23371,"comment_status":"closed","ping_status":"closed","template":"","meta":[],"product_brand":[],"product_cat":[288],"product_tag":[],"class_list":{"0":"post-17037","1":"product","2":"type-product","3":"status-publish","4":"has-post-thumbnail","6":"product_cat-madrid-fr","8":"first","9":"instock","10":"shipping-taxable","11":"purchasable","12":"product-type-variable"},"_links":{"self":[{"href":"https:\/\/maxxinstitutes.com\/fr\/wp-json\/wp\/v2\/product\/17037","targetHints":{"allow":["GET"]}}],"collection":[{"href":"https:\/\/maxxinstitutes.com\/fr\/wp-json\/wp\/v2\/product"}],"about":[{"href":"https:\/\/maxxinstitutes.com\/fr\/wp-json\/wp\/v2\/types\/product"}],"replies":[{"embeddable":true,"href":"https:\/\/maxxinstitutes.com\/fr\/wp-json\/wp\/v2\/comments?post=17037"}],"wp:featuredmedia":[{"embeddable":true,"href":"https:\/\/maxxinstitutes.com\/fr\/wp-json\/wp\/v2\/media\/23371"}],"wp:attachment":[{"href":"https:\/\/maxxinstitutes.com\/fr\/wp-json\/wp\/v2\/media?parent=17037"}],"wp:term":[{"taxonomy":"product_brand","embeddable":true,"href":"https:\/\/maxxinstitutes.com\/fr\/wp-json\/wp\/v2\/product_brand?post=17037"},{"taxonomy":"product_cat","embeddable":true,"href":"https:\/\/maxxinstitutes.com\/fr\/wp-json\/wp\/v2\/product_cat?post=17037"},{"taxonomy":"product_tag","embeddable":true,"href":"https:\/\/maxxinstitutes.com\/fr\/wp-json\/wp\/v2\/product_tag?post=17037"}],"curies":[{"name":"wp","href":"https:\/\/api.w.org\/{rel}","templated":true}]}}